{"id":783,"date":"2025-06-30T07:31:41","date_gmt":"2025-06-30T07:31:41","guid":{"rendered":"http:\/\/thuvien360.com\/?post_type=product&#038;p=783"},"modified":"2025-07-04T01:09:35","modified_gmt":"2025-07-04T01:09:35","slug":"kheo-an-noi-se-co-duoc-thien-ha","status":"publish","type":"product","link":"http:\/\/thuvien360.com\/?product=kheo-an-noi-se-co-duoc-thien-ha","title":{"rendered":"KH\u00c9O \u0102N N\u00d3I S\u1ebc C\u00d3 \u0110\u01af\u1ee2C THI\u00caN H\u1ea0"},"content":{"rendered":"<h3 data-start=\"166\" data-end=\"210\">\ud83d\udcd8 <strong data-start=\"173\" data-end=\"208\">KH\u00c9O \u0102N N\u00d3I S\u1ebc C\u00d3 \u0110\u01af\u1ee2C THI\u00caN H\u1ea0<\/strong><\/h3>\n<p data-start=\"211\" data-end=\"315\"><strong data-start=\"211\" data-end=\"232\">T\u00e1c gi\u1ea3: Tr\u00e1c Nh\u00e3<\/strong><br data-start=\"232\" data-end=\"235\" \/><em data-start=\"235\" data-end=\"315\">Giao ti\u1ebfp kh\u00f4ng ch\u1ec9 l\u00e0 l\u1eddi n\u00f3i, m\u00e0 l\u00e0 ngh\u1ec7 thu\u1eadt ch\u1ea1m \u0111\u1ebfn tr\u00e1i tim ng\u01b0\u1eddi kh\u00e1c.<\/em><\/p>\n<hr data-start=\"317\" data-end=\"320\" \/>\n<p data-start=\"322\" data-end=\"529\">Trong x\u00e3 h\u1ed9i hi\u1ec7n \u0111\u1ea1i, <strong data-start=\"345\" data-end=\"410\">ng\u00f4n ng\u1eef l\u00e0 ch\u00eca kh\u00f3a m\u1edf ra c\u01a1 h\u1ed9i, m\u1ed1i quan h\u1ec7 v\u00e0 th\u00e0nh c\u00f4ng<\/strong>. Hi\u1ec3u \u0111\u01b0\u1ee3c \u0111i\u1ec1u \u0111\u00f3, Tr\u00e1c Nh\u00e3 \u0111\u00e3 ch\u1eaft l\u1ecdc nh\u1eefng b\u00e0i h\u1ecdc qu\u00fd b\u00e1u v\u00e0 th\u1ef1c t\u1ebf nh\u1ea5t v\u1ec1 giao ti\u1ebfp \u0111\u1ec3 vi\u1ebft n\u00ean cu\u1ed1n s\u00e1ch n\u00e0y.<\/p>\n<p data-start=\"531\" data-end=\"790\">V\u1edbi v\u0103n phong \u0111\u01a1n gi\u1ea3n, d\u1ec5 hi\u1ec3u nh\u01b0ng \u0111\u1ea7y l\u00f4i cu\u1ed1n, t\u00e1c gi\u1ea3 cung c\u1ea5p <strong data-start=\"600\" data-end=\"627\">36 t\u00ecnh hu\u1ed1ng \u0111i\u1ec3n h\u00ecnh<\/strong> trong giao ti\u1ebfp h\u1eb1ng ng\u00e0y \u2013 t\u1eeb \u0111\u1ed1i tho\u1ea1i v\u1edbi c\u1ea5p tr\u00ean, \u0111\u1ed3ng nghi\u1ec7p, kh\u00e1ch h\u00e0ng, \u0111\u1ebfn b\u1ea1n b\u00e8, ng\u01b0\u1eddi th\u00e2n \u2013 k\u00e8m theo <strong data-start=\"742\" data-end=\"789\">c\u00e1c ph\u00e2n t\u00edch s\u00e2u s\u1eafc v\u00e0 gi\u1ea3i ph\u00e1p hi\u1ec7u qu\u1ea3<\/strong>.<\/p>\n<hr data-start=\"792\" data-end=\"795\" \/>\n<h3 data-start=\"797\" data-end=\"820\">\ud83d\udca1 B\u1ea1n s\u1ebd h\u1ecdc \u0111\u01b0\u1ee3c:<\/h3>\n<ul data-start=\"821\" data-end=\"1113\">\n<li data-start=\"821\" data-end=\"897\">\n<p data-start=\"823\" data-end=\"897\">\u2705 C\u00e1ch <strong data-start=\"830\" data-end=\"857\">n\u00f3i \u0111\u00fang l\u00fac, \u0111\u00fang c\u00e1ch<\/strong> \u0111\u1ec3 ng\u01b0\u1eddi kh\u00e1c d\u1ec5 l\u1eafng nghe v\u00e0 c\u1ea3m m\u1ebfn<\/p>\n<\/li>\n<li data-start=\"898\" data-end=\"961\">\n<p data-start=\"900\" data-end=\"961\">\u2705 K\u1ef9 n\u0103ng <strong data-start=\"910\" data-end=\"959\">\u1ee9ng x\u1eed kh\u00e9o l\u00e9o trong c\u00e1c t\u00ecnh hu\u1ed1ng nh\u1ea1y c\u1ea3m<\/strong><\/p>\n<\/li>\n<li data-start=\"962\" data-end=\"1029\">\n<p data-start=\"964\" data-end=\"1029\">\u2705 Ph\u01b0\u01a1ng ph\u00e1p <strong data-start=\"978\" data-end=\"1027\">giao ti\u1ebfp t\u1ea1o \u1ea3nh h\u01b0\u1edfng v\u00e0 x\u00e2y d\u1ef1ng thi\u1ec7n c\u1ea3m<\/strong><\/p>\n<\/li>\n<li data-start=\"1030\" data-end=\"1113\">\n<p data-start=\"1032\" data-end=\"1113\">\u2705 L\u00e0m sao \u0111\u1ec3 <strong data-start=\"1045\" data-end=\"1078\">t\u1eeb ch\u1ed1i m\u00e0 v\u1eabn \u0111\u01b0\u1ee3c t\u00f4n tr\u1ecdng<\/strong>, thuy\u1ebft ph\u1ee5c m\u00e0 kh\u00f4ng g\u00e2y ph\u1ea3n c\u1ea3m<\/p>\n<\/li>\n<\/ul>\n<hr data-start=\"1115\" data-end=\"1118\" \/>\n<h3 data-start=\"1120\" data-end=\"1146\">\ud83d\udc65 Cu\u1ed1n s\u00e1ch d\u00e0nh cho:<\/h3>\n<ul data-start=\"1147\" data-end=\"1310\">\n<li data-start=\"1147\" data-end=\"1194\">\n<p data-start=\"1149\" data-end=\"1194\">Ng\u01b0\u1eddi l\u00e0m <strong data-start=\"1159\" data-end=\"1192\">kinh doanh, b\u00e1n h\u00e0ng, d\u1ecbch v\u1ee5<\/strong><\/p>\n<\/li>\n<li data-start=\"1195\" data-end=\"1255\">\n<p data-start=\"1197\" data-end=\"1255\">Ng\u01b0\u1eddi mu\u1ed1n c\u1ea3i thi\u1ec7n <strong data-start=\"1218\" data-end=\"1253\">k\u1ef9 n\u0103ng m\u1ec1m v\u00e0 giao ti\u1ebfp x\u00e3 h\u1ed9i<\/strong><\/p>\n<\/li>\n<li data-start=\"1256\" data-end=\"1310\">\n<p data-start=\"1258\" data-end=\"1310\">Ng\u01b0\u1eddi h\u01b0\u1edbng n\u1ed9i \u0111ang mu\u1ed1n t\u1ef1 tin h\u01a1n trong giao ti\u1ebfp<\/p>\n<\/li>\n<\/ul>\n","protected":false},"excerpt":{"rendered":"<p>T\u00e1c gi\u1ea3 : Tr\u00e1c Nh\u00e3<br \/>\n\u0110\u1ecbnh d\u1ea1ng : S\u00e1ch n\u00f3i<\/p>\n<p><a href=\"https:\/\/drive.usercontent.google.com\/download?id=1ailYPcpDCw_B1c9f6m1UOHYOF74atKi6&amp;export=download&amp;authuser=0\"><strong>Download<\/strong><\/a><\/p>\n<p>DONATE T\u00d9Y T\u00c2M \u0110\u1ec2 \u0110\u1ed8I NG\u0168 QU\u1ea2N TR\u1eca DUY TR\u00cc HO\u1ea0T \u0110\u1ed8NG C\u1ee6A WEBSITE. TR\u00c2N TR\u1eccNG!<\/p>\n<p><img fetchpriority=\"high\" decoding=\"async\" class=\"alignnone size-medium wp-image-791\" src=\"http:\/\/thuvien360.com\/wp-content\/uploads\/2025\/06\/QR-HUNG-190x300.jpg\" alt=\"\" width=\"190\" height=\"300\" srcset=\"http:\/\/thuvien360.com\/wp-content\/uploads\/2025\/06\/QR-HUNG-190x300.jpg 190w, http:\/\/thuvien360.com\/wp-content\/uploads\/2025\/06\/QR-HUNG-650x1024.jpg 650w, http:\/\/thuvien360.com\/wp-content\/uploads\/2025\/06\/QR-HUNG-768x1210.jpg 768w, http:\/\/thuvien360.com\/wp-content\/uploads\/2025\/06\/QR-HUNG-600x945.jpg 600w, http:\/\/thuvien360.com\/wp-content\/uploads\/2025\/06\/QR-HUNG.jpg 803w\" sizes=\"(max-width: 190px) 100vw, 190px\" \/><\/p>\n","protected":false},"featured_media":784,"comment_status":"open","ping_status":"closed","template":"","meta":{"_uag_custom_page_level_css":""},"product_brand":[],"product_cat":[34,36,38,37,54],"product_tag":[],"class_list":{"0":"post-783","1":"product","2":"type-product","3":"status-publish","4":"has-post-thumbnail","6":"product_cat-baihoc-kinhdoanh","7":"product_cat-day-lam-giau","8":"product_cat-ky-nang-ban-hang","9":"product_cat-doanh-nhan","10":"product_cat-phattrien-banthan","12":"first","13":"instock","14":"downloadable","15":"virtual","16":"sold-individually","17":"product-type-simple"},"uagb_featured_image_src":{"full":["http:\/\/thuvien360.com\/wp-content\/uploads\/2025\/06\/63-kheo_an_noi_bia_cung_cea07ae2fb36445bba53d8890b8d1fa3_master.jpg",1200,900,false],"thumbnail":["http:\/\/thuvien360.com\/wp-content\/uploads\/2025\/06\/63-kheo_an_noi_bia_cung_cea07ae2fb36445bba53d8890b8d1fa3_master-150x150.jpg",150,150,true],"medium":["http:\/\/thuvien360.com\/wp-content\/uploads\/2025\/06\/63-kheo_an_noi_bia_cung_cea07ae2fb36445bba53d8890b8d1fa3_master-300x225.jpg",300,225,true],"medium_large":["http:\/\/thuvien360.com\/wp-content\/uploads\/2025\/06\/63-kheo_an_noi_bia_cung_cea07ae2fb36445bba53d8890b8d1fa3_master-768x576.jpg",768,576,true],"large":["http:\/\/thuvien360.com\/wp-content\/uploads\/2025\/06\/63-kheo_an_noi_bia_cung_cea07ae2fb36445bba53d8890b8d1fa3_master-1024x768.jpg",1020,765,true],"1536x1536":["http:\/\/thuvien360.com\/wp-content\/uploads\/2025\/06\/63-kheo_an_noi_bia_cung_cea07ae2fb36445bba53d8890b8d1fa3_master.jpg",1200,900,false],"2048x2048":["http:\/\/thuvien360.com\/wp-content\/uploads\/2025\/06\/63-kheo_an_noi_bia_cung_cea07ae2fb36445bba53d8890b8d1fa3_master.jpg",1200,900,false],"woocommerce_thumbnail":["http:\/\/thuvien360.com\/wp-content\/uploads\/2025\/06\/63-kheo_an_noi_bia_cung_cea07ae2fb36445bba53d8890b8d1fa3_master-300x300.jpg",300,300,true],"woocommerce_single":["http:\/\/thuvien360.com\/wp-content\/uploads\/2025\/06\/63-kheo_an_noi_bia_cung_cea07ae2fb36445bba53d8890b8d1fa3_master-600x450.jpg",600,450,true],"woocommerce_gallery_thumbnail":["http:\/\/thuvien360.com\/wp-content\/uploads\/2025\/06\/63-kheo_an_noi_bia_cung_cea07ae2fb36445bba53d8890b8d1fa3_master-100x100.jpg",100,100,true]},"uagb_author_info":{"display_name":"admin","author_link":"http:\/\/thuvien360.com\/?author=0"},"uagb_comment_info":0,"uagb_excerpt":"T\u00e1c gi\u1ea3 : Tr\u00e1c Nh\u00e3 \u0110\u1ecbnh d\u1ea1ng : S\u00e1ch n\u00f3i Download DONATE T\u00d9Y T\u00c2M \u0110\u1ec2 \u0110\u1ed8I NG\u0168 QU\u1ea2N TR\u1eca DUY TR\u00cc HO\u1ea0T \u0110\u1ed8NG C\u1ee6A WEBSITE. TR\u00c2N TR\u1eccNG!","_links":{"self":[{"href":"http:\/\/thuvien360.com\/index.php?rest_route=\/wp\/v2\/product\/783","targetHints":{"allow":["GET"]}}],"collection":[{"href":"http:\/\/thuvien360.com\/index.php?rest_route=\/wp\/v2\/product"}],"about":[{"href":"http:\/\/thuvien360.com\/index.php?rest_route=\/wp\/v2\/types\/product"}],"replies":[{"embeddable":true,"href":"http:\/\/thuvien360.com\/index.php?rest_route=%2Fwp%2Fv2%2Fcomments&post=783"}],"wp:featuredmedia":[{"embeddable":true,"href":"http:\/\/thuvien360.com\/index.php?rest_route=\/wp\/v2\/media\/784"}],"wp:attachment":[{"href":"http:\/\/thuvien360.com\/index.php?rest_route=%2Fwp%2Fv2%2Fmedia&parent=783"}],"wp:term":[{"taxonomy":"product_brand","embeddable":true,"href":"http:\/\/thuvien360.com\/index.php?rest_route=%2Fwp%2Fv2%2Fproduct_brand&post=783"},{"taxonomy":"product_cat","embeddable":true,"href":"http:\/\/thuvien360.com\/index.php?rest_route=%2Fwp%2Fv2%2Fproduct_cat&post=783"},{"taxonomy":"product_tag","embeddable":true,"href":"http:\/\/thuvien360.com\/index.php?rest_route=%2Fwp%2Fv2%2Fproduct_tag&post=783"}],"curies":[{"name":"wp","href":"https:\/\/api.w.org\/{rel}","templated":true}]}}