{"id":780,"date":"2025-06-30T03:37:14","date_gmt":"2025-06-30T03:37:14","guid":{"rendered":"http:\/\/thuvien360.com\/?post_type=product&#038;p=780"},"modified":"2025-07-04T01:13:14","modified_gmt":"2025-07-04T01:13:14","slug":"chuyen-co-tich-danh-cho-nguoi-lon","status":"publish","type":"product","link":"http:\/\/thuvien360.com\/?product=chuyen-co-tich-danh-cho-nguoi-lon","title":{"rendered":"CHUY\u1ec6N C\u1ed4 T\u00cdCH D\u00c0NH CHO NG\u01af\u1edcI L\u1edaN"},"content":{"rendered":"<h3 data-start=\"210\" data-end=\"256\">\ud83d\udcd8 <strong data-start=\"217\" data-end=\"254\">CHUY\u1ec6N C\u1ed4 T\u00cdCH D\u00c0NH CHO NG\u01af\u1edcI L\u1edaN<\/strong><\/h3>\n<p data-start=\"257\" data-end=\"400\"><strong data-start=\"257\" data-end=\"285\">T\u00e1c gi\u1ea3: Nguy\u1ec5n Nh\u1eadt \u00c1nh<\/strong><br data-start=\"285\" data-end=\"288\" \/><em data-start=\"288\" data-end=\"400\">M\u1ed9t \u201cc\u1ed5 t\u00edch\u201d r\u1ea5t \u0111\u1eddi \u2013 n\u01a1i ng\u01b0\u1eddi l\u1edbn \u0111\u01b0\u1ee3c s\u1ed1ng l\u1ea1i nh\u1eefng rung \u0111\u1ed9ng trong tr\u1ebbo, nh\u01b0ng kh\u00f4ng k\u00e9m ph\u1ea7n chua x\u00f3t.<\/em><\/p>\n<hr data-start=\"402\" data-end=\"405\" \/>\n<p data-start=\"407\" data-end=\"843\">Kh\u00e1c v\u1edbi nh\u1eefng c\u00e2u chuy\u1ec7n c\u1ed5 t\u00edch r\u1ef1c r\u1ee1 s\u1eafc m\u00e0u v\u00e0 c\u00f3 h\u1eadu, <strong data-start=\"467\" data-end=\"506\">&#8220;Chuy\u1ec7n C\u1ed5 T\u00edch D\u00e0nh Cho Ng\u01b0\u1eddi L\u1edbn&#8221;<\/strong> l\u1ea1i mang trong m\u00ecnh <strong data-start=\"527\" data-end=\"548\">h\u01a1i th\u1edf hi\u1ec7n th\u1ef1c<\/strong>, pha tr\u1ed9n gi\u1eefa <strong data-start=\"564\" data-end=\"621\">s\u1ef1 h\u00e0i h\u01b0\u1edbc h\u00f3m h\u1ec9nh v\u00e0 nh\u1eefng tr\u0103n tr\u1edf \u0111\u1ea7y nh\u00e2n sinh.<\/strong> D\u01b0\u1edbi ng\u00f2i b\u00fat duy\u00ean d\u00e1ng v\u00e0 tinh t\u1ebf c\u1ee7a Nguy\u1ec5n Nh\u1eadt \u00c1nh, nh\u1eefng m\u1ea9u chuy\u1ec7n t\u01b0\u1edfng ch\u1eebng nh\u1ecf b\u00e9 trong \u0111\u1eddi s\u1ed1ng th\u01b0\u1eddng nh\u1eadt l\u1ea1i hi\u1ec7n l\u00ean s\u1ed1ng \u0111\u1ed9ng, th\u1ea5m \u0111\u1eabm c\u1ea3m x\u00fac v\u00e0 khi\u1ebfn ng\u01b0\u1eddi \u0111\u1ecdc ph\u1ea3i l\u1eb7ng \u0111i v\u00ec th\u1ea5y ch\u00ednh m\u00ecnh trong \u0111\u00f3.<\/p>\n<p data-start=\"845\" data-end=\"1021\">Cu\u1ed1n s\u00e1ch t\u1eadp h\u1ee3p <strong data-start=\"863\" data-end=\"881\">41 truy\u1ec7n ng\u1eafn<\/strong>, m\u1ed7i truy\u1ec7n l\u00e0 m\u1ed9t m\u1ea3nh gh\u00e9p, m\u1ed9t l\u00e1t c\u1eaft tinh t\u1ebf v\u1ec1 t\u00ecnh y\u00eau, gia \u0111\u00ecnh, tu\u1ed5i tr\u1ebb, kh\u00e1t khao v\u00e0 c\u1ea3 nh\u1eefng h\u1ee5t h\u1eabng r\u1ea5t th\u1eadt trong \u0111\u1eddi ng\u01b0\u1eddi.<\/p>\n<hr data-start=\"1023\" data-end=\"1026\" \/>\n<h3 data-start=\"1028\" data-end=\"1048\">\ud83c\udf1f \u0110i\u1ec3m \u0111\u1eb7c s\u1eafc:<\/h3>\n<ul data-start=\"1049\" data-end=\"1321\">\n<li data-start=\"1049\" data-end=\"1120\">\n<p data-start=\"1051\" data-end=\"1120\">\ud83e\ude84 C\u1ed5 t\u00edch nh\u01b0ng <strong data-start=\"1068\" data-end=\"1087\">kh\u00f4ng th\u1ea7n ti\u00ean<\/strong> \u2013 m\u00e0 ch\u00e2n th\u1ef1c v\u00e0 \u0111\u1ea7y nh\u00e2n b\u1ea3n<\/p>\n<\/li>\n<li data-start=\"1121\" data-end=\"1208\">\n<p data-start=\"1123\" data-end=\"1208\">\ud83d\udc8c G\u1ee3i nh\u1edb v\u1ec1 <strong data-start=\"1137\" data-end=\"1206\">m\u1ed9t th\u1eddi tu\u1ed5i tr\u1ebb ng\u00e2y th\u01a1, nhi\u1ec1u \u01b0\u1edbc m\u01a1 nh\u01b0ng c\u0169ng d\u1ec5 t\u1ed5n th\u01b0\u01a1ng<\/strong><\/p>\n<\/li>\n<li data-start=\"1209\" data-end=\"1274\">\n<p data-start=\"1211\" data-end=\"1274\">\u270d\ufe0f V\u0103n phong nh\u1eb9 nh\u00e0ng, gi\u00e0u ch\u1ea5t th\u01a1, v\u1eeba d\u00ed d\u1ecfm v\u1eeba s\u00e2u cay<\/p>\n<\/li>\n<li data-start=\"1275\" data-end=\"1321\">\n<p data-start=\"1277\" data-end=\"1321\">\ud83d\udc94 \u0110\u1ee7 \u0111\u1ec3 c\u01b0\u1eddi, nh\u01b0ng c\u0169ng \u0111\u1ee7 \u0111\u1ec3 r\u01a1i n\u01b0\u1edbc m\u1eaft<\/p>\n<\/li>\n<\/ul>\n","protected":false},"excerpt":{"rendered":"<p>T\u00e1c gi\u1ea3 : Nguy\u1ec5n Nh\u1eadt \u00c1nh<br \/>\n\u0110\u1ecbnh d\u1ea1ng : S\u00e1ch n\u00f3i<\/p>\n<p><a href=\"https:\/\/drive.usercontent.google.com\/download?id=1Ra10iAwh49_wyXgVsdH9oJ7Hctcvk8bW&amp;export=download&amp;authuser=0\"><strong>DOWNLOAD<\/strong><\/a><\/p>\n<p>H\u00e3y t\u00f9y t\u00e2m \u0111\u00f3ng g\u00f3p \u0111\u1ec3 ch\u00fang t\u00f4i c\u00f3 th\u1ec3 ti\u1ebfp t\u1ee5c duy tr\u00ec v\u00e0 ph\u00e1t tri\u1ec3n ho\u1ea1t \u0111\u1ed9ng \u00fd ngh\u0129a n\u00e0y.<\/p>\n<p><img fetchpriority=\"high\" decoding=\"async\" class=\"alignnone size-medium wp-image-791\" src=\"http:\/\/thuvien360.com\/wp-content\/uploads\/2025\/06\/QR-HUNG-190x300.jpg\" alt=\"\" width=\"190\" height=\"300\" srcset=\"http:\/\/thuvien360.com\/wp-content\/uploads\/2025\/06\/QR-HUNG-190x300.jpg 190w, http:\/\/thuvien360.com\/wp-content\/uploads\/2025\/06\/QR-HUNG-650x1024.jpg 650w, http:\/\/thuvien360.com\/wp-content\/uploads\/2025\/06\/QR-HUNG-768x1210.jpg 768w, http:\/\/thuvien360.com\/wp-content\/uploads\/2025\/06\/QR-HUNG-600x945.jpg 600w, http:\/\/thuvien360.com\/wp-content\/uploads\/2025\/06\/QR-HUNG.jpg 803w\" sizes=\"(max-width: 190px) 100vw, 190px\" \/><\/p>\n","protected":false},"featured_media":781,"comment_status":"open","ping_status":"closed","template":"","meta":{"_uag_custom_page_level_css":""},"product_brand":[],"product_cat":[44],"product_tag":[],"class_list":{"0":"post-780","1":"product","2":"type-product","3":"status-publish","4":"has-post-thumbnail","6":"product_cat-van-hoc","8":"first","9":"instock","10":"downloadable","11":"virtual","12":"sold-individually","13":"product-type-simple"},"uagb_featured_image_src":{"full":["http:\/\/thuvien360.com\/wp-content\/uploads\/2025\/06\/13-4517-chuyen-co-tich-danh-cho-nguoi-lon-1.jpg",1200,900,false],"thumbnail":["http:\/\/thuvien360.com\/wp-content\/uploads\/2025\/06\/13-4517-chuyen-co-tich-danh-cho-nguoi-lon-1-150x150.jpg",150,150,true],"medium":["http:\/\/thuvien360.com\/wp-content\/uploads\/2025\/06\/13-4517-chuyen-co-tich-danh-cho-nguoi-lon-1-300x225.jpg",300,225,true],"medium_large":["http:\/\/thuvien360.com\/wp-content\/uploads\/2025\/06\/13-4517-chuyen-co-tich-danh-cho-nguoi-lon-1-768x576.jpg",768,576,true],"large":["http:\/\/thuvien360.com\/wp-content\/uploads\/2025\/06\/13-4517-chuyen-co-tich-danh-cho-nguoi-lon-1-1024x768.jpg",1020,765,true],"1536x1536":["http:\/\/thuvien360.com\/wp-content\/uploads\/2025\/06\/13-4517-chuyen-co-tich-danh-cho-nguoi-lon-1.jpg",1200,900,false],"2048x2048":["http:\/\/thuvien360.com\/wp-content\/uploads\/2025\/06\/13-4517-chuyen-co-tich-danh-cho-nguoi-lon-1.jpg",1200,900,false],"woocommerce_thumbnail":["http:\/\/thuvien360.com\/wp-content\/uploads\/2025\/06\/13-4517-chuyen-co-tich-danh-cho-nguoi-lon-1-300x300.jpg",300,300,true],"woocommerce_single":["http:\/\/thuvien360.com\/wp-content\/uploads\/2025\/06\/13-4517-chuyen-co-tich-danh-cho-nguoi-lon-1-600x450.jpg",600,450,true],"woocommerce_gallery_thumbnail":["http:\/\/thuvien360.com\/wp-content\/uploads\/2025\/06\/13-4517-chuyen-co-tich-danh-cho-nguoi-lon-1-100x100.jpg",100,100,true]},"uagb_author_info":{"display_name":"admin","author_link":"http:\/\/thuvien360.com\/?author=0"},"uagb_comment_info":0,"uagb_excerpt":"T\u00e1c gi\u1ea3 : Nguy\u1ec5n Nh\u1eadt \u00c1nh \u0110\u1ecbnh d\u1ea1ng : S\u00e1ch n\u00f3i DOWNLOAD H\u00e3y t\u00f9y t\u00e2m \u0111\u00f3ng g\u00f3p \u0111\u1ec3 ch\u00fang t\u00f4i c\u00f3 th\u1ec3 ti\u1ebfp t\u1ee5c duy tr\u00ec v\u00e0 ph\u00e1t tri\u1ec3n ho\u1ea1t \u0111\u1ed9ng \u00fd ngh\u0129a n\u00e0y.","_links":{"self":[{"href":"http:\/\/thuvien360.com\/index.php?rest_route=\/wp\/v2\/product\/780","targetHints":{"allow":["GET"]}}],"collection":[{"href":"http:\/\/thuvien360.com\/index.php?rest_route=\/wp\/v2\/product"}],"about":[{"href":"http:\/\/thuvien360.com\/index.php?rest_route=\/wp\/v2\/types\/product"}],"replies":[{"embeddable":true,"href":"http:\/\/thuvien360.com\/index.php?rest_route=%2Fwp%2Fv2%2Fcomments&post=780"}],"wp:featuredmedia":[{"embeddable":true,"href":"http:\/\/thuvien360.com\/index.php?rest_route=\/wp\/v2\/media\/781"}],"wp:attachment":[{"href":"http:\/\/thuvien360.com\/index.php?rest_route=%2Fwp%2Fv2%2Fmedia&parent=780"}],"wp:term":[{"taxonomy":"product_brand","embeddable":true,"href":"http:\/\/thuvien360.com\/index.php?rest_route=%2Fwp%2Fv2%2Fproduct_brand&post=780"},{"taxonomy":"product_cat","embeddable":true,"href":"http:\/\/thuvien360.com\/index.php?rest_route=%2Fwp%2Fv2%2Fproduct_cat&post=780"},{"taxonomy":"product_tag","embeddable":true,"href":"http:\/\/thuvien360.com\/index.php?rest_route=%2Fwp%2Fv2%2Fproduct_tag&post=780"}],"curies":[{"name":"wp","href":"https:\/\/api.w.org\/{rel}","templated":true}]}}