{"id":778,"date":"2025-06-30T03:35:59","date_gmt":"2025-06-30T03:35:59","guid":{"rendered":"http:\/\/thuvien360.com\/?post_type=product&#038;p=778"},"modified":"2025-07-04T01:15:24","modified_gmt":"2025-07-04T01:15:24","slug":"muon-kiep-nhan-sinh-tap-2","status":"publish","type":"product","link":"http:\/\/thuvien360.com\/?product=muon-kiep-nhan-sinh-tap-2","title":{"rendered":"MU\u00d4N KI\u1ebeP NH\u00c2N SINH \u2013 T\u1eacP 2"},"content":{"rendered":"<h3 data-start=\"170\" data-end=\"210\">\ud83d\udcd8 <strong data-start=\"177\" data-end=\"208\">MU\u00d4N KI\u1ebeP NH\u00c2N SINH \u2013 T\u1eacP 2<\/strong><\/h3>\n<p data-start=\"211\" data-end=\"340\"><strong data-start=\"211\" data-end=\"236\">T\u00e1c gi\u1ea3: Nguy\u00ean Phong<\/strong><br data-start=\"236\" data-end=\"239\" \/><em data-start=\"239\" data-end=\"340\">H\u00e0nh tr\u00ecnh ti\u1ebfp n\u1ed1i kh\u00e1m ph\u00e1 ti\u1ec1n ki\u1ebfp, l\u00fd gi\u1ea3i hi\u1ec7n t\u1ea1i, th\u1ee9c t\u1ec9nh t\u00e2m linh v\u00e0 n\u00e2ng t\u1ea7m nh\u1eadn th\u1ee9c.<\/em><\/p>\n<hr data-start=\"342\" data-end=\"345\" \/>\n<p data-start=\"347\" data-end=\"587\">Sau khi gieo m\u1ea7m nh\u1eadn th\u1ee9c trong <strong data-start=\"380\" data-end=\"389\">T\u1eadp 1<\/strong>, cu\u1ed1n <strong data-start=\"396\" data-end=\"429\">&#8220;Mu\u00f4n Ki\u1ebfp Nh\u00e2n Sinh \u2013 T\u1eadp 2&#8221;<\/strong> ti\u1ebfp t\u1ee5c m\u1edf r\u1ed9ng <strong data-start=\"447\" data-end=\"468\">c\u00e1nh c\u1eeda t\u00e2m linh<\/strong>, gi\u00fap ng\u01b0\u1eddi \u0111\u1ecdc <strong data-start=\"485\" data-end=\"586\">nh\u00ecn s\u00e2u h\u01a1n v\u00e0o quy lu\u1eadt v\u1eadn h\u00e0nh c\u1ee7a nghi\u1ec7p l\u1ef1c, lu\u00e2n h\u1ed3i, s\u1ef1 l\u1ef1a ch\u1ecdn v\u00e0 c\u00e1i g\u1ecdi l\u00e0 \u201cv\u1eadn m\u1ec7nh\u201d<\/strong>.<\/p>\n<p data-start=\"589\" data-end=\"1014\">\u1ede ph\u1ea7n n\u00e0y, c\u00e2u chuy\u1ec7n ti\u1ebfp t\u1ee5c v\u1edbi nh\u00e2n v\u1eadt <strong data-start=\"634\" data-end=\"644\">Thomas<\/strong> khi \u00f4ng \u0111\u01b0\u1ee3c ti\u1ebfp c\u1eadn v\u1edbi nh\u1eefng ki\u1ebfp s\u1ed1ng s\u00e2u xa h\u01a1n, li\u00ean quan \u0111\u1ebfn nh\u1eefng n\u1ec1n v\u0103n minh c\u1ed5 \u0111\u1ea1i nh\u01b0 <strong data-start=\"743\" data-end=\"755\">Atlantis<\/strong>, <strong data-start=\"757\" data-end=\"768\">Lemuria<\/strong>, v\u00e0 c\u1ea3 c\u00e1c d\u1ea5u hi\u1ec7u c\u1ea3nh b\u00e1o cho nh\u00e2n lo\u1ea1i trong t\u01b0\u01a1ng lai. Nguy\u00ean Phong c\u0169ng kh\u00e9o l\u00e9o l\u1ed3ng gh\u00e9p nh\u1eefng <strong data-start=\"872\" data-end=\"958\">ph\u00e1t hi\u1ec7n khoa h\u1ecdc, t\u00e2m linh ph\u01b0\u01a1ng \u0110\u00f4ng, v\u00e0 c\u1ea3 nh\u1eefng tri th\u1ee9c huy\u1ec1n h\u1ecdc b\u00ed truy\u1ec1n<\/strong> \u0111\u1ec3 ng\u01b0\u1eddi \u0111\u1ecdc c\u00f3 c\u00e1i nh\u00ecn to\u00e0n di\u1ec7n v\u00e0 c\u00f3 chi\u1ec1u s\u00e2u h\u01a1n.<\/p>\n<hr data-start=\"1016\" data-end=\"1019\" \/>\n<h3 data-start=\"1021\" data-end=\"1047\">\ud83c\udf1f Nh\u1eefng \u0111i\u1ec3m n\u1ed5i b\u1eadt:<\/h3>\n<ul data-start=\"1048\" data-end=\"1324\" data-is-last-node=\"\" data-is-only-node=\"\">\n<li data-start=\"1048\" data-end=\"1116\">\n<p data-start=\"1050\" data-end=\"1116\">\ud83d\udcdc <strong data-start=\"1053\" data-end=\"1076\">Gi\u1ea3i ngh\u0129a nh\u00e2n qu\u1ea3<\/strong> qua t\u1eebng l\u1ef1a ch\u1ecdn nh\u1ecf trong cu\u1ed9c s\u1ed1ng<\/p>\n<\/li>\n<li data-start=\"1117\" data-end=\"1203\">\n<p data-start=\"1119\" data-end=\"1203\">\ud83c\udf0d <strong data-start=\"1122\" data-end=\"1171\">K\u1ebft n\u1ed1i gi\u1eefa ti\u1ec1n ki\u1ebfp \u2013 hi\u1ec7n t\u1ea1i \u2013 t\u01b0\u01a1ng lai<\/strong> m\u1ed9t c\u00e1ch logic v\u00e0 \u0111\u1ea7y c\u1ea3m x\u00fac<\/p>\n<\/li>\n<li data-start=\"1204\" data-end=\"1290\">\n<p data-start=\"1206\" data-end=\"1290\">\ud83e\uddd8\u200d\u2642\ufe0f <strong data-start=\"1212\" data-end=\"1244\">Kh\u01a1i g\u1ee3i nh\u1eadn th\u1ee9c t\u1ec9nh th\u1ee9c<\/strong>: s\u1ed1ng ch\u00e1nh ni\u1ec7m, y\u00eau th\u01b0\u01a1ng v\u00e0 h\u01b0\u1edbng thi\u1ec7n<\/p>\n<\/li>\n<\/ul>\n","protected":false},"excerpt":{"rendered":"<p>T\u00e1c gi\u1ea3 : Nguy\u00ean Phong<br \/>\n\u0110\u1ecbnh d\u1ea1ng : S\u00e1ch n\u00f3i<\/p>\n<p><a href=\"https:\/\/drive.usercontent.google.com\/download?id=1m8o3uJ_tmzc0b-KprWRZ55G6JYesEs68&amp;export=download&amp;authuser=0\"><strong>DOWNLOAD<\/strong><\/a><br \/>\n<strong>H\u00e3y t\u00f9y t\u00e2m \u0111\u00f3ng g\u00f3p \u0111\u1ec3 ch\u00fang t\u00f4i c\u00f3 th\u1ec3 ti\u1ebfp t\u1ee5c duy tr\u00ec v\u00e0 ph\u00e1t tri\u1ec3n ho\u1ea1t \u0111\u1ed9ng \u00fd ngh\u0129a n\u00e0y.<\/strong><\/p>\n<p><img fetchpriority=\"high\" decoding=\"async\" class=\"alignnone size-medium wp-image-791\" src=\"http:\/\/thuvien360.com\/wp-content\/uploads\/2025\/06\/QR-HUNG-190x300.jpg\" alt=\"\" width=\"190\" height=\"300\" srcset=\"http:\/\/thuvien360.com\/wp-content\/uploads\/2025\/06\/QR-HUNG-190x300.jpg 190w, http:\/\/thuvien360.com\/wp-content\/uploads\/2025\/06\/QR-HUNG-650x1024.jpg 650w, http:\/\/thuvien360.com\/wp-content\/uploads\/2025\/06\/QR-HUNG-768x1210.jpg 768w, http:\/\/thuvien360.com\/wp-content\/uploads\/2025\/06\/QR-HUNG-600x945.jpg 600w, http:\/\/thuvien360.com\/wp-content\/uploads\/2025\/06\/QR-HUNG.jpg 803w\" sizes=\"(max-width: 190px) 100vw, 190px\" \/><\/p>\n","protected":false},"featured_media":779,"comment_status":"open","ping_status":"closed","template":"","meta":{"_uag_custom_page_level_css":""},"product_brand":[],"product_cat":[15],"product_tag":[],"class_list":{"0":"post-778","1":"product","2":"type-product","3":"status-publish","4":"has-post-thumbnail","6":"product_cat-chua-phan-loai","8":"first","9":"instock","10":"downloadable","11":"virtual","12":"sold-individually","13":"product-type-simple"},"uagb_featured_image_src":{"full":["http:\/\/thuvien360.com\/wp-content\/uploads\/2025\/06\/12-467-muon-kiep-nhan-sinh-2-1.jpg",1200,900,false],"thumbnail":["http:\/\/thuvien360.com\/wp-content\/uploads\/2025\/06\/12-467-muon-kiep-nhan-sinh-2-1-150x150.jpg",150,150,true],"medium":["http:\/\/thuvien360.com\/wp-content\/uploads\/2025\/06\/12-467-muon-kiep-nhan-sinh-2-1-300x225.jpg",300,225,true],"medium_large":["http:\/\/thuvien360.com\/wp-content\/uploads\/2025\/06\/12-467-muon-kiep-nhan-sinh-2-1-768x576.jpg",768,576,true],"large":["http:\/\/thuvien360.com\/wp-content\/uploads\/2025\/06\/12-467-muon-kiep-nhan-sinh-2-1-1024x768.jpg",1020,765,true],"1536x1536":["http:\/\/thuvien360.com\/wp-content\/uploads\/2025\/06\/12-467-muon-kiep-nhan-sinh-2-1.jpg",1200,900,false],"2048x2048":["http:\/\/thuvien360.com\/wp-content\/uploads\/2025\/06\/12-467-muon-kiep-nhan-sinh-2-1.jpg",1200,900,false],"woocommerce_thumbnail":["http:\/\/thuvien360.com\/wp-content\/uploads\/2025\/06\/12-467-muon-kiep-nhan-sinh-2-1-300x300.jpg",300,300,true],"woocommerce_single":["http:\/\/thuvien360.com\/wp-content\/uploads\/2025\/06\/12-467-muon-kiep-nhan-sinh-2-1-600x450.jpg",600,450,true],"woocommerce_gallery_thumbnail":["http:\/\/thuvien360.com\/wp-content\/uploads\/2025\/06\/12-467-muon-kiep-nhan-sinh-2-1-100x100.jpg",100,100,true]},"uagb_author_info":{"display_name":"admin","author_link":"http:\/\/thuvien360.com\/?author=0"},"uagb_comment_info":0,"uagb_excerpt":"T\u00e1c gi\u1ea3 : Nguy\u00ean Phong \u0110\u1ecbnh d\u1ea1ng : S\u00e1ch n\u00f3i DOWNLOAD H\u00e3y t\u00f9y t\u00e2m \u0111\u00f3ng g\u00f3p \u0111\u1ec3 ch\u00fang t\u00f4i c\u00f3 th\u1ec3 ti\u1ebfp t\u1ee5c duy tr\u00ec v\u00e0 ph\u00e1t tri\u1ec3n ho\u1ea1t \u0111\u1ed9ng \u00fd ngh\u0129a n\u00e0y.","_links":{"self":[{"href":"http:\/\/thuvien360.com\/index.php?rest_route=\/wp\/v2\/product\/778","targetHints":{"allow":["GET"]}}],"collection":[{"href":"http:\/\/thuvien360.com\/index.php?rest_route=\/wp\/v2\/product"}],"about":[{"href":"http:\/\/thuvien360.com\/index.php?rest_route=\/wp\/v2\/types\/product"}],"replies":[{"embeddable":true,"href":"http:\/\/thuvien360.com\/index.php?rest_route=%2Fwp%2Fv2%2Fcomments&post=778"}],"wp:featuredmedia":[{"embeddable":true,"href":"http:\/\/thuvien360.com\/index.php?rest_route=\/wp\/v2\/media\/779"}],"wp:attachment":[{"href":"http:\/\/thuvien360.com\/index.php?rest_route=%2Fwp%2Fv2%2Fmedia&parent=778"}],"wp:term":[{"taxonomy":"product_brand","embeddable":true,"href":"http:\/\/thuvien360.com\/index.php?rest_route=%2Fwp%2Fv2%2Fproduct_brand&post=778"},{"taxonomy":"product_cat","embeddable":true,"href":"http:\/\/thuvien360.com\/index.php?rest_route=%2Fwp%2Fv2%2Fproduct_cat&post=778"},{"taxonomy":"product_tag","embeddable":true,"href":"http:\/\/thuvien360.com\/index.php?rest_route=%2Fwp%2Fv2%2Fproduct_tag&post=778"}],"curies":[{"name":"wp","href":"https:\/\/api.w.org\/{rel}","templated":true}]}}