{"id":776,"date":"2025-06-30T03:34:27","date_gmt":"2025-06-30T03:34:27","guid":{"rendered":"http:\/\/thuvien360.com\/?post_type=product&#038;p=776"},"modified":"2025-07-04T08:12:03","modified_gmt":"2025-07-04T08:12:03","slug":"muon-kiep-nhan-sinh-tap-1","status":"publish","type":"product","link":"http:\/\/thuvien360.com\/?product=muon-kiep-nhan-sinh-tap-1","title":{"rendered":"MU\u00d4N KI\u1ebeP NH\u00c2N SINH \u2013 T\u1eacP 1"},"content":{"rendered":"<h3 data-start=\"234\" data-end=\"274\">\ud83d\udcd8 <strong data-start=\"241\" data-end=\"272\">MU\u00d4N KI\u1ebeP NH\u00c2N SINH \u2013 T\u1eacP 1<\/strong><\/h3>\n<p data-start=\"275\" data-end=\"382\"><strong data-start=\"275\" data-end=\"300\">T\u00e1c gi\u1ea3: Nguy\u00ean Phong<\/strong><br data-start=\"300\" data-end=\"303\" \/><em data-start=\"303\" data-end=\"382\">\u201cHi\u1ec3u v\u1ec1 lu\u1eadt Nh\u00e2n \u2013 Qu\u1ea3 \u0111\u1ec3 s\u1ed1ng t\u1ec9nh th\u1ee9c v\u00e0 t\u1ea1o n\u00ean m\u1ed9t ki\u1ebfp s\u1ed1ng \u00fd ngh\u0129a.\u201d<\/em><\/p>\n<hr data-start=\"384\" data-end=\"387\" \/>\n<p data-start=\"389\" data-end=\"668\"><strong data-start=\"389\" data-end=\"414\">&#8220;Mu\u00f4n Ki\u1ebfp Nh\u00e2n Sinh&#8221;<\/strong> l\u00e0 h\u00e0nh tr\u00ecnh d\u1eabn d\u1eaft ng\u01b0\u1eddi \u0111\u1ecdc b\u01b0\u1edbc v\u00e0o m\u1ed9t th\u1ebf gi\u1edbi k\u1ef3 \u1ea3o nh\u01b0ng \u0111\u1ea7y logic t\u00e2m linh \u2013 n\u01a1i nh\u1eefng c\u00e2u chuy\u1ec7n v\u1ec1 <strong data-start=\"526\" data-end=\"562\">lu\u00e2n h\u1ed3i, nh\u00e2n qu\u1ea3 v\u00e0 nghi\u1ec7p b\u00e1o<\/strong> kh\u00f4ng c\u00f2n l\u00e0 \u0111i\u1ec1u xa l\u1ea1, m\u00e0 tr\u1edf th\u00e0nh l\u1eddi nh\u1eafc nh\u1edf nh\u1eb9 nh\u00e0ng nh\u01b0ng s\u00e2u s\u1eafc v\u1ec1 c\u00e1ch ch\u00fang ta s\u1ed1ng h\u00f4m nay.<\/p>\n<p data-start=\"670\" data-end=\"911\">Cu\u1ed1n s\u00e1ch k\u1ec3 l\u1ea1i c\u00e2u chuy\u1ec7n c\u00f3 th\u1eadt c\u1ee7a <strong data-start=\"710\" data-end=\"752\">ti\u1ebfn s\u0129 ng\u00e0nh t\u00e0i ch\u00ednh Claude Bouchet<\/strong> \u2013 m\u1ed9t doanh nh\u00e2n th\u00e0nh \u0111\u1ea1t ng\u01b0\u1eddi M\u1ef9, nh\u01b0ng b\u1ea5t ng\u1edd tr\u1ea3i qua nh\u1eefng <strong data-start=\"819\" data-end=\"850\">tr\u1ea3i nghi\u1ec7m ti\u1ec1n ki\u1ebfp k\u1ef3 l\u1ea1<\/strong>, t\u1eeb \u0111\u00f3 thay \u0111\u1ed5i ho\u00e0n to\u00e0n t\u01b0 duy v\u00e0 c\u00e1ch nh\u00ecn nh\u1eadn cu\u1ed9c \u0111\u1eddi.<\/p>\n<p data-start=\"913\" data-end=\"1152\">T\u00e1c gi\u1ea3 Nguy\u00ean Phong \u2013 n\u1ed5i ti\u1ebfng v\u1edbi kh\u1ea3 n\u0103ng chuy\u1ec3n ng\u1eef c\u00e1c t\u00e1c ph\u1ea9m huy\u1ec1n m\u00f4n v\u00e0 khoa h\u1ecdc t\u00e2m linh \u2013 \u0111\u00e3 vi\u1ebft l\u1ea1i c\u00e2u chuy\u1ec7n n\u00e0y b\u1eb1ng l\u1ed1i k\u1ec3 cu\u1ed1n h\u00fat, d\u1ec5 ti\u1ebfp c\u1eadn, <strong data-start=\"1078\" data-end=\"1151\">k\u1ebft h\u1ee3p nhu\u1ea7n nhuy\u1ec5n gi\u1eefa t\u01b0 t\u01b0\u1edfng ph\u01b0\u01a1ng \u0110\u00f4ng v\u00e0 tri th\u1ee9c ph\u01b0\u01a1ng T\u00e2y<\/strong>.<\/p>\n<hr data-start=\"1154\" data-end=\"1157\" \/>\n<h3 data-start=\"1159\" data-end=\"1182\">\ud83c\udf1f Gi\u00e1 tr\u1ecb n\u1ed5i b\u1eadt:<\/h3>\n<ul data-start=\"1183\" data-end=\"1466\">\n<li data-start=\"1183\" data-end=\"1254\">\n<p data-start=\"1185\" data-end=\"1254\">\ud83d\udd01 Gi\u1ea3i m\u00e3 lu\u1eadt nh\u00e2n qu\u1ea3 v\u00e0 lu\u00e2n h\u1ed3i qua nh\u1eefng c\u00e2u chuy\u1ec7n sinh \u0111\u1ed9ng<\/p>\n<\/li>\n<li data-start=\"1255\" data-end=\"1322\">\n<p data-start=\"1257\" data-end=\"1322\">\ud83e\uddd8 G\u1ee3i m\u1edf con \u0111\u01b0\u1eddng s\u1ed1ng t\u1ec9nh th\u1ee9c, bi\u1ebft y\u00eau th\u01b0\u01a1ng v\u00e0 bu\u00f4ng b\u1ecf<\/p>\n<\/li>\n<li data-start=\"1323\" data-end=\"1402\">\n<p data-start=\"1325\" data-end=\"1402\">\ud83c\udf0f K\u1ebft n\u1ed1i gi\u1eefa ki\u1ebfp s\u1ed1ng hi\u1ec7n t\u1ea1i v\u1edbi qu\u00e1 kh\u1ee9 \u2013 t\u01b0\u01a1ng lai m\u1ed9t c\u00e1ch s\u00e2u s\u1eafc<\/p>\n<\/li>\n<li data-start=\"1403\" data-end=\"1466\">\n<p data-start=\"1405\" data-end=\"1466\">\u2728 Kh\u01a1i d\u1eady tinh th\u1ea7n h\u1ecdc h\u1ecfi, tu d\u01b0\u1ee1ng v\u00e0 s\u1ed1ng c\u00f3 tr\u00e1ch nhi\u1ec7m<\/p>\n<\/li>\n<\/ul>\n","protected":false},"excerpt":{"rendered":"<p>T\u00e1c gi\u1ea3 : Nguy\u00ean Phong<br \/>\n\u0110\u1ecbnh d\u1ea1ng : S\u00e1ch n\u00f3i<\/p>\n<p><strong><a href=\"https:\/\/drive.usercontent.google.com\/download?id=1tj7mhPOmcUUdKwIA7QelhmZhrWaLO-qW&amp;export=download&amp;authuser=0\">DOWNLOAD<\/a><br \/>\nH\u00e3y t\u00f9y t\u00e2m \u0111\u00f3ng g\u00f3p \u0111\u1ec3 ch\u00fang t\u00f4i c\u00f3 th\u1ec3 ti\u1ebfp t\u1ee5c duy tr\u00ec v\u00e0 ph\u00e1t tri\u1ec3n ho\u1ea1t \u0111\u1ed9ng \u00fd ngh\u0129a n\u00e0y.<\/strong><\/p>\n<p><img decoding=\"async\" src=\"http:\/\/thuvien360.com\/wp-content\/uploads\/2025\/06\/QR-HUNG.jpg\" \/><\/p>\n","protected":false},"featured_media":777,"comment_status":"open","ping_status":"closed","template":"","meta":{"_uag_custom_page_level_css":""},"product_brand":[],"product_cat":[44],"product_tag":[],"class_list":{"0":"post-776","1":"product","2":"type-product","3":"status-publish","4":"has-post-thumbnail","6":"product_cat-van-hoc","8":"first","9":"instock","10":"downloadable","11":"virtual","12":"sold-individually","13":"product-type-simple"},"uagb_featured_image_src":{"full":["http:\/\/thuvien360.com\/wp-content\/uploads\/2025\/06\/11-290-muon-kiep-nhan-sinh-1.jpg",1200,900,false],"thumbnail":["http:\/\/thuvien360.com\/wp-content\/uploads\/2025\/06\/11-290-muon-kiep-nhan-sinh-1-150x150.jpg",150,150,true],"medium":["http:\/\/thuvien360.com\/wp-content\/uploads\/2025\/06\/11-290-muon-kiep-nhan-sinh-1-300x225.jpg",300,225,true],"medium_large":["http:\/\/thuvien360.com\/wp-content\/uploads\/2025\/06\/11-290-muon-kiep-nhan-sinh-1-768x576.jpg",768,576,true],"large":["http:\/\/thuvien360.com\/wp-content\/uploads\/2025\/06\/11-290-muon-kiep-nhan-sinh-1-1024x768.jpg",1020,765,true],"1536x1536":["http:\/\/thuvien360.com\/wp-content\/uploads\/2025\/06\/11-290-muon-kiep-nhan-sinh-1.jpg",1200,900,false],"2048x2048":["http:\/\/thuvien360.com\/wp-content\/uploads\/2025\/06\/11-290-muon-kiep-nhan-sinh-1.jpg",1200,900,false],"woocommerce_thumbnail":["http:\/\/thuvien360.com\/wp-content\/uploads\/2025\/06\/11-290-muon-kiep-nhan-sinh-1-300x300.jpg",300,300,true],"woocommerce_single":["http:\/\/thuvien360.com\/wp-content\/uploads\/2025\/06\/11-290-muon-kiep-nhan-sinh-1-600x450.jpg",600,450,true],"woocommerce_gallery_thumbnail":["http:\/\/thuvien360.com\/wp-content\/uploads\/2025\/06\/11-290-muon-kiep-nhan-sinh-1-100x100.jpg",100,100,true]},"uagb_author_info":{"display_name":"admin","author_link":"http:\/\/thuvien360.com\/?author=0"},"uagb_comment_info":0,"uagb_excerpt":"T\u00e1c gi\u1ea3 : Nguy\u00ean Phong \u0110\u1ecbnh d\u1ea1ng : S\u00e1ch n\u00f3i DOWNLOAD H\u00e3y t\u00f9y t\u00e2m \u0111\u00f3ng g\u00f3p \u0111\u1ec3 ch\u00fang t\u00f4i c\u00f3 th\u1ec3 ti\u1ebfp t\u1ee5c duy tr\u00ec v\u00e0 ph\u00e1t tri\u1ec3n ho\u1ea1t \u0111\u1ed9ng \u00fd ngh\u0129a n\u00e0y.","_links":{"self":[{"href":"http:\/\/thuvien360.com\/index.php?rest_route=\/wp\/v2\/product\/776","targetHints":{"allow":["GET"]}}],"collection":[{"href":"http:\/\/thuvien360.com\/index.php?rest_route=\/wp\/v2\/product"}],"about":[{"href":"http:\/\/thuvien360.com\/index.php?rest_route=\/wp\/v2\/types\/product"}],"replies":[{"embeddable":true,"href":"http:\/\/thuvien360.com\/index.php?rest_route=%2Fwp%2Fv2%2Fcomments&post=776"}],"wp:featuredmedia":[{"embeddable":true,"href":"http:\/\/thuvien360.com\/index.php?rest_route=\/wp\/v2\/media\/777"}],"wp:attachment":[{"href":"http:\/\/thuvien360.com\/index.php?rest_route=%2Fwp%2Fv2%2Fmedia&parent=776"}],"wp:term":[{"taxonomy":"product_brand","embeddable":true,"href":"http:\/\/thuvien360.com\/index.php?rest_route=%2Fwp%2Fv2%2Fproduct_brand&post=776"},{"taxonomy":"product_cat","embeddable":true,"href":"http:\/\/thuvien360.com\/index.php?rest_route=%2Fwp%2Fv2%2Fproduct_cat&post=776"},{"taxonomy":"product_tag","embeddable":true,"href":"http:\/\/thuvien360.com\/index.php?rest_route=%2Fwp%2Fv2%2Fproduct_tag&post=776"}],"curies":[{"name":"wp","href":"https:\/\/api.w.org\/{rel}","templated":true}]}}