{"id":774,"date":"2025-06-30T03:33:04","date_gmt":"2025-06-30T03:33:04","guid":{"rendered":"http:\/\/thuvien360.com\/?post_type=product&#038;p=774"},"modified":"2025-07-04T08:12:12","modified_gmt":"2025-07-04T08:12:12","slug":"hau-chuyen-thuong-de","status":"publish","type":"product","link":"http:\/\/thuvien360.com\/?product=hau-chuyen-thuong-de","title":{"rendered":"H\u1ea6U CHUY\u1ec6N TH\u01af\u1ee2NG \u0110\u1ebe"},"content":{"rendered":"<h3 data-start=\"186\" data-end=\"219\">\ud83d\udcd8 <strong data-start=\"193\" data-end=\"217\">H\u1ea6U CHUY\u1ec6N TH\u01af\u1ee2NG \u0110\u1ebe<\/strong><\/h3>\n<p data-start=\"220\" data-end=\"352\"><strong data-start=\"220\" data-end=\"247\">T\u00e1c gi\u1ea3: Tr\u1ea7n \u0110\u0103ng Khoa<\/strong><br data-start=\"247\" data-end=\"250\" \/><em data-start=\"250\" data-end=\"352\">M\u1ed9t cu\u1ed9c &#8220;\u0111\u1ed1i tho\u1ea1i&#8221; h\u01b0 c\u1ea5u \u2013 th\u00e2m th\u00fay, s\u1eafc b\u00e9n v\u00e0 \u0111\u1ea7y suy ng\u1eabm v\u1ec1 nh\u00e2n sinh, th\u1ebf s\u1ef1 v\u00e0 ch\u00ednh m\u00ecnh.<\/em><\/p>\n<hr data-start=\"354\" data-end=\"357\" \/>\n<p data-start=\"359\" data-end=\"569\"><strong data-start=\"359\" data-end=\"385\">&#8220;H\u1ea7u Chuy\u1ec7n Th\u01b0\u1ee3ng \u0110\u1ebf&#8221;<\/strong> kh\u00f4ng \u0111\u01a1n thu\u1ea7n l\u00e0 m\u1ed9t t\u00e1c ph\u1ea9m v\u0103n ch\u01b0\u01a1ng. N\u00f3 l\u00e0 <strong data-start=\"436\" data-end=\"569\">m\u1ed9t b\u1ea3n t\u1ed5ng k\u1ebft \u0111\u1ea7y ch\u1ea5t th\u01a1 v\u00e0 suy t\u01b0\u1edfng v\u1ec1 th\u00e2n ph\u1eadn con ng\u01b0\u1eddi, v\u1ec1 s\u1ef1 t\u1ed3n t\u1ea1i, v\u1ec1 ni\u1ec1m tin v\u00e0 nh\u1eefng \u0111i\u1ec1u t\u01b0\u1edfng ch\u1eebng b\u1ea5t bi\u1ebfn.<\/strong><\/p>\n<p data-start=\"571\" data-end=\"870\">V\u1edbi phong c\u00e1ch d\u00ed d\u1ecfm, \u0111\u00f4i khi m\u1ec9a mai nh\u01b0ng lu\u00f4n \u0111\u1ea7y nh\u00e2n v\u0103n, Tr\u1ea7n \u0110\u0103ng Khoa x\u00e2y d\u1ef1ng n\u00ean <strong data-start=\"663\" data-end=\"720\">cu\u1ed9c tr\u00f2 chuy\u1ec7n t\u01b0\u1edfng t\u01b0\u1ee3ng gi\u1eefa m\u00ecnh v\u00e0&#8230; Th\u01b0\u1ee3ng \u0110\u1ebf<\/strong>, n\u01a1i \u00f4ng v\u1eeba ch\u1ea5t v\u1ea5n, v\u1eeba t\u1ef1 \u0111\u1ed1i tho\u1ea1i, v\u1eeba gi\u00e3i b\u00e0y t\u1ea5t c\u1ea3 nh\u1eefng tr\u0103n tr\u1edf v\u1ec1 x\u00e3 h\u1ed9i, \u0111\u1ea1o \u0111\u1ee9c, l\u1ecbch s\u1eed, chi\u1ebfn tranh, t\u00ecnh y\u00eau, c\u00e1i ch\u1ebft v\u00e0 ni\u1ec1m tin.<\/p>\n<hr data-start=\"872\" data-end=\"875\" \/>\n<h3 data-start=\"877\" data-end=\"903\">\ud83d\udd0d T\u00e1c ph\u1ea9m ch\u1ee9a \u0111\u1ef1ng:<\/h3>\n<ul data-start=\"904\" data-end=\"1155\">\n<li data-start=\"904\" data-end=\"959\">\n<p data-start=\"906\" data-end=\"959\">\ud83d\udcac Nh\u1eefng c\u00e2u h\u1ecfi v\u1ec1 cu\u1ed9c \u0111\u1eddi, con ng\u01b0\u1eddi, v\u00e0 s\u1ed1 ph\u1eadn<\/p>\n<\/li>\n<li data-start=\"960\" data-end=\"1020\">\n<p data-start=\"962\" data-end=\"1020\">\ud83e\udd14 G\u00f3c nh\u00ecn v\u1eeba hi\u1ec7n sinh, v\u1eeba d\u00e2n d\u00e3, \u0111\u00f4i khi r\u1ea5t &#8220;\u0111\u1eddi&#8221;<\/p>\n<\/li>\n<li data-start=\"1021\" data-end=\"1075\">\n<p data-start=\"1023\" data-end=\"1075\">\ud83e\udde0 T\u01b0 duy s\u1eafc s\u1ea3o, ng\u00f4n ng\u1eef tinh t\u1ebf, gi\u00e0u ch\u1ea5t th\u01a1<\/p>\n<\/li>\n<li data-start=\"1076\" data-end=\"1155\">\n<p data-start=\"1078\" data-end=\"1155\">\ud83c\udf0d Ph\u1ea3n \u00e1nh th\u1ef1c t\u1ea1i x\u00e3 h\u1ed9i Vi\u1ec7t Nam v\u1edbi c\u00e1i nh\u00ecn s\u00e2u cay nh\u01b0ng kh\u00f4ng bi quan<\/p>\n<\/li>\n<\/ul>\n","protected":false},"excerpt":{"rendered":"<p>T\u00e1c gi\u1ea3 : Tr\u1ea7n \u0110\u0103ng Khoa<br \/>\n\u0110\u1ecbnh d\u1ea1ng : S\u00e1ch n\u00f3i<\/p>\n<p><strong><a href=\"https:\/\/drive.usercontent.google.com\/download?id=1UZ1bifL4ctmkCO5Z0nyr7mjLWOzpb4py&amp;export=download&amp;authuser=0\">DOWNLOAD<\/a><br \/>\nH\u00e3y t\u00f9y t\u00e2m \u0111\u00f3ng g\u00f3p \u0111\u1ec3 ch\u00fang t\u00f4i c\u00f3 th\u1ec3 ti\u1ebfp t\u1ee5c duy tr\u00ec v\u00e0 ph\u00e1t tri\u1ec3n ho\u1ea1t \u0111\u1ed9ng \u00fd ngh\u0129a n\u00e0y.<\/strong><\/p>\n<p><img decoding=\"async\" src=\"http:\/\/thuvien360.com\/wp-content\/uploads\/2025\/06\/QR-HUNG.jpg\" \/><\/p>\n","protected":false},"featured_media":782,"comment_status":"open","ping_status":"closed","template":"","meta":{"_uag_custom_page_level_css":""},"product_brand":[],"product_cat":[44],"product_tag":[],"class_list":{"0":"post-774","1":"product","2":"type-product","3":"status-publish","4":"has-post-thumbnail","6":"product_cat-van-hoc","8":"first","9":"instock","10":"downloadable","11":"virtual","12":"sold-individually","13":"product-type-simple"},"uagb_featured_image_src":{"full":["http:\/\/thuvien360.com\/wp-content\/uploads\/2025\/06\/10-6870-hau-chuyen-thuong-de-1-1.jpg",1200,900,false],"thumbnail":["http:\/\/thuvien360.com\/wp-content\/uploads\/2025\/06\/10-6870-hau-chuyen-thuong-de-1-1-150x150.jpg",150,150,true],"medium":["http:\/\/thuvien360.com\/wp-content\/uploads\/2025\/06\/10-6870-hau-chuyen-thuong-de-1-1-300x225.jpg",300,225,true],"medium_large":["http:\/\/thuvien360.com\/wp-content\/uploads\/2025\/06\/10-6870-hau-chuyen-thuong-de-1-1-768x576.jpg",768,576,true],"large":["http:\/\/thuvien360.com\/wp-content\/uploads\/2025\/06\/10-6870-hau-chuyen-thuong-de-1-1-1024x768.jpg",1020,765,true],"1536x1536":["http:\/\/thuvien360.com\/wp-content\/uploads\/2025\/06\/10-6870-hau-chuyen-thuong-de-1-1.jpg",1200,900,false],"2048x2048":["http:\/\/thuvien360.com\/wp-content\/uploads\/2025\/06\/10-6870-hau-chuyen-thuong-de-1-1.jpg",1200,900,false],"woocommerce_thumbnail":["http:\/\/thuvien360.com\/wp-content\/uploads\/2025\/06\/10-6870-hau-chuyen-thuong-de-1-1-300x300.jpg",300,300,true],"woocommerce_single":["http:\/\/thuvien360.com\/wp-content\/uploads\/2025\/06\/10-6870-hau-chuyen-thuong-de-1-1-600x450.jpg",600,450,true],"woocommerce_gallery_thumbnail":["http:\/\/thuvien360.com\/wp-content\/uploads\/2025\/06\/10-6870-hau-chuyen-thuong-de-1-1-100x100.jpg",100,100,true]},"uagb_author_info":{"display_name":"admin","author_link":"http:\/\/thuvien360.com\/?author=0"},"uagb_comment_info":0,"uagb_excerpt":"T\u00e1c gi\u1ea3 : Tr\u1ea7n \u0110\u0103ng Khoa \u0110\u1ecbnh d\u1ea1ng : S\u00e1ch n\u00f3i DOWNLOAD H\u00e3y t\u00f9y t\u00e2m \u0111\u00f3ng g\u00f3p \u0111\u1ec3 ch\u00fang t\u00f4i c\u00f3 th\u1ec3 ti\u1ebfp t\u1ee5c duy tr\u00ec v\u00e0 ph\u00e1t tri\u1ec3n ho\u1ea1t \u0111\u1ed9ng \u00fd ngh\u0129a n\u00e0y.","_links":{"self":[{"href":"http:\/\/thuvien360.com\/index.php?rest_route=\/wp\/v2\/product\/774","targetHints":{"allow":["GET"]}}],"collection":[{"href":"http:\/\/thuvien360.com\/index.php?rest_route=\/wp\/v2\/product"}],"about":[{"href":"http:\/\/thuvien360.com\/index.php?rest_route=\/wp\/v2\/types\/product"}],"replies":[{"embeddable":true,"href":"http:\/\/thuvien360.com\/index.php?rest_route=%2Fwp%2Fv2%2Fcomments&post=774"}],"wp:featuredmedia":[{"embeddable":true,"href":"http:\/\/thuvien360.com\/index.php?rest_route=\/wp\/v2\/media\/782"}],"wp:attachment":[{"href":"http:\/\/thuvien360.com\/index.php?rest_route=%2Fwp%2Fv2%2Fmedia&parent=774"}],"wp:term":[{"taxonomy":"product_brand","embeddable":true,"href":"http:\/\/thuvien360.com\/index.php?rest_route=%2Fwp%2Fv2%2Fproduct_brand&post=774"},{"taxonomy":"product_cat","embeddable":true,"href":"http:\/\/thuvien360.com\/index.php?rest_route=%2Fwp%2Fv2%2Fproduct_cat&post=774"},{"taxonomy":"product_tag","embeddable":true,"href":"http:\/\/thuvien360.com\/index.php?rest_route=%2Fwp%2Fv2%2Fproduct_tag&post=774"}],"curies":[{"name":"wp","href":"https:\/\/api.w.org\/{rel}","templated":true}]}}