{"id":770,"date":"2025-06-30T03:30:57","date_gmt":"2025-06-30T03:30:57","guid":{"rendered":"http:\/\/thuvien360.com\/?post_type=product&#038;p=770"},"modified":"2025-07-04T08:13:14","modified_gmt":"2025-07-04T08:13:14","slug":"770","status":"publish","type":"product","link":"http:\/\/thuvien360.com\/?product=770","title":{"rendered":"NH\u1eeeNG NG\u01af\u1edcI TH\u00cdCH \u0110\u00d9A"},"content":{"rendered":"<h3 data-start=\"186\" data-end=\"220\">\ud83d\udcd8 <strong data-start=\"193\" data-end=\"218\">NH\u1eeeNG NG\u01af\u1edcI TH\u00cdCH \u0110\u00d9A<\/strong><\/h3>\n<p data-start=\"221\" data-end=\"342\"><strong data-start=\"221\" data-end=\"244\">T\u00e1c gi\u1ea3: Azit Nexin<\/strong><br data-start=\"244\" data-end=\"247\" \/><em data-start=\"247\" data-end=\"342\">Ch\u00e2m bi\u1ebfm, s\u00e2u cay v\u00e0 b\u1eadt c\u01b0\u1eddi chua ch\u00e1t \u2013 khi x\u00e3 h\u1ed9i \u0111\u01b0\u1ee3c ph\u1ea3n chi\u1ebfu qua l\u0103ng k\u00ednh h\u00e0i h\u01b0\u1edbc.<\/em><\/p>\n<hr data-start=\"344\" data-end=\"347\" \/>\n<p data-start=\"349\" data-end=\"683\"><strong data-start=\"349\" data-end=\"376\">\u201cNh\u1eefng Ng\u01b0\u1eddi Th\u00edch \u0110\u00f9a\u201d<\/strong> l\u00e0 tuy\u1ec3n t\u1eadp truy\u1ec7n ng\u1eafn n\u1ed5i ti\u1ebfng c\u1ee7a Azit Nexin, n\u01a1i \u00f4ng m\u01b0\u1ee3n ti\u1ebfng c\u01b0\u1eddi \u0111\u1ec3 <strong data-start=\"455\" data-end=\"531\">ph\u01a1i b\u00e0y nh\u1eefng ngh\u1ecbch l\u00fd, b\u1ea5t c\u00f4ng v\u00e0 th\u00f3i gi\u1ea3 d\u1ed1i trong x\u00e3 h\u1ed9i hi\u1ec7n \u0111\u1ea1i<\/strong>. V\u1edbi phong c\u00e1ch ch\u00e2m bi\u1ebfm s\u1eafc b\u00e9n, nh\u1eefng c\u00e2u chuy\u1ec7n t\u01b0\u1edfng nh\u01b0 h\u00e0i h\u01b0\u1edbc \u1ea5y l\u1ea1i khi\u1ebfn ng\u01b0\u1eddi \u0111\u1ecdc ph\u1ea3i <strong data-start=\"631\" data-end=\"683\">gi\u1eadt m\u00ecnh, suy ng\u1eabm, v\u00e0 kh\u00f4ng \u00edt l\u1ea7n ngh\u1eb9n ng\u00e0o.<\/strong><\/p>\n<p data-start=\"685\" data-end=\"897\">B\u1eb1ng c\u00e1ch d\u1ef1ng n\u00ean nh\u1eefng t\u00ecnh hu\u1ed1ng bi h\u00e0i, t\u01b0\u1edfng phi l\u00fd nh\u01b0ng l\u1ea1i v\u00f4 c\u00f9ng \u0111\u1eddi th\u1ef1c, Azit Nexin <strong data-start=\"781\" data-end=\"873\">c\u01b0\u1eddi th\u1eb3ng v\u00e0o c\u00e1c th\u00f3i h\u01b0 t\u1eadt x\u1ea5u: quan li\u00eau, tham nh\u0169ng, \u0111\u1ea1o \u0111\u1ee9c gi\u1ea3, m\u00ea t\u00edn, d\u1ed1i tr\u00e1\u2026<\/strong> \u0111\u1ec3 c\u1ea3nh t\u1ec9nh ng\u01b0\u1eddi \u0111\u1ecdc.<\/p>\n<hr data-start=\"899\" data-end=\"902\" \/>\n<h3 data-start=\"904\" data-end=\"931\">\ud83d\udca1 T\u1ea1i sao b\u1ea1n n\u00ean \u0111\u1ecdc?<\/h3>\n<ul data-start=\"932\" data-end=\"1147\">\n<li data-start=\"932\" data-end=\"975\">\n<p data-start=\"934\" data-end=\"975\">\ud83d\ude02 Gi\u1ea3i tr\u00ed b\u1eb1ng ti\u1ebfng c\u01b0\u1eddi \u0111\u1ea7y tr\u00ed tu\u1ec7<\/p>\n<\/li>\n<li data-start=\"976\" data-end=\"1036\">\n<p data-start=\"978\" data-end=\"1036\">\ud83d\udd0d Nh\u00ecn l\u1ea1i x\u00e3 h\u1ed9i v\u00e0 ch\u00ednh m\u00ecnh qua nh\u1eefng \u1ea9n d\u1ee5 s\u1eafc s\u1ea3o<\/p>\n<\/li>\n<li data-start=\"1037\" data-end=\"1087\">\n<p data-start=\"1039\" data-end=\"1087\">\ud83e\udde0 G\u1ee3i m\u1edf t\u01b0 duy ph\u1ea3n bi\u1ec7n v\u00e0 c\u1ea3m x\u00fac nh\u00e2n v\u0103n<\/p>\n<\/li>\n<li data-start=\"1088\" data-end=\"1147\">\n<p data-start=\"1090\" data-end=\"1147\">\ud83c\udf0d M\u1ed9t t\u00e1c ph\u1ea9m c\u00f3 gi\u00e1 tr\u1ecb v\u01b0\u1ee3t th\u1eddi gian, v\u01b0\u1ee3t bi\u00ean gi\u1edbi<\/p>\n<\/li>\n<\/ul>\n","protected":false},"excerpt":{"rendered":"<p>T\u00e1c gi\u1ea3 : Azit Nexin<br \/>\n\u0110\u1ecbnh d\u1ea1ng : S\u00e1ch n\u00f3i<\/p>\n<p><strong><a href=\"https:\/\/drive.usercontent.google.com\/download?id=1XE8lka_yWi4rRpFEXk3qIPz3Os51-2N1&amp;export=download&amp;authuser=0\">DOWNLOAD<\/a><br \/>\nH\u00e3y t\u00f9y t\u00e2m \u0111\u00f3ng g\u00f3p \u0111\u1ec3 ch\u00fang t\u00f4i c\u00f3 th\u1ec3 ti\u1ebfp t\u1ee5c duy tr\u00ec v\u00e0 ph\u00e1t tri\u1ec3n ho\u1ea1t \u0111\u1ed9ng \u00fd ngh\u0129a n\u00e0y.<\/strong><\/p>\n<p><img decoding=\"async\" src=\"http:\/\/thuvien360.com\/wp-content\/uploads\/2025\/06\/QR-HUNG.jpg\" \/><\/p>\n","protected":false},"featured_media":771,"comment_status":"open","ping_status":"closed","template":"","meta":{"_uag_custom_page_level_css":""},"product_brand":[],"product_cat":[44],"product_tag":[],"class_list":{"0":"post-770","1":"product","2":"type-product","3":"status-publish","4":"has-post-thumbnail","6":"product_cat-van-hoc","8":"first","9":"instock","10":"downloadable","11":"virtual","12":"sold-individually","13":"product-type-simple"},"uagb_featured_image_src":{"full":["http:\/\/thuvien360.com\/wp-content\/uploads\/2025\/06\/08-11538-nhung-nguoi-thich-dua-1.jpg",1200,900,false],"thumbnail":["http:\/\/thuvien360.com\/wp-content\/uploads\/2025\/06\/08-11538-nhung-nguoi-thich-dua-1-150x150.jpg",150,150,true],"medium":["http:\/\/thuvien360.com\/wp-content\/uploads\/2025\/06\/08-11538-nhung-nguoi-thich-dua-1-300x225.jpg",300,225,true],"medium_large":["http:\/\/thuvien360.com\/wp-content\/uploads\/2025\/06\/08-11538-nhung-nguoi-thich-dua-1-768x576.jpg",768,576,true],"large":["http:\/\/thuvien360.com\/wp-content\/uploads\/2025\/06\/08-11538-nhung-nguoi-thich-dua-1-1024x768.jpg",1020,765,true],"1536x1536":["http:\/\/thuvien360.com\/wp-content\/uploads\/2025\/06\/08-11538-nhung-nguoi-thich-dua-1.jpg",1200,900,false],"2048x2048":["http:\/\/thuvien360.com\/wp-content\/uploads\/2025\/06\/08-11538-nhung-nguoi-thich-dua-1.jpg",1200,900,false],"woocommerce_thumbnail":["http:\/\/thuvien360.com\/wp-content\/uploads\/2025\/06\/08-11538-nhung-nguoi-thich-dua-1-300x300.jpg",300,300,true],"woocommerce_single":["http:\/\/thuvien360.com\/wp-content\/uploads\/2025\/06\/08-11538-nhung-nguoi-thich-dua-1-600x450.jpg",600,450,true],"woocommerce_gallery_thumbnail":["http:\/\/thuvien360.com\/wp-content\/uploads\/2025\/06\/08-11538-nhung-nguoi-thich-dua-1-100x100.jpg",100,100,true]},"uagb_author_info":{"display_name":"admin","author_link":"http:\/\/thuvien360.com\/?author=0"},"uagb_comment_info":0,"uagb_excerpt":"T\u00e1c gi\u1ea3 : Azit Nexin \u0110\u1ecbnh d\u1ea1ng : S\u00e1ch n\u00f3i DOWNLOAD H\u00e3y t\u00f9y t\u00e2m \u0111\u00f3ng g\u00f3p \u0111\u1ec3 ch\u00fang t\u00f4i c\u00f3 th\u1ec3 ti\u1ebfp t\u1ee5c duy tr\u00ec v\u00e0 ph\u00e1t tri\u1ec3n ho\u1ea1t \u0111\u1ed9ng \u00fd ngh\u0129a n\u00e0y.","_links":{"self":[{"href":"http:\/\/thuvien360.com\/index.php?rest_route=\/wp\/v2\/product\/770","targetHints":{"allow":["GET"]}}],"collection":[{"href":"http:\/\/thuvien360.com\/index.php?rest_route=\/wp\/v2\/product"}],"about":[{"href":"http:\/\/thuvien360.com\/index.php?rest_route=\/wp\/v2\/types\/product"}],"replies":[{"embeddable":true,"href":"http:\/\/thuvien360.com\/index.php?rest_route=%2Fwp%2Fv2%2Fcomments&post=770"}],"wp:featuredmedia":[{"embeddable":true,"href":"http:\/\/thuvien360.com\/index.php?rest_route=\/wp\/v2\/media\/771"}],"wp:attachment":[{"href":"http:\/\/thuvien360.com\/index.php?rest_route=%2Fwp%2Fv2%2Fmedia&parent=770"}],"wp:term":[{"taxonomy":"product_brand","embeddable":true,"href":"http:\/\/thuvien360.com\/index.php?rest_route=%2Fwp%2Fv2%2Fproduct_brand&post=770"},{"taxonomy":"product_cat","embeddable":true,"href":"http:\/\/thuvien360.com\/index.php?rest_route=%2Fwp%2Fv2%2Fproduct_cat&post=770"},{"taxonomy":"product_tag","embeddable":true,"href":"http:\/\/thuvien360.com\/index.php?rest_route=%2Fwp%2Fv2%2Fproduct_tag&post=770"}],"curies":[{"name":"wp","href":"https:\/\/api.w.org\/{rel}","templated":true}]}}