{"id":766,"date":"2025-06-30T03:28:19","date_gmt":"2025-06-30T03:28:19","guid":{"rendered":"http:\/\/thuvien360.com\/?post_type=product&#038;p=766"},"modified":"2025-07-04T08:13:04","modified_gmt":"2025-07-04T08:13:04","slug":"tuyen-tap-truyen-co-tich","status":"publish","type":"product","link":"http:\/\/thuvien360.com\/?product=tuyen-tap-truyen-co-tich","title":{"rendered":"TUY\u1ec2N T\u1eacP TRUY\u1ec6N C\u1ed4 T\u00cdCH"},"content":{"rendered":"<h3 data-start=\"193\" data-end=\"230\">\ud83d\udcd8 <strong data-start=\"200\" data-end=\"228\">TUY\u1ec2N T\u1eacP TRUY\u1ec6N C\u1ed4 T\u00cdCH<\/strong><\/h3>\n<p data-start=\"231\" data-end=\"377\"><strong data-start=\"231\" data-end=\"262\">T\u00e1c gi\u1ea3: Nguy\u1ec5n H\u01b0\u1edbng D\u01b0\u01a1ng<\/strong><br data-start=\"262\" data-end=\"265\" \/><em data-start=\"265\" data-end=\"377\">M\u1edf ra c\u00e1nh c\u1eeda d\u1eabn v\u00e0o th\u1ebf gi\u1edbi k\u1ef3 \u1ea3o, n\u01a1i c\u00e1i thi\u1ec7n chi\u1ebfn th\u1eafng c\u00e1i \u00e1c, l\u00f2ng nh\u00e2n h\u1eadu h\u00f3a gi\u1ea3i m\u1ecdi th\u1eed th\u00e1ch.<\/em><\/p>\n<hr data-start=\"379\" data-end=\"382\" \/>\n<p data-start=\"384\" data-end=\"748\">Cu\u1ed1n s\u00e1ch l\u00e0 <strong data-start=\"397\" data-end=\"491\">tuy\u1ec3n ch\u1ecdn nh\u1eefng truy\u1ec7n c\u1ed5 t\u00edch n\u1ed5i ti\u1ebfng, g\u1eafn li\u1ec1n v\u1edbi tu\u1ed5i th\u01a1 c\u1ee7a bao th\u1ebf h\u1ec7 ng\u01b0\u1eddi Vi\u1ec7t<\/strong>, nh\u01b0: <strong data-start=\"498\" data-end=\"567\">Th\u1ea1ch Sanh, T\u1ea5m C\u00e1m, C\u00e2y tre tr\u0103m \u0111\u1ed1t, S\u1ecd D\u1eeba, C\u1eadu b\u00e9 th\u00f4ng minh\u2026<\/strong> B\u1eb1ng ng\u00f4n ng\u1eef gi\u1ea3n d\u1ecb, g\u1ea7n g\u0169i nh\u01b0ng v\u1eabn gi\u1eef nguy\u00ean b\u1ea3n s\u1eafc truy\u1ec1n th\u1ed1ng, t\u00e1c gi\u1ea3 \u0111\u00e3 t\u00e1i hi\u1ec7n m\u1ed9t th\u1ebf gi\u1edbi c\u1ed5 t\u00edch lung linh, v\u1eeba mang t\u00ednh gi\u00e1o d\u1ee5c v\u1eeba nu\u00f4i d\u01b0\u1ee1ng t\u00e2m h\u1ed3n tr\u1ebb th\u01a1.<\/p>\n<hr data-start=\"750\" data-end=\"753\" \/>\n<h3 data-start=\"755\" data-end=\"774\">\u2728 \u0110i\u1ec3m n\u1ed5i b\u1eadt:<\/h3>\n<ul data-start=\"775\" data-end=\"1112\">\n<li data-start=\"775\" data-end=\"852\">\n<p data-start=\"777\" data-end=\"852\">\ud83e\uddd2 Nh\u00e2n v\u1eadt quen thu\u1ed9c, d\u1ec5 \u0111\u1ed3ng c\u1ea3m, gi\u00fap tr\u1ebb h\u1ecdc c\u00e1ch ph\u00e2n bi\u1ec7t \u0111\u00fang sai<\/p>\n<\/li>\n<li data-start=\"853\" data-end=\"942\">\n<p data-start=\"855\" data-end=\"942\">\ud83d\udcd6 V\u0103n phong m\u1ea1ch l\u1ea1c, c\u00f3 nh\u1ecbp \u0111i\u1ec7u k\u1ec3 chuy\u1ec7n t\u1ef1 nhi\u00ean, ph\u00f9 h\u1ee3p \u0111\u1ec3 \u0111\u1ecdc to ho\u1eb7c k\u1ec3 l\u1ea1i<\/p>\n<\/li>\n<li data-start=\"943\" data-end=\"1028\">\n<p data-start=\"945\" data-end=\"1028\">\ud83c\udfa8 C\u00f3 th\u1ec3 k\u1ebft h\u1ee3p minh h\u1ecda tranh m\u00e0u, l\u00e0m qu\u00e0 t\u1eb7ng ho\u1eb7c s\u00e1ch \u0111\u1ecdc tr\u01b0\u1edbc gi\u1edd \u0111i ng\u1ee7<\/p>\n<\/li>\n<li data-start=\"1029\" data-end=\"1112\">\n<p data-start=\"1031\" data-end=\"1112\">\ud83c\uddfb\ud83c\uddf3 T\u00f4n vinh v\u0103n h\u00f3a d\u00e2n gian Vi\u1ec7t Nam, kh\u01a1i g\u1ee3i l\u00f2ng y\u00eau n\u01b0\u1edbc v\u00e0 t\u1ef1 h\u00e0o d\u00e2n t\u1ed9c<\/p>\n<\/li>\n<\/ul>\n","protected":false},"excerpt":{"rendered":"<p>T\u00e1c gi\u1ea3 : Nguy\u1ec5n H\u01b0\u1edbng D\u01b0\u01a1ng<br \/>\n\u0110\u1ecbnh d\u1ea1ng : S\u00e1ch n\u00f3i<\/p>\n<p><strong><a href=\"https:\/\/drive.usercontent.google.com\/download?id=1YIfSbQjkJrOGiegEhelT-GK2OIuETcv0&amp;export=download&amp;authuser=0\">DOWNLOAD<\/a><br \/>\nH\u00e3y t\u00f9y t\u00e2m \u0111\u00f3ng g\u00f3p \u0111\u1ec3 ch\u00fang t\u00f4i c\u00f3 th\u1ec3 ti\u1ebfp t\u1ee5c duy tr\u00ec v\u00e0 ph\u00e1t tri\u1ec3n ho\u1ea1t \u0111\u1ed9ng \u00fd ngh\u0129a n\u00e0y.<\/strong><\/p>\n<p><img decoding=\"async\" src=\"http:\/\/thuvien360.com\/wp-content\/uploads\/2025\/06\/QR-HUNG.jpg\" \/><\/p>\n","protected":false},"featured_media":767,"comment_status":"open","ping_status":"closed","template":"","meta":{"_uag_custom_page_level_css":""},"product_brand":[],"product_cat":[44],"product_tag":[],"class_list":{"0":"post-766","1":"product","2":"type-product","3":"status-publish","4":"has-post-thumbnail","6":"product_cat-van-hoc","8":"first","9":"instock","10":"downloadable","11":"virtual","12":"sold-individually","13":"product-type-simple"},"uagb_featured_image_src":{"full":["http:\/\/thuvien360.com\/wp-content\/uploads\/2025\/06\/06-6073-tuyen-tap-truyen-co-tich-1.jpg",1200,900,false],"thumbnail":["http:\/\/thuvien360.com\/wp-content\/uploads\/2025\/06\/06-6073-tuyen-tap-truyen-co-tich-1-150x150.jpg",150,150,true],"medium":["http:\/\/thuvien360.com\/wp-content\/uploads\/2025\/06\/06-6073-tuyen-tap-truyen-co-tich-1-300x225.jpg",300,225,true],"medium_large":["http:\/\/thuvien360.com\/wp-content\/uploads\/2025\/06\/06-6073-tuyen-tap-truyen-co-tich-1-768x576.jpg",768,576,true],"large":["http:\/\/thuvien360.com\/wp-content\/uploads\/2025\/06\/06-6073-tuyen-tap-truyen-co-tich-1-1024x768.jpg",1020,765,true],"1536x1536":["http:\/\/thuvien360.com\/wp-content\/uploads\/2025\/06\/06-6073-tuyen-tap-truyen-co-tich-1.jpg",1200,900,false],"2048x2048":["http:\/\/thuvien360.com\/wp-content\/uploads\/2025\/06\/06-6073-tuyen-tap-truyen-co-tich-1.jpg",1200,900,false],"woocommerce_thumbnail":["http:\/\/thuvien360.com\/wp-content\/uploads\/2025\/06\/06-6073-tuyen-tap-truyen-co-tich-1-300x300.jpg",300,300,true],"woocommerce_single":["http:\/\/thuvien360.com\/wp-content\/uploads\/2025\/06\/06-6073-tuyen-tap-truyen-co-tich-1-600x450.jpg",600,450,true],"woocommerce_gallery_thumbnail":["http:\/\/thuvien360.com\/wp-content\/uploads\/2025\/06\/06-6073-tuyen-tap-truyen-co-tich-1-100x100.jpg",100,100,true]},"uagb_author_info":{"display_name":"admin","author_link":"http:\/\/thuvien360.com\/?author=0"},"uagb_comment_info":0,"uagb_excerpt":"T\u00e1c gi\u1ea3 : Nguy\u1ec5n H\u01b0\u1edbng D\u01b0\u01a1ng \u0110\u1ecbnh d\u1ea1ng : S\u00e1ch n\u00f3i DOWNLOAD H\u00e3y t\u00f9y t\u00e2m \u0111\u00f3ng g\u00f3p \u0111\u1ec3 ch\u00fang t\u00f4i c\u00f3 th\u1ec3 ti\u1ebfp t\u1ee5c duy tr\u00ec v\u00e0 ph\u00e1t tri\u1ec3n ho\u1ea1t \u0111\u1ed9ng \u00fd ngh\u0129a n\u00e0y.","_links":{"self":[{"href":"http:\/\/thuvien360.com\/index.php?rest_route=\/wp\/v2\/product\/766","targetHints":{"allow":["GET"]}}],"collection":[{"href":"http:\/\/thuvien360.com\/index.php?rest_route=\/wp\/v2\/product"}],"about":[{"href":"http:\/\/thuvien360.com\/index.php?rest_route=\/wp\/v2\/types\/product"}],"replies":[{"embeddable":true,"href":"http:\/\/thuvien360.com\/index.php?rest_route=%2Fwp%2Fv2%2Fcomments&post=766"}],"wp:featuredmedia":[{"embeddable":true,"href":"http:\/\/thuvien360.com\/index.php?rest_route=\/wp\/v2\/media\/767"}],"wp:attachment":[{"href":"http:\/\/thuvien360.com\/index.php?rest_route=%2Fwp%2Fv2%2Fmedia&parent=766"}],"wp:term":[{"taxonomy":"product_brand","embeddable":true,"href":"http:\/\/thuvien360.com\/index.php?rest_route=%2Fwp%2Fv2%2Fproduct_brand&post=766"},{"taxonomy":"product_cat","embeddable":true,"href":"http:\/\/thuvien360.com\/index.php?rest_route=%2Fwp%2Fv2%2Fproduct_cat&post=766"},{"taxonomy":"product_tag","embeddable":true,"href":"http:\/\/thuvien360.com\/index.php?rest_route=%2Fwp%2Fv2%2Fproduct_tag&post=766"}],"curies":[{"name":"wp","href":"https:\/\/api.w.org\/{rel}","templated":true}]}}