{"id":764,"date":"2025-06-30T03:26:46","date_gmt":"2025-06-30T03:26:46","guid":{"rendered":"http:\/\/thuvien360.com\/?post_type=product&#038;p=764"},"modified":"2025-07-04T08:13:51","modified_gmt":"2025-07-04T08:13:51","slug":"108-truyen-dan-gian-hay-nhat-the-gioi","status":"publish","type":"product","link":"http:\/\/thuvien360.com\/?product=108-truyen-dan-gian-hay-nhat-the-gioi","title":{"rendered":"108 TRUY\u1ec6N D\u00c2N GIAN HAY NH\u1ea4T TH\u1ebe GI\u1edaI"},"content":{"rendered":"<h3 data-start=\"230\" data-end=\"280\">\ud83c\udf10 <strong data-start=\"237\" data-end=\"278\">108 TRUY\u1ec6N D\u00c2N GIAN HAY NH\u1ea4T TH\u1ebe GI\u1edaI<\/strong><\/h3>\n<p data-start=\"281\" data-end=\"425\"><strong data-start=\"281\" data-end=\"304\">T\u00e1c gi\u1ea3: Ng\u1ecdc Kh\u00e1nh<\/strong><br data-start=\"304\" data-end=\"307\" \/><em data-start=\"307\" data-end=\"425\">M\u1ed9t th\u1ebf gi\u1edbi c\u1ed5 t\u00edch phong ph\u00fa, n\u01a1i tr\u00ed t\u01b0\u1edfng t\u01b0\u1ee3ng c\u1ee7a c\u00e1c d\u00e2n t\u1ed9c \u0111\u01b0\u1ee3c th\u1eafp s\u00e1ng b\u1eb1ng nh\u1eefng c\u00e2u chuy\u1ec7n truy\u1ec1n \u0111\u1eddi.<\/em><\/p>\n<hr data-start=\"427\" data-end=\"430\" \/>\n<p data-start=\"432\" data-end=\"738\">Cu\u1ed1n s\u00e1ch l\u00e0 <strong data-start=\"445\" data-end=\"512\">tuy\u1ec3n ch\u1ecdn 108 truy\u1ec7n d\u00e2n gian \u0111\u1eb7c s\u1eafc \u0111\u1ebfn t\u1eeb kh\u1eafp c\u00e1c ch\u00e2u l\u1ee5c<\/strong>: \u00c1, \u00c2u, Phi, M\u1ef9, \u00dac\u2026 M\u1ed7i truy\u1ec7n l\u00e0 m\u1ed9t vi\u00ean ng\u1ecdc nh\u1ecf trong kho t\u00e0ng v\u0103n h\u00f3a d\u00e2n gian th\u1ebf gi\u1edbi, ph\u1ea3n \u00e1nh <strong data-start=\"617\" data-end=\"671\">t\u01b0 duy, phong t\u1ee5c, l\u1ed1i s\u1ed1ng v\u00e0 kh\u00e1t v\u1ecdng mu\u00f4n thu\u1edf<\/strong> c\u1ee7a con ng\u01b0\u1eddi v\u1ec1 c\u00e1i thi\u1ec7n, s\u1ef1 c\u00f4ng b\u1eb1ng, tr\u00ed tu\u1ec7 v\u00e0 l\u00f2ng nh\u00e2n \u00e1i.<\/p>\n<p data-start=\"740\" data-end=\"967\">V\u1edbi ng\u00f4n ng\u1eef k\u1ec3 chuy\u1ec7n m\u1ea1ch l\u1ea1c, g\u1ea7n g\u0169i c\u00f9ng h\u00ecnh \u1ea3nh minh h\u1ecda b\u1eaft m\u1eaft, cu\u1ed1n s\u00e1ch kh\u00f4ng ch\u1ec9 h\u1ea5p d\u1eabn tr\u1ebb em m\u00e0 c\u00f2n g\u1ee3i l\u1ea1i k\u00fd \u1ee9c tu\u1ed5i th\u01a1 cho ng\u01b0\u1eddi l\u1edbn, t\u1ea1o n\u00ean <strong data-start=\"901\" data-end=\"966\">c\u1ea7u n\u1ed1i gi\u1eefa th\u1ebf h\u1ec7 h\u00f4m nay v\u00e0 kho t\u00e0ng tr\u00ed tu\u1ec7 c\u1ee7a nh\u00e2n lo\u1ea1i<\/strong>.<\/p>\n<hr data-start=\"969\" data-end=\"972\" \/>\n<h3 data-start=\"974\" data-end=\"999\">\u2728 Nh\u1eefng \u0111i\u1ec3m n\u1ed5i b\u1eadt:<\/h3>\n<ul data-start=\"1000\" data-end=\"1277\">\n<li data-start=\"1000\" data-end=\"1074\">\n<p data-start=\"1002\" data-end=\"1074\">\ud83d\udcda Truy\u1ec7n \u0111\u01b0\u1ee3c bi\u00ean so\u1ea1n ng\u1eafn g\u1ecdn, d\u1ec5 hi\u1ec3u, \u0111\u1eadm b\u1ea3n s\u1eafc t\u1eebng v\u00f9ng mi\u1ec1n<\/p>\n<\/li>\n<li data-start=\"1075\" data-end=\"1144\">\n<p data-start=\"1077\" data-end=\"1144\">\ud83e\udde0 Mang l\u1ea1i nhi\u1ec1u b\u00e0i h\u1ecdc \u0111\u1ea1o \u0111\u1ee9c, nh\u00e2n sinh nh\u1eb9 nh\u00e0ng v\u00e0 s\u00e2u s\u1eafc<\/p>\n<\/li>\n<li data-start=\"1145\" data-end=\"1227\">\n<p data-start=\"1147\" data-end=\"1227\">\ud83c\udf0d T\u1eeb chuy\u1ec7n th\u1ea7n tho\u1ea1i Hy L\u1ea1p \u0111\u1ebfn ng\u1ee5 ng\u00f4n \u1ea4n \u0110\u1ed9, truy\u1ec7n d\u00e2n gian ch\u00e2u Phi&#8230;<\/p>\n<\/li>\n<li data-start=\"1228\" data-end=\"1277\">\n<p data-start=\"1230\" data-end=\"1277\">\ud83c\udfa8 Minh h\u1ecda sinh \u0111\u1ed9ng, thu h\u00fat \u0111\u1ed9c gi\u1ea3 nh\u1ecf tu\u1ed5i<\/p>\n<\/li>\n<\/ul>\n","protected":false},"excerpt":{"rendered":"<p>T\u00e1c gi\u1ea3 : Ng\u1ecdc Kh\u00e1nh<br \/>\n\u0110\u1ecbnh d\u1ea1ng : S\u00e1ch n\u00f3i<\/p>\n<p><strong><a href=\"https:\/\/drive.usercontent.google.com\/download?id=17FYONKAlhV5Mu2W83bg2VEKdM1w-4JlG&amp;export=download&amp;authuser=0\">DOWNLOAD<\/a><br \/>\nH\u00e3y t\u00f9y t\u00e2m \u0111\u00f3ng g\u00f3p \u0111\u1ec3 ch\u00fang t\u00f4i c\u00f3 th\u1ec3 ti\u1ebfp t\u1ee5c duy tr\u00ec v\u00e0 ph\u00e1t tri\u1ec3n ho\u1ea1t \u0111\u1ed9ng \u00fd ngh\u0129a n\u00e0y.<\/strong><\/p>\n<p><img decoding=\"async\" src=\"http:\/\/thuvien360.com\/wp-content\/uploads\/2025\/06\/QR-HUNG.jpg\" \/><\/p>\n","protected":false},"featured_media":765,"comment_status":"open","ping_status":"closed","template":"","meta":{"_uag_custom_page_level_css":""},"product_brand":[],"product_cat":[44],"product_tag":[],"class_list":{"0":"post-764","1":"product","2":"type-product","3":"status-publish","4":"has-post-thumbnail","6":"product_cat-van-hoc","8":"first","9":"instock","10":"downloadable","11":"virtual","12":"sold-individually","13":"product-type-simple"},"uagb_featured_image_src":{"full":["http:\/\/thuvien360.com\/wp-content\/uploads\/2025\/06\/05-6070-108-truyen-dan-gian-hay-nhat-the-gioi-1.jpg",1200,900,false],"thumbnail":["http:\/\/thuvien360.com\/wp-content\/uploads\/2025\/06\/05-6070-108-truyen-dan-gian-hay-nhat-the-gioi-1-150x150.jpg",150,150,true],"medium":["http:\/\/thuvien360.com\/wp-content\/uploads\/2025\/06\/05-6070-108-truyen-dan-gian-hay-nhat-the-gioi-1-300x225.jpg",300,225,true],"medium_large":["http:\/\/thuvien360.com\/wp-content\/uploads\/2025\/06\/05-6070-108-truyen-dan-gian-hay-nhat-the-gioi-1-768x576.jpg",768,576,true],"large":["http:\/\/thuvien360.com\/wp-content\/uploads\/2025\/06\/05-6070-108-truyen-dan-gian-hay-nhat-the-gioi-1-1024x768.jpg",1020,765,true],"1536x1536":["http:\/\/thuvien360.com\/wp-content\/uploads\/2025\/06\/05-6070-108-truyen-dan-gian-hay-nhat-the-gioi-1.jpg",1200,900,false],"2048x2048":["http:\/\/thuvien360.com\/wp-content\/uploads\/2025\/06\/05-6070-108-truyen-dan-gian-hay-nhat-the-gioi-1.jpg",1200,900,false],"woocommerce_thumbnail":["http:\/\/thuvien360.com\/wp-content\/uploads\/2025\/06\/05-6070-108-truyen-dan-gian-hay-nhat-the-gioi-1-300x300.jpg",300,300,true],"woocommerce_single":["http:\/\/thuvien360.com\/wp-content\/uploads\/2025\/06\/05-6070-108-truyen-dan-gian-hay-nhat-the-gioi-1-600x450.jpg",600,450,true],"woocommerce_gallery_thumbnail":["http:\/\/thuvien360.com\/wp-content\/uploads\/2025\/06\/05-6070-108-truyen-dan-gian-hay-nhat-the-gioi-1-100x100.jpg",100,100,true]},"uagb_author_info":{"display_name":"admin","author_link":"http:\/\/thuvien360.com\/?author=0"},"uagb_comment_info":0,"uagb_excerpt":"T\u00e1c gi\u1ea3 : Ng\u1ecdc Kh\u00e1nh \u0110\u1ecbnh d\u1ea1ng : S\u00e1ch n\u00f3i DOWNLOAD H\u00e3y t\u00f9y t\u00e2m \u0111\u00f3ng g\u00f3p \u0111\u1ec3 ch\u00fang t\u00f4i c\u00f3 th\u1ec3 ti\u1ebfp t\u1ee5c duy tr\u00ec v\u00e0 ph\u00e1t tri\u1ec3n ho\u1ea1t \u0111\u1ed9ng \u00fd ngh\u0129a n\u00e0y.","_links":{"self":[{"href":"http:\/\/thuvien360.com\/index.php?rest_route=\/wp\/v2\/product\/764","targetHints":{"allow":["GET"]}}],"collection":[{"href":"http:\/\/thuvien360.com\/index.php?rest_route=\/wp\/v2\/product"}],"about":[{"href":"http:\/\/thuvien360.com\/index.php?rest_route=\/wp\/v2\/types\/product"}],"replies":[{"embeddable":true,"href":"http:\/\/thuvien360.com\/index.php?rest_route=%2Fwp%2Fv2%2Fcomments&post=764"}],"wp:featuredmedia":[{"embeddable":true,"href":"http:\/\/thuvien360.com\/index.php?rest_route=\/wp\/v2\/media\/765"}],"wp:attachment":[{"href":"http:\/\/thuvien360.com\/index.php?rest_route=%2Fwp%2Fv2%2Fmedia&parent=764"}],"wp:term":[{"taxonomy":"product_brand","embeddable":true,"href":"http:\/\/thuvien360.com\/index.php?rest_route=%2Fwp%2Fv2%2Fproduct_brand&post=764"},{"taxonomy":"product_cat","embeddable":true,"href":"http:\/\/thuvien360.com\/index.php?rest_route=%2Fwp%2Fv2%2Fproduct_cat&post=764"},{"taxonomy":"product_tag","embeddable":true,"href":"http:\/\/thuvien360.com\/index.php?rest_route=%2Fwp%2Fv2%2Fproduct_tag&post=764"}],"curies":[{"name":"wp","href":"https:\/\/api.w.org\/{rel}","templated":true}]}}