{"id":762,"date":"2025-06-30T03:25:43","date_gmt":"2025-06-30T03:25:43","guid":{"rendered":"http:\/\/thuvien360.com\/?post_type=product&#038;p=762"},"modified":"2025-07-04T01:34:13","modified_gmt":"2025-07-04T01:34:13","slug":"truyen-co-nam-chau-chau-au","status":"publish","type":"product","link":"http:\/\/thuvien360.com\/?product=truyen-co-nam-chau-chau-au","title":{"rendered":"TRUY\u1ec6N C\u1ed4 N\u0102M CH\u00c2U \u2013 CH\u00c2U \u00c2U"},"content":{"rendered":"<h3 data-start=\"196\" data-end=\"237\">\ud83c\udf0d <strong data-start=\"203\" data-end=\"235\">TRUY\u1ec6N C\u1ed4 N\u0102M CH\u00c2U \u2013 CH\u00c2U \u00c2U<\/strong><\/h3>\n<p data-start=\"238\" data-end=\"378\"><strong data-start=\"238\" data-end=\"264\">T\u00e1c gi\u1ea3: Ng\u00f4 V\u0103n Doanh<\/strong><br data-start=\"264\" data-end=\"267\" \/><em data-start=\"267\" data-end=\"378\">M\u1ed7i c\u00e2u chuy\u1ec7n l\u00e0 m\u1ed9t l\u00e1t c\u1eaft v\u0103n h\u00f3a, ph\u1ea3n \u00e1nh t\u00e2m h\u1ed3n v\u00e0 tr\u00ed t\u01b0\u1edfng t\u01b0\u1ee3ng phong ph\u00fa c\u1ee7a c\u00e1c d\u00e2n t\u1ed9c ch\u00e2u \u00c2u.<\/em><\/p>\n<hr data-start=\"380\" data-end=\"383\" \/>\n<p data-start=\"385\" data-end=\"860\">Cu\u1ed1n s\u00e1ch tuy\u1ec3n ch\u1ecdn v\u00e0 k\u1ec3 l\u1ea1i nh\u1eefng <strong data-start=\"422\" data-end=\"476\">truy\u1ec7n c\u1ed5 d\u00e2n gian \u0111\u1eb7c s\u1eafc t\u1eeb c\u00e1c qu\u1ed1c gia ch\u00e2u \u00c2u<\/strong> nh\u01b0 Anh, Ph\u00e1p, \u0110\u1ee9c, Nga, \u00dd\u2026 Nh\u1eefng truy\u1ec7n k\u1ec3 v\u1ec1 n\u00e0ng c\u00f4ng ch\u00faa b\u1ecb l\u1eddi nguy\u1ec1n, ch\u00e0ng hi\u1ec7p s\u0129 qu\u1ea3 c\u1ea3m, nh\u1eefng con v\u1eadt bi\u1ebft n\u00f3i, hay c\u00e1c v\u1ecb th\u1ea7n k\u1ef3 b\u00ed, kh\u00f4ng ch\u1ec9 h\u1ea5p d\u1eabn m\u00e0 c\u00f2n \u1ea9n ch\u1ee9a <strong data-start=\"657\" data-end=\"699\">b\u00e0i h\u1ecdc \u0111\u1ea1o \u0111\u1ee9c, tri\u1ebft l\u00fd s\u1ed1ng s\u00e2u s\u1eafc<\/strong>. T\u1eeb \u0111\u00f3, \u0111\u1ed9c gi\u1ea3 \u2013 \u0111\u1eb7c bi\u1ec7t l\u00e0 c\u00e1c em nh\u1ecf v\u00e0 thi\u1ebfu ni\u00ean \u2013 s\u1ebd \u0111\u01b0\u1ee3c nu\u00f4i d\u01b0\u1ee1ng tr\u00ed t\u01b0\u1edfng t\u01b0\u1ee3ng, c\u1ea3m x\u00fac th\u1ea9m m\u1ef9 v\u00e0 m\u1edf r\u1ed9ng hi\u1ec3u bi\u1ebft v\u1ec1 c\u00e1c n\u1ec1n v\u0103n h\u00f3a ph\u01b0\u01a1ng T\u00e2y.<\/p>\n<hr data-start=\"862\" data-end=\"865\" \/>\n<h3 data-start=\"867\" data-end=\"891\">\ud83d\udcda N\u1ed9i dung n\u1ed5i b\u1eadt:<\/h3>\n<ul data-start=\"892\" data-end=\"1272\">\n<li data-start=\"892\" data-end=\"996\">\n<p data-start=\"894\" data-end=\"996\">\ud83c\udff0 Nh\u1eefng truy\u1ec7n c\u1ed5 t\u00edch n\u1ed5i ti\u1ebfng nh\u01b0 \u201cC\u00f4 b\u00e9 L\u1ecd Lem\u201d, \u201cJack v\u00e0 c\u00e2y \u0111\u1eadu th\u1ea7n\u201d, \u201cC\u00f4 b\u00e9 qu\u00e0ng kh\u0103n \u0111\u1ecf\u201d\u2026<\/p>\n<\/li>\n<li data-start=\"997\" data-end=\"1079\">\n<p data-start=\"999\" data-end=\"1079\">\ud83c\udf0d Truy\u1ec7n d\u00e2n gian \u00edt \u0111\u01b0\u1ee3c bi\u1ebft \u0111\u1ebfn nh\u01b0ng \u0111\u1ed9c \u0111\u00e1o t\u1eeb B\u1eafc \u00c2u, \u0110\u00f4ng \u00c2u, Trung \u00c2u<\/p>\n<\/li>\n<li data-start=\"1080\" data-end=\"1182\">\n<p data-start=\"1082\" data-end=\"1182\">\ud83e\uddd9\u200d\u2642\ufe0f Th\u1ebf gi\u1edbi th\u1ea7n tho\u1ea1i \u0111\u1ea7y ph\u00e9p m\u00e0u, v\u1edbi nh\u1eefng b\u00e0i h\u1ecdc v\u1ec1 l\u00f2ng d\u0169ng c\u1ea3m, l\u01b0\u01a1ng thi\u1ec7n v\u00e0 tr\u00ed tu\u1ec7<\/p>\n<\/li>\n<li data-start=\"1183\" data-end=\"1272\">\n<p data-start=\"1185\" data-end=\"1272\">\ud83d\uddbc V\u0103n phong nh\u1eb9 nh\u00e0ng, h\u00ecnh \u1ea3nh minh h\u1ecda sinh \u0111\u1ed9ng, d\u1ec5 \u0111\u1ecdc v\u00e0 d\u1ec5 hi\u1ec3u v\u1edbi m\u1ecdi l\u1ee9a tu\u1ed5i<\/p>\n<\/li>\n<\/ul>\n","protected":false},"excerpt":{"rendered":"<p>T\u00e1c gi\u1ea3 : Ng\u00f4 V\u0103n Doanh<br \/>\n\u0110\u1ecbnh d\u1ea1ng : S\u00e1ch n\u00f3i<\/p>\n<p><strong><a href=\"https:\/\/drive.usercontent.google.com\/download?id=1VHngU1dVZhara0hRqL0S5k4AFX_uxm40&amp;export=download&amp;authuser=0\">DOWNLOAD<\/a><br \/>\nH\u00e3y t\u00f9y t\u00e2m \u0111\u00f3ng g\u00f3p \u0111\u1ec3 ch\u00fang t\u00f4i c\u00f3 th\u1ec3 ti\u1ebfp t\u1ee5c duy tr\u00ec v\u00e0 ph\u00e1t tri\u1ec3n ho\u1ea1t \u0111\u1ed9ng \u00fd ngh\u0129a n\u00e0y.<\/strong><\/p>\n<p><img fetchpriority=\"high\" decoding=\"async\" class=\"alignnone size-medium wp-image-791\" src=\"http:\/\/thuvien360.com\/wp-content\/uploads\/2025\/06\/QR-HUNG-190x300.jpg\" alt=\"\" width=\"190\" height=\"300\" srcset=\"http:\/\/thuvien360.com\/wp-content\/uploads\/2025\/06\/QR-HUNG-190x300.jpg 190w, http:\/\/thuvien360.com\/wp-content\/uploads\/2025\/06\/QR-HUNG-650x1024.jpg 650w, http:\/\/thuvien360.com\/wp-content\/uploads\/2025\/06\/QR-HUNG-768x1210.jpg 768w, http:\/\/thuvien360.com\/wp-content\/uploads\/2025\/06\/QR-HUNG-600x945.jpg 600w, http:\/\/thuvien360.com\/wp-content\/uploads\/2025\/06\/QR-HUNG.jpg 803w\" sizes=\"(max-width: 190px) 100vw, 190px\" \/><\/p>\n","protected":false},"featured_media":763,"comment_status":"open","ping_status":"closed","template":"","meta":{"_uag_custom_page_level_css":""},"product_brand":[],"product_cat":[44],"product_tag":[],"class_list":{"0":"post-762","1":"product","2":"type-product","3":"status-publish","4":"has-post-thumbnail","6":"product_cat-van-hoc","8":"first","9":"instock","10":"downloadable","11":"virtual","12":"sold-individually","13":"product-type-simple"},"uagb_featured_image_src":{"full":["http:\/\/thuvien360.com\/wp-content\/uploads\/2025\/06\/04-6069-truyen-co-nam-chau-chau-au-1.jpg",1200,900,false],"thumbnail":["http:\/\/thuvien360.com\/wp-content\/uploads\/2025\/06\/04-6069-truyen-co-nam-chau-chau-au-1-150x150.jpg",150,150,true],"medium":["http:\/\/thuvien360.com\/wp-content\/uploads\/2025\/06\/04-6069-truyen-co-nam-chau-chau-au-1-300x225.jpg",300,225,true],"medium_large":["http:\/\/thuvien360.com\/wp-content\/uploads\/2025\/06\/04-6069-truyen-co-nam-chau-chau-au-1-768x576.jpg",768,576,true],"large":["http:\/\/thuvien360.com\/wp-content\/uploads\/2025\/06\/04-6069-truyen-co-nam-chau-chau-au-1-1024x768.jpg",1020,765,true],"1536x1536":["http:\/\/thuvien360.com\/wp-content\/uploads\/2025\/06\/04-6069-truyen-co-nam-chau-chau-au-1.jpg",1200,900,false],"2048x2048":["http:\/\/thuvien360.com\/wp-content\/uploads\/2025\/06\/04-6069-truyen-co-nam-chau-chau-au-1.jpg",1200,900,false],"woocommerce_thumbnail":["http:\/\/thuvien360.com\/wp-content\/uploads\/2025\/06\/04-6069-truyen-co-nam-chau-chau-au-1-300x300.jpg",300,300,true],"woocommerce_single":["http:\/\/thuvien360.com\/wp-content\/uploads\/2025\/06\/04-6069-truyen-co-nam-chau-chau-au-1-600x450.jpg",600,450,true],"woocommerce_gallery_thumbnail":["http:\/\/thuvien360.com\/wp-content\/uploads\/2025\/06\/04-6069-truyen-co-nam-chau-chau-au-1-100x100.jpg",100,100,true]},"uagb_author_info":{"display_name":"admin","author_link":"http:\/\/thuvien360.com\/?author=0"},"uagb_comment_info":0,"uagb_excerpt":"T\u00e1c gi\u1ea3 : Ng\u00f4 V\u0103n Doanh \u0110\u1ecbnh d\u1ea1ng : S\u00e1ch n\u00f3i DOWNLOAD H\u00e3y t\u00f9y t\u00e2m \u0111\u00f3ng g\u00f3p \u0111\u1ec3 ch\u00fang t\u00f4i c\u00f3 th\u1ec3 ti\u1ebfp t\u1ee5c duy tr\u00ec v\u00e0 ph\u00e1t tri\u1ec3n ho\u1ea1t \u0111\u1ed9ng \u00fd ngh\u0129a n\u00e0y.","_links":{"self":[{"href":"http:\/\/thuvien360.com\/index.php?rest_route=\/wp\/v2\/product\/762","targetHints":{"allow":["GET"]}}],"collection":[{"href":"http:\/\/thuvien360.com\/index.php?rest_route=\/wp\/v2\/product"}],"about":[{"href":"http:\/\/thuvien360.com\/index.php?rest_route=\/wp\/v2\/types\/product"}],"replies":[{"embeddable":true,"href":"http:\/\/thuvien360.com\/index.php?rest_route=%2Fwp%2Fv2%2Fcomments&post=762"}],"wp:featuredmedia":[{"embeddable":true,"href":"http:\/\/thuvien360.com\/index.php?rest_route=\/wp\/v2\/media\/763"}],"wp:attachment":[{"href":"http:\/\/thuvien360.com\/index.php?rest_route=%2Fwp%2Fv2%2Fmedia&parent=762"}],"wp:term":[{"taxonomy":"product_brand","embeddable":true,"href":"http:\/\/thuvien360.com\/index.php?rest_route=%2Fwp%2Fv2%2Fproduct_brand&post=762"},{"taxonomy":"product_cat","embeddable":true,"href":"http:\/\/thuvien360.com\/index.php?rest_route=%2Fwp%2Fv2%2Fproduct_cat&post=762"},{"taxonomy":"product_tag","embeddable":true,"href":"http:\/\/thuvien360.com\/index.php?rest_route=%2Fwp%2Fv2%2Fproduct_tag&post=762"}],"curies":[{"name":"wp","href":"https:\/\/api.w.org\/{rel}","templated":true}]}}