{"id":756,"date":"2025-06-30T03:20:02","date_gmt":"2025-06-30T03:20:02","guid":{"rendered":"http:\/\/thuvien360.com\/?post_type=product&#038;p=756"},"modified":"2025-07-04T01:29:52","modified_gmt":"2025-07-04T01:29:52","slug":"tu-chua-lanh","status":"publish","type":"product","link":"http:\/\/thuvien360.com\/?product=tu-chua-lanh","title":{"rendered":"T\u1ef0 CH\u1eeeA L\u00c0NH"},"content":{"rendered":"<h3 data-start=\"202\" data-end=\"227\">\ud83c\udf3f <strong data-start=\"209\" data-end=\"225\">T\u1ef0 CH\u1eeeA L\u00c0NH<\/strong><\/h3>\n<p data-start=\"228\" data-end=\"385\"><strong data-start=\"228\" data-end=\"254\">T\u00e1c gi\u1ea3: Nhi\u1ec1u T\u00e1c Gi\u1ea3<\/strong><br data-start=\"254\" data-end=\"257\" \/><em data-start=\"257\" data-end=\"385\">M\u1ed9t h\u00e0nh tr\u00ecnh tr\u1edf v\u1ec1 v\u1edbi ch\u00ednh m\u00ecnh \u2013 n\u01a1i t\u1ed5n th\u01b0\u01a1ng \u0111\u01b0\u1ee3c th\u1ea5u hi\u1ec3u, c\u1ea3m x\u00fac \u0111\u01b0\u1ee3c v\u1ed7 v\u1ec1 v\u00e0 t\u00e2m h\u1ed3n d\u1ea7n t\u00ecm th\u1ea5y s\u1ef1 ch\u1eefa l\u00e0nh.<\/em><\/p>\n<hr data-start=\"387\" data-end=\"390\" \/>\n<p data-start=\"392\" data-end=\"771\">Trong cu\u1ed9c s\u1ed1ng hi\u1ec7n \u0111\u1ea1i \u0111\u1ea7y \u00e1p l\u1ef1c, nhi\u1ec1u ng\u01b0\u1eddi mang trong m\u00ecnh nh\u1eefng v\u1ebft th\u01b0\u01a1ng v\u00f4 h\u00ecnh \u2013 t\u1eeb lo \u00e2u, stress, \u0111\u1ebfn \u0111\u1ed5 v\u1ee1 trong c\u00e1c m\u1ed1i quan h\u1ec7 hay c\u1ea3m gi\u00e1c l\u1ea1c l\u1ed1i trong ch\u00ednh cu\u1ed9c \u0111\u1eddi m\u00ecnh. <strong data-start=\"582\" data-end=\"600\">&#8220;T\u1ef1 Ch\u1eefa L\u00e0nh&#8221;<\/strong> kh\u00f4ng \u0111\u01b0a ra m\u1ed9t ph\u01b0\u01a1ng ph\u00e1p c\u1ed1 \u0111\u1ecbnh, m\u00e0 l\u00e0 <strong data-start=\"645\" data-end=\"670\">s\u1ef1 \u0111\u1ed3ng h\u00e0nh d\u1ecbu d\u00e0ng<\/strong> t\u1eeb nhi\u1ec1u g\u00f3c nh\u00ecn kh\u00e1c nhau, gi\u00fap b\u1ea1n hi\u1ec3u \u2013 ch\u1ea5p nh\u1eadn \u2013 v\u00e0 t\u1eebng b\u01b0\u1edbc y\u00eau th\u01b0\u01a1ng l\u1ea1i ch\u00ednh b\u1ea3n th\u00e2n.<\/p>\n<hr data-start=\"773\" data-end=\"776\" \/>\n<h3 data-start=\"778\" data-end=\"802\">\ud83d\udcd8 N\u1ed9i dung n\u1ed5i b\u1eadt:<\/h3>\n<ul data-start=\"803\" data-end=\"1049\">\n<li data-start=\"803\" data-end=\"857\">\n<p data-start=\"805\" data-end=\"857\">\ud83d\udc94 Nh\u1eadn di\u1ec7n t\u1ed5n th\u01b0\u01a1ng v\u00e0 c\u01a1 ch\u1ebf ph\u00f2ng v\u1ec7 c\u1ea3m x\u00fac<\/p>\n<\/li>\n<li data-start=\"858\" data-end=\"920\">\n<p data-start=\"860\" data-end=\"920\">\ud83c\udf27 V\u01b0\u1ee3t qua lo \u00e2u, tr\u1ea7m c\u1ea3m, v\u00e0 nh\u1eefng kho\u1ea3ng tr\u1ed1ng t\u00e2m h\u1ed3n<\/p>\n<\/li>\n<li data-start=\"921\" data-end=\"982\">\n<p data-start=\"923\" data-end=\"982\">\ud83e\uddd8 Th\u1ef1c h\u00e0nh ch\u00e1nh ni\u1ec7m, thi\u1ec1n \u0111\u1ecbnh, v\u00e0 vi\u1ebft \u0111\u1ec3 ch\u1eefa l\u00e0nh<\/p>\n<\/li>\n<li data-start=\"983\" data-end=\"1049\">\n<p data-start=\"985\" data-end=\"1049\">\ud83c\udf3b Nu\u00f4i d\u01b0\u1ee1ng l\u00f2ng t\u1ef1 tr\u1ecdng, l\u00f2ng bi\u1ebft \u01a1n, v\u00e0 s\u1ee9c m\u1ea1nh n\u1ed9i t\u1ea1i<\/p>\n<\/li>\n<\/ul>\n","protected":false},"excerpt":{"rendered":"<p>T\u00e1c gi\u1ea3 : Nhi\u1ec1u T\u00e1c Gi\u1ea3<br \/>\n\u0110\u1ecbnh d\u1ea1ng : S\u00e1ch n\u00f3i<\/p>\n<p><strong><a href=\"https:\/\/drive.usercontent.google.com\/download?id=1Ff6yBdeuQ9htQpMlJku8TMRLVysKEXtw&amp;export=download&amp;authuser=0\">DOWNLOAD<\/a><br \/>\nH\u00e3y t\u00f9y t\u00e2m \u0111\u00f3ng g\u00f3p \u0111\u1ec3 ch\u00fang t\u00f4i c\u00f3 th\u1ec3 ti\u1ebfp t\u1ee5c duy tr\u00ec v\u00e0 ph\u00e1t tri\u1ec3n ho\u1ea1t \u0111\u1ed9ng \u00fd ngh\u0129a n\u00e0y.<\/strong><\/p>\n<p><img decoding=\"async\" src=\"http:\/\/thuvien360.com\/wp-content\/uploads\/2025\/06\/QR-HUNG.jpg\" \/><\/p>\n","protected":false},"featured_media":757,"comment_status":"open","ping_status":"closed","template":"","meta":{"_uag_custom_page_level_css":""},"product_brand":[],"product_cat":[60,63,62],"product_tag":[],"class_list":{"0":"post-756","1":"product","2":"type-product","3":"status-publish","4":"has-post-thumbnail","6":"product_cat-giaotrinh","7":"product_cat-suc-khoe","8":"product_cat-vanhoa-dulich","10":"first","11":"instock","12":"downloadable","13":"virtual","14":"sold-individually","15":"product-type-simple"},"uagb_featured_image_src":{"full":["http:\/\/thuvien360.com\/wp-content\/uploads\/2025\/06\/18-158-tu-chua-lanh-1.jpg",1200,900,false],"thumbnail":["http:\/\/thuvien360.com\/wp-content\/uploads\/2025\/06\/18-158-tu-chua-lanh-1-150x150.jpg",150,150,true],"medium":["http:\/\/thuvien360.com\/wp-content\/uploads\/2025\/06\/18-158-tu-chua-lanh-1-300x225.jpg",300,225,true],"medium_large":["http:\/\/thuvien360.com\/wp-content\/uploads\/2025\/06\/18-158-tu-chua-lanh-1-768x576.jpg",768,576,true],"large":["http:\/\/thuvien360.com\/wp-content\/uploads\/2025\/06\/18-158-tu-chua-lanh-1-1024x768.jpg",1020,765,true],"1536x1536":["http:\/\/thuvien360.com\/wp-content\/uploads\/2025\/06\/18-158-tu-chua-lanh-1.jpg",1200,900,false],"2048x2048":["http:\/\/thuvien360.com\/wp-content\/uploads\/2025\/06\/18-158-tu-chua-lanh-1.jpg",1200,900,false],"woocommerce_thumbnail":["http:\/\/thuvien360.com\/wp-content\/uploads\/2025\/06\/18-158-tu-chua-lanh-1-300x300.jpg",300,300,true],"woocommerce_single":["http:\/\/thuvien360.com\/wp-content\/uploads\/2025\/06\/18-158-tu-chua-lanh-1-600x450.jpg",600,450,true],"woocommerce_gallery_thumbnail":["http:\/\/thuvien360.com\/wp-content\/uploads\/2025\/06\/18-158-tu-chua-lanh-1-100x100.jpg",100,100,true]},"uagb_author_info":{"display_name":"admin","author_link":"http:\/\/thuvien360.com\/?author=0"},"uagb_comment_info":0,"uagb_excerpt":"T\u00e1c gi\u1ea3 : Nhi\u1ec1u T\u00e1c Gi\u1ea3 \u0110\u1ecbnh d\u1ea1ng : S\u00e1ch n\u00f3i DOWNLOAD H\u00e3y t\u00f9y t\u00e2m \u0111\u00f3ng g\u00f3p \u0111\u1ec3 ch\u00fang t\u00f4i c\u00f3 th\u1ec3 ti\u1ebfp t\u1ee5c duy tr\u00ec v\u00e0 ph\u00e1t tri\u1ec3n ho\u1ea1t \u0111\u1ed9ng \u00fd ngh\u0129a n\u00e0y.","_links":{"self":[{"href":"http:\/\/thuvien360.com\/index.php?rest_route=\/wp\/v2\/product\/756","targetHints":{"allow":["GET"]}}],"collection":[{"href":"http:\/\/thuvien360.com\/index.php?rest_route=\/wp\/v2\/product"}],"about":[{"href":"http:\/\/thuvien360.com\/index.php?rest_route=\/wp\/v2\/types\/product"}],"replies":[{"embeddable":true,"href":"http:\/\/thuvien360.com\/index.php?rest_route=%2Fwp%2Fv2%2Fcomments&post=756"}],"wp:featuredmedia":[{"embeddable":true,"href":"http:\/\/thuvien360.com\/index.php?rest_route=\/wp\/v2\/media\/757"}],"wp:attachment":[{"href":"http:\/\/thuvien360.com\/index.php?rest_route=%2Fwp%2Fv2%2Fmedia&parent=756"}],"wp:term":[{"taxonomy":"product_brand","embeddable":true,"href":"http:\/\/thuvien360.com\/index.php?rest_route=%2Fwp%2Fv2%2Fproduct_brand&post=756"},{"taxonomy":"product_cat","embeddable":true,"href":"http:\/\/thuvien360.com\/index.php?rest_route=%2Fwp%2Fv2%2Fproduct_cat&post=756"},{"taxonomy":"product_tag","embeddable":true,"href":"http:\/\/thuvien360.com\/index.php?rest_route=%2Fwp%2Fv2%2Fproduct_tag&post=756"}],"curies":[{"name":"wp","href":"https:\/\/api.w.org\/{rel}","templated":true}]}}