{"id":754,"date":"2025-06-30T03:18:38","date_gmt":"2025-06-30T03:18:38","guid":{"rendered":"http:\/\/thuvien360.com\/?post_type=product&#038;p=754"},"modified":"2025-07-04T01:28:27","modified_gmt":"2025-07-04T01:28:27","slug":"danh-nhan-y-hoc-viet-nam","status":"publish","type":"product","link":"http:\/\/thuvien360.com\/?product=danh-nhan-y-hoc-viet-nam","title":{"rendered":"DANH NH\u00c2N Y H\u1eccC VI\u1ec6T NAM"},"content":{"rendered":"<h3 data-start=\"205\" data-end=\"242\">\u2695\ufe0f <strong data-start=\"212\" data-end=\"240\">DANH NH\u00c2N Y H\u1eccC VI\u1ec6T NAM<\/strong><\/h3>\n<p data-start=\"243\" data-end=\"461\"><strong data-start=\"243\" data-end=\"268\">T\u00e1c gi\u1ea3: L\u00ea Minh Qu\u1ed1c<\/strong><br data-start=\"268\" data-end=\"271\" \/><em data-start=\"271\" data-end=\"461\">M\u1ed9t c\u00f4ng tr\u00ecnh bi\u00ean kh\u1ea3o s\u00e2u s\u1eafc, t\u00f4n vinh nh\u1eefng b\u1eadc l\u01b0\u01a1ng y ki\u1ec7t xu\u1ea5t trong l\u1ecbch s\u1eed Vi\u1ec7t Nam \u2013 nh\u1eefng ng\u01b0\u1eddi kh\u00f4ng ch\u1ec9 ch\u1eefa b\u1ec7nh c\u1ee9u ng\u01b0\u1eddi m\u00e0 c\u00f2n vun \u0111\u1eafp n\u1ec1n y h\u1ecdc truy\u1ec1n th\u1ed1ng v\u00e0 hi\u1ec7n \u0111\u1ea1i.<\/em><\/p>\n<hr data-start=\"463\" data-end=\"466\" \/>\n<p data-start=\"468\" data-end=\"771\">T\u1eeb H\u1ea3i Th\u01b0\u1ee3ng L\u00e3n \u00d4ng L\u00ea H\u1eefu Tr\u00e1c, Tu\u1ec7 T\u0129nh \u2013 \u00f4ng t\u1ed5 c\u1ee7a n\u1ec1n y h\u1ecdc d\u00e2n t\u1ed9c, \u0111\u1ebfn c\u00e1c b\u00e1c s\u0129 hi\u1ec7n \u0111\u1ea1i nh\u01b0 \u0110\u1eb7ng V\u0103n Ng\u1eef, T\u00f4n Th\u1ea5t T\u00f9ng, Ph\u1ea1m Ng\u1ecdc Th\u1ea1ch&#8230; cu\u1ed1n s\u00e1ch kh\u1eafc h\u1ecda <strong data-start=\"639\" data-end=\"673\">ch\u00e2n dung, t\u01b0 t\u01b0\u1edfng, s\u1ef1 nghi\u1ec7p<\/strong> v\u00e0 <strong data-start=\"677\" data-end=\"696\">\u0111\u00f3ng g\u00f3p to l\u1edbn<\/strong> c\u1ee7a c\u00e1c danh y \u0111\u1ed1i v\u1edbi s\u1ee9c kh\u1ecfe c\u1ed9ng \u0111\u1ed3ng v\u00e0 s\u1ef1 ph\u00e1t tri\u1ec3n y h\u1ecdc n\u01b0\u1edbc nh\u00e0.<\/p>\n<hr data-start=\"773\" data-end=\"776\" \/>\n<h3 data-start=\"778\" data-end=\"802\">\ud83d\udcd8 N\u1ed9i dung n\u1ed5i b\u1eadt:<\/h3>\n<ul data-start=\"803\" data-end=\"1144\">\n<li data-start=\"803\" data-end=\"885\">\n<p data-start=\"805\" data-end=\"885\">\ud83e\ude7a Kh\u00e1m ph\u00e1 h\u00e0nh tr\u00ecnh h\u1ecdc t\u1eadp, h\u00e0nh ngh\u1ec1 v\u00e0 \u0111\u1ea1o \u0111\u1ee9c y \u0111\u1ee9c c\u1ee7a c\u00e1c danh y Vi\u1ec7t<\/p>\n<\/li>\n<li data-start=\"886\" data-end=\"976\">\n<p data-start=\"888\" data-end=\"976\">\ud83e\uddec Nh\u1eefng \u0111\u00f3ng g\u00f3p quan tr\u1ecdng v\u1ec1 y thu\u1eadt, thu\u1ed1c Nam \u2013 thu\u1ed1c B\u1eafc, ph\u00f2ng b\u1ec7nh v\u00e0 tr\u1ecb b\u1ec7nh<\/p>\n<\/li>\n<li data-start=\"977\" data-end=\"1068\">\n<p data-start=\"979\" data-end=\"1068\">\ud83d\udcdc G\u1ee3i m\u1edf t\u01b0 t\u01b0\u1edfng nh\u00e2n v\u0103n, tri\u1ebft l\u00fd &#8220;l\u01b0\u01a1ng y nh\u01b0 t\u1eeb m\u1eabu&#8221; xuy\u00ean su\u1ed1t d\u00f2ng ch\u1ea3y l\u1ecbch s\u1eed<\/p>\n<\/li>\n<li data-start=\"1069\" data-end=\"1144\">\n<p data-start=\"1071\" data-end=\"1144\">\ud83c\uddfb\ud83c\uddf3 K\u1ebft n\u1ed1i truy\u1ec1n th\u1ed1ng y h\u1ecdc c\u1ed5 truy\u1ec1n v\u1edbi n\u1ec1n y h\u1ecdc hi\u1ec7n \u0111\u1ea1i Vi\u1ec7t Nam<\/p>\n<\/li>\n<\/ul>\n","protected":false},"excerpt":{"rendered":"<p>T\u00e1c gi\u1ea3 : L\u00ea Minh Qu\u1ed1c<br \/>\n\u0110\u1ecbnh d\u1ea1ng : S\u00e1ch n\u00f3i<\/p>\n<p><strong><a href=\"https:\/\/drive.usercontent.google.com\/download?id=1tLsv4xG8TjuU5dSJ4ge7S01Wj2A-P-Wl&amp;export=download&amp;authuser=0\">DOWNLOAD<\/a><br \/>\nH\u00e3y t\u00f9y t\u00e2m \u0111\u00f3ng g\u00f3p \u0111\u1ec3 ch\u00fang t\u00f4i c\u00f3 th\u1ec3 ti\u1ebfp t\u1ee5c duy tr\u00ec v\u00e0 ph\u00e1t tri\u1ec3n ho\u1ea1t \u0111\u1ed9ng \u00fd ngh\u0129a n\u00e0y.<\/strong><\/p>\n<p><img decoding=\"async\" src=\"http:\/\/thuvien360.com\/wp-content\/uploads\/2025\/06\/QR-HUNG.jpg\" \/><\/p>\n","protected":false},"featured_media":755,"comment_status":"open","ping_status":"closed","template":"","meta":{"_uag_custom_page_level_css":""},"product_brand":[],"product_cat":[60,63],"product_tag":[],"class_list":{"0":"post-754","1":"product","2":"type-product","3":"status-publish","4":"has-post-thumbnail","6":"product_cat-giaotrinh","7":"product_cat-suc-khoe","9":"first","10":"instock","11":"downloadable","12":"virtual","13":"sold-individually","14":"product-type-simple"},"uagb_featured_image_src":{"full":["http:\/\/thuvien360.com\/wp-content\/uploads\/2025\/06\/15-2525-danh-nhan-y-hoc-viet-nam-1.jpg",1200,900,false],"thumbnail":["http:\/\/thuvien360.com\/wp-content\/uploads\/2025\/06\/15-2525-danh-nhan-y-hoc-viet-nam-1-150x150.jpg",150,150,true],"medium":["http:\/\/thuvien360.com\/wp-content\/uploads\/2025\/06\/15-2525-danh-nhan-y-hoc-viet-nam-1-300x225.jpg",300,225,true],"medium_large":["http:\/\/thuvien360.com\/wp-content\/uploads\/2025\/06\/15-2525-danh-nhan-y-hoc-viet-nam-1-768x576.jpg",768,576,true],"large":["http:\/\/thuvien360.com\/wp-content\/uploads\/2025\/06\/15-2525-danh-nhan-y-hoc-viet-nam-1-1024x768.jpg",1020,765,true],"1536x1536":["http:\/\/thuvien360.com\/wp-content\/uploads\/2025\/06\/15-2525-danh-nhan-y-hoc-viet-nam-1.jpg",1200,900,false],"2048x2048":["http:\/\/thuvien360.com\/wp-content\/uploads\/2025\/06\/15-2525-danh-nhan-y-hoc-viet-nam-1.jpg",1200,900,false],"woocommerce_thumbnail":["http:\/\/thuvien360.com\/wp-content\/uploads\/2025\/06\/15-2525-danh-nhan-y-hoc-viet-nam-1-300x300.jpg",300,300,true],"woocommerce_single":["http:\/\/thuvien360.com\/wp-content\/uploads\/2025\/06\/15-2525-danh-nhan-y-hoc-viet-nam-1-600x450.jpg",600,450,true],"woocommerce_gallery_thumbnail":["http:\/\/thuvien360.com\/wp-content\/uploads\/2025\/06\/15-2525-danh-nhan-y-hoc-viet-nam-1-100x100.jpg",100,100,true]},"uagb_author_info":{"display_name":"admin","author_link":"http:\/\/thuvien360.com\/?author=0"},"uagb_comment_info":0,"uagb_excerpt":"T\u00e1c gi\u1ea3 : L\u00ea Minh Qu\u1ed1c \u0110\u1ecbnh d\u1ea1ng : S\u00e1ch n\u00f3i DOWNLOAD H\u00e3y t\u00f9y t\u00e2m \u0111\u00f3ng g\u00f3p \u0111\u1ec3 ch\u00fang t\u00f4i c\u00f3 th\u1ec3 ti\u1ebfp t\u1ee5c duy tr\u00ec v\u00e0 ph\u00e1t tri\u1ec3n ho\u1ea1t \u0111\u1ed9ng \u00fd ngh\u0129a n\u00e0y.","_links":{"self":[{"href":"http:\/\/thuvien360.com\/index.php?rest_route=\/wp\/v2\/product\/754","targetHints":{"allow":["GET"]}}],"collection":[{"href":"http:\/\/thuvien360.com\/index.php?rest_route=\/wp\/v2\/product"}],"about":[{"href":"http:\/\/thuvien360.com\/index.php?rest_route=\/wp\/v2\/types\/product"}],"replies":[{"embeddable":true,"href":"http:\/\/thuvien360.com\/index.php?rest_route=%2Fwp%2Fv2%2Fcomments&post=754"}],"wp:featuredmedia":[{"embeddable":true,"href":"http:\/\/thuvien360.com\/index.php?rest_route=\/wp\/v2\/media\/755"}],"wp:attachment":[{"href":"http:\/\/thuvien360.com\/index.php?rest_route=%2Fwp%2Fv2%2Fmedia&parent=754"}],"wp:term":[{"taxonomy":"product_brand","embeddable":true,"href":"http:\/\/thuvien360.com\/index.php?rest_route=%2Fwp%2Fv2%2Fproduct_brand&post=754"},{"taxonomy":"product_cat","embeddable":true,"href":"http:\/\/thuvien360.com\/index.php?rest_route=%2Fwp%2Fv2%2Fproduct_cat&post=754"},{"taxonomy":"product_tag","embeddable":true,"href":"http:\/\/thuvien360.com\/index.php?rest_route=%2Fwp%2Fv2%2Fproduct_tag&post=754"}],"curies":[{"name":"wp","href":"https:\/\/api.w.org\/{rel}","templated":true}]}}