{"id":752,"date":"2025-06-30T03:17:24","date_gmt":"2025-06-30T03:17:24","guid":{"rendered":"http:\/\/thuvien360.com\/?post_type=product&#038;p=752"},"modified":"2025-07-04T01:35:12","modified_gmt":"2025-07-04T01:35:12","slug":"bi-quyet-de-co-mot-cuoc-song-khoe-manh","status":"publish","type":"product","link":"http:\/\/thuvien360.com\/?product=bi-quyet-de-co-mot-cuoc-song-khoe-manh","title":{"rendered":"B\u00cd QUY\u1ebeT \u0110\u1ec2 C\u00d3 M\u1ed8T CU\u1ed8C S\u1ed0NG KH\u1eceE M\u1ea0NH"},"content":{"rendered":"<h3 data-start=\"230\" data-end=\"281\">\ud83c\udf40 <strong data-start=\"237\" data-end=\"279\">B\u00cd QUY\u1ebeT \u0110\u1ec2 C\u00d3 M\u1ed8T CU\u1ed8C S\u1ed0NG KH\u1eceE M\u1ea0NH<\/strong><\/h3>\n<p data-start=\"282\" data-end=\"428\"><strong data-start=\"282\" data-end=\"306\">T\u00e1c gi\u1ea3: David Niven<\/strong><br data-start=\"306\" data-end=\"309\" \/><em data-start=\"309\" data-end=\"428\">M\u1ed9t cu\u1ed1n s\u00e1ch nh\u1ecf ch\u1ee9a \u0111\u1ef1ng nh\u1eefng b\u00e0i h\u1ecdc l\u1edbn \u2013 gi\u00fap b\u1ea1n x\u00e2y d\u1ef1ng l\u1ed1i s\u1ed1ng t\u00edch c\u1ef1c t\u1eeb ch\u00ednh nh\u1eefng \u0111i\u1ec1u gi\u1ea3n d\u1ecb nh\u1ea5t.<\/em><\/p>\n<hr data-start=\"430\" data-end=\"433\" \/>\n<p data-start=\"435\" data-end=\"736\">Trong th\u1eddi \u0111\u1ea1i m\u00e0 th\u00f4ng tin s\u1ee9c kh\u1ecfe tr\u00e0n lan v\u00e0 \u0111\u00f4i khi khi\u1ebfn ch\u00fang ta b\u1ed1i r\u1ed1i, cu\u1ed1n s\u00e1ch n\u00e0y nh\u01b0 m\u1ed9t <strong data-start=\"538\" data-end=\"577\">kim ch\u1ec9 nam r\u00f5 r\u00e0ng v\u00e0 \u0111\u00e1ng tin c\u1eady<\/strong>, \u0111\u01b0a ra <strong data-start=\"586\" data-end=\"615\">100 l\u1eddi khuy\u00ean thi\u1ebft th\u1ef1c<\/strong> d\u1ef1a tr\u00ean <strong data-start=\"625\" data-end=\"671\">c\u00e1c nghi\u00ean c\u1ee9u khoa h\u1ecdc \u0111\u00e3 \u0111\u01b0\u1ee3c ch\u1ee9ng minh<\/strong>, gi\u00fap b\u1ea1n t\u1eebng b\u01b0\u1edbc ki\u1ebfn t\u1ea1o m\u1ed9t cu\u1ed9c s\u1ed1ng c\u00e2n b\u1eb1ng v\u00e0 b\u1ec1n v\u1eefng.<\/p>\n<hr data-start=\"738\" data-end=\"741\" \/>\n<h3 data-start=\"743\" data-end=\"767\">\ud83d\udcd8 N\u1ed9i dung n\u1ed5i b\u1eadt:<\/h3>\n<ul data-start=\"768\" data-end=\"1134\">\n<li data-start=\"768\" data-end=\"815\">\n<p data-start=\"770\" data-end=\"815\">\ud83e\udd66 \u0102n u\u1ed1ng l\u00e0nh m\u1ea1nh kh\u00f4ng c\u1ea7n qu\u00e1 ph\u1ee9c t\u1ea1p<\/p>\n<\/li>\n<li data-start=\"816\" data-end=\"894\">\n<p data-start=\"818\" data-end=\"894\">\ud83e\uddd8 Gi\u1ea5c ng\u1ee7, v\u1eadn \u0111\u1ed9ng v\u00e0 th\u00f3i quen nh\u1ecf \u1ea3nh h\u01b0\u1edfng l\u1edbn \u0111\u1ebfn s\u1ee9c kh\u1ecfe t\u1ed5ng th\u1ec3<\/p>\n<\/li>\n<li data-start=\"895\" data-end=\"966\">\n<p data-start=\"897\" data-end=\"966\">\ud83e\udde0 C\u00e1ch qu\u1ea3n l\u00fd c\u0103ng th\u1eb3ng, c\u1ea3m x\u00fac ti\u00eau c\u1ef1c \u0111\u1ec3 s\u1ed1ng thanh th\u1ea3n h\u01a1n<\/p>\n<\/li>\n<li data-start=\"967\" data-end=\"1041\">\n<p data-start=\"969\" data-end=\"1041\">\ud83e\udd1d Nh\u1eefng m\u1ed1i quan h\u1ec7 t\u00edch c\u1ef1c g\u00f3p ph\u1ea7n n\u00e2ng cao th\u1ec3 ch\u1ea5t l\u1eabn tinh th\u1ea7n<\/p>\n<\/li>\n<li data-start=\"1042\" data-end=\"1134\">\n<p data-start=\"1044\" data-end=\"1134\">\ud83d\udca1 H\u1ea1nh ph\u00fac kh\u00f4ng ch\u1ec9 \u0111\u1ebfn t\u1eeb c\u01a1 th\u1ec3 kh\u1ecfe m\u1ea1nh, m\u00e0 c\u00f2n t\u1eeb <strong data-start=\"1102\" data-end=\"1134\">c\u00e1ch b\u1ea1n nh\u00ecn nh\u1eadn cu\u1ed9c s\u1ed1ng<\/strong><\/p>\n<\/li>\n<\/ul>\n","protected":false},"excerpt":{"rendered":"<p>T\u00e1c gi\u1ea3 : David Niven<br \/>\n\u0110\u1ecbnh d\u1ea1ng : S\u00e1ch n\u00f3i<\/p>\n<p><strong><a href=\"https:\/\/drive.usercontent.google.com\/download?id=1aCTc1ToOM93IDUk7PSAEqnKV-YRvQ8Oz&amp;export=download&amp;authuser=0\">DOWNLOAD<\/a><br \/>\nH\u00e3y t\u00f9y t\u00e2m \u0111\u00f3ng g\u00f3p \u0111\u1ec3 ch\u00fang t\u00f4i c\u00f3 th\u1ec3 ti\u1ebfp t\u1ee5c duy tr\u00ec v\u00e0 ph\u00e1t tri\u1ec3n ho\u1ea1t \u0111\u1ed9ng \u00fd ngh\u0129a n\u00e0y.<\/strong><\/p>\n<p><img fetchpriority=\"high\" decoding=\"async\" class=\"alignnone size-medium wp-image-791\" src=\"http:\/\/thuvien360.com\/wp-content\/uploads\/2025\/06\/QR-HUNG-190x300.jpg\" alt=\"\" width=\"190\" height=\"300\" srcset=\"http:\/\/thuvien360.com\/wp-content\/uploads\/2025\/06\/QR-HUNG-190x300.jpg 190w, http:\/\/thuvien360.com\/wp-content\/uploads\/2025\/06\/QR-HUNG-650x1024.jpg 650w, http:\/\/thuvien360.com\/wp-content\/uploads\/2025\/06\/QR-HUNG-768x1210.jpg 768w, http:\/\/thuvien360.com\/wp-content\/uploads\/2025\/06\/QR-HUNG-600x945.jpg 600w, http:\/\/thuvien360.com\/wp-content\/uploads\/2025\/06\/QR-HUNG.jpg 803w\" sizes=\"(max-width: 190px) 100vw, 190px\" \/><\/p>\n","protected":false},"featured_media":753,"comment_status":"open","ping_status":"closed","template":"","meta":{"_uag_custom_page_level_css":""},"product_brand":[],"product_cat":[60,63],"product_tag":[],"class_list":{"0":"post-752","1":"product","2":"type-product","3":"status-publish","4":"has-post-thumbnail","6":"product_cat-giaotrinh","7":"product_cat-suc-khoe","9":"first","10":"instock","11":"downloadable","12":"virtual","13":"sold-individually","14":"product-type-simple"},"uagb_featured_image_src":{"full":["http:\/\/thuvien360.com\/wp-content\/uploads\/2025\/06\/14-7516-bi-quyet-de-co-mot-cuoc-song-khoe-manh-1.jpg",1200,900,false],"thumbnail":["http:\/\/thuvien360.com\/wp-content\/uploads\/2025\/06\/14-7516-bi-quyet-de-co-mot-cuoc-song-khoe-manh-1-150x150.jpg",150,150,true],"medium":["http:\/\/thuvien360.com\/wp-content\/uploads\/2025\/06\/14-7516-bi-quyet-de-co-mot-cuoc-song-khoe-manh-1-300x225.jpg",300,225,true],"medium_large":["http:\/\/thuvien360.com\/wp-content\/uploads\/2025\/06\/14-7516-bi-quyet-de-co-mot-cuoc-song-khoe-manh-1-768x576.jpg",768,576,true],"large":["http:\/\/thuvien360.com\/wp-content\/uploads\/2025\/06\/14-7516-bi-quyet-de-co-mot-cuoc-song-khoe-manh-1-1024x768.jpg",1020,765,true],"1536x1536":["http:\/\/thuvien360.com\/wp-content\/uploads\/2025\/06\/14-7516-bi-quyet-de-co-mot-cuoc-song-khoe-manh-1.jpg",1200,900,false],"2048x2048":["http:\/\/thuvien360.com\/wp-content\/uploads\/2025\/06\/14-7516-bi-quyet-de-co-mot-cuoc-song-khoe-manh-1.jpg",1200,900,false],"woocommerce_thumbnail":["http:\/\/thuvien360.com\/wp-content\/uploads\/2025\/06\/14-7516-bi-quyet-de-co-mot-cuoc-song-khoe-manh-1-300x300.jpg",300,300,true],"woocommerce_single":["http:\/\/thuvien360.com\/wp-content\/uploads\/2025\/06\/14-7516-bi-quyet-de-co-mot-cuoc-song-khoe-manh-1-600x450.jpg",600,450,true],"woocommerce_gallery_thumbnail":["http:\/\/thuvien360.com\/wp-content\/uploads\/2025\/06\/14-7516-bi-quyet-de-co-mot-cuoc-song-khoe-manh-1-100x100.jpg",100,100,true]},"uagb_author_info":{"display_name":"admin","author_link":"http:\/\/thuvien360.com\/?author=0"},"uagb_comment_info":0,"uagb_excerpt":"T\u00e1c gi\u1ea3 : David Niven \u0110\u1ecbnh d\u1ea1ng : S\u00e1ch n\u00f3i DOWNLOAD H\u00e3y t\u00f9y t\u00e2m \u0111\u00f3ng g\u00f3p \u0111\u1ec3 ch\u00fang t\u00f4i c\u00f3 th\u1ec3 ti\u1ebfp t\u1ee5c duy tr\u00ec v\u00e0 ph\u00e1t tri\u1ec3n ho\u1ea1t \u0111\u1ed9ng \u00fd ngh\u0129a n\u00e0y.","_links":{"self":[{"href":"http:\/\/thuvien360.com\/index.php?rest_route=\/wp\/v2\/product\/752","targetHints":{"allow":["GET"]}}],"collection":[{"href":"http:\/\/thuvien360.com\/index.php?rest_route=\/wp\/v2\/product"}],"about":[{"href":"http:\/\/thuvien360.com\/index.php?rest_route=\/wp\/v2\/types\/product"}],"replies":[{"embeddable":true,"href":"http:\/\/thuvien360.com\/index.php?rest_route=%2Fwp%2Fv2%2Fcomments&post=752"}],"wp:featuredmedia":[{"embeddable":true,"href":"http:\/\/thuvien360.com\/index.php?rest_route=\/wp\/v2\/media\/753"}],"wp:attachment":[{"href":"http:\/\/thuvien360.com\/index.php?rest_route=%2Fwp%2Fv2%2Fmedia&parent=752"}],"wp:term":[{"taxonomy":"product_brand","embeddable":true,"href":"http:\/\/thuvien360.com\/index.php?rest_route=%2Fwp%2Fv2%2Fproduct_brand&post=752"},{"taxonomy":"product_cat","embeddable":true,"href":"http:\/\/thuvien360.com\/index.php?rest_route=%2Fwp%2Fv2%2Fproduct_cat&post=752"},{"taxonomy":"product_tag","embeddable":true,"href":"http:\/\/thuvien360.com\/index.php?rest_route=%2Fwp%2Fv2%2Fproduct_tag&post=752"}],"curies":[{"name":"wp","href":"https:\/\/api.w.org\/{rel}","templated":true}]}}