{"id":750,"date":"2025-06-30T03:16:07","date_gmt":"2025-06-30T03:16:07","guid":{"rendered":"http:\/\/thuvien360.com\/?post_type=product&#038;p=750"},"modified":"2025-07-04T01:32:26","modified_gmt":"2025-07-04T01:32:26","slug":"tat-ca-nhung-gi-canh-con-trai-muon-biet","status":"publish","type":"product","link":"http:\/\/thuvien360.com\/?product=tat-ca-nhung-gi-canh-con-trai-muon-biet","title":{"rendered":"T\u1ea4T C\u1ea2 NH\u1eeeNG G\u00cc C\u00c1NH CON TRAI MU\u1ed0N BI\u1ebeT"},"content":{"rendered":"<h3 data-start=\"271\" data-end=\"323\">\ud83d\udcac <strong data-start=\"278\" data-end=\"321\">T\u1ea4T C\u1ea2 NH\u1eeeNG G\u00cc C\u00c1NH CON TRAI MU\u1ed0N BI\u1ebeT<\/strong><\/h3>\n<p data-start=\"324\" data-end=\"469\"><strong data-start=\"324\" data-end=\"352\">T\u00e1c gi\u1ea3: Trude Ausfelder<\/strong><br data-start=\"352\" data-end=\"355\" \/><em data-start=\"355\" data-end=\"469\">M\u1ed9t ng\u01b0\u1eddi b\u1ea1n \u0111\u00e1ng tin c\u1eady gi\u00fap con trai tu\u1ed5i teen hi\u1ec3u v\u1ec1 b\u1ea3n th\u00e2n \u2013 l\u00e0m ch\u1ee7 thay \u0111\u1ed5i \u2013 v\u00e0 tr\u01b0\u1edfng th\u00e0nh t\u1ef1 tin.<\/em><\/p>\n<hr data-start=\"471\" data-end=\"474\" \/>\n<p data-start=\"476\" data-end=\"825\">Tu\u1ed5i d\u1eady th\u00ec kh\u00f4ng ch\u1ec9 l\u00e0 th\u1eddi k\u1ef3 ph\u00e1t tri\u1ec3n nhanh ch\u00f3ng v\u1ec1 chi\u1ec1u cao v\u00e0 gi\u1ecdng n\u00f3i, m\u00e0 c\u00f2n l\u00e0 giai \u0111o\u1ea1n con trai tr\u1ea3i qua nhi\u1ec1u b\u1ed1i r\u1ed1i, th\u1eafc m\u1eafc v\u00e0 th\u1eadm ch\u00ed\u2026 ng\u1ea1i ng\u00f9ng. Cu\u1ed1n s\u00e1ch n\u00e0y gi\u1ed1ng nh\u01b0 m\u1ed9t &#8220;cu\u1ed9c n\u00f3i chuy\u1ec7n th\u1eb3ng th\u1eafn nh\u01b0ng \u0111\u1ea7y c\u1ea3m th\u00f4ng&#8221; m\u00e0 <strong data-start=\"727\" data-end=\"757\">b\u1ea5t c\u1ee9 c\u1eadu b\u00e9 n\u00e0o c\u0169ng c\u1ea7n<\/strong> \u2013 khi cha m\u1eb9 ho\u1eb7c ng\u01b0\u1eddi l\u1edbn xung quanh ch\u01b0a s\u1eb5n s\u00e0ng \u0111\u1ec3 gi\u1ea3i th\u00edch.<\/p>\n<hr data-start=\"827\" data-end=\"830\" \/>\n<h3 data-start=\"832\" data-end=\"856\">\ud83d\udcd8 N\u1ed9i dung n\u1ed5i b\u1eadt:<\/h3>\n<ul data-start=\"857\" data-end=\"1245\">\n<li data-start=\"857\" data-end=\"939\">\n<p data-start=\"859\" data-end=\"939\">\ud83e\uddec Nh\u1eefng thay \u0111\u1ed5i sinh l\u00fd: c\u01a1 th\u1ec3 ph\u00e1t tri\u1ec3n, m\u1ed9ng tinh, l\u00f4ng t\u00f3c, m\u00f9i c\u01a1 th\u1ec3\u2026<\/p>\n<\/li>\n<li data-start=\"940\" data-end=\"1014\">\n<p data-start=\"942\" data-end=\"1014\">\ud83e\udde0 T\u00e2m l\u00fd tu\u1ed5i m\u1edbi l\u1edbn: c\u1ea3m x\u00fac th\u1ea5t th\u01b0\u1eddng, t\u1ef1 ti, kh\u1eb3ng \u0111\u1ecbnh c\u00e1i t\u00f4i<\/p>\n<\/li>\n<li data-start=\"1015\" data-end=\"1077\">\n<p data-start=\"1017\" data-end=\"1077\">\ud83e\uddfc V\u1ec7 sinh c\u00e1 nh\u00e2n v\u00e0 ch\u0103m s\u00f3c b\u1ea3n th\u00e2n m\u1ed9t c\u00e1ch l\u00e0nh m\u1ea1nh<\/p>\n<\/li>\n<li data-start=\"1078\" data-end=\"1168\">\n<p data-start=\"1080\" data-end=\"1168\">\ud83d\udcaa T\u1ef1 tin \u2013 tr\u00e1ch nhi\u1ec7m \u2013 l\u00f2ng can \u0111\u1ea3m: gi\u00e1 tr\u1ecb l\u00e0m n\u00ean m\u1ed9t ng\u01b0\u1eddi \u0111\u00e0n \u00f4ng tr\u01b0\u1edfng th\u00e0nh<\/p>\n<\/li>\n<li data-start=\"1169\" data-end=\"1245\">\n<p data-start=\"1171\" data-end=\"1245\">\ud83d\udcac C\u00e1ch giao ti\u1ebfp v\u1edbi ng\u01b0\u1eddi kh\u00e1c gi\u1edbi, gi\u1eef ranh gi\u1edbi v\u00e0 t\u00f4n tr\u1ecdng l\u1eabn nhau<\/p>\n<\/li>\n<\/ul>\n","protected":false},"excerpt":{"rendered":"<p>T\u00e1c gi\u1ea3 : Trude Ausfelder<br \/>\n\u0110\u1ecbnh d\u1ea1ng : S\u00e1ch n\u00f3i<\/p>\n<p><span data-sheets-root=\"1\"><a href=\"https:\/\/drive.usercontent.google.com\/download?id=1ghCJEPAxlWS2g-EX2xqpQqrZGsqAEy8B&amp;export=download&amp;authuser=0\"><strong>DOWNLOAD<\/strong><\/a><br \/>\n<strong>H\u00e3y t\u00f9y t\u00e2m \u0111\u00f3ng g\u00f3p \u0111\u1ec3 ch\u00fang t\u00f4i c\u00f3 th\u1ec3 ti\u1ebfp t\u1ee5c duy tr\u00ec v\u00e0 ph\u00e1t tri\u1ec3n ho\u1ea1t \u0111\u1ed9ng \u00fd ngh\u0129a n\u00e0y.<\/strong><br \/>\n<img decoding=\"async\" src=\"http:\/\/thuvien360.com\/wp-content\/uploads\/2025\/06\/QR-HUNG.jpg\" \/><br \/>\n<\/span><\/p>\n","protected":false},"featured_media":751,"comment_status":"open","ping_status":"closed","template":"","meta":{"_uag_custom_page_level_css":""},"product_brand":[],"product_cat":[60,63],"product_tag":[],"class_list":{"0":"post-750","1":"product","2":"type-product","3":"status-publish","4":"has-post-thumbnail","6":"product_cat-giaotrinh","7":"product_cat-suc-khoe","9":"first","10":"instock","11":"downloadable","12":"virtual","13":"sold-individually","14":"product-type-simple"},"uagb_featured_image_src":{"full":["http:\/\/thuvien360.com\/wp-content\/uploads\/2025\/06\/13-7511-tat-ca-nhung-gi-canh-con-trai-muon-biet-1.jpg",1200,900,false],"thumbnail":["http:\/\/thuvien360.com\/wp-content\/uploads\/2025\/06\/13-7511-tat-ca-nhung-gi-canh-con-trai-muon-biet-1-150x150.jpg",150,150,true],"medium":["http:\/\/thuvien360.com\/wp-content\/uploads\/2025\/06\/13-7511-tat-ca-nhung-gi-canh-con-trai-muon-biet-1-300x225.jpg",300,225,true],"medium_large":["http:\/\/thuvien360.com\/wp-content\/uploads\/2025\/06\/13-7511-tat-ca-nhung-gi-canh-con-trai-muon-biet-1-768x576.jpg",768,576,true],"large":["http:\/\/thuvien360.com\/wp-content\/uploads\/2025\/06\/13-7511-tat-ca-nhung-gi-canh-con-trai-muon-biet-1-1024x768.jpg",1020,765,true],"1536x1536":["http:\/\/thuvien360.com\/wp-content\/uploads\/2025\/06\/13-7511-tat-ca-nhung-gi-canh-con-trai-muon-biet-1.jpg",1200,900,false],"2048x2048":["http:\/\/thuvien360.com\/wp-content\/uploads\/2025\/06\/13-7511-tat-ca-nhung-gi-canh-con-trai-muon-biet-1.jpg",1200,900,false],"woocommerce_thumbnail":["http:\/\/thuvien360.com\/wp-content\/uploads\/2025\/06\/13-7511-tat-ca-nhung-gi-canh-con-trai-muon-biet-1-300x300.jpg",300,300,true],"woocommerce_single":["http:\/\/thuvien360.com\/wp-content\/uploads\/2025\/06\/13-7511-tat-ca-nhung-gi-canh-con-trai-muon-biet-1-600x450.jpg",600,450,true],"woocommerce_gallery_thumbnail":["http:\/\/thuvien360.com\/wp-content\/uploads\/2025\/06\/13-7511-tat-ca-nhung-gi-canh-con-trai-muon-biet-1-100x100.jpg",100,100,true]},"uagb_author_info":{"display_name":"admin","author_link":"http:\/\/thuvien360.com\/?author=0"},"uagb_comment_info":0,"uagb_excerpt":"T\u00e1c gi\u1ea3 : Trude Ausfelder \u0110\u1ecbnh d\u1ea1ng : S\u00e1ch n\u00f3i DOWNLOAD H\u00e3y t\u00f9y t\u00e2m \u0111\u00f3ng g\u00f3p \u0111\u1ec3 ch\u00fang t\u00f4i c\u00f3 th\u1ec3 ti\u1ebfp t\u1ee5c duy tr\u00ec v\u00e0 ph\u00e1t tri\u1ec3n ho\u1ea1t \u0111\u1ed9ng \u00fd ngh\u0129a n\u00e0y.","_links":{"self":[{"href":"http:\/\/thuvien360.com\/index.php?rest_route=\/wp\/v2\/product\/750","targetHints":{"allow":["GET"]}}],"collection":[{"href":"http:\/\/thuvien360.com\/index.php?rest_route=\/wp\/v2\/product"}],"about":[{"href":"http:\/\/thuvien360.com\/index.php?rest_route=\/wp\/v2\/types\/product"}],"replies":[{"embeddable":true,"href":"http:\/\/thuvien360.com\/index.php?rest_route=%2Fwp%2Fv2%2Fcomments&post=750"}],"wp:featuredmedia":[{"embeddable":true,"href":"http:\/\/thuvien360.com\/index.php?rest_route=\/wp\/v2\/media\/751"}],"wp:attachment":[{"href":"http:\/\/thuvien360.com\/index.php?rest_route=%2Fwp%2Fv2%2Fmedia&parent=750"}],"wp:term":[{"taxonomy":"product_brand","embeddable":true,"href":"http:\/\/thuvien360.com\/index.php?rest_route=%2Fwp%2Fv2%2Fproduct_brand&post=750"},{"taxonomy":"product_cat","embeddable":true,"href":"http:\/\/thuvien360.com\/index.php?rest_route=%2Fwp%2Fv2%2Fproduct_cat&post=750"},{"taxonomy":"product_tag","embeddable":true,"href":"http:\/\/thuvien360.com\/index.php?rest_route=%2Fwp%2Fv2%2Fproduct_tag&post=750"}],"curies":[{"name":"wp","href":"https:\/\/api.w.org\/{rel}","templated":true}]}}