{"id":748,"date":"2025-06-30T03:14:42","date_gmt":"2025-06-30T03:14:42","guid":{"rendered":"http:\/\/thuvien360.com\/?post_type=product&#038;p=748"},"modified":"2025-07-04T01:33:31","modified_gmt":"2025-07-04T01:33:31","slug":"tat-ca-nhung-dieu-con-gai-can-biet","status":"publish","type":"product","link":"http:\/\/thuvien360.com\/?product=tat-ca-nhung-dieu-con-gai-can-biet","title":{"rendered":"T\u1ea4T C\u1ea2 NH\u1eeeNG \u0110I\u1ec0U CON G\u00c1I C\u1ea6N BI\u1ebeT"},"content":{"rendered":"<h3 data-start=\"239\" data-end=\"286\">\ud83c\udf38 <strong data-start=\"246\" data-end=\"284\">T\u1ea4T C\u1ea2 NH\u1eeeNG \u0110I\u1ec0U CON G\u00c1I C\u1ea6N BI\u1ebeT<\/strong><\/h3>\n<p data-start=\"287\" data-end=\"446\"><strong data-start=\"287\" data-end=\"315\">T\u00e1c gi\u1ea3: Trude Ausfelder<\/strong><br data-start=\"315\" data-end=\"318\" \/><em data-start=\"318\" data-end=\"446\">M\u1ed9t cu\u1ed1n c\u1ea9m nang nh\u1eb9 nh\u00e0ng \u2013 ch\u00e2n th\u00e0nh \u2013 v\u00e0 khoa h\u1ecdc gi\u00fap con g\u00e1i l\u1edbn l\u00ean v\u1edbi s\u1ef1 t\u1ef1 tin, hi\u1ec3u bi\u1ebft v\u00e0 y\u00eau th\u01b0\u01a1ng ch\u00ednh m\u00ecnh.<\/em><\/p>\n<hr data-start=\"448\" data-end=\"451\" \/>\n<p data-start=\"453\" data-end=\"845\">B\u01b0\u1edbc v\u00e0o tu\u1ed5i d\u1eady th\u00ec, con g\u00e1i ph\u1ea3i \u0111\u1ed1i m\u1eb7t v\u1edbi h\u00e0ng lo\u1ea1t thay \u0111\u1ed5i: c\u01a1 th\u1ec3 ph\u00e1t tri\u1ec3n, c\u1ea3m x\u00fac bi\u1ebfn \u0111\u1ed9ng, m\u1ed1i quan h\u1ec7 b\u1ea1n b\u00e8 \u2013 gia \u0111\u00ecnh thay \u0111\u1ed5i\u2026 Nh\u01b0ng kh\u00f4ng ph\u1ea3i l\u00fac n\u00e0o c\u00e1c em c\u0169ng nh\u1eadn \u0111\u01b0\u1ee3c s\u1ef1 h\u01b0\u1edbng d\u1eabn \u0111\u00fang \u0111\u1eafn, r\u00f5 r\u00e0ng. Cu\u1ed1n s\u00e1ch n\u00e0y ra \u0111\u1eddi \u0111\u1ec3 <strong data-start=\"702\" data-end=\"729\">l\u1ea5p \u0111\u1ea7y kho\u1ea3ng tr\u1ed1ng \u0111\u00f3<\/strong>, tr\u1edf th\u00e0nh ng\u01b0\u1eddi b\u1ea1n l\u1eafng nghe \u2013 gi\u1ea3i th\u00edch \u2013 \u0111\u1ed3ng h\u00e0nh c\u00f9ng c\u00e1c c\u00f4 b\u00e9 trong giai \u0111o\u1ea1n quan tr\u1ecdng n\u00e0y c\u1ee7a cu\u1ed9c \u0111\u1eddi.<\/p>\n<hr data-start=\"847\" data-end=\"850\" \/>\n<h3 data-start=\"852\" data-end=\"876\">\ud83d\udcd8 N\u1ed9i dung n\u1ed5i b\u1eadt:<\/h3>\n<ul data-start=\"877\" data-end=\"1276\">\n<li data-start=\"877\" data-end=\"967\">\n<p data-start=\"879\" data-end=\"967\">\ud83d\udc96 C\u01a1 th\u1ec3 tu\u1ed5i d\u1eady th\u00ec thay \u0111\u1ed5i th\u1ebf n\u00e0o? L\u00e0m sao \u0111\u1ec3 y\u00eau th\u01b0\u01a1ng v\u00e0 ch\u0103m s\u00f3c ch\u00ednh m\u00ecnh?<\/p>\n<\/li>\n<li data-start=\"968\" data-end=\"1042\">\n<p data-start=\"970\" data-end=\"1042\">\ud83e\ude78 Chu k\u1ef3 kinh nguy\u1ec7t l\u00e0 g\u00ec? L\u00e0m sao \u0111\u1ec3 kh\u00f4ng ng\u1ea1i ng\u00f9ng v\u1ec1 \u201cng\u00e0y \u1ea5y\u201d?<\/p>\n<\/li>\n<li data-start=\"1043\" data-end=\"1125\">\n<p data-start=\"1045\" data-end=\"1125\">\ud83e\udde0 C\u1ea3m x\u00fac th\u1ea5t th\u01b0\u1eddng \u2013 t\u00ecnh b\u1ea1n r\u1ea1n n\u1ee9t \u2013 crush \u0111\u1ea7u \u0111\u1eddi: x\u1eed l\u00fd sao cho kh\u00e9o?<\/p>\n<\/li>\n<li data-start=\"1126\" data-end=\"1209\">\n<p data-start=\"1128\" data-end=\"1209\">\ud83c\udf10 M\u1ea1ng x\u00e3 h\u1ed9i v\u00e0 h\u00ecnh \u1ea3nh c\u01a1 th\u1ec3 \u2013 c\u00e1ch gi\u1eef m\u00ecnh tr\u01b0\u1edbc \u00e1p l\u1ef1c &#8220;\u0111\u1eb9p chu\u1ea9n m\u1ea1ng&#8221;<\/p>\n<\/li>\n<li data-start=\"1210\" data-end=\"1276\">\n<p data-start=\"1212\" data-end=\"1276\">\ud83e\uddd8\u200d\u2640\ufe0f B\u00e0i t\u1eadp t\u1ef1 tin \u2013 th\u1edf s\u00e2u \u2013 \u0111\u1ed1i tho\u1ea1i t\u00edch c\u1ef1c v\u1edbi b\u1ea3n th\u00e2n<\/p>\n<\/li>\n<\/ul>\n","protected":false},"excerpt":{"rendered":"<p>T\u00e1c gi\u1ea3 : Trude Ausfelder<br \/>\n\u0110\u1ecbnh d\u1ea1ng : S\u00e1ch n\u00f3i<\/p>\n<p><strong><a href=\"https:\/\/drive.usercontent.google.com\/download?id=1cl76J1IpVjLkjnh0bhxUpHOIJtq8yzJt&amp;export=download&amp;authuser=0\">DOWNLOAD<\/a><br \/>\nH\u00e3y t\u00f9y t\u00e2m \u0111\u00f3ng g\u00f3p \u0111\u1ec3 ch\u00fang t\u00f4i c\u00f3 th\u1ec3 ti\u1ebfp t\u1ee5c duy tr\u00ec v\u00e0 ph\u00e1t tri\u1ec3n ho\u1ea1t \u0111\u1ed9ng \u00fd ngh\u0129a n\u00e0y.<\/strong><\/p>\n<p><img decoding=\"async\" src=\"http:\/\/thuvien360.com\/wp-content\/uploads\/2025\/06\/QR-HUNG.jpg\" \/><\/p>\n","protected":false},"featured_media":749,"comment_status":"open","ping_status":"closed","template":"","meta":{"_uag_custom_page_level_css":""},"product_brand":[],"product_cat":[60,63],"product_tag":[],"class_list":{"0":"post-748","1":"product","2":"type-product","3":"status-publish","4":"has-post-thumbnail","6":"product_cat-giaotrinh","7":"product_cat-suc-khoe","9":"first","10":"instock","11":"downloadable","12":"virtual","13":"sold-individually","14":"product-type-simple"},"uagb_featured_image_src":{"full":["http:\/\/thuvien360.com\/wp-content\/uploads\/2025\/06\/12-7510-tat-ca-nhung-dieu-con-gai-can-biet-1.jpg",1200,900,false],"thumbnail":["http:\/\/thuvien360.com\/wp-content\/uploads\/2025\/06\/12-7510-tat-ca-nhung-dieu-con-gai-can-biet-1-150x150.jpg",150,150,true],"medium":["http:\/\/thuvien360.com\/wp-content\/uploads\/2025\/06\/12-7510-tat-ca-nhung-dieu-con-gai-can-biet-1-300x225.jpg",300,225,true],"medium_large":["http:\/\/thuvien360.com\/wp-content\/uploads\/2025\/06\/12-7510-tat-ca-nhung-dieu-con-gai-can-biet-1-768x576.jpg",768,576,true],"large":["http:\/\/thuvien360.com\/wp-content\/uploads\/2025\/06\/12-7510-tat-ca-nhung-dieu-con-gai-can-biet-1-1024x768.jpg",1020,765,true],"1536x1536":["http:\/\/thuvien360.com\/wp-content\/uploads\/2025\/06\/12-7510-tat-ca-nhung-dieu-con-gai-can-biet-1.jpg",1200,900,false],"2048x2048":["http:\/\/thuvien360.com\/wp-content\/uploads\/2025\/06\/12-7510-tat-ca-nhung-dieu-con-gai-can-biet-1.jpg",1200,900,false],"woocommerce_thumbnail":["http:\/\/thuvien360.com\/wp-content\/uploads\/2025\/06\/12-7510-tat-ca-nhung-dieu-con-gai-can-biet-1-300x300.jpg",300,300,true],"woocommerce_single":["http:\/\/thuvien360.com\/wp-content\/uploads\/2025\/06\/12-7510-tat-ca-nhung-dieu-con-gai-can-biet-1-600x450.jpg",600,450,true],"woocommerce_gallery_thumbnail":["http:\/\/thuvien360.com\/wp-content\/uploads\/2025\/06\/12-7510-tat-ca-nhung-dieu-con-gai-can-biet-1-100x100.jpg",100,100,true]},"uagb_author_info":{"display_name":"admin","author_link":"http:\/\/thuvien360.com\/?author=0"},"uagb_comment_info":0,"uagb_excerpt":"T\u00e1c gi\u1ea3 : Trude Ausfelder \u0110\u1ecbnh d\u1ea1ng : S\u00e1ch n\u00f3i DOWNLOAD H\u00e3y t\u00f9y t\u00e2m \u0111\u00f3ng g\u00f3p \u0111\u1ec3 ch\u00fang t\u00f4i c\u00f3 th\u1ec3 ti\u1ebfp t\u1ee5c duy tr\u00ec v\u00e0 ph\u00e1t tri\u1ec3n ho\u1ea1t \u0111\u1ed9ng \u00fd ngh\u0129a n\u00e0y.","_links":{"self":[{"href":"http:\/\/thuvien360.com\/index.php?rest_route=\/wp\/v2\/product\/748","targetHints":{"allow":["GET"]}}],"collection":[{"href":"http:\/\/thuvien360.com\/index.php?rest_route=\/wp\/v2\/product"}],"about":[{"href":"http:\/\/thuvien360.com\/index.php?rest_route=\/wp\/v2\/types\/product"}],"replies":[{"embeddable":true,"href":"http:\/\/thuvien360.com\/index.php?rest_route=%2Fwp%2Fv2%2Fcomments&post=748"}],"wp:featuredmedia":[{"embeddable":true,"href":"http:\/\/thuvien360.com\/index.php?rest_route=\/wp\/v2\/media\/749"}],"wp:attachment":[{"href":"http:\/\/thuvien360.com\/index.php?rest_route=%2Fwp%2Fv2%2Fmedia&parent=748"}],"wp:term":[{"taxonomy":"product_brand","embeddable":true,"href":"http:\/\/thuvien360.com\/index.php?rest_route=%2Fwp%2Fv2%2Fproduct_brand&post=748"},{"taxonomy":"product_cat","embeddable":true,"href":"http:\/\/thuvien360.com\/index.php?rest_route=%2Fwp%2Fv2%2Fproduct_cat&post=748"},{"taxonomy":"product_tag","embeddable":true,"href":"http:\/\/thuvien360.com\/index.php?rest_route=%2Fwp%2Fv2%2Fproduct_tag&post=748"}],"curies":[{"name":"wp","href":"https:\/\/api.w.org\/{rel}","templated":true}]}}