{"id":746,"date":"2025-06-30T03:12:53","date_gmt":"2025-06-30T03:12:53","guid":{"rendered":"http:\/\/thuvien360.com\/?post_type=product&#038;p=746"},"modified":"2025-07-04T01:33:19","modified_gmt":"2025-07-04T01:33:19","slug":"giao-duc-sinh-ly-tre-em","status":"publish","type":"product","link":"http:\/\/thuvien360.com\/?product=giao-duc-sinh-ly-tre-em","title":{"rendered":"GI\u00c1O D\u1ee4C SINH L\u00dd TR\u1eba EM"},"content":{"rendered":"<h3 data-start=\"262\" data-end=\"307\">\ud83d\udc68\u200d\ud83d\udc69\u200d\ud83d\udc67\u200d\ud83d\udc66 <strong data-start=\"278\" data-end=\"305\">GI\u00c1O D\u1ee4C SINH L\u00dd TR\u1eba EM<\/strong><\/h3>\n<p data-start=\"308\" data-end=\"453\"><strong data-start=\"308\" data-end=\"332\">T\u00e1c gi\u1ea3: Thi\u00ean Giang<\/strong><br data-start=\"332\" data-end=\"335\" \/><em data-start=\"335\" data-end=\"453\">M\u1ed9t h\u01b0\u1edbng d\u1eabn nh\u1eb9 nh\u00e0ng nh\u01b0ng \u0111\u1ea7y s\u00e2u s\u1eafc \u0111\u1ec3 cha m\u1eb9 v\u00e0 nh\u00e0 tr\u01b0\u1eddng gi\u00fap tr\u1ebb hi\u1ec3u, y\u00eau v\u00e0 t\u00f4n tr\u1ecdng ch\u00ednh c\u01a1 th\u1ec3 m\u00ecnh.<\/em><\/p>\n<hr data-start=\"455\" data-end=\"458\" \/>\n<p data-start=\"460\" data-end=\"850\">\u1ede x\u00e3 h\u1ed9i hi\u1ec7n \u0111\u1ea1i, khi tr\u1ebb em ti\u1ebfp x\u00fac s\u1edbm v\u1edbi c\u00f4ng ngh\u1ec7 v\u00e0 th\u00f4ng tin, vi\u1ec7c <strong data-start=\"536\" data-end=\"568\">gi\u00e1o d\u1ee5c gi\u1edbi t\u00ednh \u2013 sinh l\u00fd<\/strong> kh\u00f4ng c\u00f2n l\u00e0 \u0111i\u1ec1u \u201ct\u00f9y l\u1edbn kh\u1eafc bi\u1ebft\u201d, m\u00e0 ph\u1ea3i \u0111\u01b0\u1ee3c <strong data-start=\"621\" data-end=\"662\">b\u1eaft \u0111\u1ea7u t\u1eeb s\u1edbm, \u0111\u00fang l\u00fac v\u00e0 \u0111\u00fang c\u00e1ch<\/strong>. Cu\u1ed1n s\u00e1ch c\u1ee7a Thi\u00ean Giang cung c\u1ea5p m\u1ed9t n\u1ec1n t\u1ea3ng v\u1eefng ch\u1eafc, v\u1eeba <strong data-start=\"727\" data-end=\"753\">khoa h\u1ecdc, v\u1eeba nh\u00e2n v\u0103n<\/strong>, gi\u00fap tr\u1ebb <strong data-start=\"764\" data-end=\"830\">ph\u00e1t tri\u1ec3n nh\u1eadn th\u1ee9c v\u1ec1 c\u01a1 th\u1ec3, gi\u1edbi t\u00ednh v\u00e0 ranh gi\u1edbi c\u00e1 nh\u00e2n<\/strong> m\u1ed9t c\u00e1ch l\u00e0nh m\u1ea1nh.<\/p>\n<hr data-start=\"852\" data-end=\"855\" \/>\n<h3 data-start=\"857\" data-end=\"881\">\ud83d\udcd8 N\u1ed9i dung n\u1ed5i b\u1eadt:<\/h3>\n<ul data-start=\"882\" data-end=\"1267\">\n<li data-start=\"882\" data-end=\"947\">\n<p data-start=\"884\" data-end=\"947\">\ud83d\udca1 Gi\u1ea3i th\u00edch <strong data-start=\"898\" data-end=\"920\">sinh l\u00fd h\u1ecdc c\u01a1 b\u1ea3n<\/strong> ph\u00f9 h\u1ee3p v\u1edbi t\u1eebng \u0111\u1ed9 tu\u1ed5i<\/p>\n<\/li>\n<li data-start=\"948\" data-end=\"1030\">\n<p data-start=\"950\" data-end=\"1030\">\ud83e\udd1d C\u00e1ch tr\u00f2 chuy\u1ec7n v\u1edbi tr\u1ebb v\u1ec1 <strong data-start=\"980\" data-end=\"1028\">gi\u1edbi t\u00ednh, d\u1eady th\u00ec, t\u00ecnh d\u1ee5c, an to\u00e0n c\u01a1 th\u1ec3<\/strong><\/p>\n<\/li>\n<li data-start=\"1031\" data-end=\"1112\">\n<p data-start=\"1033\" data-end=\"1112\">\ud83d\udee1\ufe0f Nh\u1eadn di\u1ec7n v\u00e0 <strong data-start=\"1050\" data-end=\"1072\">ph\u00f2ng ng\u1eeba x\u00e2m h\u1ea1i<\/strong>: k\u1ef9 n\u0103ng \u201cn\u00f3i kh\u00f4ng\u201d, b\u1ea3o v\u1ec7 b\u1ea3n th\u00e2n<\/p>\n<\/li>\n<li data-start=\"1113\" data-end=\"1198\">\n<p data-start=\"1115\" data-end=\"1198\">\ud83e\udde0 Gi\u1ea3i \u0111\u00e1p c\u00e1c th\u1eafc m\u1eafc nh\u1ea1y c\u1ea3m c\u1ee7a tr\u1ebb m\u1ed9t c\u00e1ch <strong data-start=\"1166\" data-end=\"1196\">t\u1ef1 nhi\u00ean, kh\u00f4ng g\u00e2y x\u1ea5u h\u1ed5<\/strong><\/p>\n<\/li>\n<li data-start=\"1199\" data-end=\"1267\">\n<p data-start=\"1201\" data-end=\"1267\">\ud83e\uddd8 K\u1ebft n\u1ed1i <strong data-start=\"1212\" data-end=\"1265\">gi\u00e1o d\u1ee5c th\u1ec3 ch\u1ea5t v\u1edbi gi\u00e1o d\u1ee5c c\u1ea3m x\u00fac v\u00e0 \u0111\u1ea1o \u0111\u1ee9c<\/strong><\/p>\n<\/li>\n<\/ul>\n","protected":false},"excerpt":{"rendered":"<p>T\u00e1c gi\u1ea3 : Thi\u00ean Giang<br \/>\n\u0110\u1ecbnh d\u1ea1ng : S\u00e1ch n\u00f3i<\/p>\n<p><strong><a href=\"https:\/\/drive.usercontent.google.com\/download?id=15N5PVzQkhSULT8B9eUIfw8nDSk-dyUBI&amp;export=download&amp;authuser=0\">DOWNLOAD<\/a><br \/>\nH\u00e3y t\u00f9y t\u00e2m \u0111\u00f3ng g\u00f3p \u0111\u1ec3 ch\u00fang t\u00f4i c\u00f3 th\u1ec3 ti\u1ebfp t\u1ee5c duy tr\u00ec v\u00e0 ph\u00e1t tri\u1ec3n ho\u1ea1t \u0111\u1ed9ng \u00fd ngh\u0129a n\u00e0y.<\/strong><\/p>\n<p><img decoding=\"async\" src=\"http:\/\/thuvien360.com\/wp-content\/uploads\/2025\/06\/QR-HUNG.jpg\" \/><\/p>\n","protected":false},"featured_media":747,"comment_status":"open","ping_status":"closed","template":"","meta":{"_uag_custom_page_level_css":""},"product_brand":[],"product_cat":[60,63],"product_tag":[],"class_list":{"0":"post-746","1":"product","2":"type-product","3":"status-publish","4":"has-post-thumbnail","6":"product_cat-giaotrinh","7":"product_cat-suc-khoe","9":"first","10":"instock","11":"downloadable","12":"virtual","13":"sold-individually","14":"product-type-simple"},"uagb_featured_image_src":{"full":["http:\/\/thuvien360.com\/wp-content\/uploads\/2025\/06\/11-7501-giao-duc-sinh-ly-tre-em-1.jpg",1200,900,false],"thumbnail":["http:\/\/thuvien360.com\/wp-content\/uploads\/2025\/06\/11-7501-giao-duc-sinh-ly-tre-em-1-150x150.jpg",150,150,true],"medium":["http:\/\/thuvien360.com\/wp-content\/uploads\/2025\/06\/11-7501-giao-duc-sinh-ly-tre-em-1-300x225.jpg",300,225,true],"medium_large":["http:\/\/thuvien360.com\/wp-content\/uploads\/2025\/06\/11-7501-giao-duc-sinh-ly-tre-em-1-768x576.jpg",768,576,true],"large":["http:\/\/thuvien360.com\/wp-content\/uploads\/2025\/06\/11-7501-giao-duc-sinh-ly-tre-em-1-1024x768.jpg",1020,765,true],"1536x1536":["http:\/\/thuvien360.com\/wp-content\/uploads\/2025\/06\/11-7501-giao-duc-sinh-ly-tre-em-1.jpg",1200,900,false],"2048x2048":["http:\/\/thuvien360.com\/wp-content\/uploads\/2025\/06\/11-7501-giao-duc-sinh-ly-tre-em-1.jpg",1200,900,false],"woocommerce_thumbnail":["http:\/\/thuvien360.com\/wp-content\/uploads\/2025\/06\/11-7501-giao-duc-sinh-ly-tre-em-1-300x300.jpg",300,300,true],"woocommerce_single":["http:\/\/thuvien360.com\/wp-content\/uploads\/2025\/06\/11-7501-giao-duc-sinh-ly-tre-em-1-600x450.jpg",600,450,true],"woocommerce_gallery_thumbnail":["http:\/\/thuvien360.com\/wp-content\/uploads\/2025\/06\/11-7501-giao-duc-sinh-ly-tre-em-1-100x100.jpg",100,100,true]},"uagb_author_info":{"display_name":"admin","author_link":"http:\/\/thuvien360.com\/?author=0"},"uagb_comment_info":0,"uagb_excerpt":"T\u00e1c gi\u1ea3 : Thi\u00ean Giang \u0110\u1ecbnh d\u1ea1ng : S\u00e1ch n\u00f3i DOWNLOAD H\u00e3y t\u00f9y t\u00e2m \u0111\u00f3ng g\u00f3p \u0111\u1ec3 ch\u00fang t\u00f4i c\u00f3 th\u1ec3 ti\u1ebfp t\u1ee5c duy tr\u00ec v\u00e0 ph\u00e1t tri\u1ec3n ho\u1ea1t \u0111\u1ed9ng \u00fd ngh\u0129a n\u00e0y.","_links":{"self":[{"href":"http:\/\/thuvien360.com\/index.php?rest_route=\/wp\/v2\/product\/746","targetHints":{"allow":["GET"]}}],"collection":[{"href":"http:\/\/thuvien360.com\/index.php?rest_route=\/wp\/v2\/product"}],"about":[{"href":"http:\/\/thuvien360.com\/index.php?rest_route=\/wp\/v2\/types\/product"}],"replies":[{"embeddable":true,"href":"http:\/\/thuvien360.com\/index.php?rest_route=%2Fwp%2Fv2%2Fcomments&post=746"}],"wp:featuredmedia":[{"embeddable":true,"href":"http:\/\/thuvien360.com\/index.php?rest_route=\/wp\/v2\/media\/747"}],"wp:attachment":[{"href":"http:\/\/thuvien360.com\/index.php?rest_route=%2Fwp%2Fv2%2Fmedia&parent=746"}],"wp:term":[{"taxonomy":"product_brand","embeddable":true,"href":"http:\/\/thuvien360.com\/index.php?rest_route=%2Fwp%2Fv2%2Fproduct_brand&post=746"},{"taxonomy":"product_cat","embeddable":true,"href":"http:\/\/thuvien360.com\/index.php?rest_route=%2Fwp%2Fv2%2Fproduct_cat&post=746"},{"taxonomy":"product_tag","embeddable":true,"href":"http:\/\/thuvien360.com\/index.php?rest_route=%2Fwp%2Fv2%2Fproduct_tag&post=746"}],"curies":[{"name":"wp","href":"https:\/\/api.w.org\/{rel}","templated":true}]}}