{"id":742,"date":"2025-06-30T03:07:11","date_gmt":"2025-06-30T03:07:11","guid":{"rendered":"http:\/\/thuvien360.com\/?post_type=product&#038;p=742"},"modified":"2025-07-04T07:51:51","modified_gmt":"2025-07-04T07:51:51","slug":"an-chay-va-suc-khoe","status":"publish","type":"product","link":"http:\/\/thuvien360.com\/?product=an-chay-va-suc-khoe","title":{"rendered":"\u0102N CHAY V\u00c0 S\u1ee8C KH\u1eceE"},"content":{"rendered":"<h3 data-start=\"259\" data-end=\"291\">\ud83e\udd57 <strong data-start=\"266\" data-end=\"289\">\u0102N CHAY V\u00c0 S\u1ee8C KH\u1eceE<\/strong><\/h3>\n<p data-start=\"292\" data-end=\"418\"><strong data-start=\"292\" data-end=\"318\">T\u00e1c gi\u1ea3: Tr\u1ea7n Anh Ki\u1ec7t<\/strong><br data-start=\"318\" data-end=\"321\" \/><em data-start=\"321\" data-end=\"418\">\u0102n chay kh\u00f4ng ch\u1ec9 l\u00e0 m\u1ed9t l\u1ef1a ch\u1ecdn th\u1ef1c ph\u1ea9m \u2013 m\u00e0 l\u00e0 m\u1ed9t c\u00e1ch s\u1ed1ng t\u1eed t\u1ebf, t\u1ec9nh th\u1ee9c v\u00e0 khoa h\u1ecdc.<\/em><\/p>\n<hr data-start=\"420\" data-end=\"423\" \/>\n<p data-start=\"425\" data-end=\"761\">Trong b\u1ed1i c\u1ea3nh hi\u1ec7n \u0111\u1ea1i, khi c\u00e1c v\u1ea5n \u0111\u1ec1 v\u1ec1 s\u1ee9c kh\u1ecfe, m\u00f4i tr\u01b0\u1eddng v\u00e0 \u0111\u1ea1o \u0111\u1ee9c ng\u00e0y c\u00e0ng \u0111\u01b0\u1ee3c quan t\u00e2m, \u0103n chay tr\u1edf th\u00e0nh xu h\u01b0\u1edbng to\u00e0n c\u1ea7u. Tuy nhi\u00ean, kh\u00f4ng ph\u1ea3i ai c\u0169ng hi\u1ec3u \u0111\u00fang v\u00e0 \u0111\u1ee7 v\u1ec1 <strong data-start=\"611\" data-end=\"658\">t\u00e1c d\u1ee5ng \u2013 nguy\u00ean t\u1eafc \u2013 v\u00e0 c\u00e1c l\u01b0u \u00fd y khoa<\/strong> c\u1ee7a vi\u1ec7c \u0103n chay. Cu\u1ed1n s\u00e1ch n\u00e0y gi\u00fap b\u1ea1n ti\u1ebfp c\u1eadn \u0103n chay m\u1ed9t c\u00e1ch <strong data-start=\"726\" data-end=\"760\">khoa h\u1ecdc, c\u00e2n b\u1eb1ng v\u00e0 b\u1ec1n v\u1eefng<\/strong>.<\/p>\n<hr data-start=\"763\" data-end=\"766\" \/>\n<h3 data-start=\"768\" data-end=\"792\">\ud83d\udcd8 N\u1ed9i dung n\u1ed5i b\u1eadt:<\/h3>\n<ul data-start=\"793\" data-end=\"1247\">\n<li data-start=\"793\" data-end=\"885\">\n<p data-start=\"795\" data-end=\"885\">\ud83e\udde0 L\u00fd gi\u1ea3i <strong data-start=\"806\" data-end=\"838\">l\u1ee3i \u00edch s\u1ee9c kh\u1ecfe c\u1ee7a \u0103n chay<\/strong>: gi\u1ea3m nguy c\u01a1 tim m\u1ea1ch, ti\u1ec3u \u0111\u01b0\u1eddng, ung th\u01b0\u2026<\/p>\n<\/li>\n<li data-start=\"886\" data-end=\"995\">\n<p data-start=\"888\" data-end=\"995\">\ud83e\uddea Cung c\u1ea5p ki\u1ebfn th\u1ee9c dinh d\u01b0\u1ee1ng: <strong data-start=\"922\" data-end=\"975\">ch\u1ea5t \u0111\u1ea1m th\u1ef1c v\u1eadt, vitamin B12, s\u1eaft, k\u1ebdm, omega-3<\/strong> trong ch\u1ebf \u0111\u1ed9 chay<\/p>\n<\/li>\n<li data-start=\"996\" data-end=\"1085\">\n<p data-start=\"998\" data-end=\"1085\">\ud83c\udf7d\ufe0f H\u01b0\u1edbng d\u1eabn x\u00e2y d\u1ef1ng <strong data-start=\"1021\" data-end=\"1046\">th\u1ef1c \u0111\u01a1n chay \u0111\u1ee7 ch\u1ea5t<\/strong>, ph\u00f9 h\u1ee3p v\u1edbi t\u1eebng \u0111\u1ed9 tu\u1ed5i, th\u1ec3 tr\u1ea1ng<\/p>\n<\/li>\n<li data-start=\"1086\" data-end=\"1181\">\n<p data-start=\"1088\" data-end=\"1181\">\ud83c\udf3f Ph\u00e2n t\u00edch t\u00e1c \u0111\u1ed9ng t\u00edch c\u1ef1c c\u1ee7a \u0103n chay \u0111\u1ed1i v\u1edbi <strong data-start=\"1139\" data-end=\"1179\">t\u00e2m l\u00fd, tinh th\u1ea7n v\u00e0 m\u00f4i tr\u01b0\u1eddng s\u1ed1ng<\/strong><\/p>\n<\/li>\n<li data-start=\"1182\" data-end=\"1247\">\n<p data-start=\"1184\" data-end=\"1247\">\ud83d\uded1 C\u1ea3nh b\u00e1o nh\u1eefng sai l\u1ea7m th\u01b0\u1eddng g\u1eb7p khi \u0103n chay thi\u1ebfu khoa h\u1ecdc<\/p>\n<\/li>\n<\/ul>\n","protected":false},"excerpt":{"rendered":"<p>T\u00e1c gi\u1ea3 : Tr\u1ea7n Anh Ki\u1ec7t<br \/>\n\u0110\u1ecbnh d\u1ea1ng : S\u00e1ch n\u00f3i<\/p>\n<p><strong><a href=\"https:\/\/drive.usercontent.google.com\/download?id=1jtyTEllpa47oE8XCfLdUMdL7HM6_t4fH&amp;export=download&amp;authuser=0\">DOWNLOAD<\/a><br \/>\nH\u00e3y t\u00f9y t\u00e2m \u0111\u00f3ng g\u00f3p \u0111\u1ec3 ch\u00fang t\u00f4i c\u00f3 th\u1ec3 ti\u1ebfp t\u1ee5c duy tr\u00ec v\u00e0 ph\u00e1t tri\u1ec3n ho\u1ea1t \u0111\u1ed9ng \u00fd ngh\u0129a n\u00e0y.<\/strong><\/p>\n<p><img decoding=\"async\" src=\"http:\/\/thuvien360.com\/wp-content\/uploads\/2025\/06\/QR-HUNG.jpg\" \/><\/p>\n","protected":false},"featured_media":743,"comment_status":"open","ping_status":"closed","template":"","meta":{"_uag_custom_page_level_css":""},"product_brand":[],"product_cat":[60,63,41],"product_tag":[],"class_list":{"0":"post-742","1":"product","2":"type-product","3":"status-publish","4":"has-post-thumbnail","6":"product_cat-giaotrinh","7":"product_cat-suc-khoe","8":"product_cat-phat-giao","10":"first","11":"instock","12":"downloadable","13":"virtual","14":"sold-individually","15":"product-type-simple"},"uagb_featured_image_src":{"full":["http:\/\/thuvien360.com\/wp-content\/uploads\/2025\/06\/09-6967-an-chay-va-suc-khoe-1.jpg",1200,900,false],"thumbnail":["http:\/\/thuvien360.com\/wp-content\/uploads\/2025\/06\/09-6967-an-chay-va-suc-khoe-1-150x150.jpg",150,150,true],"medium":["http:\/\/thuvien360.com\/wp-content\/uploads\/2025\/06\/09-6967-an-chay-va-suc-khoe-1-300x225.jpg",300,225,true],"medium_large":["http:\/\/thuvien360.com\/wp-content\/uploads\/2025\/06\/09-6967-an-chay-va-suc-khoe-1-768x576.jpg",768,576,true],"large":["http:\/\/thuvien360.com\/wp-content\/uploads\/2025\/06\/09-6967-an-chay-va-suc-khoe-1-1024x768.jpg",1020,765,true],"1536x1536":["http:\/\/thuvien360.com\/wp-content\/uploads\/2025\/06\/09-6967-an-chay-va-suc-khoe-1.jpg",1200,900,false],"2048x2048":["http:\/\/thuvien360.com\/wp-content\/uploads\/2025\/06\/09-6967-an-chay-va-suc-khoe-1.jpg",1200,900,false],"woocommerce_thumbnail":["http:\/\/thuvien360.com\/wp-content\/uploads\/2025\/06\/09-6967-an-chay-va-suc-khoe-1-300x300.jpg",300,300,true],"woocommerce_single":["http:\/\/thuvien360.com\/wp-content\/uploads\/2025\/06\/09-6967-an-chay-va-suc-khoe-1-600x450.jpg",600,450,true],"woocommerce_gallery_thumbnail":["http:\/\/thuvien360.com\/wp-content\/uploads\/2025\/06\/09-6967-an-chay-va-suc-khoe-1-100x100.jpg",100,100,true]},"uagb_author_info":{"display_name":"admin","author_link":"http:\/\/thuvien360.com\/?author=0"},"uagb_comment_info":0,"uagb_excerpt":"T\u00e1c gi\u1ea3 : Tr\u1ea7n Anh Ki\u1ec7t \u0110\u1ecbnh d\u1ea1ng : S\u00e1ch n\u00f3i DOWNLOAD H\u00e3y t\u00f9y t\u00e2m \u0111\u00f3ng g\u00f3p \u0111\u1ec3 ch\u00fang t\u00f4i c\u00f3 th\u1ec3 ti\u1ebfp t\u1ee5c duy tr\u00ec v\u00e0 ph\u00e1t tri\u1ec3n ho\u1ea1t \u0111\u1ed9ng \u00fd ngh\u0129a n\u00e0y.","_links":{"self":[{"href":"http:\/\/thuvien360.com\/index.php?rest_route=\/wp\/v2\/product\/742","targetHints":{"allow":["GET"]}}],"collection":[{"href":"http:\/\/thuvien360.com\/index.php?rest_route=\/wp\/v2\/product"}],"about":[{"href":"http:\/\/thuvien360.com\/index.php?rest_route=\/wp\/v2\/types\/product"}],"replies":[{"embeddable":true,"href":"http:\/\/thuvien360.com\/index.php?rest_route=%2Fwp%2Fv2%2Fcomments&post=742"}],"wp:featuredmedia":[{"embeddable":true,"href":"http:\/\/thuvien360.com\/index.php?rest_route=\/wp\/v2\/media\/743"}],"wp:attachment":[{"href":"http:\/\/thuvien360.com\/index.php?rest_route=%2Fwp%2Fv2%2Fmedia&parent=742"}],"wp:term":[{"taxonomy":"product_brand","embeddable":true,"href":"http:\/\/thuvien360.com\/index.php?rest_route=%2Fwp%2Fv2%2Fproduct_brand&post=742"},{"taxonomy":"product_cat","embeddable":true,"href":"http:\/\/thuvien360.com\/index.php?rest_route=%2Fwp%2Fv2%2Fproduct_cat&post=742"},{"taxonomy":"product_tag","embeddable":true,"href":"http:\/\/thuvien360.com\/index.php?rest_route=%2Fwp%2Fv2%2Fproduct_tag&post=742"}],"curies":[{"name":"wp","href":"https:\/\/api.w.org\/{rel}","templated":true}]}}