{"id":738,"date":"2025-06-30T03:03:51","date_gmt":"2025-06-30T03:03:51","guid":{"rendered":"http:\/\/thuvien360.com\/?post_type=product&#038;p=738"},"modified":"2025-07-04T07:53:58","modified_gmt":"2025-07-04T07:53:58","slug":"cach-su-dung-suc-manh-chua-lanh","status":"publish","type":"product","link":"http:\/\/thuvien360.com\/?product=cach-su-dung-suc-manh-chua-lanh","title":{"rendered":"C\u00c1CH S\u1eec D\u1ee4NG S\u1ee8C M\u1ea0NH CH\u1eeeA L\u00c0NH"},"content":{"rendered":"<h3 data-start=\"272\" data-end=\"315\">\u2728 <strong data-start=\"278\" data-end=\"313\">C\u00c1CH S\u1eec D\u1ee4NG S\u1ee8C M\u1ea0NH CH\u1eeeA L\u00c0NH<\/strong><\/h3>\n<p data-start=\"316\" data-end=\"443\"><strong data-start=\"316\" data-end=\"342\">T\u00e1c gi\u1ea3: Joseph Murphy<\/strong><br data-start=\"342\" data-end=\"345\" \/><em data-start=\"345\" data-end=\"443\">M\u1ed7i ng\u01b0\u1eddi \u0111\u1ec1u c\u00f3 kh\u1ea3 n\u0103ng ch\u1eefa l\u00e0nh \u2013 n\u1ebfu bi\u1ebft c\u00e1ch \u0111\u00e1nh th\u1ee9c s\u1ee9c m\u1ea1nh ti\u1ec1m th\u1ee9c b\u00ean trong m\u00ecnh.<\/em><\/p>\n<hr data-start=\"445\" data-end=\"448\" \/>\n<p data-start=\"450\" data-end=\"645\">L\u00e0 t\u00e1c gi\u1ea3 n\u1ed5i ti\u1ebfng c\u1ee7a \u201cS\u1ee9c M\u1ea1nh Ti\u1ec1m Th\u1ee9c\u201d, <strong data-start=\"497\" data-end=\"514\">Joseph Murphy<\/strong> ti\u1ebfp t\u1ee5c \u0111i s\u00e2u h\u01a1n v\u00e0o l\u0129nh v\u1ef1c ch\u1eefa l\u00e0nh th\u00e2n th\u1ec3 v\u00e0 tinh th\u1ea7n qua s\u1ee9c m\u1ea1nh t\u00e2m tr\u00ed. Trong cu\u1ed1n s\u00e1ch n\u00e0y, \u00f4ng kh\u1eb3ng \u0111\u1ecbnh r\u1eb1ng:<\/p>\n<blockquote data-start=\"646\" data-end=\"781\">\n<p data-start=\"648\" data-end=\"781\"><strong data-start=\"648\" data-end=\"781\">\u201cNi\u1ec1m tin \u2013 k\u1ebft h\u1ee3p v\u1edbi suy ngh\u0129 t\u00edch c\u1ef1c v\u00e0 c\u1ea7u nguy\u1ec7n \u0111\u00fang c\u00e1ch \u2013 c\u00f3 th\u1ec3 kh\u01a1i m\u1edf n\u0103ng l\u1ef1c ch\u1eefa l\u00e0nh v\u01b0\u1ee3t xa c\u1ea3 y h\u1ecdc hi\u1ec7n \u0111\u1ea1i.\u201d<\/strong><\/p>\n<\/blockquote>\n<hr data-start=\"783\" data-end=\"786\" \/>\n<h3 data-start=\"788\" data-end=\"825\">\ud83d\udcd8 Nh\u1eefng \u0111i\u1ec3m n\u1ed5i b\u1eadt trong s\u00e1ch:<\/h3>\n<ul data-start=\"826\" data-end=\"1261\">\n<li data-start=\"826\" data-end=\"939\">\n<p data-start=\"828\" data-end=\"939\">\ud83e\udde0 <strong data-start=\"831\" data-end=\"851\">T\u01b0 duy ch\u1eefa l\u00e0nh<\/strong>: Ch\u1eefa b\u1ec7nh kh\u00f4ng ch\u1ec9 b\u1eb1ng thu\u1ed1c m\u00e0 b\u1eb1ng c\u00e1ch <strong data-start=\"897\" data-end=\"937\">t\u00e1i l\u1eadp ni\u1ec1m tin v\u00e0 thay \u0111\u1ed5i t\u00e2m tr\u00ed<\/strong><\/p>\n<\/li>\n<li data-start=\"940\" data-end=\"1065\">\n<p data-start=\"942\" data-end=\"1065\">\ud83c\udf3f C\u00e1ch s\u1eed d\u1ee5ng <strong data-start=\"958\" data-end=\"983\">c\u1ea7u nguy\u1ec7n kh\u1eb3ng \u0111\u1ecbnh<\/strong>, <strong data-start=\"985\" data-end=\"1007\">h\u00ecnh dung t\u00edch c\u1ef1c<\/strong>, v\u00e0 <strong data-start=\"1012\" data-end=\"1028\">l\u00f2ng bi\u1ebft \u01a1n<\/strong> \u0111\u1ec3 k\u00edch ho\u1ea1t kh\u1ea3 n\u0103ng t\u1ef1 ch\u1eefa l\u00e0nh<\/p>\n<\/li>\n<li data-start=\"1066\" data-end=\"1150\">\n<p data-start=\"1068\" data-end=\"1150\">\ud83e\uddd8 H\u01b0\u1edbng d\u1eabn k\u1ef9 thu\u1eadt <strong data-start=\"1090\" data-end=\"1109\">l\u00e0m d\u1ecbu t\u00e2m tr\u00ed<\/strong>, thi\u1ec1n \u0111\u1ecbnh v\u00e0 l\u1eadp tr\u00ecnh l\u1ea1i ti\u1ec1m th\u1ee9c<\/p>\n<\/li>\n<li data-start=\"1151\" data-end=\"1261\">\n<p data-start=\"1153\" data-end=\"1261\">\ud83d\udde3\ufe0f Nh\u1eefng c\u00e2u chuy\u1ec7n th\u1ef1c t\u1ebf v\u1ec1 <strong data-start=\"1185\" data-end=\"1261\">ng\u01b0\u1eddi v\u01b0\u1ee3t qua b\u1ec7nh hi\u1ec3m ngh\u00e8o nh\u1edd thay \u0111\u1ed5i ni\u1ec1m tin v\u00e0 n\u1ed9i l\u1ef1c t\u00e2m linh<\/strong><\/p>\n<\/li>\n<\/ul>\n","protected":false},"excerpt":{"rendered":"<p>T\u00e1c gi\u1ea3 : Joseph Murphy<br \/>\n\u0110\u1ecbnh d\u1ea1ng : S\u00e1ch n\u00f3i<\/p>\n<p><strong><a href=\"https:\/\/drive.usercontent.google.com\/download?id=1AD7RSW-f4qb4Tv-qCYWNr7YbZvQ3Kktf&amp;export=download&amp;authuser=0\">DOWNLOAD<\/a><br \/>\nH\u00e3y t\u00f9y t\u00e2m \u0111\u00f3ng g\u00f3p \u0111\u1ec3 ch\u00fang t\u00f4i c\u00f3 th\u1ec3 ti\u1ebfp t\u1ee5c duy tr\u00ec v\u00e0 ph\u00e1t tri\u1ec3n ho\u1ea1t \u0111\u1ed9ng \u00fd ngh\u0129a n\u00e0y.<\/strong><\/p>\n<p><img decoding=\"async\" src=\"http:\/\/thuvien360.com\/wp-content\/uploads\/2025\/06\/QR-HUNG.jpg\" \/><\/p>\n","protected":false},"featured_media":739,"comment_status":"open","ping_status":"closed","template":"","meta":{"_uag_custom_page_level_css":""},"product_brand":[],"product_cat":[60,63,43],"product_tag":[],"class_list":{"0":"post-738","1":"product","2":"type-product","3":"status-publish","4":"has-post-thumbnail","6":"product_cat-giaotrinh","7":"product_cat-suc-khoe","8":"product_cat-thien-dinh","10":"first","11":"instock","12":"downloadable","13":"virtual","14":"sold-individually","15":"product-type-simple"},"uagb_featured_image_src":{"full":["http:\/\/thuvien360.com\/wp-content\/uploads\/2025\/06\/07-7780-cach-su-dung-suc-manh-chua-lanh-1.jpg",1200,900,false],"thumbnail":["http:\/\/thuvien360.com\/wp-content\/uploads\/2025\/06\/07-7780-cach-su-dung-suc-manh-chua-lanh-1-150x150.jpg",150,150,true],"medium":["http:\/\/thuvien360.com\/wp-content\/uploads\/2025\/06\/07-7780-cach-su-dung-suc-manh-chua-lanh-1-300x225.jpg",300,225,true],"medium_large":["http:\/\/thuvien360.com\/wp-content\/uploads\/2025\/06\/07-7780-cach-su-dung-suc-manh-chua-lanh-1-768x576.jpg",768,576,true],"large":["http:\/\/thuvien360.com\/wp-content\/uploads\/2025\/06\/07-7780-cach-su-dung-suc-manh-chua-lanh-1-1024x768.jpg",1020,765,true],"1536x1536":["http:\/\/thuvien360.com\/wp-content\/uploads\/2025\/06\/07-7780-cach-su-dung-suc-manh-chua-lanh-1.jpg",1200,900,false],"2048x2048":["http:\/\/thuvien360.com\/wp-content\/uploads\/2025\/06\/07-7780-cach-su-dung-suc-manh-chua-lanh-1.jpg",1200,900,false],"woocommerce_thumbnail":["http:\/\/thuvien360.com\/wp-content\/uploads\/2025\/06\/07-7780-cach-su-dung-suc-manh-chua-lanh-1-300x300.jpg",300,300,true],"woocommerce_single":["http:\/\/thuvien360.com\/wp-content\/uploads\/2025\/06\/07-7780-cach-su-dung-suc-manh-chua-lanh-1-600x450.jpg",600,450,true],"woocommerce_gallery_thumbnail":["http:\/\/thuvien360.com\/wp-content\/uploads\/2025\/06\/07-7780-cach-su-dung-suc-manh-chua-lanh-1-100x100.jpg",100,100,true]},"uagb_author_info":{"display_name":"admin","author_link":"http:\/\/thuvien360.com\/?author=0"},"uagb_comment_info":0,"uagb_excerpt":"T\u00e1c gi\u1ea3 : Joseph Murphy \u0110\u1ecbnh d\u1ea1ng : S\u00e1ch n\u00f3i DOWNLOAD H\u00e3y t\u00f9y t\u00e2m \u0111\u00f3ng g\u00f3p \u0111\u1ec3 ch\u00fang t\u00f4i c\u00f3 th\u1ec3 ti\u1ebfp t\u1ee5c duy tr\u00ec v\u00e0 ph\u00e1t tri\u1ec3n ho\u1ea1t \u0111\u1ed9ng \u00fd ngh\u0129a n\u00e0y.","_links":{"self":[{"href":"http:\/\/thuvien360.com\/index.php?rest_route=\/wp\/v2\/product\/738","targetHints":{"allow":["GET"]}}],"collection":[{"href":"http:\/\/thuvien360.com\/index.php?rest_route=\/wp\/v2\/product"}],"about":[{"href":"http:\/\/thuvien360.com\/index.php?rest_route=\/wp\/v2\/types\/product"}],"replies":[{"embeddable":true,"href":"http:\/\/thuvien360.com\/index.php?rest_route=%2Fwp%2Fv2%2Fcomments&post=738"}],"wp:featuredmedia":[{"embeddable":true,"href":"http:\/\/thuvien360.com\/index.php?rest_route=\/wp\/v2\/media\/739"}],"wp:attachment":[{"href":"http:\/\/thuvien360.com\/index.php?rest_route=%2Fwp%2Fv2%2Fmedia&parent=738"}],"wp:term":[{"taxonomy":"product_brand","embeddable":true,"href":"http:\/\/thuvien360.com\/index.php?rest_route=%2Fwp%2Fv2%2Fproduct_brand&post=738"},{"taxonomy":"product_cat","embeddable":true,"href":"http:\/\/thuvien360.com\/index.php?rest_route=%2Fwp%2Fv2%2Fproduct_cat&post=738"},{"taxonomy":"product_tag","embeddable":true,"href":"http:\/\/thuvien360.com\/index.php?rest_route=%2Fwp%2Fv2%2Fproduct_tag&post=738"}],"curies":[{"name":"wp","href":"https:\/\/api.w.org\/{rel}","templated":true}]}}