{"id":734,"date":"2025-06-30T03:00:25","date_gmt":"2025-06-30T03:00:25","guid":{"rendered":"http:\/\/thuvien360.com\/?post_type=product&#038;p=734"},"modified":"2025-07-04T07:56:04","modified_gmt":"2025-07-04T07:56:04","slug":"niem-phat-chuyen-hoa-te-bao-ung-thu","status":"publish","type":"product","link":"http:\/\/thuvien360.com\/?product=niem-phat-chuyen-hoa-te-bao-ung-thu","title":{"rendered":"NI\u1ec6M PH\u1eacT CHUY\u1ec2N H\u00d3A T\u1ebe B\u00c0O UNG TH\u01af"},"content":{"rendered":"<h3 data-start=\"214\" data-end=\"262\"><strong data-start=\"221\" data-end=\"260\">NI\u1ec6M PH\u1eacT CHUY\u1ec2N H\u00d3A T\u1ebe B\u00c0O UNG TH\u01af<\/strong><\/h3>\n<p data-start=\"263\" data-end=\"384\"><strong data-start=\"263\" data-end=\"293\">T\u00e1c gi\u1ea3: Ph\u00e1p S\u01b0 \u0110\u1ea1o Ch\u1ee9ng<\/strong><br data-start=\"293\" data-end=\"296\" \/><em data-start=\"296\" data-end=\"384\">M\u1ed9t h\u00e0nh tr\u00ecnh ch\u1eefa l\u00e0nh ung th\u01b0 b\u1eb1ng l\u00f2ng tin, tr\u00ed tu\u1ec7 v\u00e0 c\u00f4ng phu ni\u1ec7m Ph\u1eadt s\u00e2u s\u1eafc.<\/em><\/p>\n<blockquote data-start=\"386\" data-end=\"531\">\n<p data-start=\"388\" data-end=\"531\">\u201cTh\u00e2n c\u00f3 b\u1ec7nh, t\u00e2m kh\u00f4ng b\u1ec7nh. Th\u00e2n c\u00f3 kh\u1ed5, t\u00e2m kh\u00f4ng kh\u1ed5. T\u1ea5t c\u1ea3 \u0111\u1ec1u c\u00f3 th\u1ec3 chuy\u1ec3n h\u00f3a b\u1eb1ng Ph\u1eadt l\u1ef1c v\u00e0 ch\u00e1nh ni\u1ec7m.\u201d<br data-start=\"505\" data-end=\"508\" \/>\u2014 <em data-start=\"512\" data-end=\"531\">Ph\u00e1p S\u01b0 \u0110\u1ea1o Ch\u1ee9ng<\/em><\/p>\n<\/blockquote>\n<hr data-start=\"533\" data-end=\"536\" \/>\n<p data-start=\"538\" data-end=\"870\">L\u00e0 ng\u01b0\u1eddi t\u1eebng tr\u1ea3i qua <strong data-start=\"561\" data-end=\"595\">bi\u1ebfn c\u1ed1 ung th\u01b0 giai \u0111o\u1ea1n cu\u1ed1i<\/strong>, Ph\u00e1p S\u01b0 \u0110\u1ea1o Ch\u1ee9ng kh\u00f4ng ch\u1ecdn ph\u01b0\u01a1ng ph\u00e1p \u0111i\u1ec1u tr\u1ecb theo T\u00e2y y hi\u1ec7n \u0111\u1ea1i, m\u00e0 quay v\u1ec1 v\u1edbi <strong data-start=\"683\" data-end=\"751\">Ph\u1eadt ph\u00e1p, ni\u1ec7m Ph\u1eadt A Di \u0110\u00e0, thi\u1ec1n \u0111\u1ecbnh v\u00e0 gi\u1edbi lu\u1eadt thanh t\u1ecbnh<\/strong>. K\u1ebft qu\u1ea3 l\u00e0 <strong data-start=\"764\" data-end=\"808\">th\u00e2n b\u1ec7nh thuy\u00ean gi\u1ea3m, t\u00e2m b\u1ec7nh ti\u00eau tan<\/strong>, t\u1ea1o ra m\u1ed9t tr\u01b0\u1eddng h\u1ee3p k\u1ef3 di\u1ec7u khi\u1ebfn c\u1ea3 y gi\u1edbi ph\u1ea3i suy ng\u1eabm.<\/p>\n<p data-start=\"872\" data-end=\"1069\">Cu\u1ed1n s\u00e1ch kh\u00f4ng ch\u1ec9 k\u1ec3 l\u1ea1i <strong data-start=\"899\" data-end=\"941\">h\u00e0nh tr\u00ecnh v\u01b0\u1ee3t b\u1ec7nh c\u1ee7a ch\u00ednh t\u00e1c gi\u1ea3<\/strong>, m\u00e0 c\u00f2n l\u00e0 m\u1ed9t <strong data-start=\"957\" data-end=\"979\">b\u1ea3n ch\u1ec9 d\u1eabn tu t\u1eadp<\/strong> cho nh\u1eefng ai \u0111ang kh\u1ed5 \u0111au v\u00ec b\u1ec7nh t\u1eadt, m\u1ea5t ph\u01b0\u01a1ng h\u01b0\u1edbng ho\u1eb7c c\u1ea7n n\u01a1i n\u01b0\u01a1ng t\u1ef1a tinh th\u1ea7n.<\/p>\n<hr data-start=\"1071\" data-end=\"1074\" \/>\n<h3 data-start=\"1076\" data-end=\"1100\">\ud83d\udc8e N\u1ed9i dung n\u1ed5i b\u1eadt:<\/h3>\n<ul data-start=\"1101\" data-end=\"1466\">\n<li data-start=\"1101\" data-end=\"1157\">\n<p data-start=\"1103\" data-end=\"1157\">\ud83d\udcd6 K\u1ec3 l\u1ea1i ch\u00e2n th\u1ef1c h\u00e0nh tr\u00ecnh chi\u1ebfn \u0111\u1ea5u v\u1edbi ung th\u01b0<\/p>\n<\/li>\n<li data-start=\"1158\" data-end=\"1248\">\n<p data-start=\"1160\" data-end=\"1248\">\ud83e\uddd8 H\u01b0\u1edbng d\u1eabn c\u00e1ch <strong data-start=\"1178\" data-end=\"1209\">ni\u1ec7m Ph\u1eadt nh\u1ea5t t\u00e2m b\u1ea5t lo\u1ea1n<\/strong>, k\u1ebft h\u1ee3p tr\u00ec ch\u00fa, h\u00e0nh tr\u00ec gi\u1edbi lu\u1eadt<\/p>\n<\/li>\n<li data-start=\"1249\" data-end=\"1316\">\n<p data-start=\"1251\" data-end=\"1316\">\ud83c\udf38 Ph\u00e2n t\u00edch m\u1ed1i li\u00ean h\u1ec7 gi\u1eefa <strong data-start=\"1281\" data-end=\"1314\">nghi\u1ec7p \u2013 th\u00e2n b\u1ec7nh \u2013 t\u00e2m th\u1ee9c<\/strong><\/p>\n<\/li>\n<li data-start=\"1317\" data-end=\"1386\">\n<p data-start=\"1319\" data-end=\"1386\">\ud83d\udd6f\ufe0f Chia s\u1ebb kinh nghi\u1ec7m <strong data-start=\"1343\" data-end=\"1384\">bu\u00f4ng x\u1ea3, ch\u00e1nh ni\u1ec7m, l\u00e0m ch\u1ee7 sinh t\u1eed<\/strong><\/p>\n<\/li>\n<li data-start=\"1387\" data-end=\"1466\">\n<p data-start=\"1389\" data-end=\"1466\">\ud83d\udcac G\u1ee3i m\u1edf tinh th\u1ea7n <strong data-start=\"1409\" data-end=\"1438\">an nhi\u00ean gi\u1eefa ngh\u1ecbch c\u1ea3nh<\/strong>, s\u1ed1ng h\u00f2a h\u1ee3p v\u1edbi v\u00f4 th\u01b0\u1eddng<\/p>\n<\/li>\n<\/ul>\n","protected":false},"excerpt":{"rendered":"<p>T\u00e1c gi\u1ea3 : Ph\u00e1p S\u01b0 \u0110\u1ea1o Ch\u1ee9ng<br \/>\n\u0110\u1ecbnh d\u1ea1ng : S\u00e1ch n\u00f3i<\/p>\n<p><strong><a href=\"https:\/\/drive.usercontent.google.com\/download?id=1UmtgBgJEfjwyhwRXsY1EBDMxde8DwpXj&amp;export=download&amp;authuser=0\">DOWNLOAD<\/a><br \/>\nH\u00e3y t\u00f9y t\u00e2m \u0111\u00f3ng g\u00f3p \u0111\u1ec3 ch\u00fang t\u00f4i c\u00f3 th\u1ec3 ti\u1ebfp t\u1ee5c duy tr\u00ec v\u00e0 ph\u00e1t tri\u1ec3n ho\u1ea1t \u0111\u1ed9ng \u00fd ngh\u0129a n\u00e0y.<\/strong><\/p>\n<p><img decoding=\"async\" src=\"http:\/\/thuvien360.com\/wp-content\/uploads\/2025\/06\/QR-HUNG.jpg\" \/><\/p>\n","protected":false},"featured_media":735,"comment_status":"open","ping_status":"closed","template":"","meta":{"_uag_custom_page_level_css":""},"product_brand":[],"product_cat":[63,41],"product_tag":[],"class_list":{"0":"post-734","1":"product","2":"type-product","3":"status-publish","4":"has-post-thumbnail","6":"product_cat-suc-khoe","7":"product_cat-phat-giao","9":"first","10":"instock","11":"downloadable","12":"virtual","13":"sold-individually","14":"product-type-simple"},"uagb_featured_image_src":{"full":["http:\/\/thuvien360.com\/wp-content\/uploads\/2025\/06\/05-6708-niem-phat-chuyen-hoa-te-bao-ung-thu-1.jpg",1200,900,false],"thumbnail":["http:\/\/thuvien360.com\/wp-content\/uploads\/2025\/06\/05-6708-niem-phat-chuyen-hoa-te-bao-ung-thu-1-150x150.jpg",150,150,true],"medium":["http:\/\/thuvien360.com\/wp-content\/uploads\/2025\/06\/05-6708-niem-phat-chuyen-hoa-te-bao-ung-thu-1-300x225.jpg",300,225,true],"medium_large":["http:\/\/thuvien360.com\/wp-content\/uploads\/2025\/06\/05-6708-niem-phat-chuyen-hoa-te-bao-ung-thu-1-768x576.jpg",768,576,true],"large":["http:\/\/thuvien360.com\/wp-content\/uploads\/2025\/06\/05-6708-niem-phat-chuyen-hoa-te-bao-ung-thu-1-1024x768.jpg",1020,765,true],"1536x1536":["http:\/\/thuvien360.com\/wp-content\/uploads\/2025\/06\/05-6708-niem-phat-chuyen-hoa-te-bao-ung-thu-1.jpg",1200,900,false],"2048x2048":["http:\/\/thuvien360.com\/wp-content\/uploads\/2025\/06\/05-6708-niem-phat-chuyen-hoa-te-bao-ung-thu-1.jpg",1200,900,false],"woocommerce_thumbnail":["http:\/\/thuvien360.com\/wp-content\/uploads\/2025\/06\/05-6708-niem-phat-chuyen-hoa-te-bao-ung-thu-1-300x300.jpg",300,300,true],"woocommerce_single":["http:\/\/thuvien360.com\/wp-content\/uploads\/2025\/06\/05-6708-niem-phat-chuyen-hoa-te-bao-ung-thu-1-600x450.jpg",600,450,true],"woocommerce_gallery_thumbnail":["http:\/\/thuvien360.com\/wp-content\/uploads\/2025\/06\/05-6708-niem-phat-chuyen-hoa-te-bao-ung-thu-1-100x100.jpg",100,100,true]},"uagb_author_info":{"display_name":"admin","author_link":"http:\/\/thuvien360.com\/?author=0"},"uagb_comment_info":0,"uagb_excerpt":"T\u00e1c gi\u1ea3 : Ph\u00e1p S\u01b0 \u0110\u1ea1o Ch\u1ee9ng \u0110\u1ecbnh d\u1ea1ng : S\u00e1ch n\u00f3i DOWNLOAD H\u00e3y t\u00f9y t\u00e2m \u0111\u00f3ng g\u00f3p \u0111\u1ec3 ch\u00fang t\u00f4i c\u00f3 th\u1ec3 ti\u1ebfp t\u1ee5c duy tr\u00ec v\u00e0 ph\u00e1t tri\u1ec3n ho\u1ea1t \u0111\u1ed9ng \u00fd ngh\u0129a n\u00e0y.","_links":{"self":[{"href":"http:\/\/thuvien360.com\/index.php?rest_route=\/wp\/v2\/product\/734","targetHints":{"allow":["GET"]}}],"collection":[{"href":"http:\/\/thuvien360.com\/index.php?rest_route=\/wp\/v2\/product"}],"about":[{"href":"http:\/\/thuvien360.com\/index.php?rest_route=\/wp\/v2\/types\/product"}],"replies":[{"embeddable":true,"href":"http:\/\/thuvien360.com\/index.php?rest_route=%2Fwp%2Fv2%2Fcomments&post=734"}],"wp:featuredmedia":[{"embeddable":true,"href":"http:\/\/thuvien360.com\/index.php?rest_route=\/wp\/v2\/media\/735"}],"wp:attachment":[{"href":"http:\/\/thuvien360.com\/index.php?rest_route=%2Fwp%2Fv2%2Fmedia&parent=734"}],"wp:term":[{"taxonomy":"product_brand","embeddable":true,"href":"http:\/\/thuvien360.com\/index.php?rest_route=%2Fwp%2Fv2%2Fproduct_brand&post=734"},{"taxonomy":"product_cat","embeddable":true,"href":"http:\/\/thuvien360.com\/index.php?rest_route=%2Fwp%2Fv2%2Fproduct_cat&post=734"},{"taxonomy":"product_tag","embeddable":true,"href":"http:\/\/thuvien360.com\/index.php?rest_route=%2Fwp%2Fv2%2Fproduct_tag&post=734"}],"curies":[{"name":"wp","href":"https:\/\/api.w.org\/{rel}","templated":true}]}}