{"id":732,"date":"2025-06-30T02:57:41","date_gmt":"2025-06-30T02:57:41","guid":{"rendered":"http:\/\/thuvien360.com\/?post_type=product&#038;p=732"},"modified":"2025-07-04T07:57:16","modified_gmt":"2025-07-04T07:57:16","slug":"nhan-to-enzyme-1-phuong-thuc-song-lanh-manh","status":"publish","type":"product","link":"http:\/\/thuvien360.com\/?product=nhan-to-enzyme-1-phuong-thuc-song-lanh-manh","title":{"rendered":"NH\u00c2N T\u1ed0 ENZYME 1 \u2013 PH\u01af\u01a0NG TH\u1ee8C S\u1ed0NG L\u00c0NH M\u1ea0NH"},"content":{"rendered":"<h3 data-start=\"263\" data-end=\"321\">\ud83c\udf31 <strong data-start=\"270\" data-end=\"319\">NH\u00c2N T\u1ed0 ENZYME 1 \u2013 PH\u01af\u01a0NG TH\u1ee8C S\u1ed0NG L\u00c0NH M\u1ea0NH<\/strong><\/h3>\n<p data-start=\"322\" data-end=\"448\"><strong data-start=\"322\" data-end=\"348\">T\u00e1c gi\u1ea3: Hiromi Shinya<\/strong><br data-start=\"348\" data-end=\"351\" \/><em data-start=\"351\" data-end=\"448\">Cu\u1ed1n s\u00e1ch khai m\u1edf m\u1ed9t l\u1ed1i s\u1ed1ng gi\u00fap b\u1ea1n s\u1ed1ng th\u1ecd, s\u1ed1ng kh\u1ecfe \u2013 kh\u00f4ng c\u1ea7n l\u1ec7 thu\u1ed9c v\u00e0o thu\u1ed1c men.<\/em><\/p>\n<blockquote data-start=\"450\" data-end=\"508\">\n<p data-start=\"452\" data-end=\"508\">\u201cKh\u00f4ng c\u00f3 s\u1ee9c kh\u1ecfe \u2013 kh\u00f4ng c\u00f3 g\u00ec.\u201d<br data-start=\"486\" data-end=\"489\" \/>\u2014 <em data-start=\"493\" data-end=\"508\">Hiromi Shinya<\/em><\/p>\n<\/blockquote>\n<hr data-start=\"510\" data-end=\"513\" \/>\n<p data-start=\"515\" data-end=\"759\">L\u00e0 <strong data-start=\"518\" data-end=\"582\">b\u00e1c s\u0129 ti\u00ean phong trong l\u0129nh v\u1ef1c n\u1ed9i soi d\u1ea1 d\u00e0y v\u00e0 \u0111\u1ea1i tr\u00e0ng<\/strong>, t\u1eebng \u0111i\u1ec1u tr\u1ecb cho h\u00e0ng tr\u0103m ngh\u00ecn b\u1ec7nh nh\u00e2n, Dr. <strong data-start=\"633\" data-end=\"650\">Hiromi Shinya<\/strong> \u0111\u00e3 \u0111\u00fac k\u1ebft ra m\u1ed9t nguy\u00ean l\u00fd s\u1ed1ng c\u1ed1t l\u00f5i: <strong data-start=\"693\" data-end=\"758\">Enzyme ch\u00ednh l\u00e0 y\u1ebfu t\u1ed1 n\u1ec1n t\u1ea3ng quy\u1ebft \u0111\u1ecbnh s\u1ee9c kh\u1ecfe con ng\u01b0\u1eddi<\/strong>.<\/p>\n<p data-start=\"761\" data-end=\"966\">Trong cu\u1ed1n s\u00e1ch n\u00e0y, \u00f4ng <strong data-start=\"786\" data-end=\"834\">ph\u1ea3n bi\u1ec7n nh\u1eefng quan ni\u1ec7m y h\u1ecdc truy\u1ec1n th\u1ed1ng<\/strong>, \u0111\u1ed3ng th\u1eddi gi\u1edbi thi\u1ec7u ph\u01b0\u01a1ng ph\u00e1p <strong data-start=\"869\" data-end=\"966\">ph\u00f2ng b\u1ec7nh b\u1eb1ng c\u00e1ch duy tr\u00ec l\u01b0\u1ee3ng enzyme n\u1ed9i sinh th\u00f4ng qua \u0103n u\u1ed1ng \u2013 sinh ho\u1ea1t \u2013 tinh th\u1ea7n.<\/strong><\/p>\n<hr data-start=\"968\" data-end=\"971\" \/>\n<h3 data-start=\"973\" data-end=\"995\">\ud83d\udd0d N\u1ed9i dung ch\u00ednh:<\/h3>\n<ul data-start=\"996\" data-end=\"1336\">\n<li data-start=\"996\" data-end=\"1074\">\n<p data-start=\"998\" data-end=\"1074\">\ud83e\uddec Kh\u00e1m ph\u00e1 <strong data-start=\"1010\" data-end=\"1047\">vai tr\u00f2 then ch\u1ed1t c\u1ee7a \u201cenzyme m\u1eb9\u201d<\/strong> trong m\u1ecdi ho\u1ea1t \u0111\u1ed9ng s\u1ed1ng<\/p>\n<\/li>\n<li data-start=\"1075\" data-end=\"1148\">\n<p data-start=\"1077\" data-end=\"1148\">\ud83e\udd66 \u0102n u\u1ed1ng \u0111\u00fang c\u00e1ch: <strong data-start=\"1099\" data-end=\"1146\">h\u1ea1n ch\u1ebf th\u1ef1c ph\u1ea9m ch\u1ebf bi\u1ebfn, th\u1ecbt \u0111\u1ecf, s\u1eefa b\u00f2<\/strong><\/p>\n<\/li>\n<li data-start=\"1149\" data-end=\"1213\">\n<p data-start=\"1151\" data-end=\"1213\">\ud83d\udca7 U\u1ed1ng <strong data-start=\"1159\" data-end=\"1185\">n\u01b0\u1edbc s\u1ea1ch c\u00f3 t\u00ednh ki\u1ec1m<\/strong>, \u0103n nhi\u1ec1u rau c\u1ee7 qu\u1ea3 t\u01b0\u01a1i<\/p>\n<\/li>\n<li data-start=\"1214\" data-end=\"1268\">\n<p data-start=\"1216\" data-end=\"1268\">\ud83d\udca4 T\u1ed1i \u01b0u gi\u1ea5c ng\u1ee7, gi\u1ea3m stress v\u00e0 th\u1ea3i \u0111\u1ed9c c\u01a1 th\u1ec3<\/p>\n<\/li>\n<li data-start=\"1269\" data-end=\"1336\">\n<p data-start=\"1271\" data-end=\"1336\">\ud83d\udeab Tr\u00e1nh l\u1ea1m d\u1ee5ng thu\u1ed1c, \u0111\u1eb7c bi\u1ec7t l\u00e0 kh\u00e1ng sinh v\u00e0 thu\u1ed1c gi\u1ea3m \u0111au<\/p>\n<\/li>\n<\/ul>\n","protected":false},"excerpt":{"rendered":"<p>T\u00e1c gi\u1ea3 : Hiromi Shinya<br \/>\n\u0110\u1ecbnh d\u1ea1ng : S\u00e1ch n\u00f3i<\/p>\n<p><strong><a href=\"https:\/\/drive.usercontent.google.com\/download?id=1fhvnpMFIcOONC8-4DftfO9pzhh-p1cUo&amp;export=download&amp;authuser=0\">DOWNLOAD<\/a><br \/>\nH\u00e3y t\u00f9y t\u00e2m \u0111\u00f3ng g\u00f3p \u0111\u1ec3 ch\u00fang t\u00f4i c\u00f3 th\u1ec3 ti\u1ebfp t\u1ee5c duy tr\u00ec v\u00e0 ph\u00e1t tri\u1ec3n ho\u1ea1t \u0111\u1ed9ng \u00fd ngh\u0129a n\u00e0y.<\/strong><\/p>\n<p><img decoding=\"async\" src=\"http:\/\/thuvien360.com\/wp-content\/uploads\/2025\/06\/QR-HUNG.jpg\" \/><\/p>\n","protected":false},"featured_media":733,"comment_status":"open","ping_status":"closed","template":"","meta":{"_uag_custom_page_level_css":""},"product_brand":[],"product_cat":[60,63],"product_tag":[],"class_list":{"0":"post-732","1":"product","2":"type-product","3":"status-publish","4":"has-post-thumbnail","6":"product_cat-giaotrinh","7":"product_cat-suc-khoe","9":"first","10":"instock","11":"downloadable","12":"virtual","13":"sold-individually","14":"product-type-simple"},"uagb_featured_image_src":{"full":["http:\/\/thuvien360.com\/wp-content\/uploads\/2025\/06\/04-406-nhan-to-enzyme-phuong-thuc-song-lanh-manh-1.jpg",1200,900,false],"thumbnail":["http:\/\/thuvien360.com\/wp-content\/uploads\/2025\/06\/04-406-nhan-to-enzyme-phuong-thuc-song-lanh-manh-1-150x150.jpg",150,150,true],"medium":["http:\/\/thuvien360.com\/wp-content\/uploads\/2025\/06\/04-406-nhan-to-enzyme-phuong-thuc-song-lanh-manh-1-300x225.jpg",300,225,true],"medium_large":["http:\/\/thuvien360.com\/wp-content\/uploads\/2025\/06\/04-406-nhan-to-enzyme-phuong-thuc-song-lanh-manh-1-768x576.jpg",768,576,true],"large":["http:\/\/thuvien360.com\/wp-content\/uploads\/2025\/06\/04-406-nhan-to-enzyme-phuong-thuc-song-lanh-manh-1-1024x768.jpg",1020,765,true],"1536x1536":["http:\/\/thuvien360.com\/wp-content\/uploads\/2025\/06\/04-406-nhan-to-enzyme-phuong-thuc-song-lanh-manh-1.jpg",1200,900,false],"2048x2048":["http:\/\/thuvien360.com\/wp-content\/uploads\/2025\/06\/04-406-nhan-to-enzyme-phuong-thuc-song-lanh-manh-1.jpg",1200,900,false],"woocommerce_thumbnail":["http:\/\/thuvien360.com\/wp-content\/uploads\/2025\/06\/04-406-nhan-to-enzyme-phuong-thuc-song-lanh-manh-1-300x300.jpg",300,300,true],"woocommerce_single":["http:\/\/thuvien360.com\/wp-content\/uploads\/2025\/06\/04-406-nhan-to-enzyme-phuong-thuc-song-lanh-manh-1-600x450.jpg",600,450,true],"woocommerce_gallery_thumbnail":["http:\/\/thuvien360.com\/wp-content\/uploads\/2025\/06\/04-406-nhan-to-enzyme-phuong-thuc-song-lanh-manh-1-100x100.jpg",100,100,true]},"uagb_author_info":{"display_name":"admin","author_link":"http:\/\/thuvien360.com\/?author=0"},"uagb_comment_info":0,"uagb_excerpt":"T\u00e1c gi\u1ea3 : Hiromi Shinya \u0110\u1ecbnh d\u1ea1ng : S\u00e1ch n\u00f3i DOWNLOAD H\u00e3y t\u00f9y t\u00e2m \u0111\u00f3ng g\u00f3p \u0111\u1ec3 ch\u00fang t\u00f4i c\u00f3 th\u1ec3 ti\u1ebfp t\u1ee5c duy tr\u00ec v\u00e0 ph\u00e1t tri\u1ec3n ho\u1ea1t \u0111\u1ed9ng \u00fd ngh\u0129a n\u00e0y.","_links":{"self":[{"href":"http:\/\/thuvien360.com\/index.php?rest_route=\/wp\/v2\/product\/732","targetHints":{"allow":["GET"]}}],"collection":[{"href":"http:\/\/thuvien360.com\/index.php?rest_route=\/wp\/v2\/product"}],"about":[{"href":"http:\/\/thuvien360.com\/index.php?rest_route=\/wp\/v2\/types\/product"}],"replies":[{"embeddable":true,"href":"http:\/\/thuvien360.com\/index.php?rest_route=%2Fwp%2Fv2%2Fcomments&post=732"}],"wp:featuredmedia":[{"embeddable":true,"href":"http:\/\/thuvien360.com\/index.php?rest_route=\/wp\/v2\/media\/733"}],"wp:attachment":[{"href":"http:\/\/thuvien360.com\/index.php?rest_route=%2Fwp%2Fv2%2Fmedia&parent=732"}],"wp:term":[{"taxonomy":"product_brand","embeddable":true,"href":"http:\/\/thuvien360.com\/index.php?rest_route=%2Fwp%2Fv2%2Fproduct_brand&post=732"},{"taxonomy":"product_cat","embeddable":true,"href":"http:\/\/thuvien360.com\/index.php?rest_route=%2Fwp%2Fv2%2Fproduct_cat&post=732"},{"taxonomy":"product_tag","embeddable":true,"href":"http:\/\/thuvien360.com\/index.php?rest_route=%2Fwp%2Fv2%2Fproduct_tag&post=732"}],"curies":[{"name":"wp","href":"https:\/\/api.w.org\/{rel}","templated":true}]}}