{"id":730,"date":"2025-06-30T02:56:23","date_gmt":"2025-06-30T02:56:23","guid":{"rendered":"http:\/\/thuvien360.com\/?post_type=product&#038;p=730"},"modified":"2025-07-04T07:57:30","modified_gmt":"2025-07-04T07:57:30","slug":"nhan-to-enzyme-2-thuc-hanh","status":"publish","type":"product","link":"http:\/\/thuvien360.com\/?product=nhan-to-enzyme-2-thuc-hanh","title":{"rendered":"NH\u00c2N T\u1ed0 ENZYME 2 \u2013 TH\u1ef0C H\u00c0NH"},"content":{"rendered":"<h3 data-start=\"209\" data-end=\"250\">\ud83e\udd66 <strong data-start=\"216\" data-end=\"248\">NH\u00c2N T\u1ed0 ENZYME 2 \u2013 TH\u1ef0C H\u00c0NH<\/strong><\/h3>\n<p data-start=\"251\" data-end=\"385\"><strong data-start=\"251\" data-end=\"277\">T\u00e1c gi\u1ea3: Hiromi Shinya<\/strong><br data-start=\"277\" data-end=\"280\" \/><em data-start=\"280\" data-end=\"385\">B\u00ed quy\u1ebft s\u1ed1ng kh\u1ecfe, s\u1ed1ng l\u00e2u \u2013 nay c\u00f3 th\u1ec3 <strong data-start=\"323\" data-end=\"342\">\u00e1p d\u1ee5ng d\u1ec5 d\u00e0ng<\/strong> trong t\u1eebng b\u1eefa \u0103n v\u00e0 sinh ho\u1ea1t h\u1eb1ng ng\u00e0y.<\/em><\/p>\n<blockquote data-start=\"387\" data-end=\"497\">\n<p data-start=\"389\" data-end=\"497\">\u201cKh\u00f4ng c\u00f3 ph\u01b0\u01a1ng thu\u1ed1c k\u1ef3 di\u1ec7u n\u00e0o b\u1eb1ng ch\u00ednh c\u01a1 th\u1ec3 b\u1ea1n \u2013 khi b\u1ea1n ch\u0103m n\u00f3 \u0111\u00fang c\u00e1ch.\u201d<br data-start=\"475\" data-end=\"478\" \/>\u2014 <em data-start=\"482\" data-end=\"497\">Hiromi Shinya<\/em><\/p>\n<\/blockquote>\n<hr data-start=\"499\" data-end=\"502\" \/>\n<p data-start=\"504\" data-end=\"826\">N\u1ebfu \u201c<strong data-start=\"509\" data-end=\"558\">Nh\u00e2n T\u1ed1 Enzyme 1 \u2013 Ph\u01b0\u01a1ng Th\u1ee9c S\u1ed1ng L\u00e0nh M\u1ea1nh<\/strong>\u201d \u0111\u01b0a ra nh\u1eefng nguy\u00ean l\u00fd n\u1ec1n t\u1ea3ng cho s\u1ee9c kh\u1ecfe t\u1ef1 nhi\u00ean, th\u00ec <strong data-start=\"619\" data-end=\"628\">t\u1eadp 2<\/strong> ch\u00ednh l\u00e0 <strong data-start=\"638\" data-end=\"672\">b\u1ea3n h\u01b0\u1edbng d\u1eabn th\u1ef1c h\u00e0nh c\u1ee5 th\u1ec3<\/strong> \u2013 gi\u00fap b\u1ea1n chuy\u1ec3n \u0111\u1ed5i l\u1ed1i s\u1ed1ng c\u0169 sang m\u1ed9t <strong data-start=\"716\" data-end=\"749\">phong c\u00e1ch s\u1ed1ng kh\u1ecfe ch\u1ee7 \u0111\u1ed9ng<\/strong>, b\u1eaft \u0111\u1ea7u t\u1eeb <strong data-start=\"762\" data-end=\"826\">\u0103n u\u1ed1ng, ngh\u1ec9 ng\u01a1i, v\u1eadn \u0111\u1ed9ng cho \u0111\u1ebfn c\u00e1ch ki\u1ec3m so\u00e1t c\u1ea3m x\u00fac.<\/strong><\/p>\n<p data-start=\"828\" data-end=\"1046\">Cu\u1ed1n s\u00e1ch mang t\u00ednh \u1ee9ng d\u1ee5ng cao, v\u1edbi nh\u1eefng <strong data-start=\"872\" data-end=\"900\">ch\u1ec9 d\u1eabn th\u1ef1c t\u1ebf, d\u1ec5 hi\u1ec3u<\/strong> t\u1eeb kinh nghi\u1ec7m h\u01a1n 40 n\u0103m c\u1ee7a b\u00e1c s\u0129 Hiromi Shinya \u2013 ng\u01b0\u1eddi \u0111\u00e3 tr\u1ef1c ti\u1ebfp \u0111i\u1ec1u tr\u1ecb cho h\u00e0ng tr\u0103m ngh\u00ecn b\u1ec7nh nh\u00e2n b\u1eb1ng ph\u01b0\u01a1ng ph\u00e1p kh\u00f4ng d\u00f9ng thu\u1ed1c.<\/p>\n<hr data-start=\"1048\" data-end=\"1051\" \/>\n<h3 data-start=\"1053\" data-end=\"1077\">\ud83c\udf3f N\u1ed9i dung n\u1ed5i b\u1eadt:<\/h3>\n<ul data-start=\"1078\" data-end=\"1480\">\n<li data-start=\"1078\" data-end=\"1157\">\n<p data-start=\"1080\" data-end=\"1157\">\ud83c\udf7d\ufe0f C\u00e1ch <strong data-start=\"1089\" data-end=\"1155\">\u0103n \u0111\u00fang gi\u1edd, ch\u1ecdn th\u1ef1c ph\u1ea9m c\u00f3 enzyme s\u1ed1ng, kh\u00f4ng n\u1ea5u qu\u00e1 ch\u00edn<\/strong><\/p>\n<\/li>\n<li data-start=\"1158\" data-end=\"1246\">\n<p data-start=\"1160\" data-end=\"1246\">\ud83e\uddc2 Lo\u1ea1i b\u1ecf th\u00f3i quen \u0103n m\u1eb7n, u\u1ed1ng s\u1eefa b\u00f2, l\u1ea1m d\u1ee5ng th\u1ecbt \u0111\u1ecf \u2013 \u0111\u1ec3 t\u0103ng enzyme n\u1ed9i sinh<\/p>\n<\/li>\n<li data-start=\"1247\" data-end=\"1324\">\n<p data-start=\"1249\" data-end=\"1324\">\ud83d\udca7 T\u1ea7m quan tr\u1ecdng c\u1ee7a <strong data-start=\"1271\" data-end=\"1291\">n\u01b0\u1edbc s\u1ea1ch Kangen<\/strong> v\u00e0 <strong data-start=\"1295\" data-end=\"1322\">\u0103n u\u1ed1ng ki\u1ec1m h\u00f3a c\u01a1 th\u1ec3<\/strong><\/p>\n<\/li>\n<li data-start=\"1325\" data-end=\"1397\">\n<p data-start=\"1327\" data-end=\"1397\">\ud83e\uddd8 H\u01b0\u1edbng d\u1eabn <strong data-start=\"1340\" data-end=\"1395\">th\u00f3i quen sinh ho\u1ea1t l\u00e0nh m\u1ea1nh, ng\u1ee7 s\u1edbm, gi\u1ea3m stress<\/strong><\/p>\n<\/li>\n<li data-start=\"1398\" data-end=\"1480\">\n<p data-start=\"1400\" data-end=\"1480\">\ud83d\udccb C\u00f3 <strong data-start=\"1406\" data-end=\"1480\">c\u00e1c b\u1ea3ng h\u01b0\u1edbng d\u1eabn th\u1ef1c \u0111\u01a1n, l\u1ecbch sinh ho\u1ea1t, v\u00e0 g\u1ee3i \u00fd th\u1ef1c h\u00e0nh c\u1ee5 th\u1ec3<\/strong><\/p>\n<\/li>\n<\/ul>\n","protected":false},"excerpt":{"rendered":"<p>T\u00e1c gi\u1ea3 : Hiromi Shinya<br \/>\n\u0110\u1ecbnh d\u1ea1ng : S\u00e1ch n\u00f3i<\/p>\n<p><strong><a href=\"https:\/\/drive.usercontent.google.com\/download?id=1k7P6hKO5l1slsRFhlL67TXpkgpnGjJ9L&amp;export=download&amp;authuser=0\">DOWNLOAD<\/a><br \/>\nH\u00e3y t\u00f9y t\u00e2m \u0111\u00f3ng g\u00f3p \u0111\u1ec3 ch\u00fang t\u00f4i c\u00f3 th\u1ec3 ti\u1ebfp t\u1ee5c duy tr\u00ec v\u00e0 ph\u00e1t tri\u1ec3n ho\u1ea1t \u0111\u1ed9ng \u00fd ngh\u0129a n\u00e0y.<\/strong><\/p>\n<p><img decoding=\"async\" src=\"http:\/\/thuvien360.com\/wp-content\/uploads\/2025\/06\/QR-HUNG.jpg\" \/><\/p>\n","protected":false},"featured_media":731,"comment_status":"open","ping_status":"closed","template":"","meta":{"_uag_custom_page_level_css":""},"product_brand":[],"product_cat":[60,63],"product_tag":[],"class_list":{"0":"post-730","1":"product","2":"type-product","3":"status-publish","4":"has-post-thumbnail","6":"product_cat-giaotrinh","7":"product_cat-suc-khoe","9":"first","10":"instock","11":"downloadable","12":"virtual","13":"sold-individually","14":"product-type-simple"},"uagb_featured_image_src":{"full":["http:\/\/thuvien360.com\/wp-content\/uploads\/2025\/06\/03-5193-nhan-to-enzyme-2-thuc-hanh-1.jpg",1200,900,false],"thumbnail":["http:\/\/thuvien360.com\/wp-content\/uploads\/2025\/06\/03-5193-nhan-to-enzyme-2-thuc-hanh-1-150x150.jpg",150,150,true],"medium":["http:\/\/thuvien360.com\/wp-content\/uploads\/2025\/06\/03-5193-nhan-to-enzyme-2-thuc-hanh-1-300x225.jpg",300,225,true],"medium_large":["http:\/\/thuvien360.com\/wp-content\/uploads\/2025\/06\/03-5193-nhan-to-enzyme-2-thuc-hanh-1-768x576.jpg",768,576,true],"large":["http:\/\/thuvien360.com\/wp-content\/uploads\/2025\/06\/03-5193-nhan-to-enzyme-2-thuc-hanh-1-1024x768.jpg",1020,765,true],"1536x1536":["http:\/\/thuvien360.com\/wp-content\/uploads\/2025\/06\/03-5193-nhan-to-enzyme-2-thuc-hanh-1.jpg",1200,900,false],"2048x2048":["http:\/\/thuvien360.com\/wp-content\/uploads\/2025\/06\/03-5193-nhan-to-enzyme-2-thuc-hanh-1.jpg",1200,900,false],"woocommerce_thumbnail":["http:\/\/thuvien360.com\/wp-content\/uploads\/2025\/06\/03-5193-nhan-to-enzyme-2-thuc-hanh-1-300x300.jpg",300,300,true],"woocommerce_single":["http:\/\/thuvien360.com\/wp-content\/uploads\/2025\/06\/03-5193-nhan-to-enzyme-2-thuc-hanh-1-600x450.jpg",600,450,true],"woocommerce_gallery_thumbnail":["http:\/\/thuvien360.com\/wp-content\/uploads\/2025\/06\/03-5193-nhan-to-enzyme-2-thuc-hanh-1-100x100.jpg",100,100,true]},"uagb_author_info":{"display_name":"admin","author_link":"http:\/\/thuvien360.com\/?author=0"},"uagb_comment_info":0,"uagb_excerpt":"T\u00e1c gi\u1ea3 : Hiromi Shinya \u0110\u1ecbnh d\u1ea1ng : S\u00e1ch n\u00f3i DOWNLOAD H\u00e3y t\u00f9y t\u00e2m \u0111\u00f3ng g\u00f3p \u0111\u1ec3 ch\u00fang t\u00f4i c\u00f3 th\u1ec3 ti\u1ebfp t\u1ee5c duy tr\u00ec v\u00e0 ph\u00e1t tri\u1ec3n ho\u1ea1t \u0111\u1ed9ng \u00fd ngh\u0129a n\u00e0y.","_links":{"self":[{"href":"http:\/\/thuvien360.com\/index.php?rest_route=\/wp\/v2\/product\/730","targetHints":{"allow":["GET"]}}],"collection":[{"href":"http:\/\/thuvien360.com\/index.php?rest_route=\/wp\/v2\/product"}],"about":[{"href":"http:\/\/thuvien360.com\/index.php?rest_route=\/wp\/v2\/types\/product"}],"replies":[{"embeddable":true,"href":"http:\/\/thuvien360.com\/index.php?rest_route=%2Fwp%2Fv2%2Fcomments&post=730"}],"wp:featuredmedia":[{"embeddable":true,"href":"http:\/\/thuvien360.com\/index.php?rest_route=\/wp\/v2\/media\/731"}],"wp:attachment":[{"href":"http:\/\/thuvien360.com\/index.php?rest_route=%2Fwp%2Fv2%2Fmedia&parent=730"}],"wp:term":[{"taxonomy":"product_brand","embeddable":true,"href":"http:\/\/thuvien360.com\/index.php?rest_route=%2Fwp%2Fv2%2Fproduct_brand&post=730"},{"taxonomy":"product_cat","embeddable":true,"href":"http:\/\/thuvien360.com\/index.php?rest_route=%2Fwp%2Fv2%2Fproduct_cat&post=730"},{"taxonomy":"product_tag","embeddable":true,"href":"http:\/\/thuvien360.com\/index.php?rest_route=%2Fwp%2Fv2%2Fproduct_tag&post=730"}],"curies":[{"name":"wp","href":"https:\/\/api.w.org\/{rel}","templated":true}]}}