{"id":725,"date":"2025-06-30T02:53:33","date_gmt":"2025-06-30T02:53:33","guid":{"rendered":"http:\/\/thuvien360.com\/?post_type=product&#038;p=725"},"modified":"2025-07-04T07:59:25","modified_gmt":"2025-07-04T07:59:25","slug":"nhan-to-enzyme-4","status":"publish","type":"product","link":"http:\/\/thuvien360.com\/?product=nhan-to-enzyme-4","title":{"rendered":"NH\u00c2N T\u1ed0 ENZYME 4"},"content":{"rendered":"<h3 data-start=\"223\" data-end=\"263\">\ud83d\udcd8 <strong data-start=\"230\" data-end=\"261\">NH\u00c2N T\u1ed0 ENZYME 4 \u2013 MINH H\u1eccA<\/strong><\/h3>\n<p data-start=\"264\" data-end=\"381\"><strong data-start=\"264\" data-end=\"290\">T\u00e1c gi\u1ea3: Hiromi Shinya<\/strong><br data-start=\"290\" data-end=\"293\" \/><em data-start=\"293\" data-end=\"381\">B\u00ed quy\u1ebft s\u1ed1ng kh\u1ecfe, s\u1ed1ng l\u00e2u \u2013 nay \u0111\u01b0\u1ee3c minh h\u1ecda sinh \u0111\u1ed9ng v\u00e0 d\u1ec5 hi\u1ec3u h\u01a1n bao gi\u1edd h\u1ebft!<\/em><\/p>\n<blockquote data-start=\"383\" data-end=\"470\">\n<p data-start=\"385\" data-end=\"470\">\u201cB\u1ea1n kh\u00f4ng c\u1ea7n ph\u1ea3i ch\u1eefa b\u1ec7nh \u2013 b\u1ea1n ch\u1ec9 c\u1ea7n kh\u00f4ng t\u1ea1o ra b\u1ec7nh.\u201d<br data-start=\"448\" data-end=\"451\" \/>\u2014 <em data-start=\"455\" data-end=\"470\">Hiromi Shinya<\/em><\/p>\n<\/blockquote>\n<hr data-start=\"472\" data-end=\"475\" \/>\n<p data-start=\"477\" data-end=\"745\">Sau th\u00e0nh c\u00f4ng c\u1ee7a ba t\u1eadp \u0111\u1ea7u, <strong data-start=\"508\" data-end=\"541\">\u201cNh\u00e2n T\u1ed1 Enzyme 4 \u2013 Minh H\u1ecda\u201d<\/strong> mang \u0111\u1ebfn m\u1ed9t <strong data-start=\"555\" data-end=\"582\">giao di\u1ec7n ho\u00e0n to\u00e0n m\u1edbi<\/strong>, gi\u00fap ng\u01b0\u1eddi \u0111\u1ecdc kh\u00f4ng ch\u1ec9 <strong data-start=\"609\" data-end=\"664\">hi\u1ec3u r\u00f5 nguy\u00ean l\u00fd s\u1ed1ng kh\u1ecfe theo ph\u01b0\u01a1ng ph\u00e1p Enzyme<\/strong> m\u00e0 c\u00f2n d\u1ec5 d\u00e0ng ghi nh\u1edb v\u00e0 \u00e1p d\u1ee5ng nh\u1edd <strong data-start=\"703\" data-end=\"744\">h\u00ecnh \u1ea3nh minh h\u1ecda sinh \u0111\u1ed9ng, m\u1ea1ch l\u1ea1c<\/strong>.<\/p>\n<p data-start=\"747\" data-end=\"951\">Cu\u1ed1n s\u00e1ch truy\u1ec1n t\u1ea3i th\u00f4ng \u0111i\u1ec7p c\u1ed1t l\u00f5i: <strong data-start=\"788\" data-end=\"871\">s\u1ee9c kh\u1ecfe b\u1ec1n v\u1eefng b\u1eaft ngu\u1ed3n t\u1eeb c\u00e1ch \u0103n u\u1ed1ng, sinh ho\u1ea1t v\u00e0 th\u00e1i \u0111\u1ed9 s\u1ed1ng \u0111\u00fang \u0111\u1eafn<\/strong>, trong \u0111\u00f3 enzyme l\u00e0 &#8220;nh\u00e2n t\u1ed1 s\u1ed1ng c\u00f2n&#8221; duy tr\u00ec s\u1ef1 s\u1ed1ng v\u00e0 ph\u00f2ng ch\u1ed1ng b\u1ec7nh t\u1eadt.<\/p>\n<hr data-start=\"953\" data-end=\"956\" \/>\n<h3 data-start=\"958\" data-end=\"978\">\ud83c\udf3f \u0110i\u1ec3m n\u1ed5i b\u1eadt:<\/h3>\n<ul data-start=\"979\" data-end=\"1380\">\n<li data-start=\"979\" data-end=\"1080\">\n<p data-start=\"981\" data-end=\"1080\">\ud83c\udfa8 <strong data-start=\"984\" data-end=\"1023\">Minh h\u1ecda m\u00e0u s\u1eafc, vui nh\u1ed9n, d\u1ec5 hi\u1ec3u<\/strong> \u2013 l\u00fd t\u01b0\u1edfng cho ng\u01b0\u1eddi m\u1edbi b\u1eaft \u0111\u1ea7u quan t\u00e2m \u0111\u1ebfn s\u1ee9c kh\u1ecfe<\/p>\n<\/li>\n<li data-start=\"1081\" data-end=\"1170\">\n<p data-start=\"1083\" data-end=\"1170\">\ud83e\uddec T\u00e1i gi\u1ea3i th\u00edch kh\u00e1i ni\u1ec7m \u201cenzyme s\u1ed1ng\u201d \u2013 n\u1ec1n t\u1ea3ng cho l\u1ed1i s\u1ed1ng t\u1ef1 nhi\u00ean, l\u00e0nh m\u1ea1nh<\/p>\n<\/li>\n<li data-start=\"1171\" data-end=\"1251\">\n<p data-start=\"1173\" data-end=\"1251\">\ud83e\udd57 Chia s\u1ebb c\u1ee5 th\u1ec3 <strong data-start=\"1191\" data-end=\"1249\">c\u00e1ch \u0103n u\u1ed1ng, ngh\u1ec9 ng\u01a1i v\u00e0 ph\u00f2ng b\u1ec7nh kh\u00f4ng d\u00f9ng thu\u1ed1c<\/strong><\/p>\n<\/li>\n<li data-start=\"1252\" data-end=\"1380\">\n<p data-start=\"1254\" data-end=\"1380\">\ud83d\udc68\u200d\u2695\ufe0f D\u1ef1a tr\u00ean <strong data-start=\"1269\" data-end=\"1310\">kinh nghi\u1ec7m h\u01a1n 40 n\u0103m y h\u1ecdc hi\u1ec7n \u0111\u1ea1i<\/strong> c\u1ee7a b\u00e1c s\u0129 Shinya \u2013 ng\u01b0\u1eddi t\u1eebng \u0111i\u1ec1u tr\u1ecb cho h\u00e0ng tr\u0103m ngh\u00ecn b\u1ec7nh nh\u00e2n<\/p>\n<\/li>\n<\/ul>\n","protected":false},"excerpt":{"rendered":"<p>T\u00e1c gi\u1ea3 : Hiromi Shinya<br \/>\n\u0110\u1ecbnh d\u1ea1ng : S\u00e1ch n\u00f3i<\/p>\n<p><strong><a href=\"https:\/\/drive.usercontent.google.com\/download?id=1vTCbKUEWjcAsxCjK0dBQpy1f62JcO5He&amp;export=download&amp;authuser=0\">DOWNLOAD<\/a><br \/>\nH\u00e3y t\u00f9y t\u00e2m \u0111\u00f3ng g\u00f3p \u0111\u1ec3 ch\u00fang t\u00f4i c\u00f3 th\u1ec3 ti\u1ebfp t\u1ee5c duy tr\u00ec v\u00e0 ph\u00e1t tri\u1ec3n ho\u1ea1t \u0111\u1ed9ng \u00fd ngh\u0129a n\u00e0y.<\/strong><\/p>\n<p><img decoding=\"async\" src=\"http:\/\/thuvien360.com\/wp-content\/uploads\/2025\/06\/QR-HUNG.jpg\" \/><\/p>\n","protected":false},"featured_media":726,"comment_status":"open","ping_status":"closed","template":"","meta":{"_uag_custom_page_level_css":""},"product_brand":[],"product_cat":[60,63],"product_tag":[],"class_list":{"0":"post-725","1":"product","2":"type-product","3":"status-publish","4":"has-post-thumbnail","6":"product_cat-giaotrinh","7":"product_cat-suc-khoe","9":"first","10":"instock","11":"downloadable","12":"virtual","13":"sold-individually","14":"product-type-simple"},"uagb_featured_image_src":{"full":["http:\/\/thuvien360.com\/wp-content\/uploads\/2025\/06\/01-5195-nhan-to-enzyme-4-minh-hoa-1.jpg",1200,900,false],"thumbnail":["http:\/\/thuvien360.com\/wp-content\/uploads\/2025\/06\/01-5195-nhan-to-enzyme-4-minh-hoa-1-150x150.jpg",150,150,true],"medium":["http:\/\/thuvien360.com\/wp-content\/uploads\/2025\/06\/01-5195-nhan-to-enzyme-4-minh-hoa-1-300x225.jpg",300,225,true],"medium_large":["http:\/\/thuvien360.com\/wp-content\/uploads\/2025\/06\/01-5195-nhan-to-enzyme-4-minh-hoa-1-768x576.jpg",768,576,true],"large":["http:\/\/thuvien360.com\/wp-content\/uploads\/2025\/06\/01-5195-nhan-to-enzyme-4-minh-hoa-1-1024x768.jpg",1020,765,true],"1536x1536":["http:\/\/thuvien360.com\/wp-content\/uploads\/2025\/06\/01-5195-nhan-to-enzyme-4-minh-hoa-1.jpg",1200,900,false],"2048x2048":["http:\/\/thuvien360.com\/wp-content\/uploads\/2025\/06\/01-5195-nhan-to-enzyme-4-minh-hoa-1.jpg",1200,900,false],"woocommerce_thumbnail":["http:\/\/thuvien360.com\/wp-content\/uploads\/2025\/06\/01-5195-nhan-to-enzyme-4-minh-hoa-1-300x300.jpg",300,300,true],"woocommerce_single":["http:\/\/thuvien360.com\/wp-content\/uploads\/2025\/06\/01-5195-nhan-to-enzyme-4-minh-hoa-1-600x450.jpg",600,450,true],"woocommerce_gallery_thumbnail":["http:\/\/thuvien360.com\/wp-content\/uploads\/2025\/06\/01-5195-nhan-to-enzyme-4-minh-hoa-1-100x100.jpg",100,100,true]},"uagb_author_info":{"display_name":"admin","author_link":"http:\/\/thuvien360.com\/?author=0"},"uagb_comment_info":0,"uagb_excerpt":"T\u00e1c gi\u1ea3 : Hiromi Shinya \u0110\u1ecbnh d\u1ea1ng : S\u00e1ch n\u00f3i DOWNLOAD H\u00e3y t\u00f9y t\u00e2m \u0111\u00f3ng g\u00f3p \u0111\u1ec3 ch\u00fang t\u00f4i c\u00f3 th\u1ec3 ti\u1ebfp t\u1ee5c duy tr\u00ec v\u00e0 ph\u00e1t tri\u1ec3n ho\u1ea1t \u0111\u1ed9ng \u00fd ngh\u0129a n\u00e0y.","_links":{"self":[{"href":"http:\/\/thuvien360.com\/index.php?rest_route=\/wp\/v2\/product\/725","targetHints":{"allow":["GET"]}}],"collection":[{"href":"http:\/\/thuvien360.com\/index.php?rest_route=\/wp\/v2\/product"}],"about":[{"href":"http:\/\/thuvien360.com\/index.php?rest_route=\/wp\/v2\/types\/product"}],"replies":[{"embeddable":true,"href":"http:\/\/thuvien360.com\/index.php?rest_route=%2Fwp%2Fv2%2Fcomments&post=725"}],"wp:featuredmedia":[{"embeddable":true,"href":"http:\/\/thuvien360.com\/index.php?rest_route=\/wp\/v2\/media\/726"}],"wp:attachment":[{"href":"http:\/\/thuvien360.com\/index.php?rest_route=%2Fwp%2Fv2%2Fmedia&parent=725"}],"wp:term":[{"taxonomy":"product_brand","embeddable":true,"href":"http:\/\/thuvien360.com\/index.php?rest_route=%2Fwp%2Fv2%2Fproduct_brand&post=725"},{"taxonomy":"product_cat","embeddable":true,"href":"http:\/\/thuvien360.com\/index.php?rest_route=%2Fwp%2Fv2%2Fproduct_cat&post=725"},{"taxonomy":"product_tag","embeddable":true,"href":"http:\/\/thuvien360.com\/index.php?rest_route=%2Fwp%2Fv2%2Fproduct_tag&post=725"}],"curies":[{"name":"wp","href":"https:\/\/api.w.org\/{rel}","templated":true}]}}