{"id":723,"date":"2025-06-30T02:50:14","date_gmt":"2025-06-30T02:50:14","guid":{"rendered":"http:\/\/thuvien360.com\/?post_type=product&#038;p=723"},"modified":"2025-07-04T07:59:13","modified_gmt":"2025-07-04T07:59:13","slug":"marie-curie-mot-doi-hy-sinh-cho-khoa-hoc","status":"publish","type":"product","link":"http:\/\/thuvien360.com\/?product=marie-curie-mot-doi-hy-sinh-cho-khoa-hoc","title":{"rendered":"MARIE CURIE \u2013 M\u1ed8T \u0110\u1edcI HY SINH CHO KHOA H\u1eccC"},"content":{"rendered":"<h3 data-start=\"209\" data-end=\"264\">\ud83e\uddea <strong data-start=\"216\" data-end=\"262\">MARIE CURIE \u2013 M\u1ed8T \u0110\u1edcI HY SINH CHO KHOA H\u1eccC<\/strong><\/h3>\n<p data-start=\"265\" data-end=\"432\"><strong data-start=\"265\" data-end=\"292\">T\u00e1c gi\u1ea3: Nguy\u1ec5n Th\u1ebf T\u00e0i<\/strong><br data-start=\"292\" data-end=\"295\" \/><em data-start=\"295\" data-end=\"432\">M\u1ed9t ch\u00e2n dung \u0111\u1ea7y nh\u00e2n v\u0103n v\u1ec1 ng\u01b0\u1eddi ph\u1ee5 n\u1eef d\u0169ng c\u1ea3m \u0111\u00e3 c\u1ed1ng hi\u1ebfn tr\u1ecdn \u0111\u1eddi cho khoa h\u1ecdc \u2013 b\u1ea5t ch\u1ea5p m\u1ecdi \u0111\u1ecbnh ki\u1ebfn, gian kh\u1ed5 v\u00e0 hi\u1ec3m nguy.<\/em><\/p>\n<blockquote data-start=\"434\" data-end=\"579\">\n<p data-start=\"436\" data-end=\"579\">\u201cCu\u1ed9c \u0111\u1eddi kh\u00f4ng d\u1ec5 d\u00e0ng v\u1edbi ai c\u1ea3. Nh\u01b0ng \u0111i\u1ec1u \u0111\u00f3 ch\u1eb3ng sao&#8230; ta ph\u1ea3i ki\u00ean tr\u00ec v\u00e0 nh\u1ea5t \u0111\u1ecbnh tin r\u1eb1ng m\u00ecnh c\u00f3 th\u1ec3 l\u00e0m \u0111\u01b0\u1ee3c.\u201d<br data-start=\"559\" data-end=\"562\" \/>\u2014 <em data-start=\"566\" data-end=\"579\">Marie Curie<\/em><\/p>\n<\/blockquote>\n<hr data-start=\"581\" data-end=\"584\" \/>\n<p data-start=\"586\" data-end=\"956\">Cu\u1ed1n s\u00e1ch l\u00e0 <strong data-start=\"599\" data-end=\"639\">b\u1ea3n ti\u1ec3u s\u1eed \u0111\u1ea7y x\u00fac \u0111\u1ed9ng v\u00e0 t\u00f4n k\u00ednh<\/strong> d\u00e0nh cho Marie Curie \u2013 ng\u01b0\u1eddi ph\u1ee5 n\u1eef \u0111\u1ea7u ti\u00ean gi\u00e0nh <strong data-start=\"691\" data-end=\"754\">hai gi\u1ea3i Nobel \u1edf hai l\u0129nh v\u1ef1c kh\u00e1c nhau (V\u1eadt l\u00fd v\u00e0 H\u00f3a h\u1ecdc)<\/strong>. Qua l\u1ed1i k\u1ec3 chuy\u1ec7n nh\u1eb9 nh\u00e0ng, tinh t\u1ebf, t\u00e1c gi\u1ea3 Nguy\u1ec5n Th\u1ebf T\u00e0i kh\u00f4ng ch\u1ec9 t\u00e1i hi\u1ec7n ch\u00e2n th\u1ef1c h\u00e0nh tr\u00ecnh khoa h\u1ecdc v\u0129 \u0111\u1ea1i, m\u00e0 c\u00f2n kh\u1eafc h\u1ecda s\u00e2u s\u1eafc cu\u1ed9c \u0111\u1eddi \u0111\u1ea7y ngh\u1ecb l\u1ef1c, ni\u1ec1m \u0111am m\u00ea v\u00e0 l\u00f2ng nh\u00e2n \u00e1i c\u1ee7a b\u00e0.<\/p>\n<p data-start=\"958\" data-end=\"1122\">T\u00e1c ph\u1ea9m \u0111\u1eb7c bi\u1ec7t ph\u00f9 h\u1ee3p v\u1edbi h\u1ecdc sinh, sinh vi\u00ean, ph\u1ee5 n\u1eef hi\u1ec7n \u0111\u1ea1i v\u00e0 nh\u1eefng ai \u0111ang t\u00ecm ki\u1ebfm <strong data-start=\"1051\" data-end=\"1121\">t\u1ea5m g\u01b0\u01a1ng v\u1ec1 s\u1ef1 hy sinh, tr\u00ed tu\u1ec7 v\u00e0 ni\u1ec1m tin v\u00e0o khoa h\u1ecdc nh\u00e2n \u0111\u1ea1o<\/strong>.<\/p>\n<hr data-start=\"1124\" data-end=\"1127\" \/>\n<h3 data-start=\"1129\" data-end=\"1149\">\ud83c\udf1f \u0110i\u1ec3m n\u1ed5i b\u1eadt:<\/h3>\n<ul data-start=\"1150\" data-end=\"1465\">\n<li data-start=\"1150\" data-end=\"1233\">\n<p data-start=\"1152\" data-end=\"1233\">\ud83d\udcda K\u1ebft h\u1ee3p h\u00e0i h\u00f2a gi\u1eefa <strong data-start=\"1176\" data-end=\"1231\">d\u1eef li\u1ec7u l\u1ecbch s\u1eed, y\u1ebfu t\u1ed1 v\u0103n h\u1ecdc v\u00e0 c\u1ea3m x\u00fac nh\u00e2n v\u0103n<\/strong><\/p>\n<\/li>\n<li data-start=\"1234\" data-end=\"1305\">\n<p data-start=\"1236\" data-end=\"1305\">\ud83d\udc69\u200d\ud83d\udd2c T\u00f4n vinh <strong data-start=\"1251\" data-end=\"1303\">vai tr\u00f2 ph\u1ee5 n\u1eef trong khoa h\u1ecdc v\u00e0 x\u00e3 h\u1ed9i hi\u1ec7n \u0111\u1ea1i<\/strong><\/p>\n<\/li>\n<li data-start=\"1306\" data-end=\"1383\">\n<p data-start=\"1308\" data-end=\"1383\">\ud83e\udde0 Truy\u1ec1n c\u1ea3m h\u1ee9ng v\u1ec1 l\u00f2ng ki\u00ean tr\u00ec, \u0111am m\u00ea kh\u00e1m ph\u00e1 v\u00e0 l\u00fd t\u01b0\u1edfng s\u1ed1ng \u0111\u1eb9p<\/p>\n<\/li>\n<li data-start=\"1384\" data-end=\"1465\">\n<p data-start=\"1386\" data-end=\"1465\">\ud83c\uddeb\ud83c\uddf7 Kh\u1eafc h\u1ecda \u0111\u1ea7y \u0111\u1ee7 c\u1ea3 <strong data-start=\"1410\" data-end=\"1465\">cu\u1ed9c \u0111\u1eddi c\u00e1 nh\u00e2n v\u00e0 s\u1ef1 nghi\u1ec7p nghi\u00ean c\u1ee9u phi th\u01b0\u1eddng<\/strong><\/p>\n<\/li>\n<\/ul>\n","protected":false},"excerpt":{"rendered":"<p>T\u00e1c gi\u1ea3 : Nguy\u1ec5n Th\u1ebf T\u00e0i<br \/>\n\u0110\u1ecbnh d\u1ea1ng : S\u00e1ch n\u00f3i<\/p>\n<p><strong><a href=\"https:\/\/drive.usercontent.google.com\/download?id=1uQFRFTS7JuoUXsgRxuibMXOCGLpj2uAg&amp;export=download&amp;authuser=0\">DOWNLOAD<\/a><br \/>\nH\u00e3y t\u00f9y t\u00e2m \u0111\u00f3ng g\u00f3p \u0111\u1ec3 ch\u00fang t\u00f4i c\u00f3 th\u1ec3 ti\u1ebfp t\u1ee5c duy tr\u00ec v\u00e0 ph\u00e1t tri\u1ec3n ho\u1ea1t \u0111\u1ed9ng \u00fd ngh\u0129a n\u00e0y.<\/strong><\/p>\n<p><img decoding=\"async\" src=\"http:\/\/thuvien360.com\/wp-content\/uploads\/2025\/06\/QR-HUNG.jpg\" \/><\/p>\n","protected":false},"featured_media":724,"comment_status":"open","ping_status":"closed","template":"","meta":{"_uag_custom_page_level_css":""},"product_brand":[],"product_cat":[55,57],"product_tag":[],"class_list":{"0":"post-723","1":"product","2":"type-product","3":"status-publish","4":"has-post-thumbnail","6":"product_cat-danhnhan-the-gioi","7":"product_cat-lichsu-thegioi","9":"first","10":"instock","11":"downloadable","12":"virtual","13":"sold-individually","14":"product-type-simple"},"uagb_featured_image_src":{"full":["http:\/\/thuvien360.com\/wp-content\/uploads\/2025\/06\/23-7857-marie-curie-mot-doi-hy-sinh-cho-khoa-hoc-1.jpg",1200,900,false],"thumbnail":["http:\/\/thuvien360.com\/wp-content\/uploads\/2025\/06\/23-7857-marie-curie-mot-doi-hy-sinh-cho-khoa-hoc-1-150x150.jpg",150,150,true],"medium":["http:\/\/thuvien360.com\/wp-content\/uploads\/2025\/06\/23-7857-marie-curie-mot-doi-hy-sinh-cho-khoa-hoc-1-300x225.jpg",300,225,true],"medium_large":["http:\/\/thuvien360.com\/wp-content\/uploads\/2025\/06\/23-7857-marie-curie-mot-doi-hy-sinh-cho-khoa-hoc-1-768x576.jpg",768,576,true],"large":["http:\/\/thuvien360.com\/wp-content\/uploads\/2025\/06\/23-7857-marie-curie-mot-doi-hy-sinh-cho-khoa-hoc-1-1024x768.jpg",1020,765,true],"1536x1536":["http:\/\/thuvien360.com\/wp-content\/uploads\/2025\/06\/23-7857-marie-curie-mot-doi-hy-sinh-cho-khoa-hoc-1.jpg",1200,900,false],"2048x2048":["http:\/\/thuvien360.com\/wp-content\/uploads\/2025\/06\/23-7857-marie-curie-mot-doi-hy-sinh-cho-khoa-hoc-1.jpg",1200,900,false],"woocommerce_thumbnail":["http:\/\/thuvien360.com\/wp-content\/uploads\/2025\/06\/23-7857-marie-curie-mot-doi-hy-sinh-cho-khoa-hoc-1-300x300.jpg",300,300,true],"woocommerce_single":["http:\/\/thuvien360.com\/wp-content\/uploads\/2025\/06\/23-7857-marie-curie-mot-doi-hy-sinh-cho-khoa-hoc-1-600x450.jpg",600,450,true],"woocommerce_gallery_thumbnail":["http:\/\/thuvien360.com\/wp-content\/uploads\/2025\/06\/23-7857-marie-curie-mot-doi-hy-sinh-cho-khoa-hoc-1-100x100.jpg",100,100,true]},"uagb_author_info":{"display_name":"admin","author_link":"http:\/\/thuvien360.com\/?author=0"},"uagb_comment_info":0,"uagb_excerpt":"T\u00e1c gi\u1ea3 : Nguy\u1ec5n Th\u1ebf T\u00e0i \u0110\u1ecbnh d\u1ea1ng : S\u00e1ch n\u00f3i DOWNLOAD H\u00e3y t\u00f9y t\u00e2m \u0111\u00f3ng g\u00f3p \u0111\u1ec3 ch\u00fang t\u00f4i c\u00f3 th\u1ec3 ti\u1ebfp t\u1ee5c duy tr\u00ec v\u00e0 ph\u00e1t tri\u1ec3n ho\u1ea1t \u0111\u1ed9ng \u00fd ngh\u0129a n\u00e0y.","_links":{"self":[{"href":"http:\/\/thuvien360.com\/index.php?rest_route=\/wp\/v2\/product\/723","targetHints":{"allow":["GET"]}}],"collection":[{"href":"http:\/\/thuvien360.com\/index.php?rest_route=\/wp\/v2\/product"}],"about":[{"href":"http:\/\/thuvien360.com\/index.php?rest_route=\/wp\/v2\/types\/product"}],"replies":[{"embeddable":true,"href":"http:\/\/thuvien360.com\/index.php?rest_route=%2Fwp%2Fv2%2Fcomments&post=723"}],"wp:featuredmedia":[{"embeddable":true,"href":"http:\/\/thuvien360.com\/index.php?rest_route=\/wp\/v2\/media\/724"}],"wp:attachment":[{"href":"http:\/\/thuvien360.com\/index.php?rest_route=%2Fwp%2Fv2%2Fmedia&parent=723"}],"wp:term":[{"taxonomy":"product_brand","embeddable":true,"href":"http:\/\/thuvien360.com\/index.php?rest_route=%2Fwp%2Fv2%2Fproduct_brand&post=723"},{"taxonomy":"product_cat","embeddable":true,"href":"http:\/\/thuvien360.com\/index.php?rest_route=%2Fwp%2Fv2%2Fproduct_cat&post=723"},{"taxonomy":"product_tag","embeddable":true,"href":"http:\/\/thuvien360.com\/index.php?rest_route=%2Fwp%2Fv2%2Fproduct_tag&post=723"}],"curies":[{"name":"wp","href":"https:\/\/api.w.org\/{rel}","templated":true}]}}