{"id":721,"date":"2025-06-30T02:49:01","date_gmt":"2025-06-30T02:49:01","guid":{"rendered":"http:\/\/thuvien360.com\/?post_type=product&#038;p=721"},"modified":"2025-07-04T07:59:04","modified_gmt":"2025-07-04T07:59:04","slug":"tieu-su-barack-obama","status":"publish","type":"product","link":"http:\/\/thuvien360.com\/?product=tieu-su-barack-obama","title":{"rendered":"TI\u1ec2U S\u1eec BARACK OBAMA"},"content":{"rendered":"<h3 data-start=\"207\" data-end=\"240\">\ud83d\udcd8 <strong data-start=\"214\" data-end=\"238\">TI\u1ec2U S\u1eec BARACK OBAMA<\/strong><\/h3>\n<p data-start=\"241\" data-end=\"364\"><strong data-start=\"241\" data-end=\"268\">T\u00e1c gi\u1ea3: Joann F. Price<\/strong><br data-start=\"268\" data-end=\"271\" \/><em data-start=\"271\" data-end=\"364\">H\u00e0nh tr\u00ecnh t\u1eeb m\u1ed9t c\u1eadu b\u00e9 mang hai d\u00f2ng m\u00e1u \u0111\u1ebfn Nh\u00e0 Tr\u1eafng \u2013 n\u01a1i \u00f4ng thay \u0111\u1ed5i l\u1ecbch s\u1eed Hoa K\u1ef3.<\/em><\/p>\n<blockquote data-start=\"366\" data-end=\"498\">\n<p data-start=\"368\" data-end=\"498\">\u201cThay \u0111\u1ed5i kh\u00f4ng \u0111\u1ebfn n\u1ebfu ch\u00fang ta ch\u1edd \u0111\u1ee3i ai \u0111\u00f3 hay l\u00fac n\u00e0o \u0111\u00f3. Ch\u00ednh ch\u00fang ta l\u00e0 ng\u01b0\u1eddi m\u00e0 ch\u00fang ta \u0111ang \u0111\u1ee3i.\u201d<br data-start=\"477\" data-end=\"480\" \/>\u2014 <em data-start=\"484\" data-end=\"498\">Barack Obama<\/em><\/p>\n<\/blockquote>\n<hr data-start=\"500\" data-end=\"503\" \/>\n<p data-start=\"505\" data-end=\"761\">Cu\u1ed1n s\u00e1ch ghi l\u1ea1i m\u1ed9t c\u00e1ch s\u00fac t\u00edch nh\u01b0ng \u0111\u1ea7y \u0111\u1ee7 nh\u1eefng <strong data-start=\"560\" data-end=\"610\">c\u1ed9t m\u1ed1c quan tr\u1ecdng trong cu\u1ed9c \u0111\u1eddi Barack Obama<\/strong> \u2013 t\u1eeb tu\u1ed5i th\u01a1 \u1edf Hawaii v\u00e0 Indonesia, nh\u1eefng n\u0103m th\u00e1ng h\u1ecdc t\u1ea1i Harvard, \u0111\u1ebfn s\u1ef1 nghi\u1ec7p ch\u00ednh tr\u1ecb d\u1eabn \u00f4ng t\u1edbi c\u01b0\u01a1ng v\u1ecb <strong data-start=\"726\" data-end=\"758\">T\u1ed5ng th\u1ed1ng th\u1ee9 44 c\u1ee7a Hoa K\u1ef3<\/strong>.<\/p>\n<p data-start=\"763\" data-end=\"970\">Kh\u00f4ng ch\u1ec9 l\u00e0 m\u1ed9t b\u1ea3n t\u00f3m l\u01b0\u1ee3c ti\u1ec3u s\u1eed, cu\u1ed1n s\u00e1ch c\u00f2n kh\u1eafc h\u1ecda <strong data-start=\"825\" data-end=\"869\">t\u1ea7m nh\u00ecn, t\u01b0 t\u01b0\u1edfng v\u00e0 b\u1ea3n l\u0129nh ch\u00ednh tr\u1ecb<\/strong> c\u1ee7a Obama: ni\u1ec1m tin v\u00e0o thay \u0111\u1ed5i, v\u00e0o s\u1ee9c m\u1ea1nh c\u1ed9ng \u0111\u1ed3ng, v\u00e0 tinh th\u1ea7n v\u01b0\u1ee3t qua \u0111\u1ecbnh ki\u1ebfn ch\u1ee7ng t\u1ed9c.<\/p>\n<hr data-start=\"972\" data-end=\"975\" \/>\n<h3 data-start=\"977\" data-end=\"997\">\ud83c\udf1f \u0110i\u1ec3m n\u1ed5i b\u1eadt:<\/h3>\n<ul data-start=\"998\" data-end=\"1325\">\n<li data-start=\"998\" data-end=\"1087\">\n<p data-start=\"1000\" data-end=\"1087\">\ud83c\udfdb\ufe0f L\u01b0\u1ee3c s\u1eed r\u00f5 r\u00e0ng, d\u1ec5 hi\u1ec3u v\u1ec1 <strong data-start=\"1032\" data-end=\"1085\">m\u1ed9t trong nh\u1eefng nh\u00e2n v\u1eadt \u1ea3nh h\u01b0\u1edfng nh\u1ea5t th\u1ebf k\u1ef7 21<\/strong><\/p>\n<\/li>\n<li data-start=\"1088\" data-end=\"1173\">\n<p data-start=\"1090\" data-end=\"1173\">\ud83d\udc66 Truy\u1ec1n c\u1ea3m h\u1ee9ng m\u1ea1nh m\u1ebd cho gi\u1edbi tr\u1ebb v\u1ec1 <strong data-start=\"1133\" data-end=\"1171\">kh\u00e1t v\u1ecdng, ngh\u1ecb l\u1ef1c v\u00e0 tr\u00e1ch nhi\u1ec7m<\/strong><\/p>\n<\/li>\n<li data-start=\"1174\" data-end=\"1261\">\n<p data-start=\"1176\" data-end=\"1261\">\u270d\ufe0f Ph\u00f9 h\u1ee3p l\u00e0m s\u00e1ch tham kh\u1ea3o cho <strong data-start=\"1210\" data-end=\"1259\">gi\u00e1o d\u1ee5c c\u00f4ng d\u00e2n, k\u1ef9 n\u0103ng s\u1ed1ng, l\u00e3nh \u0111\u1ea1o tr\u1ebb<\/strong><\/p>\n<\/li>\n<li data-start=\"1262\" data-end=\"1325\">\n<p data-start=\"1264\" data-end=\"1325\">\ud83d\udcd6 Dung l\u01b0\u1ee3ng ng\u1eafn g\u1ecdn, d\u1ec5 ti\u1ebfp c\u1eadn cho m\u1ecdi \u0111\u1ed1i t\u01b0\u1ee3ng \u0111\u1ed9c gi\u1ea3<\/p>\n<\/li>\n<\/ul>\n","protected":false},"excerpt":{"rendered":"<p>T\u00e1c gi\u1ea3 : Joann F. Price<br \/>\n\u0110\u1ecbnh d\u1ea1ng : S\u00e1ch n\u00f3i<\/p>\n<p><strong><a href=\"https:\/\/drive.usercontent.google.com\/download?id=165xrkensOyufYCU2YPA9HcJWbJBydb3f&amp;export=download&amp;authuser=0\">DOWNLOAD<\/a><br \/>\nH\u00e3y t\u00f9y t\u00e2m \u0111\u00f3ng g\u00f3p \u0111\u1ec3 ch\u00fang t\u00f4i c\u00f3 th\u1ec3 ti\u1ebfp t\u1ee5c duy tr\u00ec v\u00e0 ph\u00e1t tri\u1ec3n ho\u1ea1t \u0111\u1ed9ng \u00fd ngh\u0129a n\u00e0y.<\/strong><\/p>\n<p><img decoding=\"async\" src=\"http:\/\/thuvien360.com\/wp-content\/uploads\/2025\/06\/QR-HUNG.jpg\" \/><\/p>\n","protected":false},"featured_media":722,"comment_status":"open","ping_status":"closed","template":"","meta":{"_uag_custom_page_level_css":""},"product_brand":[],"product_cat":[55,57],"product_tag":[],"class_list":{"0":"post-721","1":"product","2":"type-product","3":"status-publish","4":"has-post-thumbnail","6":"product_cat-danhnhan-the-gioi","7":"product_cat-lichsu-thegioi","9":"first","10":"instock","11":"downloadable","12":"virtual","13":"sold-individually","14":"product-type-simple"},"uagb_featured_image_src":{"full":["http:\/\/thuvien360.com\/wp-content\/uploads\/2025\/06\/22-2558-tieu-su-barack-obama-1.jpg",1200,900,false],"thumbnail":["http:\/\/thuvien360.com\/wp-content\/uploads\/2025\/06\/22-2558-tieu-su-barack-obama-1-150x150.jpg",150,150,true],"medium":["http:\/\/thuvien360.com\/wp-content\/uploads\/2025\/06\/22-2558-tieu-su-barack-obama-1-300x225.jpg",300,225,true],"medium_large":["http:\/\/thuvien360.com\/wp-content\/uploads\/2025\/06\/22-2558-tieu-su-barack-obama-1-768x576.jpg",768,576,true],"large":["http:\/\/thuvien360.com\/wp-content\/uploads\/2025\/06\/22-2558-tieu-su-barack-obama-1-1024x768.jpg",1020,765,true],"1536x1536":["http:\/\/thuvien360.com\/wp-content\/uploads\/2025\/06\/22-2558-tieu-su-barack-obama-1.jpg",1200,900,false],"2048x2048":["http:\/\/thuvien360.com\/wp-content\/uploads\/2025\/06\/22-2558-tieu-su-barack-obama-1.jpg",1200,900,false],"woocommerce_thumbnail":["http:\/\/thuvien360.com\/wp-content\/uploads\/2025\/06\/22-2558-tieu-su-barack-obama-1-300x300.jpg",300,300,true],"woocommerce_single":["http:\/\/thuvien360.com\/wp-content\/uploads\/2025\/06\/22-2558-tieu-su-barack-obama-1-600x450.jpg",600,450,true],"woocommerce_gallery_thumbnail":["http:\/\/thuvien360.com\/wp-content\/uploads\/2025\/06\/22-2558-tieu-su-barack-obama-1-100x100.jpg",100,100,true]},"uagb_author_info":{"display_name":"admin","author_link":"http:\/\/thuvien360.com\/?author=0"},"uagb_comment_info":0,"uagb_excerpt":"T\u00e1c gi\u1ea3 : Joann F. Price \u0110\u1ecbnh d\u1ea1ng : S\u00e1ch n\u00f3i DOWNLOAD H\u00e3y t\u00f9y t\u00e2m \u0111\u00f3ng g\u00f3p \u0111\u1ec3 ch\u00fang t\u00f4i c\u00f3 th\u1ec3 ti\u1ebfp t\u1ee5c duy tr\u00ec v\u00e0 ph\u00e1t tri\u1ec3n ho\u1ea1t \u0111\u1ed9ng \u00fd ngh\u0129a n\u00e0y.","_links":{"self":[{"href":"http:\/\/thuvien360.com\/index.php?rest_route=\/wp\/v2\/product\/721","targetHints":{"allow":["GET"]}}],"collection":[{"href":"http:\/\/thuvien360.com\/index.php?rest_route=\/wp\/v2\/product"}],"about":[{"href":"http:\/\/thuvien360.com\/index.php?rest_route=\/wp\/v2\/types\/product"}],"replies":[{"embeddable":true,"href":"http:\/\/thuvien360.com\/index.php?rest_route=%2Fwp%2Fv2%2Fcomments&post=721"}],"wp:featuredmedia":[{"embeddable":true,"href":"http:\/\/thuvien360.com\/index.php?rest_route=\/wp\/v2\/media\/722"}],"wp:attachment":[{"href":"http:\/\/thuvien360.com\/index.php?rest_route=%2Fwp%2Fv2%2Fmedia&parent=721"}],"wp:term":[{"taxonomy":"product_brand","embeddable":true,"href":"http:\/\/thuvien360.com\/index.php?rest_route=%2Fwp%2Fv2%2Fproduct_brand&post=721"},{"taxonomy":"product_cat","embeddable":true,"href":"http:\/\/thuvien360.com\/index.php?rest_route=%2Fwp%2Fv2%2Fproduct_cat&post=721"},{"taxonomy":"product_tag","embeddable":true,"href":"http:\/\/thuvien360.com\/index.php?rest_route=%2Fwp%2Fv2%2Fproduct_tag&post=721"}],"curies":[{"name":"wp","href":"https:\/\/api.w.org\/{rel}","templated":true}]}}