{"id":719,"date":"2025-06-30T02:47:55","date_gmt":"2025-06-30T02:47:55","guid":{"rendered":"http:\/\/thuvien360.com\/?post_type=product&#038;p=719"},"modified":"2025-07-04T08:02:34","modified_gmt":"2025-07-04T08:02:34","slug":"chu-van-an-nguoi-thay-cua-muon-doi","status":"publish","type":"product","link":"http:\/\/thuvien360.com\/?product=chu-van-an-nguoi-thay-cua-muon-doi","title":{"rendered":"CHU V\u0102N AN \u2013 NG\u01af\u1edcI TH\u1ea6Y C\u1ee6A MU\u00d4N \u0110\u1edcI"},"content":{"rendered":"<h3 data-start=\"206\" data-end=\"255\">\ud83d\udcd6 <strong data-start=\"213\" data-end=\"253\">CHU V\u0102N AN \u2013 NG\u01af\u1edcI TH\u1ea6Y C\u1ee6A MU\u00d4N \u0110\u1edcI<\/strong><\/h3>\n<p data-start=\"256\" data-end=\"403\"><strong data-start=\"256\" data-end=\"282\">T\u00e1c gi\u1ea3: Nhi\u1ec1u T\u00e1c Gi\u1ea3<\/strong><br data-start=\"282\" data-end=\"285\" \/><em data-start=\"285\" data-end=\"403\">M\u1ed9t cu\u1ed1n s\u00e1ch ghi l\u1ea1i cu\u1ed9c \u0111\u1eddi v\u00e0 nh\u00e2n c\u00e1ch cao qu\u00fd c\u1ee7a b\u1eadc th\u1ea7y l\u1ed7i l\u1ea1c \u2013 bi\u1ec3u t\u01b0\u1ee3ng cho \u0111\u1ea1o h\u1ecdc v\u00e0 nh\u00e2n c\u00e1ch Vi\u1ec7t.<\/em><\/p>\n<blockquote data-start=\"405\" data-end=\"489\">\n<p data-start=\"407\" data-end=\"489\">\u201cTh\u1ea7y Chu V\u0103n An kh\u00f4ng ch\u1ec9 d\u1ea1y ch\u1eef, m\u00e0 d\u1ea1y c\u00e1ch l\u00e0m ng\u01b0\u1eddi li\u00eam ch\u00ednh v\u00e0 kh\u00ed ti\u1ebft.\u201d<\/p>\n<\/blockquote>\n<hr data-start=\"491\" data-end=\"494\" \/>\n<p data-start=\"496\" data-end=\"855\">Cu\u1ed1n s\u00e1ch l\u00e0 t\u1eadp h\u1ee3p c\u00e1c b\u00e0i vi\u1ebft, nghi\u00ean c\u1ee9u v\u00e0 truy\u1ec7n k\u1ec3 v\u1ec1 <strong data-start=\"558\" data-end=\"577\">th\u1ea7y Chu V\u0103n An<\/strong> \u2013 m\u1ed9t danh nho, nh\u00e0 gi\u00e1o v\u00e0 trung th\u1ea7n ki\u1ec7t xu\u1ea5t th\u1eddi Tr\u1ea7n. Qua t\u1eebng trang s\u00e1ch, \u0111\u1ed9c gi\u1ea3 s\u1ebd \u0111\u01b0\u1ee3c t\u00ecm hi\u1ec3u v\u1ec1 <strong data-start=\"687\" data-end=\"771\">cu\u1ed9c \u0111\u1eddi gi\u1ea3n d\u1ecb, thanh cao, s\u1ef1 nghi\u1ec7p gi\u00e1o d\u1ee5c v\u00e0 tinh th\u1ea7n \u201cth\u1eb3ng th\u1eafn v\u00ec d\u00e2n\u201d<\/strong> c\u1ee7a th\u1ea7y \u2013 n\u1ed5i b\u1eadt nh\u1ea5t l\u00e0 vi\u1ec7c <strong data-start=\"804\" data-end=\"832\">d\u00e2ng s\u1edb ch\u00e9m 7 n\u1ecbnh th\u1ea7n<\/strong> m\u00e0 kh\u00f4ng s\u1ee3 quy\u1ec1n th\u1ebf.<\/p>\n<p data-start=\"857\" data-end=\"1080\">V\u1edbi v\u0103n phong m\u1ea1ch l\u1ea1c, s\u00fac t\u00edch, gi\u00e0u c\u1ea3m h\u1ee9ng, t\u00e1c ph\u1ea9m kh\u00f4ng ch\u1ec9 gi\u00fap ng\u01b0\u1eddi \u0111\u1ecdc <strong data-start=\"940\" data-end=\"975\">hi\u1ec3u s\u00e2u h\u01a1n v\u1ec1 m\u1ed9t b\u1eadc \u0111\u1ea1i tr\u00ed<\/strong>, m\u00e0 c\u00f2n g\u1ee3i nh\u1eafc l\u1ea1i nh\u1eefng gi\u00e1 tr\u1ecb \u0111\u1ea1o \u0111\u1ee9c v\u00e0 l\u1ed1i s\u1ed1ng li\u00eam ch\u00ednh \u2013 r\u1ea5t c\u1ea7n thi\u1ebft trong x\u00e3 h\u1ed9i hi\u1ec7n \u0111\u1ea1i.<\/p>\n<hr data-start=\"1082\" data-end=\"1085\" \/>\n<h3 data-start=\"1087\" data-end=\"1107\">\ud83c\udf1f \u0110i\u1ec3m n\u1ed5i b\u1eadt:<\/h3>\n<ul data-start=\"1108\" data-end=\"1426\">\n<li data-start=\"1108\" data-end=\"1185\">\n<p data-start=\"1110\" data-end=\"1185\">\ud83d\udcdc T\u00e1i hi\u1ec7n trung th\u1ef1c <strong data-start=\"1133\" data-end=\"1183\">t\u1ea5m g\u01b0\u01a1ng \u0111\u1ea1o h\u1ecdc, ch\u00ednh tr\u1ef1c v\u00e0 l\u00f2ng y\u00eau n\u01b0\u1edbc<\/strong><\/p>\n<\/li>\n<li data-start=\"1186\" data-end=\"1265\">\n<p data-start=\"1188\" data-end=\"1265\">\ud83c\udfeb L\u00e0 t\u01b0 li\u1ec7u qu\u00fd gi\u00e1 cho <strong data-start=\"1214\" data-end=\"1263\">gi\u00e1o d\u1ee5c \u0111\u1ea1o \u0111\u1ee9c h\u1ecdc \u0111\u01b0\u1eddng, gi\u00e1o d\u1ee5c c\u00f4ng d\u00e2n<\/strong><\/p>\n<\/li>\n<li data-start=\"1266\" data-end=\"1353\">\n<p data-start=\"1268\" data-end=\"1353\">\u270d\ufe0f L\u1ed1i vi\u1ebft d\u1ec5 hi\u1ec3u, mang \u0111\u1eadm t\u00ednh gi\u00e1o d\u1ee5c truy\u1ec1n c\u1ea3m h\u1ee9ng cho h\u1ecdc sinh, gi\u00e1o vi\u00ean<\/p>\n<\/li>\n<li data-start=\"1354\" data-end=\"1426\">\n<p data-start=\"1356\" data-end=\"1426\">\ud83c\uddfb\ud83c\uddf3 T\u00f4n vinh <strong data-start=\"1370\" data-end=\"1405\">truy\u1ec1n th\u1ed1ng \u201ct\u00f4n s\u01b0 tr\u1ecdng \u0111\u1ea1o\u201d<\/strong> c\u1ee7a d\u00e2n t\u1ed9c Vi\u1ec7t Nam<\/p>\n<\/li>\n<\/ul>\n","protected":false},"excerpt":{"rendered":"<p>T\u00e1c gi\u1ea3 : Nhi\u1ec1u T\u00e1c Gi\u1ea3<br \/>\n\u0110\u1ecbnh d\u1ea1ng : S\u00e1ch n\u00f3i<\/p>\n<p><strong><a href=\"https:\/\/drive.usercontent.google.com\/download?id=1yfFez9Qxaq8gAW7yJ4d2WHMZt3Wynr1_&amp;export=download&amp;authuser=0\">DOWNLOAD<\/a><br \/>\nH\u00e3y t\u00f9y t\u00e2m \u0111\u00f3ng g\u00f3p \u0111\u1ec3 ch\u00fang t\u00f4i c\u00f3 th\u1ec3 ti\u1ebfp t\u1ee5c duy tr\u00ec v\u00e0 ph\u00e1t tri\u1ec3n ho\u1ea1t \u0111\u1ed9ng \u00fd ngh\u0129a n\u00e0y.<\/strong><\/p>\n<p><img decoding=\"async\" src=\"http:\/\/thuvien360.com\/wp-content\/uploads\/2025\/06\/QR-HUNG.jpg\" \/><\/p>\n","protected":false},"featured_media":720,"comment_status":"open","ping_status":"closed","template":"","meta":{"_uag_custom_page_level_css":""},"product_brand":[],"product_cat":[56,58],"product_tag":[],"class_list":{"0":"post-719","1":"product","2":"type-product","3":"status-publish","4":"has-post-thumbnail","6":"product_cat-danhnhan-viet-nam","7":"product_cat-lichsu-vietnam","9":"first","10":"instock","11":"downloadable","12":"virtual","13":"sold-individually","14":"product-type-simple"},"uagb_featured_image_src":{"full":["http:\/\/thuvien360.com\/wp-content\/uploads\/2025\/06\/21-2531-chu-van-an-nguoi-thay-cua-muon-doi-1.jpg",1200,900,false],"thumbnail":["http:\/\/thuvien360.com\/wp-content\/uploads\/2025\/06\/21-2531-chu-van-an-nguoi-thay-cua-muon-doi-1-150x150.jpg",150,150,true],"medium":["http:\/\/thuvien360.com\/wp-content\/uploads\/2025\/06\/21-2531-chu-van-an-nguoi-thay-cua-muon-doi-1-300x225.jpg",300,225,true],"medium_large":["http:\/\/thuvien360.com\/wp-content\/uploads\/2025\/06\/21-2531-chu-van-an-nguoi-thay-cua-muon-doi-1-768x576.jpg",768,576,true],"large":["http:\/\/thuvien360.com\/wp-content\/uploads\/2025\/06\/21-2531-chu-van-an-nguoi-thay-cua-muon-doi-1-1024x768.jpg",1020,765,true],"1536x1536":["http:\/\/thuvien360.com\/wp-content\/uploads\/2025\/06\/21-2531-chu-van-an-nguoi-thay-cua-muon-doi-1.jpg",1200,900,false],"2048x2048":["http:\/\/thuvien360.com\/wp-content\/uploads\/2025\/06\/21-2531-chu-van-an-nguoi-thay-cua-muon-doi-1.jpg",1200,900,false],"woocommerce_thumbnail":["http:\/\/thuvien360.com\/wp-content\/uploads\/2025\/06\/21-2531-chu-van-an-nguoi-thay-cua-muon-doi-1-300x300.jpg",300,300,true],"woocommerce_single":["http:\/\/thuvien360.com\/wp-content\/uploads\/2025\/06\/21-2531-chu-van-an-nguoi-thay-cua-muon-doi-1-600x450.jpg",600,450,true],"woocommerce_gallery_thumbnail":["http:\/\/thuvien360.com\/wp-content\/uploads\/2025\/06\/21-2531-chu-van-an-nguoi-thay-cua-muon-doi-1-100x100.jpg",100,100,true]},"uagb_author_info":{"display_name":"admin","author_link":"http:\/\/thuvien360.com\/?author=0"},"uagb_comment_info":0,"uagb_excerpt":"T\u00e1c gi\u1ea3 : Nhi\u1ec1u T\u00e1c Gi\u1ea3 \u0110\u1ecbnh d\u1ea1ng : S\u00e1ch n\u00f3i DOWNLOAD H\u00e3y t\u00f9y t\u00e2m \u0111\u00f3ng g\u00f3p \u0111\u1ec3 ch\u00fang t\u00f4i c\u00f3 th\u1ec3 ti\u1ebfp t\u1ee5c duy tr\u00ec v\u00e0 ph\u00e1t tri\u1ec3n ho\u1ea1t \u0111\u1ed9ng \u00fd ngh\u0129a n\u00e0y.","_links":{"self":[{"href":"http:\/\/thuvien360.com\/index.php?rest_route=\/wp\/v2\/product\/719","targetHints":{"allow":["GET"]}}],"collection":[{"href":"http:\/\/thuvien360.com\/index.php?rest_route=\/wp\/v2\/product"}],"about":[{"href":"http:\/\/thuvien360.com\/index.php?rest_route=\/wp\/v2\/types\/product"}],"replies":[{"embeddable":true,"href":"http:\/\/thuvien360.com\/index.php?rest_route=%2Fwp%2Fv2%2Fcomments&post=719"}],"wp:featuredmedia":[{"embeddable":true,"href":"http:\/\/thuvien360.com\/index.php?rest_route=\/wp\/v2\/media\/720"}],"wp:attachment":[{"href":"http:\/\/thuvien360.com\/index.php?rest_route=%2Fwp%2Fv2%2Fmedia&parent=719"}],"wp:term":[{"taxonomy":"product_brand","embeddable":true,"href":"http:\/\/thuvien360.com\/index.php?rest_route=%2Fwp%2Fv2%2Fproduct_brand&post=719"},{"taxonomy":"product_cat","embeddable":true,"href":"http:\/\/thuvien360.com\/index.php?rest_route=%2Fwp%2Fv2%2Fproduct_cat&post=719"},{"taxonomy":"product_tag","embeddable":true,"href":"http:\/\/thuvien360.com\/index.php?rest_route=%2Fwp%2Fv2%2Fproduct_tag&post=719"}],"curies":[{"name":"wp","href":"https:\/\/api.w.org\/{rel}","templated":true}]}}