{"id":714,"date":"2025-06-30T02:44:26","date_gmt":"2025-06-30T02:44:26","guid":{"rendered":"http:\/\/thuvien360.com\/?post_type=product&#038;p=714"},"modified":"2025-07-04T08:01:26","modified_gmt":"2025-07-04T08:01:26","slug":"tro-chuyen-voi-vi-nhan","status":"publish","type":"product","link":"http:\/\/thuvien360.com\/?product=tro-chuyen-voi-vi-nhan","title":{"rendered":"TR\u00d2 CHUY\u1ec6N V\u1edaI V\u0128 NH\u00c2N"},"content":{"rendered":"<h3 data-start=\"225\" data-end=\"260\">\ud83e\uddd8 <strong data-start=\"232\" data-end=\"258\">TR\u00d2 CHUY\u1ec6N V\u1edaI V\u0128 NH\u00c2N<\/strong><\/h3>\n<p data-start=\"261\" data-end=\"350\"><strong data-start=\"261\" data-end=\"278\">T\u00e1c gi\u1ea3: Osho<\/strong><br data-start=\"278\" data-end=\"281\" \/><em data-start=\"281\" data-end=\"350\">M\u1ed9t cu\u1ed9c h\u1ed9i ng\u1ed9 k\u1ef3 di\u1ec7u gi\u1eefa tinh th\u1ea7n hi\u1ec7n \u0111\u1ea1i v\u00e0 tr\u00ed tu\u1ec7 c\u1ed5 x\u01b0a.<\/em><\/p>\n<blockquote data-start=\"352\" data-end=\"446\">\n<p data-start=\"354\" data-end=\"446\">\u201cT\u00f4i kh\u00f4ng gi\u1ea3ng gi\u1ea3i v\u1ec1 h\u1ecd \u2013 t\u00f4i tr\u00f2 chuy\u1ec7n v\u1edbi h\u1ecd, t\u1eeb tr\u00e1i tim \u0111\u1ebfn tr\u00e1i tim.\u201d<br data-start=\"433\" data-end=\"436\" \/>\u2014 <em data-start=\"440\" data-end=\"446\">Osho<\/em><\/p>\n<\/blockquote>\n<hr data-start=\"448\" data-end=\"451\" \/>\n<p data-start=\"453\" data-end=\"710\">Trong cu\u1ed1n s\u00e1ch \u0111\u1eb7c bi\u1ec7t n\u00e0y, <strong data-start=\"483\" data-end=\"491\">Osho<\/strong> \u2013 b\u1eadc th\u1ea7y t\u00e2m linh n\u1ed5i ti\u1ebfng th\u1ebf gi\u1edbi \u2013 d\u1eabn d\u1eaft ng\u01b0\u1eddi \u0111\u1ecdc \u0111i v\u00e0o nh\u1eefng cu\u1ed9c \u201ctr\u00f2 chuy\u1ec7n t\u01b0\u1edfng t\u01b0\u1ee3ng nh\u01b0ng \u0111\u1ea7y s\u1ed1ng \u0111\u1ed9ng\u201d v\u1edbi c\u00e1c nh\u00e2n v\u1eadt v\u0129 \u0111\u1ea1i nh\u01b0 <strong data-start=\"642\" data-end=\"710\">Ph\u1eadt Th\u00edch Ca, L\u00e3o T\u1eed, Jesus, Socrates, Mahavira, Zarathustra&#8230;<\/strong><\/p>\n<p data-start=\"712\" data-end=\"949\">Th\u00f4ng qua phong c\u00e1ch di\u1ec5n \u0111\u1ea1t t\u1ef1 nhi\u00ean, g\u1ea7n g\u0169i nh\u01b0ng s\u00e2u s\u1eafc, Osho gi\u00fap ng\u01b0\u1eddi \u0111\u1ecdc kh\u00f4ng ch\u1ec9 hi\u1ec3u r\u00f5 <strong data-start=\"813\" data-end=\"863\">tri\u1ebft l\u00fd s\u1ed1ng, c\u00e1i nh\u00ecn v\u1ec1 th\u1ebf gi\u1edbi v\u00e0 b\u1ea3n th\u1ec3<\/strong> c\u1ee7a c\u00e1c b\u1eadc hi\u1ec1n tri\u1ebft, m\u00e0 c\u00f2n <strong data-start=\"895\" data-end=\"948\">g\u1ee3i m\u1edf con \u0111\u01b0\u1eddng th\u1ee9c t\u1ec9nh n\u1ed9i t\u00e2m cho ch\u00ednh m\u00ecnh<\/strong>.<\/p>\n<hr data-start=\"951\" data-end=\"954\" \/>\n<h3 data-start=\"956\" data-end=\"983\">\ud83c\udf1f Nh\u1eefng \u0111i\u1ec3m \u0111\u1eb7c bi\u1ec7t:<\/h3>\n<ul data-start=\"984\" data-end=\"1285\">\n<li data-start=\"984\" data-end=\"1057\">\n<p data-start=\"986\" data-end=\"1057\">\ud83d\udcad K\u1ebft h\u1ee3p gi\u1eefa <strong data-start=\"1002\" data-end=\"1034\">tri\u1ebft h\u1ecdc ph\u01b0\u01a1ng \u0110\u00f4ng v\u00e0 T\u00e2y<\/strong>, c\u1ed5 \u0111i\u1ec3n v\u00e0 hi\u1ec7n \u0111\u1ea1i<\/p>\n<\/li>\n<li data-start=\"1058\" data-end=\"1136\">\n<p data-start=\"1060\" data-end=\"1136\">\ud83d\udd25 V\u0103n phong <strong data-start=\"1073\" data-end=\"1096\">th\u1eb3ng th\u1eafn, s\u00e2u s\u1eafc<\/strong>, g\u1ee3i suy t\u01b0 v\u00e0 \u0111\u00e1nh th\u1ee9c s\u1ef1 t\u1ec9nh th\u1ee9c<\/p>\n<\/li>\n<li data-start=\"1137\" data-end=\"1218\">\n<p data-start=\"1139\" data-end=\"1218\">\ud83e\udde0 L\u00e0 s\u1ef1 \u201cgiao thoa tinh th\u1ea7n\u201d gi\u1eefa Osho v\u00e0 c\u00e1c bi\u1ec3u t\u01b0\u1ee3ng t\u01b0 t\u01b0\u1edfng nh\u00e2n lo\u1ea1i<\/p>\n<\/li>\n<li data-start=\"1219\" data-end=\"1285\">\n<p data-start=\"1221\" data-end=\"1285\">\u2728 G\u1ee3i m\u1edf <strong data-start=\"1230\" data-end=\"1253\">c\u00e2u h\u1ecfi n\u1ed9i t\u00e2m l\u1edbn<\/strong>: T\u00f4i l\u00e0 ai? T\u00f4i s\u1ed1ng \u0111\u1ec3 l\u00e0m g\u00ec?<\/p>\n<\/li>\n<\/ul>\n","protected":false},"excerpt":{"rendered":"<p>T\u00e1c gi\u1ea3 : Osho<br \/>\n\u0110\u1ecbnh d\u1ea1ng : S\u00e1ch n\u00f3i<\/p>\n<p><strong><a href=\"https:\/\/drive.usercontent.google.com\/download?id=1SbFtoH2bW52keCSbRHRzGPhac2Uuoc5u&amp;export=download&amp;authuser=0\">DOWNLOAD<\/a><br \/>\nH\u00e3y t\u00f9y t\u00e2m \u0111\u00f3ng g\u00f3p \u0111\u1ec3 ch\u00fang t\u00f4i c\u00f3 th\u1ec3 ti\u1ebfp t\u1ee5c duy tr\u00ec v\u00e0 ph\u00e1t tri\u1ec3n ho\u1ea1t \u0111\u1ed9ng \u00fd ngh\u0129a n\u00e0y.<\/strong><\/p>\n<p><img decoding=\"async\" src=\"http:\/\/thuvien360.com\/wp-content\/uploads\/2025\/06\/QR-HUNG.jpg\" \/><\/p>\n","protected":false},"featured_media":715,"comment_status":"open","ping_status":"closed","template":"","meta":{"_uag_custom_page_level_css":""},"product_brand":[],"product_cat":[55,58],"product_tag":[],"class_list":{"0":"post-714","1":"product","2":"type-product","3":"status-publish","4":"has-post-thumbnail","6":"product_cat-danhnhan-the-gioi","7":"product_cat-lichsu-vietnam","9":"first","10":"instock","11":"downloadable","12":"virtual","13":"sold-individually","14":"product-type-simple"},"uagb_featured_image_src":{"full":["http:\/\/thuvien360.com\/wp-content\/uploads\/2025\/06\/18-6644-tro-chuyen-voi-vi-nhan-1.jpg",1200,900,false],"thumbnail":["http:\/\/thuvien360.com\/wp-content\/uploads\/2025\/06\/18-6644-tro-chuyen-voi-vi-nhan-1-150x150.jpg",150,150,true],"medium":["http:\/\/thuvien360.com\/wp-content\/uploads\/2025\/06\/18-6644-tro-chuyen-voi-vi-nhan-1-300x225.jpg",300,225,true],"medium_large":["http:\/\/thuvien360.com\/wp-content\/uploads\/2025\/06\/18-6644-tro-chuyen-voi-vi-nhan-1-768x576.jpg",768,576,true],"large":["http:\/\/thuvien360.com\/wp-content\/uploads\/2025\/06\/18-6644-tro-chuyen-voi-vi-nhan-1-1024x768.jpg",1020,765,true],"1536x1536":["http:\/\/thuvien360.com\/wp-content\/uploads\/2025\/06\/18-6644-tro-chuyen-voi-vi-nhan-1.jpg",1200,900,false],"2048x2048":["http:\/\/thuvien360.com\/wp-content\/uploads\/2025\/06\/18-6644-tro-chuyen-voi-vi-nhan-1.jpg",1200,900,false],"woocommerce_thumbnail":["http:\/\/thuvien360.com\/wp-content\/uploads\/2025\/06\/18-6644-tro-chuyen-voi-vi-nhan-1-300x300.jpg",300,300,true],"woocommerce_single":["http:\/\/thuvien360.com\/wp-content\/uploads\/2025\/06\/18-6644-tro-chuyen-voi-vi-nhan-1-600x450.jpg",600,450,true],"woocommerce_gallery_thumbnail":["http:\/\/thuvien360.com\/wp-content\/uploads\/2025\/06\/18-6644-tro-chuyen-voi-vi-nhan-1-100x100.jpg",100,100,true]},"uagb_author_info":{"display_name":"admin","author_link":"http:\/\/thuvien360.com\/?author=0"},"uagb_comment_info":0,"uagb_excerpt":"T\u00e1c gi\u1ea3 : Osho \u0110\u1ecbnh d\u1ea1ng : S\u00e1ch n\u00f3i DOWNLOAD H\u00e3y t\u00f9y t\u00e2m \u0111\u00f3ng g\u00f3p \u0111\u1ec3 ch\u00fang t\u00f4i c\u00f3 th\u1ec3 ti\u1ebfp t\u1ee5c duy tr\u00ec v\u00e0 ph\u00e1t tri\u1ec3n ho\u1ea1t \u0111\u1ed9ng \u00fd ngh\u0129a n\u00e0y.","_links":{"self":[{"href":"http:\/\/thuvien360.com\/index.php?rest_route=\/wp\/v2\/product\/714","targetHints":{"allow":["GET"]}}],"collection":[{"href":"http:\/\/thuvien360.com\/index.php?rest_route=\/wp\/v2\/product"}],"about":[{"href":"http:\/\/thuvien360.com\/index.php?rest_route=\/wp\/v2\/types\/product"}],"replies":[{"embeddable":true,"href":"http:\/\/thuvien360.com\/index.php?rest_route=%2Fwp%2Fv2%2Fcomments&post=714"}],"wp:featuredmedia":[{"embeddable":true,"href":"http:\/\/thuvien360.com\/index.php?rest_route=\/wp\/v2\/media\/715"}],"wp:attachment":[{"href":"http:\/\/thuvien360.com\/index.php?rest_route=%2Fwp%2Fv2%2Fmedia&parent=714"}],"wp:term":[{"taxonomy":"product_brand","embeddable":true,"href":"http:\/\/thuvien360.com\/index.php?rest_route=%2Fwp%2Fv2%2Fproduct_brand&post=714"},{"taxonomy":"product_cat","embeddable":true,"href":"http:\/\/thuvien360.com\/index.php?rest_route=%2Fwp%2Fv2%2Fproduct_cat&post=714"},{"taxonomy":"product_tag","embeddable":true,"href":"http:\/\/thuvien360.com\/index.php?rest_route=%2Fwp%2Fv2%2Fproduct_tag&post=714"}],"curies":[{"name":"wp","href":"https:\/\/api.w.org\/{rel}","templated":true}]}}