{"id":712,"date":"2025-06-30T02:43:11","date_gmt":"2025-06-30T02:43:11","guid":{"rendered":"http:\/\/thuvien360.com\/?post_type=product&#038;p=712"},"modified":"2025-07-04T08:04:05","modified_gmt":"2025-07-04T08:04:05","slug":"gia-cat-luong-tu-nho-da-lap-chi-lon","status":"publish","type":"product","link":"http:\/\/thuvien360.com\/?product=gia-cat-luong-tu-nho-da-lap-chi-lon","title":{"rendered":"GIA C\u00c1T L\u01af\u1ee2NG \u2013 T\u1eea NH\u1ece \u0110\u00c3 L\u1eacP CH\u00cd L\u1edaN"},"content":{"rendered":"<h3 data-start=\"221\" data-end=\"271\">\ud83c\udfef <strong data-start=\"228\" data-end=\"269\">GIA C\u00c1T L\u01af\u1ee2NG \u2013 T\u1eea NH\u1ece \u0110\u00c3 L\u1eacP CH\u00cd L\u1edaN<\/strong><\/h3>\n<p data-start=\"272\" data-end=\"453\"><strong data-start=\"272\" data-end=\"292\">T\u00e1c gi\u1ea3: \u0110\u1ea1i L\u00e3n<\/strong><br data-start=\"292\" data-end=\"295\" \/><em data-start=\"295\" data-end=\"453\">M\u1ed9t cu\u1ed1n s\u00e1ch kh\u01a1i d\u1eady tinh th\u1ea7n h\u1ecdc t\u1eadp, l\u00fd t\u01b0\u1edfng s\u1ed1ng v\u00e0 ngh\u1ecb l\u1ef1c v\u01b0\u01a1n l\u00ean t\u1eeb t\u1ea5m g\u01b0\u01a1ng Gia C\u00e1t L\u01b0\u1ee3ng \u2013 ng\u01b0\u1eddi m\u00e0 c\u1ea3 thi\u00ean h\u1ea1 t\u00f4n l\u00e0 \u201cNg\u1ecda Long ti\u00ean sinh\u201d.<\/em><\/p>\n<blockquote data-start=\"455\" data-end=\"529\">\n<p data-start=\"457\" data-end=\"529\">\u201cKh\u00f4ng l\u1eadp ch\u00ed, kh\u00f4ng th\u00e0nh ng\u01b0\u1eddi. Kh\u00f4ng d\u01b0\u1ee1ng \u0111\u1ee9c, ch\u1eb3ng th\u00e0nh nghi\u1ec7p.\u201d<\/p>\n<\/blockquote>\n<hr data-start=\"531\" data-end=\"534\" \/>\n<p data-start=\"536\" data-end=\"846\">Cu\u1ed1n s\u00e1ch k\u1ec3 l\u1ea1i <strong data-start=\"553\" data-end=\"609\">tu\u1ed5i th\u01a1, qu\u00e1 tr\u00ecnh tu d\u01b0\u1ee1ng, h\u1ecdc t\u1eadp v\u00e0 l\u1eadp ch\u00ed l\u1edbn<\/strong> c\u1ee7a Gia C\u00e1t L\u01b0\u1ee3ng \u2013 m\u1ed9t trong nh\u1eefng chi\u1ebfn l\u01b0\u1ee3c gia ki\u1ec7t xu\u1ea5t nh\u1ea5t th\u1eddi Tam Qu\u1ed1c. Nh\u01b0ng thay v\u00ec t\u1eadp trung v\u00e0o c\u00e1c tr\u1eadn chi\u1ebfn, t\u00e1c ph\u1ea9m l\u1ea1i ch\u00fa tr\u1ecdng <strong data-start=\"758\" data-end=\"837\">kh\u1eafc h\u1ecda nh\u00e2n c\u00e1ch, tinh th\u1ea7n v\u01b0\u1ee3t kh\u00f3 v\u00e0 s\u1ef1 kh\u00f4n ngoan ngay t\u1eeb khi c\u00f2n tr\u1ebb<\/strong> c\u1ee7a \u00f4ng.<\/p>\n<p data-start=\"848\" data-end=\"1088\">T\u00e1c gi\u1ea3 <strong data-start=\"856\" data-end=\"867\">\u0110\u1ea1i L\u00e3n<\/strong> \u0111\u00e3 vi\u1ebft v\u1edbi v\u0103n phong nh\u1eb9 nh\u00e0ng, d\u1ec5 \u0111\u1ecdc, k\u1ebft h\u1ee3p gi\u1eefa l\u1ecbch s\u1eed v\u00e0 gi\u00e1o d\u1ee5c nh\u00e2n c\u00e1ch, gi\u00fap <strong data-start=\"958\" data-end=\"988\">tr\u1ebb em v\u00e0 thanh thi\u1ebfu ni\u00ean<\/strong> h\u1ecdc \u0111\u01b0\u1ee3c b\u00e0i h\u1ecdc qu\u00fd gi\u00e1 t\u1eeb m\u1ed9t danh nh\u00e2n th\u1ef1c s\u1ef1 \u201ch\u1ecdc gi\u1ecfi, s\u1ed1ng t\u1eed t\u1ebf v\u00e0 bi\u1ebft s\u1ed1ng v\u00ec \u0111\u1ea1i ngh\u0129a\u201d.<\/p>\n<hr data-start=\"1090\" data-end=\"1093\" \/>\n<h3 data-start=\"1095\" data-end=\"1120\">\u2728 Nh\u1eefng \u0111i\u1ec3m n\u1ed5i b\u1eadt:<\/h3>\n<ul data-start=\"1121\" data-end=\"1446\">\n<li data-start=\"1121\" data-end=\"1200\">\n<p data-start=\"1123\" data-end=\"1200\">\ud83d\udcda V\u0103n phong gi\u1ea3n d\u1ecb, nhi\u1ec1u <strong data-start=\"1151\" data-end=\"1198\">c\u00e2u chuy\u1ec7n ng\u1eafn, d\u1ec5 nh\u1edb, gi\u00e0u t\u00ednh gi\u00e1o d\u1ee5c<\/strong><\/p>\n<\/li>\n<li data-start=\"1201\" data-end=\"1279\">\n<p data-start=\"1203\" data-end=\"1279\">\ud83c\udf31 L\u00e0 <strong data-start=\"1209\" data-end=\"1277\">t\u1ea5m g\u01b0\u01a1ng s\u00e1ng v\u1ec1 tinh th\u1ea7n l\u1eadp ch\u00ed, ki\u00ean tr\u00ec h\u1ecdc v\u1ea5n v\u00e0 tu th\u00e2n<\/strong><\/p>\n<\/li>\n<li data-start=\"1280\" data-end=\"1366\">\n<p data-start=\"1282\" data-end=\"1366\">\ud83e\udded Ph\u00f9 h\u1ee3p \u0111\u1ec3 <strong data-start=\"1296\" data-end=\"1316\">\u0111\u1ecdc c\u00f9ng con tr\u1ebb<\/strong>, ho\u1eb7c l\u00e0m <strong data-start=\"1327\" data-end=\"1364\">s\u00e1ch n\u00f3i, truy\u1ec7n minh h\u1ecda l\u1ecbch s\u1eed<\/strong><\/p>\n<\/li>\n<li data-start=\"1367\" data-end=\"1446\">\n<p data-start=\"1369\" data-end=\"1446\">\ud83c\udfee Truy\u1ec1n c\u1ea3m h\u1ee9ng s\u1ed1ng l\u00fd t\u01b0\u1edfng, h\u1ecdc t\u1eadp v\u00e0 r\u00e8n luy\u1ec7n \u0111\u1ea1o \u0111\u1ee9c cho th\u1ebf h\u1ec7 tr\u1ebb<\/p>\n<\/li>\n<\/ul>\n","protected":false},"excerpt":{"rendered":"<p>T\u00e1c gi\u1ea3 : \u0110\u1ea1i L\u00e3n<br \/>\n\u0110\u1ecbnh d\u1ea1ng : S\u00e1ch n\u00f3i<\/p>\n<p><strong><a href=\"https:\/\/drive.usercontent.google.com\/download?id=1wkCP0nSuQuNyAG0Vjx3AyyUdo-iLkTDE&amp;export=download&amp;authuser=0\">DOWNLOAD<\/a><br \/>\nH\u00e3y t\u00f9y t\u00e2m \u0111\u00f3ng g\u00f3p \u0111\u1ec3 ch\u00fang t\u00f4i c\u00f3 th\u1ec3 ti\u1ebfp t\u1ee5c duy tr\u00ec v\u00e0 ph\u00e1t tri\u1ec3n ho\u1ea1t \u0111\u1ed9ng \u00fd ngh\u0129a n\u00e0y.<\/strong><\/p>\n<p><img decoding=\"async\" src=\"http:\/\/thuvien360.com\/wp-content\/uploads\/2025\/06\/QR-HUNG.jpg\" \/><\/p>\n","protected":false},"featured_media":713,"comment_status":"open","ping_status":"closed","template":"","meta":{"_uag_custom_page_level_css":""},"product_brand":[],"product_cat":[55,57],"product_tag":[],"class_list":{"0":"post-712","1":"product","2":"type-product","3":"status-publish","4":"has-post-thumbnail","6":"product_cat-danhnhan-the-gioi","7":"product_cat-lichsu-thegioi","9":"first","10":"instock","11":"downloadable","12":"virtual","13":"sold-individually","14":"product-type-simple"},"uagb_featured_image_src":{"full":["http:\/\/thuvien360.com\/wp-content\/uploads\/2025\/06\/19-6629-gia-cat-luong-tu-nho-da-lap-chi-lon-1.jpg",1200,900,false],"thumbnail":["http:\/\/thuvien360.com\/wp-content\/uploads\/2025\/06\/19-6629-gia-cat-luong-tu-nho-da-lap-chi-lon-1-150x150.jpg",150,150,true],"medium":["http:\/\/thuvien360.com\/wp-content\/uploads\/2025\/06\/19-6629-gia-cat-luong-tu-nho-da-lap-chi-lon-1-300x225.jpg",300,225,true],"medium_large":["http:\/\/thuvien360.com\/wp-content\/uploads\/2025\/06\/19-6629-gia-cat-luong-tu-nho-da-lap-chi-lon-1-768x576.jpg",768,576,true],"large":["http:\/\/thuvien360.com\/wp-content\/uploads\/2025\/06\/19-6629-gia-cat-luong-tu-nho-da-lap-chi-lon-1-1024x768.jpg",1020,765,true],"1536x1536":["http:\/\/thuvien360.com\/wp-content\/uploads\/2025\/06\/19-6629-gia-cat-luong-tu-nho-da-lap-chi-lon-1.jpg",1200,900,false],"2048x2048":["http:\/\/thuvien360.com\/wp-content\/uploads\/2025\/06\/19-6629-gia-cat-luong-tu-nho-da-lap-chi-lon-1.jpg",1200,900,false],"woocommerce_thumbnail":["http:\/\/thuvien360.com\/wp-content\/uploads\/2025\/06\/19-6629-gia-cat-luong-tu-nho-da-lap-chi-lon-1-300x300.jpg",300,300,true],"woocommerce_single":["http:\/\/thuvien360.com\/wp-content\/uploads\/2025\/06\/19-6629-gia-cat-luong-tu-nho-da-lap-chi-lon-1-600x450.jpg",600,450,true],"woocommerce_gallery_thumbnail":["http:\/\/thuvien360.com\/wp-content\/uploads\/2025\/06\/19-6629-gia-cat-luong-tu-nho-da-lap-chi-lon-1-100x100.jpg",100,100,true]},"uagb_author_info":{"display_name":"admin","author_link":"http:\/\/thuvien360.com\/?author=0"},"uagb_comment_info":0,"uagb_excerpt":"T\u00e1c gi\u1ea3 : \u0110\u1ea1i L\u00e3n \u0110\u1ecbnh d\u1ea1ng : S\u00e1ch n\u00f3i DOWNLOAD H\u00e3y t\u00f9y t\u00e2m \u0111\u00f3ng g\u00f3p \u0111\u1ec3 ch\u00fang t\u00f4i c\u00f3 th\u1ec3 ti\u1ebfp t\u1ee5c duy tr\u00ec v\u00e0 ph\u00e1t tri\u1ec3n ho\u1ea1t \u0111\u1ed9ng \u00fd ngh\u0129a n\u00e0y.","_links":{"self":[{"href":"http:\/\/thuvien360.com\/index.php?rest_route=\/wp\/v2\/product\/712","targetHints":{"allow":["GET"]}}],"collection":[{"href":"http:\/\/thuvien360.com\/index.php?rest_route=\/wp\/v2\/product"}],"about":[{"href":"http:\/\/thuvien360.com\/index.php?rest_route=\/wp\/v2\/types\/product"}],"replies":[{"embeddable":true,"href":"http:\/\/thuvien360.com\/index.php?rest_route=%2Fwp%2Fv2%2Fcomments&post=712"}],"wp:featuredmedia":[{"embeddable":true,"href":"http:\/\/thuvien360.com\/index.php?rest_route=\/wp\/v2\/media\/713"}],"wp:attachment":[{"href":"http:\/\/thuvien360.com\/index.php?rest_route=%2Fwp%2Fv2%2Fmedia&parent=712"}],"wp:term":[{"taxonomy":"product_brand","embeddable":true,"href":"http:\/\/thuvien360.com\/index.php?rest_route=%2Fwp%2Fv2%2Fproduct_brand&post=712"},{"taxonomy":"product_cat","embeddable":true,"href":"http:\/\/thuvien360.com\/index.php?rest_route=%2Fwp%2Fv2%2Fproduct_cat&post=712"},{"taxonomy":"product_tag","embeddable":true,"href":"http:\/\/thuvien360.com\/index.php?rest_route=%2Fwp%2Fv2%2Fproduct_tag&post=712"}],"curies":[{"name":"wp","href":"https:\/\/api.w.org\/{rel}","templated":true}]}}