{"id":710,"date":"2025-06-30T02:41:35","date_gmt":"2025-06-30T02:41:35","guid":{"rendered":"http:\/\/thuvien360.com\/?post_type=product&#038;p=710"},"modified":"2025-07-04T08:04:16","modified_gmt":"2025-07-04T08:04:16","slug":"khong-tu-tinh-hoa","status":"publish","type":"product","link":"http:\/\/thuvien360.com\/?product=khong-tu-tinh-hoa","title":{"rendered":"KH\u1ed4NG T\u1eec TINH HOA"},"content":{"rendered":"<h3 data-start=\"168\" data-end=\"198\">\ud83d\udcdc <strong data-start=\"175\" data-end=\"196\">KH\u1ed4NG T\u1eec TINH HOA<\/strong><\/h3>\n<p data-start=\"199\" data-end=\"338\"><strong data-start=\"199\" data-end=\"218\">T\u00e1c gi\u1ea3: Yu Dan<\/strong><br data-start=\"218\" data-end=\"221\" \/><em data-start=\"221\" data-end=\"338\">M\u1ed9t c\u00e1ch ti\u1ebfp c\u1eadn \u0111\u1ea7y c\u1ea3m h\u1ee9ng v\u00e0 nh\u1eb9 nh\u00e0ng \u0111\u1ec3 s\u1ed1ng t\u1eed t\u1ebf, ch\u00ednh tr\u1ef1c v\u00e0 h\u1ea1nh ph\u00fac h\u01a1n nh\u1edd h\u1ecdc thuy\u1ebft c\u1ee7a Kh\u1ed5ng T\u1eed.<\/em><\/p>\n<blockquote data-start=\"340\" data-end=\"438\">\n<p data-start=\"342\" data-end=\"438\">\u201cNg\u01b0\u1eddi qu\u00e2n t\u1eed bi\u1ebft t\u1ef1 s\u1eeda m\u00ecnh tr\u01b0\u1edbc khi tr\u00e1ch ng\u01b0\u1eddi, bi\u1ebft s\u1ed1ng thu\u1eadn h\u00f2a thay v\u00ec tranh th\u1eafng.\u201d<\/p>\n<\/blockquote>\n<hr data-start=\"440\" data-end=\"443\" \/>\n<p data-start=\"445\" data-end=\"679\"><strong data-start=\"445\" data-end=\"468\">\u201cKh\u1ed5ng T\u1eed Tinh Hoa\u201d<\/strong> l\u00e0 k\u1ebft qu\u1ea3 t\u1eeb nh\u1eefng bu\u1ed5i gi\u1ea3ng c\u1ee7a <strong data-start=\"504\" data-end=\"522\">Gi\u00e1o s\u01b0 Yu Dan<\/strong>, khi b\u00e0 truy\u1ec1n \u0111\u1ea1t l\u1ea1i nh\u1eefng t\u01b0 t\u01b0\u1edfng kinh \u0111i\u1ec3n t\u1eeb <em data-start=\"574\" data-end=\"584\">Lu\u1eadn Ng\u1eef<\/em> c\u1ee7a <strong data-start=\"589\" data-end=\"601\">Kh\u1ed5ng T\u1eed<\/strong> theo phong c\u00e1ch k\u1ec3 chuy\u1ec7n gi\u1ea3n d\u1ecb, g\u1ea7n g\u0169i, c\u00f3 chi\u1ec1u s\u00e2u nh\u01b0ng kh\u00f4ng h\u00e0n l\u00e2m.<\/p>\n<p data-start=\"681\" data-end=\"935\">Cu\u1ed1n s\u00e1ch gi\u00fap ng\u01b0\u1eddi \u0111\u1ecdc hi\u1ec7n \u0111\u1ea1i <strong data-start=\"715\" data-end=\"744\">\u1ee9ng d\u1ee5ng t\u01b0 t\u01b0\u1edfng Nho gia<\/strong> v\u00e0o \u0111\u1eddi s\u1ed1ng h\u1eb1ng ng\u00e0y: c\u00e1ch \u0111\u1ed1i nh\u00e2n x\u1eed th\u1ebf, l\u00e0m ch\u1ee7 b\u1ea3n th\u00e2n, gi\u1eef h\u00f2a kh\u00ed, bi\u1ebft \u0111i\u1ec1u ch\u1ec9nh t\u00e2m th\u00e1i khi \u0111\u1ed1i di\u1ec7n v\u1edbi th\u1eed th\u00e1ch \u2013 qua \u0111\u00f3 x\u00e2y d\u1ef1ng m\u1ed9t cu\u1ed9c s\u1ed1ng c\u00f3 \u0111\u1ea1o l\u00fd, h\u00e0i h\u00f2a v\u00e0 an l\u1ea1c.<\/p>\n<hr data-start=\"937\" data-end=\"940\" \/>\n<h3 data-start=\"942\" data-end=\"968\">\ud83c\udf1f Nh\u1eefng \u0111i\u1ec3m n\u1ed5i b\u1eadt:<\/h3>\n<ul data-start=\"969\" data-end=\"1322\">\n<li data-start=\"969\" data-end=\"1051\">\n<p data-start=\"971\" data-end=\"1051\">\ud83e\udded Di\u1ec5n gi\u1ea3i <em data-start=\"984\" data-end=\"994\">Lu\u1eadn Ng\u1eef<\/em> m\u1ed9t c\u00e1ch <strong data-start=\"1004\" data-end=\"1049\">d\u1ec5 hi\u1ec3u, truy\u1ec1n c\u1ea3m h\u1ee9ng, kh\u00f4ng gi\u00e1o \u0111i\u1ec1u<\/strong><\/p>\n<\/li>\n<li data-start=\"1052\" data-end=\"1140\">\n<p data-start=\"1054\" data-end=\"1140\">\ud83d\udca1 T\u1eebng ch\u01b0\u01a1ng l\u00e0 m\u1ed9t b\u00e0i h\u1ecdc th\u1ef1c t\u1ebf \u2013 <strong data-start=\"1094\" data-end=\"1138\">\u1ee9ng d\u1ee5ng v\u00e0o gia \u0111\u00ecnh, c\u00f4ng vi\u1ec7c, x\u00e3 h\u1ed9i<\/strong><\/p>\n<\/li>\n<li data-start=\"1141\" data-end=\"1231\">\n<p data-start=\"1143\" data-end=\"1231\">\ud83d\udcda V\u0103n phong nh\u1eb9 nh\u00e0ng, s\u00e2u s\u1eafc \u2013 v\u1eeba <strong data-start=\"1181\" data-end=\"1205\">tri\u1ebft l\u00fd v\u1eeba g\u1ea7n g\u0169i<\/strong> nh\u01b0 m\u1ed9t cu\u1ed9c tr\u00f2 chuy\u1ec7n<\/p>\n<\/li>\n<li data-start=\"1232\" data-end=\"1322\">\n<p data-start=\"1234\" data-end=\"1322\">\ud83e\uddd8 Ph\u00f9 h\u1ee3p v\u1edbi <strong data-start=\"1249\" data-end=\"1322\">ng\u01b0\u1eddi t\u00ecm ki\u1ebfm \u0111\u1ecbnh h\u01b0\u1edbng \u0111\u1ea1o \u0111\u1ee9c, an t\u0129nh n\u1ed9i t\u00e2m, \u1ee9ng x\u1eed kh\u00f4n ngoan<\/strong><\/p>\n<\/li>\n<\/ul>\n","protected":false},"excerpt":{"rendered":"<p>T\u00e1c gi\u1ea3 : Yu Dan<br \/>\n\u0110\u1ecbnh d\u1ea1ng : S\u00e1ch n\u00f3i<\/p>\n<p><strong><a href=\"https:\/\/drive.usercontent.google.com\/download?id=1G1HbVVMQmmWlQ8PPtdSg7PrH_QQt_Xh_&amp;export=download&amp;authuser=0\">DOWNLOAD<\/a><br \/>\nH\u00e3y t\u00f9y t\u00e2m \u0111\u00f3ng g\u00f3p \u0111\u1ec3 ch\u00fang t\u00f4i c\u00f3 th\u1ec3 ti\u1ebfp t\u1ee5c duy tr\u00ec v\u00e0 ph\u00e1t tri\u1ec3n ho\u1ea1t \u0111\u1ed9ng \u00fd ngh\u0129a n\u00e0y.<\/strong><\/p>\n<p><img decoding=\"async\" src=\"http:\/\/thuvien360.com\/wp-content\/uploads\/2025\/06\/QR-HUNG.jpg\" \/><\/p>\n","protected":false},"featured_media":711,"comment_status":"open","ping_status":"closed","template":"","meta":{"_uag_custom_page_level_css":""},"product_brand":[],"product_cat":[55,57],"product_tag":[],"class_list":{"0":"post-710","1":"product","2":"type-product","3":"status-publish","4":"has-post-thumbnail","6":"product_cat-danhnhan-the-gioi","7":"product_cat-lichsu-thegioi","9":"first","10":"instock","11":"downloadable","12":"virtual","13":"product-type-simple"},"uagb_featured_image_src":{"full":["http:\/\/thuvien360.com\/wp-content\/uploads\/2025\/06\/17-418-khong-tu-tinh-hoa-1.jpg",1200,900,false],"thumbnail":["http:\/\/thuvien360.com\/wp-content\/uploads\/2025\/06\/17-418-khong-tu-tinh-hoa-1-150x150.jpg",150,150,true],"medium":["http:\/\/thuvien360.com\/wp-content\/uploads\/2025\/06\/17-418-khong-tu-tinh-hoa-1-300x225.jpg",300,225,true],"medium_large":["http:\/\/thuvien360.com\/wp-content\/uploads\/2025\/06\/17-418-khong-tu-tinh-hoa-1-768x576.jpg",768,576,true],"large":["http:\/\/thuvien360.com\/wp-content\/uploads\/2025\/06\/17-418-khong-tu-tinh-hoa-1-1024x768.jpg",1020,765,true],"1536x1536":["http:\/\/thuvien360.com\/wp-content\/uploads\/2025\/06\/17-418-khong-tu-tinh-hoa-1.jpg",1200,900,false],"2048x2048":["http:\/\/thuvien360.com\/wp-content\/uploads\/2025\/06\/17-418-khong-tu-tinh-hoa-1.jpg",1200,900,false],"woocommerce_thumbnail":["http:\/\/thuvien360.com\/wp-content\/uploads\/2025\/06\/17-418-khong-tu-tinh-hoa-1-300x300.jpg",300,300,true],"woocommerce_single":["http:\/\/thuvien360.com\/wp-content\/uploads\/2025\/06\/17-418-khong-tu-tinh-hoa-1-600x450.jpg",600,450,true],"woocommerce_gallery_thumbnail":["http:\/\/thuvien360.com\/wp-content\/uploads\/2025\/06\/17-418-khong-tu-tinh-hoa-1-100x100.jpg",100,100,true]},"uagb_author_info":{"display_name":"admin","author_link":"http:\/\/thuvien360.com\/?author=0"},"uagb_comment_info":0,"uagb_excerpt":"T\u00e1c gi\u1ea3 : Yu Dan \u0110\u1ecbnh d\u1ea1ng : S\u00e1ch n\u00f3i DOWNLOAD H\u00e3y t\u00f9y t\u00e2m \u0111\u00f3ng g\u00f3p \u0111\u1ec3 ch\u00fang t\u00f4i c\u00f3 th\u1ec3 ti\u1ebfp t\u1ee5c duy tr\u00ec v\u00e0 ph\u00e1t tri\u1ec3n ho\u1ea1t \u0111\u1ed9ng \u00fd ngh\u0129a n\u00e0y.","_links":{"self":[{"href":"http:\/\/thuvien360.com\/index.php?rest_route=\/wp\/v2\/product\/710","targetHints":{"allow":["GET"]}}],"collection":[{"href":"http:\/\/thuvien360.com\/index.php?rest_route=\/wp\/v2\/product"}],"about":[{"href":"http:\/\/thuvien360.com\/index.php?rest_route=\/wp\/v2\/types\/product"}],"replies":[{"embeddable":true,"href":"http:\/\/thuvien360.com\/index.php?rest_route=%2Fwp%2Fv2%2Fcomments&post=710"}],"wp:featuredmedia":[{"embeddable":true,"href":"http:\/\/thuvien360.com\/index.php?rest_route=\/wp\/v2\/media\/711"}],"wp:attachment":[{"href":"http:\/\/thuvien360.com\/index.php?rest_route=%2Fwp%2Fv2%2Fmedia&parent=710"}],"wp:term":[{"taxonomy":"product_brand","embeddable":true,"href":"http:\/\/thuvien360.com\/index.php?rest_route=%2Fwp%2Fv2%2Fproduct_brand&post=710"},{"taxonomy":"product_cat","embeddable":true,"href":"http:\/\/thuvien360.com\/index.php?rest_route=%2Fwp%2Fv2%2Fproduct_cat&post=710"},{"taxonomy":"product_tag","embeddable":true,"href":"http:\/\/thuvien360.com\/index.php?rest_route=%2Fwp%2Fv2%2Fproduct_tag&post=710"}],"curies":[{"name":"wp","href":"https:\/\/api.w.org\/{rel}","templated":true}]}}