{"id":708,"date":"2025-06-30T02:39:39","date_gmt":"2025-06-30T02:39:39","guid":{"rendered":"http:\/\/thuvien360.com\/?post_type=product&#038;p=708"},"modified":"2025-07-04T08:04:29","modified_gmt":"2025-07-04T08:04:29","slug":"trang-tu-tam-dac-2","status":"publish","type":"product","link":"http:\/\/thuvien360.com\/?product=trang-tu-tam-dac-2","title":{"rendered":"TRANG T\u1eec T\u00c2M \u0110\u1eaeC"},"content":{"rendered":"<h3 data-start=\"217\" data-end=\"246\">\ud83c\udf3f <strong data-start=\"224\" data-end=\"244\">TRANG T\u1eec T\u00c2M \u0110\u1eaeC<\/strong><\/h3>\n<p data-start=\"247\" data-end=\"374\"><strong data-start=\"247\" data-end=\"266\">T\u00e1c gi\u1ea3: Yu Dan<\/strong><br data-start=\"266\" data-end=\"269\" \/><em data-start=\"269\" data-end=\"374\">M\u1ed9t c\u00e1nh c\u1eeda m\u1edf v\u00e0o th\u1ebf gi\u1edbi t\u1ef1 do tinh th\u1ea7n, s\u1ed1ng thu\u1eadn t\u1ef1 nhi\u00ean v\u00e0 bu\u00f4ng b\u1ecf lo \u00e2u theo c\u00e1ch Trang T\u1eed.<\/em><\/p>\n<blockquote data-start=\"376\" data-end=\"485\">\n<p data-start=\"378\" data-end=\"485\">\u201cNg\u01b0\u1eddi hi\u1ec3u \u0111\u1ea1o, kh\u00f4ng b\u1ecb b\u00f3 bu\u1ed9c b\u1edfi danh l\u1ee3i, kh\u00f4ng b\u1ecb r\u00e0ng bu\u1ed9c b\u1edfi vinh nh\u1ee5c \u2013 ch\u1ec9 s\u1ed1ng \u0111\u00fang v\u1edbi m\u00ecnh.\u201d<\/p>\n<\/blockquote>\n<hr data-start=\"487\" data-end=\"490\" \/>\n<p data-start=\"492\" data-end=\"739\"><strong data-start=\"492\" data-end=\"514\">\u201cTrang T\u1eed T\u00e2m \u0110\u1eafc\u201d<\/strong> l\u00e0 cu\u1ed1n s\u00e1ch ghi l\u1ea1i nh\u1eefng c\u1ea3m nh\u1eadn v\u00e0 chi\u00eam nghi\u1ec7m c\u1ee7a <strong data-start=\"571\" data-end=\"581\">Yu Dan<\/strong> \u2013 m\u1ed9t gi\u00e1o s\u01b0 truy\u1ec1n th\u00f4ng v\u00e0 nh\u00e0 nghi\u00ean c\u1ee9u v\u0103n h\u00f3a Trung Qu\u1ed1c \u2013 sau nhi\u1ec1u n\u0103m nghi\u00ean c\u1ee9u <strong data-start=\"673\" data-end=\"685\">Trang T\u1eed<\/strong>, m\u1ed9t trong nh\u1eefng tri\u1ebft gia v\u0129 \u0111\u1ea1i nh\u1ea5t c\u1ee7a \u0110\u1ea1o gia.<\/p>\n<p data-start=\"741\" data-end=\"1015\">Qua nh\u1eefng trang vi\u1ebft nh\u1eb9 nh\u00e0ng, g\u1ea7n g\u0169i, \u0111\u00f4i l\u00fac mang d\u00e1ng d\u1ea5p c\u1ee7a m\u1ed9t bu\u1ed5i \u201ctr\u00f2 chuy\u1ec7n tr\u00e0 \u0111\u1ea1o\u201d, Yu Dan <strong data-start=\"846\" data-end=\"895\">gi\u1ea3i ngh\u0129a c\u00e1c c\u00e2u chuy\u1ec7n v\u00e0 tri\u1ebft l\u00fd \u0110\u1ea1o gia<\/strong> trong <em data-start=\"902\" data-end=\"916\">Nam Hoa Kinh<\/em>, gi\u00fap ng\u01b0\u1eddi \u0111\u1ecdc hi\u1ec7n \u0111\u1ea1i *<em data-start=\"943\" data-end=\"1014\">gi\u1ea3i t\u1ecfa c\u0103ng th\u1eb3ng, s\u1ed1ng ch\u1eadm l\u1ea1i, an nhi\u00ean h\u01a1n gi\u1eefa cu\u1ed9c s\u1ed1ng x\u00f4 b\u1ed3<\/em>.<\/p>\n<hr data-start=\"1017\" data-end=\"1020\" \/>\n<h3 data-start=\"1022\" data-end=\"1042\">\u262f\ufe0f \u0110i\u1ec3m n\u1ed5i b\u1eadt:<\/h3>\n<ul data-start=\"1043\" data-end=\"1364\">\n<li data-start=\"1043\" data-end=\"1113\">\n<p data-start=\"1045\" data-end=\"1113\">\ud83d\udcd6 Di\u1ec5n gi\u1ea3i <strong data-start=\"1058\" data-end=\"1102\">tri\u1ebft l\u00fd Trang T\u1eed b\u1eb1ng ng\u00f4n ng\u1eef hi\u1ec7n \u0111\u1ea1i<\/strong>, d\u1ec5 hi\u1ec3u<\/p>\n<\/li>\n<li data-start=\"1114\" data-end=\"1197\">\n<p data-start=\"1116\" data-end=\"1197\">\ud83e\udeb6 V\u0103n phong nh\u1eb9 nh\u00e0ng, s\u00e2u s\u1eafc, c\u00f3 t\u00ednh <strong data-start=\"1157\" data-end=\"1195\">thi\u1ec1n \u2013 tr\u1ecb li\u1ec7u \u2013 truy\u1ec1n c\u1ea3m h\u1ee9ng<\/strong><\/p>\n<\/li>\n<li data-start=\"1198\" data-end=\"1279\">\n<p data-start=\"1200\" data-end=\"1279\">\ud83c\udf0a G\u1ee3i m\u1edf c\u00e1ch s\u1ed1ng \u201ct\u00f9y duy\u00ean, thu\u1eadn t\u1ef1 nhi\u00ean\u201d nh\u01b0ng v\u1eabn gi\u1eef b\u1ea3n s\u1eafc c\u00e1 nh\u00e2n<\/p>\n<\/li>\n<li data-start=\"1280\" data-end=\"1364\">\n<p data-start=\"1282\" data-end=\"1364\">\ud83d\udca1 Ph\u00f9 h\u1ee3p v\u1edbi ng\u01b0\u1eddi <strong data-start=\"1303\" data-end=\"1364\">\u0111ang t\u00ecm ki\u1ebfm s\u1ef1 t\u0129nh l\u1eb7ng n\u1ed9i t\u00e2m, mu\u1ed1n s\u1ed1ng s\u00e2u v\u00e0 ch\u1eadm<\/strong><\/p>\n<\/li>\n<\/ul>\n","protected":false},"excerpt":{"rendered":"<p>T\u00e1c gi\u1ea3 : Yu Dan<br \/>\n\u0110\u1ecbnh d\u1ea1ng : S\u00e1ch n\u00f3i<\/p>\n<p><strong><a href=\"https:\/\/drive.usercontent.google.com\/download?id=1YECULQ9OYmyEflxIdJa7Gyl5EbMonlhP&amp;export=download&amp;authuser=0\">DOWNLOAD<\/a><br \/>\nH\u00e3y t\u00f9y t\u00e2m \u0111\u00f3ng g\u00f3p \u0111\u1ec3 ch\u00fang t\u00f4i c\u00f3 th\u1ec3 ti\u1ebfp t\u1ee5c duy tr\u00ec v\u00e0 ph\u00e1t tri\u1ec3n ho\u1ea1t \u0111\u1ed9ng \u00fd ngh\u0129a n\u00e0y.<\/strong><\/p>\n<p><img decoding=\"async\" src=\"http:\/\/thuvien360.com\/wp-content\/uploads\/2025\/06\/QR-HUNG.jpg\" \/><\/p>\n","protected":false},"featured_media":709,"comment_status":"open","ping_status":"closed","template":"","meta":{"_uag_custom_page_level_css":""},"product_brand":[],"product_cat":[55,57],"product_tag":[],"class_list":{"0":"post-708","1":"product","2":"type-product","3":"status-publish","4":"has-post-thumbnail","6":"product_cat-danhnhan-the-gioi","7":"product_cat-lichsu-thegioi","9":"first","10":"instock","11":"downloadable","12":"virtual","13":"sold-individually","14":"product-type-simple"},"uagb_featured_image_src":{"full":["http:\/\/thuvien360.com\/wp-content\/uploads\/2025\/06\/16-901-trang-tu-tam-dac-1.jpg",1200,900,false],"thumbnail":["http:\/\/thuvien360.com\/wp-content\/uploads\/2025\/06\/16-901-trang-tu-tam-dac-1-150x150.jpg",150,150,true],"medium":["http:\/\/thuvien360.com\/wp-content\/uploads\/2025\/06\/16-901-trang-tu-tam-dac-1-300x225.jpg",300,225,true],"medium_large":["http:\/\/thuvien360.com\/wp-content\/uploads\/2025\/06\/16-901-trang-tu-tam-dac-1-768x576.jpg",768,576,true],"large":["http:\/\/thuvien360.com\/wp-content\/uploads\/2025\/06\/16-901-trang-tu-tam-dac-1-1024x768.jpg",1020,765,true],"1536x1536":["http:\/\/thuvien360.com\/wp-content\/uploads\/2025\/06\/16-901-trang-tu-tam-dac-1.jpg",1200,900,false],"2048x2048":["http:\/\/thuvien360.com\/wp-content\/uploads\/2025\/06\/16-901-trang-tu-tam-dac-1.jpg",1200,900,false],"woocommerce_thumbnail":["http:\/\/thuvien360.com\/wp-content\/uploads\/2025\/06\/16-901-trang-tu-tam-dac-1-300x300.jpg",300,300,true],"woocommerce_single":["http:\/\/thuvien360.com\/wp-content\/uploads\/2025\/06\/16-901-trang-tu-tam-dac-1-600x450.jpg",600,450,true],"woocommerce_gallery_thumbnail":["http:\/\/thuvien360.com\/wp-content\/uploads\/2025\/06\/16-901-trang-tu-tam-dac-1-100x100.jpg",100,100,true]},"uagb_author_info":{"display_name":"admin","author_link":"http:\/\/thuvien360.com\/?author=0"},"uagb_comment_info":0,"uagb_excerpt":"T\u00e1c gi\u1ea3 : Yu Dan \u0110\u1ecbnh d\u1ea1ng : S\u00e1ch n\u00f3i DOWNLOAD H\u00e3y t\u00f9y t\u00e2m \u0111\u00f3ng g\u00f3p \u0111\u1ec3 ch\u00fang t\u00f4i c\u00f3 th\u1ec3 ti\u1ebfp t\u1ee5c duy tr\u00ec v\u00e0 ph\u00e1t tri\u1ec3n ho\u1ea1t \u0111\u1ed9ng \u00fd ngh\u0129a n\u00e0y.","_links":{"self":[{"href":"http:\/\/thuvien360.com\/index.php?rest_route=\/wp\/v2\/product\/708","targetHints":{"allow":["GET"]}}],"collection":[{"href":"http:\/\/thuvien360.com\/index.php?rest_route=\/wp\/v2\/product"}],"about":[{"href":"http:\/\/thuvien360.com\/index.php?rest_route=\/wp\/v2\/types\/product"}],"replies":[{"embeddable":true,"href":"http:\/\/thuvien360.com\/index.php?rest_route=%2Fwp%2Fv2%2Fcomments&post=708"}],"wp:featuredmedia":[{"embeddable":true,"href":"http:\/\/thuvien360.com\/index.php?rest_route=\/wp\/v2\/media\/709"}],"wp:attachment":[{"href":"http:\/\/thuvien360.com\/index.php?rest_route=%2Fwp%2Fv2%2Fmedia&parent=708"}],"wp:term":[{"taxonomy":"product_brand","embeddable":true,"href":"http:\/\/thuvien360.com\/index.php?rest_route=%2Fwp%2Fv2%2Fproduct_brand&post=708"},{"taxonomy":"product_cat","embeddable":true,"href":"http:\/\/thuvien360.com\/index.php?rest_route=%2Fwp%2Fv2%2Fproduct_cat&post=708"},{"taxonomy":"product_tag","embeddable":true,"href":"http:\/\/thuvien360.com\/index.php?rest_route=%2Fwp%2Fv2%2Fproduct_tag&post=708"}],"curies":[{"name":"wp","href":"https:\/\/api.w.org\/{rel}","templated":true}]}}