{"id":706,"date":"2025-06-30T02:37:59","date_gmt":"2025-06-30T02:37:59","guid":{"rendered":"http:\/\/thuvien360.com\/?post_type=product&#038;p=706"},"modified":"2025-07-04T08:05:56","modified_gmt":"2025-07-04T08:05:56","slug":"einstein-va-vu-tru-gian-no","status":"publish","type":"product","link":"http:\/\/thuvien360.com\/?product=einstein-va-vu-tru-gian-no","title":{"rendered":"EINSTEIN V\u00c0 V\u0168 TR\u1ee4 GI\u00c3N N\u1ede"},"content":{"rendered":"<h3 data-start=\"262\" data-end=\"301\">\ud83c\udf0c <strong data-start=\"269\" data-end=\"299\">EINSTEIN V\u00c0 V\u0168 TR\u1ee4 GI\u00c3N N\u1ede<\/strong><\/h3>\n<p data-start=\"302\" data-end=\"423\"><strong data-start=\"302\" data-end=\"329\">T\u00e1c gi\u1ea3: Mike Goldsmith<\/strong><br data-start=\"329\" data-end=\"332\" \/><em data-start=\"332\" data-end=\"423\">H\u00e0nh tr\u00ecnh kh\u00e1m ph\u00e1 kh\u00f4ng gian \u2013 th\u1eddi gian qua l\u0103ng k\u00ednh c\u1ee7a b\u1ed9 \u00f3c v\u0129 \u0111\u1ea1i nh\u1ea5t th\u1ebf k\u1ef7 20.<\/em><\/p>\n<blockquote data-start=\"425\" data-end=\"516\">\n<p data-start=\"427\" data-end=\"516\">\u201cTh\u1eddi gian kh\u00f4ng ph\u1ea3i l\u00e0 tuy\u1ec7t \u0111\u1ed1i. Kh\u00f4ng gian c\u00f3 th\u1ec3 cong. V\u00e0 v\u0169 tr\u1ee5 th\u00ec \u0111ang\u2026 gi\u00e3n n\u1edf.\u201d<\/p>\n<\/blockquote>\n<hr data-start=\"518\" data-end=\"521\" \/>\n<p data-start=\"523\" data-end=\"800\"><strong data-start=\"523\" data-end=\"553\">Einstein v\u00e0 V\u0169 Tr\u1ee5 Gi\u00e3n N\u1edf<\/strong> l\u00e0 cu\u1ed1n s\u00e1ch khoa h\u1ecdc ph\u1ed5 th\u00f4ng \u0111\u01b0\u1ee3c vi\u1ebft d\u01b0\u1edbi d\u1ea1ng <strong data-start=\"606\" data-end=\"627\">truy\u1ec7n k\u1ec3 d\u1ec5 hi\u1ec3u<\/strong>, l\u00fd th\u00fa, l\u00fd gi\u1ea3i nh\u1eefng t\u01b0 t\u01b0\u1edfng l\u1edbn lao c\u1ee7a Einstein nh\u01b0: <strong data-start=\"686\" data-end=\"795\">thuy\u1ebft t\u01b0\u01a1ng \u0111\u1ed1i, kh\u00f4ng-th\u1eddi gian, t\u1ed1c \u0111\u1ed9 \u00e1nh s\u00e1ng, n\u0103ng l\u01b0\u1ee3ng v\u00e0 kh\u1ed1i l\u01b0\u1ee3ng, l\u1ed7 \u0111en, v\u0169 tr\u1ee5 h\u1ecdc hi\u1ec7n \u0111\u1ea1i<\/strong>&#8230;<\/p>\n<p data-start=\"802\" data-end=\"1083\">T\u00e1c gi\u1ea3 <strong data-start=\"810\" data-end=\"828\">Mike Goldsmith<\/strong>, m\u1ed9t ti\u1ebfn s\u0129 v\u1eadt l\u00fd thi\u00ean v\u0103n, \u0111\u00e3 t\u00e0i t\u00ecnh s\u1eed d\u1ee5ng <strong data-start=\"880\" data-end=\"943\">ng\u00f4n ng\u1eef \u0111\u01a1n gi\u1ea3n, v\u00ed d\u1ee5 sinh \u0111\u1ed9ng, h\u00ecnh minh h\u1ecda tr\u1ef1c quan<\/strong>, \u0111\u1ec3 gi\u00fap ng\u01b0\u1eddi \u0111\u1ecdc \u2013 \u0111\u1eb7c bi\u1ec7t l\u00e0 h\u1ecdc sinh t\u1eeb 10 tu\u1ed5i tr\u1edf l\u00ean \u2013 d\u1ec5 d\u00e0ng ti\u1ebfp c\u1eadn v\u1edbi nh\u1eefng \u00fd t\u01b0\u1edfng t\u01b0\u1edfng ch\u1eebng ph\u1ee9c t\u1ea1p c\u1ee7a khoa h\u1ecdc v\u0169 tr\u1ee5.<\/p>\n<hr data-start=\"1085\" data-end=\"1088\" \/>\n<h3 data-start=\"1090\" data-end=\"1119\">\ud83d\ude80 \u0110i\u1ec3m \u0111\u1eb7c s\u1eafc c\u1ee7a s\u00e1ch:<\/h3>\n<ul data-start=\"1120\" data-end=\"1447\">\n<li data-start=\"1120\" data-end=\"1205\">\n<p data-start=\"1122\" data-end=\"1205\">\ud83e\udde0 Gi\u1ea3i th\u00edch <strong data-start=\"1136\" data-end=\"1186\">thuy\u1ebft t\u01b0\u01a1ng \u0111\u1ed1i v\u00e0 c\u00e1c ph\u00e1t ki\u1ebfn c\u1ee7a Einstein<\/strong> m\u1ed9t c\u00e1ch d\u1ec5 hi\u1ec3u<\/p>\n<\/li>\n<li data-start=\"1206\" data-end=\"1276\">\n<p data-start=\"1208\" data-end=\"1276\">\ud83c\udf20 Cung c\u1ea5p <strong data-start=\"1220\" data-end=\"1274\">b\u1ed1i c\u1ea3nh l\u1ecbch s\u1eed, cu\u1ed9c \u0111\u1eddi, t\u00ednh c\u00e1ch c\u1ee7a Einstein<\/strong><\/p>\n<\/li>\n<li data-start=\"1277\" data-end=\"1360\">\n<p data-start=\"1279\" data-end=\"1360\">\ud83d\uddbc\ufe0f Nhi\u1ec1u <strong data-start=\"1289\" data-end=\"1314\">h\u00ecnh minh h\u1ecda m\u00e0u s\u1eafc<\/strong>, tr\u1ef1c quan \u2013 ph\u00f9 h\u1ee3p v\u1edbi h\u1ecdc sinh trung h\u1ecdc<\/p>\n<\/li>\n<li data-start=\"1361\" data-end=\"1447\">\n<p data-start=\"1363\" data-end=\"1447\">\ud83d\udcd6 L\u00e0 t\u00e0i li\u1ec7u l\u00fd t\u01b0\u1edfng cho <strong data-start=\"1391\" data-end=\"1447\">gi\u00e1o d\u1ee5c STEM, truy\u1ec1n c\u1ea3m h\u1ee9ng khoa h\u1ecdc cho gi\u1edbi tr\u1ebb<\/strong><\/p>\n<\/li>\n<\/ul>\n","protected":false},"excerpt":{"rendered":"<p>T\u00e1c gi\u1ea3 : Mike Goldsmith<br \/>\n\u0110\u1ecbnh d\u1ea1ng : S\u00e1ch n\u00f3i<\/p>\n<p><strong><a href=\"https:\/\/drive.usercontent.google.com\/download?id=1DkwjUTswpn8-nQh5hZz3jf_tI0TS-X-X&amp;export=download&amp;authuser=0\">DOWNLOAD<\/a><br \/>\nH\u00e3y t\u00f9y t\u00e2m \u0111\u00f3ng g\u00f3p \u0111\u1ec3 ch\u00fang t\u00f4i c\u00f3 th\u1ec3 ti\u1ebfp t\u1ee5c duy tr\u00ec v\u00e0 ph\u00e1t tri\u1ec3n ho\u1ea1t \u0111\u1ed9ng \u00fd ngh\u0129a n\u00e0y.<\/strong><\/p>\n<p><img decoding=\"async\" src=\"http:\/\/thuvien360.com\/wp-content\/uploads\/2025\/06\/QR-HUNG.jpg\" \/><\/p>\n","protected":false},"featured_media":707,"comment_status":"open","ping_status":"closed","template":"","meta":{"_uag_custom_page_level_css":""},"product_brand":[],"product_cat":[55,57],"product_tag":[],"class_list":{"0":"post-706","1":"product","2":"type-product","3":"status-publish","4":"has-post-thumbnail","6":"product_cat-danhnhan-the-gioi","7":"product_cat-lichsu-thegioi","9":"first","10":"instock","11":"downloadable","12":"virtual","13":"sold-individually","14":"product-type-simple"},"uagb_featured_image_src":{"full":["http:\/\/thuvien360.com\/wp-content\/uploads\/2025\/06\/15-5437-einstein-va-vu-tru-gian-no-1.jpg",1200,900,false],"thumbnail":["http:\/\/thuvien360.com\/wp-content\/uploads\/2025\/06\/15-5437-einstein-va-vu-tru-gian-no-1-150x150.jpg",150,150,true],"medium":["http:\/\/thuvien360.com\/wp-content\/uploads\/2025\/06\/15-5437-einstein-va-vu-tru-gian-no-1-300x225.jpg",300,225,true],"medium_large":["http:\/\/thuvien360.com\/wp-content\/uploads\/2025\/06\/15-5437-einstein-va-vu-tru-gian-no-1-768x576.jpg",768,576,true],"large":["http:\/\/thuvien360.com\/wp-content\/uploads\/2025\/06\/15-5437-einstein-va-vu-tru-gian-no-1-1024x768.jpg",1020,765,true],"1536x1536":["http:\/\/thuvien360.com\/wp-content\/uploads\/2025\/06\/15-5437-einstein-va-vu-tru-gian-no-1.jpg",1200,900,false],"2048x2048":["http:\/\/thuvien360.com\/wp-content\/uploads\/2025\/06\/15-5437-einstein-va-vu-tru-gian-no-1.jpg",1200,900,false],"woocommerce_thumbnail":["http:\/\/thuvien360.com\/wp-content\/uploads\/2025\/06\/15-5437-einstein-va-vu-tru-gian-no-1-300x300.jpg",300,300,true],"woocommerce_single":["http:\/\/thuvien360.com\/wp-content\/uploads\/2025\/06\/15-5437-einstein-va-vu-tru-gian-no-1-600x450.jpg",600,450,true],"woocommerce_gallery_thumbnail":["http:\/\/thuvien360.com\/wp-content\/uploads\/2025\/06\/15-5437-einstein-va-vu-tru-gian-no-1-100x100.jpg",100,100,true]},"uagb_author_info":{"display_name":"admin","author_link":"http:\/\/thuvien360.com\/?author=0"},"uagb_comment_info":0,"uagb_excerpt":"T\u00e1c gi\u1ea3 : Mike Goldsmith \u0110\u1ecbnh d\u1ea1ng : S\u00e1ch n\u00f3i DOWNLOAD H\u00e3y t\u00f9y t\u00e2m \u0111\u00f3ng g\u00f3p \u0111\u1ec3 ch\u00fang t\u00f4i c\u00f3 th\u1ec3 ti\u1ebfp t\u1ee5c duy tr\u00ec v\u00e0 ph\u00e1t tri\u1ec3n ho\u1ea1t \u0111\u1ed9ng \u00fd ngh\u0129a n\u00e0y.","_links":{"self":[{"href":"http:\/\/thuvien360.com\/index.php?rest_route=\/wp\/v2\/product\/706","targetHints":{"allow":["GET"]}}],"collection":[{"href":"http:\/\/thuvien360.com\/index.php?rest_route=\/wp\/v2\/product"}],"about":[{"href":"http:\/\/thuvien360.com\/index.php?rest_route=\/wp\/v2\/types\/product"}],"replies":[{"embeddable":true,"href":"http:\/\/thuvien360.com\/index.php?rest_route=%2Fwp%2Fv2%2Fcomments&post=706"}],"wp:featuredmedia":[{"embeddable":true,"href":"http:\/\/thuvien360.com\/index.php?rest_route=\/wp\/v2\/media\/707"}],"wp:attachment":[{"href":"http:\/\/thuvien360.com\/index.php?rest_route=%2Fwp%2Fv2%2Fmedia&parent=706"}],"wp:term":[{"taxonomy":"product_brand","embeddable":true,"href":"http:\/\/thuvien360.com\/index.php?rest_route=%2Fwp%2Fv2%2Fproduct_brand&post=706"},{"taxonomy":"product_cat","embeddable":true,"href":"http:\/\/thuvien360.com\/index.php?rest_route=%2Fwp%2Fv2%2Fproduct_cat&post=706"},{"taxonomy":"product_tag","embeddable":true,"href":"http:\/\/thuvien360.com\/index.php?rest_route=%2Fwp%2Fv2%2Fproduct_tag&post=706"}],"curies":[{"name":"wp","href":"https:\/\/api.w.org\/{rel}","templated":true}]}}