{"id":704,"date":"2025-06-30T02:36:12","date_gmt":"2025-06-30T02:36:12","guid":{"rendered":"http:\/\/thuvien360.com\/?post_type=product&#038;p=704"},"modified":"2025-07-04T08:05:43","modified_gmt":"2025-07-04T08:05:43","slug":"darwin-va-cac-nha-khoa-hoc-khac","status":"publish","type":"product","link":"http:\/\/thuvien360.com\/?product=darwin-va-cac-nha-khoa-hoc-khac","title":{"rendered":"DARWIN V\u00c0 C\u00c1C NH\u00c0 KHOA H\u1eccC KH\u00c1C"},"content":{"rendered":"<h3 data-start=\"186\" data-end=\"230\">\ud83d\udd2c <strong data-start=\"193\" data-end=\"228\">DARWIN V\u00c0 C\u00c1C NH\u00c0 KHOA H\u1eccC KH\u00c1C<\/strong><\/h3>\n<p data-start=\"231\" data-end=\"391\"><strong data-start=\"231\" data-end=\"258\">T\u00e1c gi\u1ea3: Mike Goldsmith<\/strong><br data-start=\"258\" data-end=\"261\" \/><em data-start=\"261\" data-end=\"391\">M\u1ed9t cu\u1ed9c phi\u00eau l\u01b0u k\u1ef3 th\u00fa trong l\u1ecbch s\u1eed khoa h\u1ecdc \u2013 n\u01a1i nh\u1eefng b\u1ed9 \u00f3c v\u0129 \u0111\u1ea1i th\u00e1ch th\u1ee9c th\u1ebf gi\u1edbi v\u00e0 \u0111\u1ecbnh h\u00ecnh t\u01b0\u01a1ng lai lo\u00e0i ng\u01b0\u1eddi.<\/em><\/p>\n<blockquote data-start=\"393\" data-end=\"473\">\n<p data-start=\"395\" data-end=\"473\">\u201cKh\u00f4ng c\u00f3 kh\u00e1m ph\u00e1 n\u00e0o l\u00e0 nh\u1ecf b\u00e9 khi n\u00f3 thay \u0111\u1ed5i c\u00e1ch ch\u00fang ta nh\u00ecn th\u1ebf gi\u1edbi.\u201d<\/p>\n<\/blockquote>\n<hr data-start=\"475\" data-end=\"478\" \/>\n<p data-start=\"480\" data-end=\"735\">Cu\u1ed1n s\u00e1ch l\u00e0 m\u1ed9t <strong data-start=\"497\" data-end=\"532\">bi\u00ean ni\u00ean s\u1eed tr\u1ef1c quan, c\u00f4 \u0111\u1ecdng<\/strong> v\u1ec1 nh\u1eefng nh\u00e0 khoa h\u1ecdc c\u00f3 \u1ea3nh h\u01b0\u1edfng s\u00e2u r\u1ed9ng nh\u1ea5t trong l\u1ecbch s\u1eed \u2013 t\u1eeb <strong data-start=\"601\" data-end=\"619\">Charles Darwin<\/strong> v\u1edbi <strong data-start=\"624\" data-end=\"643\">thuy\u1ebft ti\u1ebfn h\u00f3a<\/strong>, \u0111\u1ebfn <strong data-start=\"649\" data-end=\"712\">Galileo Galilei, Marie Curie, Isaac Newton, Albert Einstein<\/strong> v\u00e0 nhi\u1ec1u ng\u01b0\u1eddi kh\u00e1c.<\/p>\n<p data-start=\"737\" data-end=\"1010\">T\u00e1c gi\u1ea3 Mike Goldsmith \u2013 m\u1ed9t nh\u00e0 v\u1eadt l\u00fd thi\u00ean v\u0103n, \u0111\u1ed3ng th\u1eddi l\u00e0 c\u00e2y b\u00fat khoa h\u1ecdc gi\u00e0u kinh nghi\u1ec7m \u2013 \u0111\u00e3 ch\u1ecdn c\u00e1ch k\u1ec3 chuy\u1ec7n <strong data-start=\"860\" data-end=\"911\">sinh \u0111\u1ed9ng, d\u1ec5 hi\u1ec3u, l\u1ed3ng gh\u00e9p h\u00ecnh \u1ea3nh minh h\u1ecda<\/strong> nh\u1eb1m gi\u00fap \u0111\u1ed9c gi\u1ea3 \u1edf m\u1ecdi l\u1ee9a tu\u1ed5i ti\u1ebfp c\u1eadn \u0111\u01b0\u1ee3c c\u00e1c kh\u00e1i ni\u1ec7m khoa h\u1ecdc ph\u1ee9c t\u1ea1p m\u1ed9t c\u00e1ch nh\u1eb9 nh\u00e0ng.<\/p>\n<hr data-start=\"1012\" data-end=\"1015\" \/>\n<h3 data-start=\"1017\" data-end=\"1043\">\ud83d\udd0d Nh\u1eefng \u0111i\u1ec3m n\u1ed5i b\u1eadt:<\/h3>\n<ul data-start=\"1044\" data-end=\"1383\">\n<li data-start=\"1044\" data-end=\"1129\">\n<p data-start=\"1046\" data-end=\"1129\">\ud83e\udde0 <strong data-start=\"1049\" data-end=\"1087\">Gi\u1edbi thi\u1ec7u 20+ nh\u00e0 khoa h\u1ecdc v\u0129 \u0111\u1ea1i<\/strong> qua nh\u1eefng \u0111\u00f3ng g\u00f3p mang t\u00ednh b\u01b0\u1edbc ngo\u1eb7t<\/p>\n<\/li>\n<li data-start=\"1130\" data-end=\"1190\">\n<p data-start=\"1132\" data-end=\"1190\">\ud83d\udcda V\u0103n phong <strong data-start=\"1145\" data-end=\"1188\">tr\u1ebb trung, d\u1ec5 hi\u1ec3u, gi\u00e0u t\u00ednh k\u1ec3 chuy\u1ec7n<\/strong><\/p>\n<\/li>\n<li data-start=\"1191\" data-end=\"1283\">\n<p data-start=\"1193\" data-end=\"1283\">\ud83e\uddec L\u1ed3ng gh\u00e9p ki\u1ebfn th\u1ee9c v\u1ec1 <strong data-start=\"1219\" data-end=\"1263\">sinh h\u1ecdc, v\u1eadt l\u00fd, h\u00f3a h\u1ecdc, thi\u00ean v\u0103n h\u1ecdc<\/strong> m\u1ed9t c\u00e1ch m\u1ea1ch l\u1ea1c<\/p>\n<\/li>\n<li data-start=\"1284\" data-end=\"1383\">\n<p data-start=\"1286\" data-end=\"1383\">\ud83d\udcd6 R\u1ea5t ph\u00f9 h\u1ee3p cho <strong data-start=\"1305\" data-end=\"1331\">h\u1ecdc sinh c\u1ea5p 2 \u2013 c\u1ea5p 3<\/strong>, ph\u1ee5 huynh v\u00e0 gi\u00e1o vi\u00ean s\u1eed d\u1ee5ng l\u00e0m t\u00e0i li\u1ec7u b\u1ed5 tr\u1ee3<\/p>\n<\/li>\n<\/ul>\n","protected":false},"excerpt":{"rendered":"<p>T\u00e1c gi\u1ea3 : Mike Goldsmith<br \/>\n\u0110\u1ecbnh d\u1ea1ng : S\u00e1ch n\u00f3i<\/p>\n<p><strong><a href=\"https:\/\/drive.usercontent.google.com\/download?id=133rJ7qQ1kv_BDA6Sc_jvqAid4GDVUAUm&amp;export=download&amp;authuser=0\">DOWNLOAD<\/a><br \/>\nH\u00e3y t\u00f9y t\u00e2m \u0111\u00f3ng g\u00f3p \u0111\u1ec3 ch\u00fang t\u00f4i c\u00f3 th\u1ec3 ti\u1ebfp t\u1ee5c duy tr\u00ec v\u00e0 ph\u00e1t tri\u1ec3n ho\u1ea1t \u0111\u1ed9ng \u00fd ngh\u0129a n\u00e0y.<\/strong><\/p>\n<p><img decoding=\"async\" src=\"http:\/\/thuvien360.com\/wp-content\/uploads\/2025\/06\/QR-HUNG.jpg\" \/><\/p>\n","protected":false},"featured_media":705,"comment_status":"open","ping_status":"closed","template":"","meta":{"_uag_custom_page_level_css":""},"product_brand":[],"product_cat":[55,57],"product_tag":[],"class_list":{"0":"post-704","1":"product","2":"type-product","3":"status-publish","4":"has-post-thumbnail","6":"product_cat-danhnhan-the-gioi","7":"product_cat-lichsu-thegioi","9":"first","10":"instock","11":"downloadable","12":"virtual","13":"sold-individually","14":"product-type-simple"},"uagb_featured_image_src":{"full":["http:\/\/thuvien360.com\/wp-content\/uploads\/2025\/06\/14-5436-darwin-va-cac-nha-khoa-hoc-khac-1.jpg",1200,900,false],"thumbnail":["http:\/\/thuvien360.com\/wp-content\/uploads\/2025\/06\/14-5436-darwin-va-cac-nha-khoa-hoc-khac-1-150x150.jpg",150,150,true],"medium":["http:\/\/thuvien360.com\/wp-content\/uploads\/2025\/06\/14-5436-darwin-va-cac-nha-khoa-hoc-khac-1-300x225.jpg",300,225,true],"medium_large":["http:\/\/thuvien360.com\/wp-content\/uploads\/2025\/06\/14-5436-darwin-va-cac-nha-khoa-hoc-khac-1-768x576.jpg",768,576,true],"large":["http:\/\/thuvien360.com\/wp-content\/uploads\/2025\/06\/14-5436-darwin-va-cac-nha-khoa-hoc-khac-1-1024x768.jpg",1020,765,true],"1536x1536":["http:\/\/thuvien360.com\/wp-content\/uploads\/2025\/06\/14-5436-darwin-va-cac-nha-khoa-hoc-khac-1.jpg",1200,900,false],"2048x2048":["http:\/\/thuvien360.com\/wp-content\/uploads\/2025\/06\/14-5436-darwin-va-cac-nha-khoa-hoc-khac-1.jpg",1200,900,false],"woocommerce_thumbnail":["http:\/\/thuvien360.com\/wp-content\/uploads\/2025\/06\/14-5436-darwin-va-cac-nha-khoa-hoc-khac-1-300x300.jpg",300,300,true],"woocommerce_single":["http:\/\/thuvien360.com\/wp-content\/uploads\/2025\/06\/14-5436-darwin-va-cac-nha-khoa-hoc-khac-1-600x450.jpg",600,450,true],"woocommerce_gallery_thumbnail":["http:\/\/thuvien360.com\/wp-content\/uploads\/2025\/06\/14-5436-darwin-va-cac-nha-khoa-hoc-khac-1-100x100.jpg",100,100,true]},"uagb_author_info":{"display_name":"admin","author_link":"http:\/\/thuvien360.com\/?author=0"},"uagb_comment_info":0,"uagb_excerpt":"T\u00e1c gi\u1ea3 : Mike Goldsmith \u0110\u1ecbnh d\u1ea1ng : S\u00e1ch n\u00f3i DOWNLOAD H\u00e3y t\u00f9y t\u00e2m \u0111\u00f3ng g\u00f3p \u0111\u1ec3 ch\u00fang t\u00f4i c\u00f3 th\u1ec3 ti\u1ebfp t\u1ee5c duy tr\u00ec v\u00e0 ph\u00e1t tri\u1ec3n ho\u1ea1t \u0111\u1ed9ng \u00fd ngh\u0129a n\u00e0y.","_links":{"self":[{"href":"http:\/\/thuvien360.com\/index.php?rest_route=\/wp\/v2\/product\/704","targetHints":{"allow":["GET"]}}],"collection":[{"href":"http:\/\/thuvien360.com\/index.php?rest_route=\/wp\/v2\/product"}],"about":[{"href":"http:\/\/thuvien360.com\/index.php?rest_route=\/wp\/v2\/types\/product"}],"replies":[{"embeddable":true,"href":"http:\/\/thuvien360.com\/index.php?rest_route=%2Fwp%2Fv2%2Fcomments&post=704"}],"wp:featuredmedia":[{"embeddable":true,"href":"http:\/\/thuvien360.com\/index.php?rest_route=\/wp\/v2\/media\/705"}],"wp:attachment":[{"href":"http:\/\/thuvien360.com\/index.php?rest_route=%2Fwp%2Fv2%2Fmedia&parent=704"}],"wp:term":[{"taxonomy":"product_brand","embeddable":true,"href":"http:\/\/thuvien360.com\/index.php?rest_route=%2Fwp%2Fv2%2Fproduct_brand&post=704"},{"taxonomy":"product_cat","embeddable":true,"href":"http:\/\/thuvien360.com\/index.php?rest_route=%2Fwp%2Fv2%2Fproduct_cat&post=704"},{"taxonomy":"product_tag","embeddable":true,"href":"http:\/\/thuvien360.com\/index.php?rest_route=%2Fwp%2Fv2%2Fproduct_tag&post=704"}],"curies":[{"name":"wp","href":"https:\/\/api.w.org\/{rel}","templated":true}]}}