{"id":702,"date":"2025-06-30T02:34:54","date_gmt":"2025-06-30T02:34:54","guid":{"rendered":"http:\/\/thuvien360.com\/?post_type=product&#038;p=702"},"modified":"2025-07-04T07:35:38","modified_gmt":"2025-07-04T07:35:38","slug":"luc-van-tien","status":"publish","type":"product","link":"http:\/\/thuvien360.com\/?product=luc-van-tien","title":{"rendered":"L\u1ee4C V\u00c2N TI\u00caN"},"content":{"rendered":"<h3 data-start=\"233\" data-end=\"258\">\ud83d\udcdc <strong data-start=\"240\" data-end=\"256\">L\u1ee4C V\u00c2N TI\u00caN<\/strong><\/h3>\n<p data-start=\"259\" data-end=\"412\"><strong data-start=\"259\" data-end=\"289\">T\u00e1c gi\u1ea3: Nguy\u1ec5n \u0110\u00ecnh Chi\u1ec3u<\/strong><br data-start=\"289\" data-end=\"292\" \/><em data-start=\"292\" data-end=\"412\">T\u00e1c ph\u1ea9m th\u01a1 N\u00f4m b\u1ea5t h\u1ee7, k\u1ebft tinh tinh th\u1ea7n ngh\u0129a hi\u1ec7p v\u00e0 \u0111\u1ea1o l\u00fd \u00c1 \u0110\u00f4ng \u2013 \u00e1nh s\u00e1ng v\u0103n h\u00f3a trong b\u00f3ng t\u1ed1i c\u1ee7a l\u1ecbch s\u1eed.<\/em><\/p>\n<blockquote data-start=\"414\" data-end=\"497\">\n<p data-start=\"416\" data-end=\"497\">\u201cTrai th\u1eddi lo\u1ea1n, g\u00e1i th\u1eddi nguy \u2013 g\u1eb7p nhau gi\u1eefa \u0111\u01b0\u1eddng, ch\u1eb3ng toan t\u00ednh thi\u1ec7t h\u01a1n.\u201d<\/p>\n<\/blockquote>\n<hr data-start=\"499\" data-end=\"502\" \/>\n<p data-start=\"504\" data-end=\"838\"><strong data-start=\"504\" data-end=\"522\">\u201cL\u1ee5c V\u00e2n Ti\u00ean\u201d<\/strong> l\u00e0 m\u1ed9t <strong data-start=\"530\" data-end=\"548\">truy\u1ec7n th\u01a1 d\u00e0i<\/strong> g\u1ed3m kho\u1ea3ng <strong data-start=\"560\" data-end=\"581\">2.000 c\u00e2u l\u1ee5c b\u00e1t<\/strong>, \u0111\u01b0\u1ee3c Nguy\u1ec5n \u0110\u00ecnh Chi\u1ec3u s\u00e1ng t\u00e1c v\u00e0o kho\u1ea3ng gi\u1eefa th\u1ebf k\u1ef7 19. T\u00e1c ph\u1ea9m k\u1ec3 v\u1ec1 ch\u00e0ng <strong data-start=\"663\" data-end=\"679\">L\u1ee5c V\u00e2n Ti\u00ean<\/strong>, ng\u01b0\u1eddi h\u1ecdc tr\u00f2 nho sinh t\u00e0i gi\u1ecfi, mang trong m\u00ecnh tinh th\u1ea7n ngh\u0129a kh\u00ed, b\u00eanh v\u1ef1c k\u1ebb y\u1ebfu, gi\u00fap ng\u01b0\u1eddi g\u1eb7p n\u1ea1n, \u0111i thi c\u1ee9u n\u01b0\u1edbc, v\u00e0 h\u00e0nh x\u1eed theo \u0111\u1ea1o l\u00fd l\u00e0m ng\u01b0\u1eddi.<\/p>\n<p data-start=\"840\" data-end=\"1078\">Qua h\u00e0nh tr\u00ecnh c\u1ee7a V\u00e2n Ti\u00ean c\u00f9ng c\u00e1c nh\u00e2n v\u1eadt nh\u01b0 <strong data-start=\"890\" data-end=\"929\">Ki\u1ec1u Nguy\u1ec7t Nga, T\u1eed Tr\u1ef1c, H\u1edbn Minh\u2026<\/strong>, t\u00e1c ph\u1ea9m ca ng\u1ee3i nh\u1eefng ph\u1ea9m ch\u1ea5t truy\u1ec1n th\u1ed1ng: <strong data-start=\"978\" data-end=\"1016\">trung, hi\u1ebfu, ti\u1ebft, ngh\u0129a, nh\u00e2n, l\u1ec5<\/strong>, \u0111\u1ed3ng th\u1eddi ph\u00ea ph\u00e1n th\u00f3i gian t\u00e0, ph\u1ea3n tr\u1eafc, v\u1ecb l\u1ee3i v\u00e0 v\u00f4 \u01a1n.<\/p>\n<hr data-start=\"1080\" data-end=\"1083\" \/>\n<h3 data-start=\"1085\" data-end=\"1108\">\ud83c\udf1f Gi\u00e1 tr\u1ecb n\u1ed5i b\u1eadt:<\/h3>\n<ul data-start=\"1109\" data-end=\"1461\">\n<li data-start=\"1109\" data-end=\"1183\">\n<p data-start=\"1111\" data-end=\"1183\">\u270d\ufe0f L\u00e0 <strong data-start=\"1117\" data-end=\"1137\">t\u00e1c ph\u1ea9m ch\u1eef N\u00f4m<\/strong> ti\u00eau bi\u1ec3u nh\u1ea5t c\u1ee7a v\u0103n h\u1ecdc Nam B\u1ed9 th\u1ebf k\u1ef7 19<\/p>\n<\/li>\n<li data-start=\"1184\" data-end=\"1266\">\n<p data-start=\"1186\" data-end=\"1266\">\ud83c\udfad Th\u1ea5m \u0111\u1eabm <strong data-start=\"1198\" data-end=\"1264\">t\u01b0 t\u01b0\u1edfng Nho gi\u00e1o, \u0111\u1ea1o l\u00fd nh\u00e2n ngh\u0129a \u2013 th\u1ee7y chung \u2013 ch\u00ednh tr\u1ef1c<\/strong><\/p>\n<\/li>\n<li data-start=\"1267\" data-end=\"1348\">\n<p data-start=\"1269\" data-end=\"1348\">\ud83d\udcd6 V\u0103n phong m\u1ed9c m\u1ea1c, gi\u1ea3n d\u1ecb, g\u1ea7n g\u0169i v\u1edbi ng\u00f4n ng\u1eef b\u00ecnh d\u00e2n, d\u1ec5 h\u1ecdc \u2013 d\u1ec5 nh\u1edb<\/p>\n<\/li>\n<li data-start=\"1349\" data-end=\"1461\">\n<p data-start=\"1351\" data-end=\"1461\">\ud83c\uddfb\ud83c\uddf3 L\u00e0 <strong data-start=\"1359\" data-end=\"1388\">bi\u1ec3u t\u01b0\u1ee3ng v\u0103n h\u00f3a Nam B\u1ed9<\/strong>, g\u00f3p ph\u1ea7n nu\u00f4i d\u01b0\u1ee1ng tinh th\u1ea7n d\u00e2n t\u1ed9c gi\u1eefa th\u1eddi k\u1ef3 \u0111\u1ea5t n\u01b0\u1edbc b\u1ecb x\u00e2m l\u0103ng<\/p>\n<\/li>\n<\/ul>\n","protected":false},"excerpt":{"rendered":"<p>T\u00e1c gi\u1ea3 : Nguye\u0302\u0303n \u0110i\u0300nh Chie\u0302\u0309u<br \/>\n\u0110\u1ecbnh d\u1ea1ng : S\u00e1ch n\u00f3i<\/p>\n<p><strong><a href=\"https:\/\/drive.usercontent.google.com\/download?id=1ylAtt_FF_Hf8UUV7Lo1SNQj_p1MvSEpu&amp;export=download&amp;authuser=0\">DOWNLOAD<\/a><br \/>\nH\u00e3y t\u00f9y t\u00e2m \u0111\u00f3ng g\u00f3p \u0111\u1ec3 ch\u00fang t\u00f4i c\u00f3 th\u1ec3 ti\u1ebfp t\u1ee5c duy tr\u00ec v\u00e0 ph\u00e1t tri\u1ec3n ho\u1ea1t \u0111\u1ed9ng \u00fd ngh\u0129a n\u00e0y.<\/strong><\/p>\n<p><img decoding=\"async\" src=\"http:\/\/thuvien360.com\/wp-content\/uploads\/2025\/06\/QR-HUNG.jpg\" \/><\/p>\n","protected":false},"featured_media":703,"comment_status":"open","ping_status":"closed","template":"","meta":{"_uag_custom_page_level_css":""},"product_brand":[],"product_cat":[58],"product_tag":[],"class_list":{"0":"post-702","1":"product","2":"type-product","3":"status-publish","4":"has-post-thumbnail","6":"product_cat-lichsu-vietnam","8":"first","9":"instock","10":"downloadable","11":"virtual","12":"sold-individually","13":"product-type-simple"},"uagb_featured_image_src":{"full":["http:\/\/thuvien360.com\/wp-content\/uploads\/2025\/06\/13-7821-luc-van-tien-1.jpg",1200,900,false],"thumbnail":["http:\/\/thuvien360.com\/wp-content\/uploads\/2025\/06\/13-7821-luc-van-tien-1-150x150.jpg",150,150,true],"medium":["http:\/\/thuvien360.com\/wp-content\/uploads\/2025\/06\/13-7821-luc-van-tien-1-300x225.jpg",300,225,true],"medium_large":["http:\/\/thuvien360.com\/wp-content\/uploads\/2025\/06\/13-7821-luc-van-tien-1-768x576.jpg",768,576,true],"large":["http:\/\/thuvien360.com\/wp-content\/uploads\/2025\/06\/13-7821-luc-van-tien-1-1024x768.jpg",1020,765,true],"1536x1536":["http:\/\/thuvien360.com\/wp-content\/uploads\/2025\/06\/13-7821-luc-van-tien-1.jpg",1200,900,false],"2048x2048":["http:\/\/thuvien360.com\/wp-content\/uploads\/2025\/06\/13-7821-luc-van-tien-1.jpg",1200,900,false],"woocommerce_thumbnail":["http:\/\/thuvien360.com\/wp-content\/uploads\/2025\/06\/13-7821-luc-van-tien-1-300x300.jpg",300,300,true],"woocommerce_single":["http:\/\/thuvien360.com\/wp-content\/uploads\/2025\/06\/13-7821-luc-van-tien-1-600x450.jpg",600,450,true],"woocommerce_gallery_thumbnail":["http:\/\/thuvien360.com\/wp-content\/uploads\/2025\/06\/13-7821-luc-van-tien-1-100x100.jpg",100,100,true]},"uagb_author_info":{"display_name":"admin","author_link":"http:\/\/thuvien360.com\/?author=0"},"uagb_comment_info":0,"uagb_excerpt":"T\u00e1c gi\u1ea3 : Nguye\u0302\u0303n \u0110i\u0300nh Chie\u0302\u0309u \u0110\u1ecbnh d\u1ea1ng : S\u00e1ch n\u00f3i DOWNLOAD H\u00e3y t\u00f9y t\u00e2m \u0111\u00f3ng g\u00f3p \u0111\u1ec3 ch\u00fang t\u00f4i c\u00f3 th\u1ec3 ti\u1ebfp t\u1ee5c duy tr\u00ec v\u00e0 ph\u00e1t tri\u1ec3n ho\u1ea1t \u0111\u1ed9ng \u00fd ngh\u0129a n\u00e0y.","_links":{"self":[{"href":"http:\/\/thuvien360.com\/index.php?rest_route=\/wp\/v2\/product\/702","targetHints":{"allow":["GET"]}}],"collection":[{"href":"http:\/\/thuvien360.com\/index.php?rest_route=\/wp\/v2\/product"}],"about":[{"href":"http:\/\/thuvien360.com\/index.php?rest_route=\/wp\/v2\/types\/product"}],"replies":[{"embeddable":true,"href":"http:\/\/thuvien360.com\/index.php?rest_route=%2Fwp%2Fv2%2Fcomments&post=702"}],"wp:featuredmedia":[{"embeddable":true,"href":"http:\/\/thuvien360.com\/index.php?rest_route=\/wp\/v2\/media\/703"}],"wp:attachment":[{"href":"http:\/\/thuvien360.com\/index.php?rest_route=%2Fwp%2Fv2%2Fmedia&parent=702"}],"wp:term":[{"taxonomy":"product_brand","embeddable":true,"href":"http:\/\/thuvien360.com\/index.php?rest_route=%2Fwp%2Fv2%2Fproduct_brand&post=702"},{"taxonomy":"product_cat","embeddable":true,"href":"http:\/\/thuvien360.com\/index.php?rest_route=%2Fwp%2Fv2%2Fproduct_cat&post=702"},{"taxonomy":"product_tag","embeddable":true,"href":"http:\/\/thuvien360.com\/index.php?rest_route=%2Fwp%2Fv2%2Fproduct_tag&post=702"}],"curies":[{"name":"wp","href":"https:\/\/api.w.org\/{rel}","templated":true}]}}