{"id":698,"date":"2025-06-30T02:30:56","date_gmt":"2025-06-30T02:30:56","guid":{"rendered":"http:\/\/thuvien360.com\/?post_type=product&#038;p=698"},"modified":"2025-07-04T07:35:16","modified_gmt":"2025-07-04T07:35:16","slug":"viet-nam-su-luoc","status":"publish","type":"product","link":"http:\/\/thuvien360.com\/?product=viet-nam-su-luoc","title":{"rendered":"VI\u1ec6T NAM S\u1eec L\u01af\u1ee2C"},"content":{"rendered":"<h3 data-start=\"203\" data-end=\"232\">\ud83d\udcd6 <strong data-start=\"210\" data-end=\"230\">VI\u1ec6T NAM S\u1eec L\u01af\u1ee2C<\/strong><\/h3>\n<p data-start=\"233\" data-end=\"383\"><strong data-start=\"233\" data-end=\"260\">T\u00e1c gi\u1ea3: Tr\u1ea7n Tr\u1ecdng Kim<\/strong><br data-start=\"260\" data-end=\"263\" \/><em data-start=\"263\" data-end=\"383\">M\u1ed9t c\u00f4ng tr\u00ecnh bi\u00ean kh\u1ea3o l\u1ecbch s\u1eed kinh \u0111i\u1ec3n \u2013 gi\u1ea3n d\u1ecb m\u00e0 s\u00e2u s\u1eafc, mang d\u1ea5u \u1ea5n khai m\u1edf cho n\u1ec1n s\u1eed h\u1ecdc hi\u1ec7n \u0111\u1ea1i Vi\u1ec7t Nam.<\/em><\/p>\n<blockquote data-start=\"385\" data-end=\"472\">\n<p data-start=\"387\" data-end=\"472\">\u201cBi\u1ebft l\u1ecbch s\u1eed l\u00e0 bi\u1ebft m\u00ecnh. M\u00e0 mu\u1ed1n bi\u1ebft m\u00ecnh, ph\u1ea3i b\u1eaft \u0111\u1ea7u t\u1eeb nh\u1eefng trang \u0111\u1ea7u ti\u00ean.\u201d<\/p>\n<\/blockquote>\n<hr data-start=\"474\" data-end=\"477\" \/>\n<p data-start=\"479\" data-end=\"704\"><strong data-start=\"479\" data-end=\"501\">\u201cVi\u1ec7t Nam S\u1eed L\u01b0\u1ee3c\u201d<\/strong> ra \u0111\u1eddi n\u0103m 1920, l\u00e0 cu\u1ed1n s\u00e1ch gi\u00e1o khoa l\u1ecbch s\u1eed \u0111\u1ea7u ti\u00ean \u0111\u01b0\u1ee3c bi\u00ean so\u1ea1n b\u1eb1ng <strong data-start=\"579\" data-end=\"595\">ch\u1eef Qu\u1ed1c ng\u1eef<\/strong>, mang t\u00ednh h\u1ec7 th\u1ed1ng, kh\u00e1i qu\u00e1t to\u00e0n di\u1ec7n ti\u1ebfn tr\u00ecnh l\u1ecbch s\u1eed d\u00e2n t\u1ed9c t\u1eeb th\u1eddi <strong data-start=\"672\" data-end=\"703\">H\u1ed3ng B\u00e0ng \u0111\u1ebfn \u0111\u1ea7u th\u1ebf k\u1ef7 20<\/strong>.<\/p>\n<p data-start=\"706\" data-end=\"1002\">V\u1edbi v\u0103n phong r\u00f5 r\u00e0ng, l\u1ed1i tr\u00ecnh b\u00e0y m\u1ea1ch l\u1ea1c, Tr\u1ea7n Tr\u1ecdng Kim \u0111\u00e3 <strong data-start=\"771\" data-end=\"838\">bi\u1ebfn l\u1ecbch s\u1eed \u2013 v\u1ed1n b\u1ecb xem l\u00e0 kh\u00f4 khan \u2013 tr\u1edf n\u00ean d\u1ec5 hi\u1ec3u, d\u1ec5 nh\u1edb<\/strong>, gi\u00fap ng\u01b0\u1eddi \u0111\u1ecdc m\u1ecdi t\u1ea7ng l\u1edbp n\u1eafm \u0111\u01b0\u1ee3c <strong data-start=\"877\" data-end=\"899\">m\u1ea1ch ngu\u1ed3n d\u00e2n t\u1ed9c<\/strong>, b\u1ed1i c\u1ea3nh c\u00e1c tri\u1ec1u \u0111\u1ea1i, nh\u00e2n v\u1eadt n\u1ed5i b\u1eadt, c\u0169ng nh\u01b0 nh\u1eefng bi\u1ebfn \u0111\u1ed9ng l\u1edbn lao trong su\u1ed1t h\u00e0ng ngh\u00ecn n\u0103m.<\/p>\n<hr data-start=\"1004\" data-end=\"1007\" \/>\n<h3 data-start=\"1009\" data-end=\"1035\">\ud83d\udcda \u0110\u1eb7c \u0111i\u1ec3m n\u1ed5i b\u1eadt:<\/h3>\n<ul data-start=\"1036\" data-end=\"1405\">\n<li data-start=\"1036\" data-end=\"1134\">\n<p data-start=\"1038\" data-end=\"1134\">\ud83d\udcdc <strong data-start=\"1041\" data-end=\"1070\">T\u1ed5ng h\u1ee3p, ph\u00e2n k\u1ef3 r\u00f5 r\u00e0ng<\/strong> t\u1eeb th\u1eddi l\u1eadp qu\u1ed1c, B\u1eafc thu\u1ed9c, \u0111\u1ed9c l\u1eadp t\u1ef1 ch\u1ee7, \u0111\u1ebfn th\u1eddi c\u1eadn \u0111\u1ea1i<\/p>\n<\/li>\n<li data-start=\"1135\" data-end=\"1216\">\n<p data-start=\"1137\" data-end=\"1216\">\ud83d\udd8b V\u0103n phong <strong data-start=\"1150\" data-end=\"1192\">c\u1ed5 k\u00ednh, trang tr\u1ecdng nh\u01b0ng d\u1ec5 ti\u1ebfp c\u1eadn<\/strong>, kh\u00f4ng c\u1ea7u k\u1ef3 h\u00e0n l\u00e2m<\/p>\n<\/li>\n<li data-start=\"1217\" data-end=\"1313\">\n<p data-start=\"1219\" data-end=\"1313\">\ud83c\uddfb\ud83c\uddf3 Mang \u0111\u1eadm tinh th\u1ea7n <strong data-start=\"1243\" data-end=\"1261\">t\u1ef1 t\u00f4n d\u00e2n t\u1ed9c<\/strong>, gi\u00e1o d\u1ee5c l\u00f2ng y\u00eau n\u01b0\u1edbc v\u00e0 s\u1ef1 t\u1ef1 h\u00e0o v\u1ec1 ngu\u1ed3n c\u1ed9i<\/p>\n<\/li>\n<li data-start=\"1314\" data-end=\"1405\">\n<p data-start=\"1316\" data-end=\"1405\">\ud83d\udcd8 L\u00e0 <strong data-start=\"1322\" data-end=\"1343\">t\u00e0i li\u1ec7u n\u1ec1n t\u1ea3ng<\/strong> cho c\u00e1c th\u1ebf h\u1ec7 h\u1ecdc sinh, sinh vi\u00ean v\u00e0 ng\u01b0\u1eddi nghi\u00ean c\u1ee9u s\u1eed h\u1ecdc<\/p>\n<\/li>\n<\/ul>\n","protected":false},"excerpt":{"rendered":"<p>T\u00e1c gi\u1ea3 : Tr\u1ea7n Tr\u1ecdng Kim<br \/>\n\u0110\u1ecbnh d\u1ea1ng : S\u00e1ch n\u00f3i<\/p>\n<p><strong><a href=\"https:\/\/drive.usercontent.google.com\/download?id=1pRfBh8ZYL5kGv84KPhc4KlyGRdj5yWVC&amp;export=download&amp;authuser=0\">DOWNLOAD<\/a><br \/>\nH\u00e3y t\u00f9y t\u00e2m \u0111\u00f3ng g\u00f3p \u0111\u1ec3 ch\u00fang t\u00f4i c\u00f3 th\u1ec3 ti\u1ebfp t\u1ee5c duy tr\u00ec v\u00e0 ph\u00e1t tri\u1ec3n ho\u1ea1t \u0111\u1ed9ng \u00fd ngh\u0129a n\u00e0y.<\/strong><\/p>\n<p><img decoding=\"async\" src=\"http:\/\/thuvien360.com\/wp-content\/uploads\/2025\/06\/QR-HUNG.jpg\" \/><\/p>\n","protected":false},"featured_media":699,"comment_status":"open","ping_status":"closed","template":"","meta":{"_uag_custom_page_level_css":""},"product_brand":[],"product_cat":[58],"product_tag":[],"class_list":{"0":"post-698","1":"product","2":"type-product","3":"status-publish","4":"has-post-thumbnail","6":"product_cat-lichsu-vietnam","8":"first","9":"instock","10":"downloadable","11":"virtual","12":"sold-individually","13":"product-type-simple"},"uagb_featured_image_src":{"full":["http:\/\/thuvien360.com\/wp-content\/uploads\/2025\/06\/11-1748-viet-nam-su-luoc-1.jpg",1200,900,false],"thumbnail":["http:\/\/thuvien360.com\/wp-content\/uploads\/2025\/06\/11-1748-viet-nam-su-luoc-1-150x150.jpg",150,150,true],"medium":["http:\/\/thuvien360.com\/wp-content\/uploads\/2025\/06\/11-1748-viet-nam-su-luoc-1-300x225.jpg",300,225,true],"medium_large":["http:\/\/thuvien360.com\/wp-content\/uploads\/2025\/06\/11-1748-viet-nam-su-luoc-1-768x576.jpg",768,576,true],"large":["http:\/\/thuvien360.com\/wp-content\/uploads\/2025\/06\/11-1748-viet-nam-su-luoc-1-1024x768.jpg",1020,765,true],"1536x1536":["http:\/\/thuvien360.com\/wp-content\/uploads\/2025\/06\/11-1748-viet-nam-su-luoc-1.jpg",1200,900,false],"2048x2048":["http:\/\/thuvien360.com\/wp-content\/uploads\/2025\/06\/11-1748-viet-nam-su-luoc-1.jpg",1200,900,false],"woocommerce_thumbnail":["http:\/\/thuvien360.com\/wp-content\/uploads\/2025\/06\/11-1748-viet-nam-su-luoc-1-300x300.jpg",300,300,true],"woocommerce_single":["http:\/\/thuvien360.com\/wp-content\/uploads\/2025\/06\/11-1748-viet-nam-su-luoc-1-600x450.jpg",600,450,true],"woocommerce_gallery_thumbnail":["http:\/\/thuvien360.com\/wp-content\/uploads\/2025\/06\/11-1748-viet-nam-su-luoc-1-100x100.jpg",100,100,true]},"uagb_author_info":{"display_name":"admin","author_link":"http:\/\/thuvien360.com\/?author=0"},"uagb_comment_info":0,"uagb_excerpt":"T\u00e1c gi\u1ea3 : Tr\u1ea7n Tr\u1ecdng Kim \u0110\u1ecbnh d\u1ea1ng : S\u00e1ch n\u00f3i DOWNLOAD H\u00e3y t\u00f9y t\u00e2m \u0111\u00f3ng g\u00f3p \u0111\u1ec3 ch\u00fang t\u00f4i c\u00f3 th\u1ec3 ti\u1ebfp t\u1ee5c duy tr\u00ec v\u00e0 ph\u00e1t tri\u1ec3n ho\u1ea1t \u0111\u1ed9ng \u00fd ngh\u0129a n\u00e0y.","_links":{"self":[{"href":"http:\/\/thuvien360.com\/index.php?rest_route=\/wp\/v2\/product\/698","targetHints":{"allow":["GET"]}}],"collection":[{"href":"http:\/\/thuvien360.com\/index.php?rest_route=\/wp\/v2\/product"}],"about":[{"href":"http:\/\/thuvien360.com\/index.php?rest_route=\/wp\/v2\/types\/product"}],"replies":[{"embeddable":true,"href":"http:\/\/thuvien360.com\/index.php?rest_route=%2Fwp%2Fv2%2Fcomments&post=698"}],"wp:featuredmedia":[{"embeddable":true,"href":"http:\/\/thuvien360.com\/index.php?rest_route=\/wp\/v2\/media\/699"}],"wp:attachment":[{"href":"http:\/\/thuvien360.com\/index.php?rest_route=%2Fwp%2Fv2%2Fmedia&parent=698"}],"wp:term":[{"taxonomy":"product_brand","embeddable":true,"href":"http:\/\/thuvien360.com\/index.php?rest_route=%2Fwp%2Fv2%2Fproduct_brand&post=698"},{"taxonomy":"product_cat","embeddable":true,"href":"http:\/\/thuvien360.com\/index.php?rest_route=%2Fwp%2Fv2%2Fproduct_cat&post=698"},{"taxonomy":"product_tag","embeddable":true,"href":"http:\/\/thuvien360.com\/index.php?rest_route=%2Fwp%2Fv2%2Fproduct_tag&post=698"}],"curies":[{"name":"wp","href":"https:\/\/api.w.org\/{rel}","templated":true}]}}