{"id":696,"date":"2025-06-30T02:29:41","date_gmt":"2025-06-30T02:29:41","guid":{"rendered":"http:\/\/thuvien360.com\/?post_type=product&#038;p=696"},"modified":"2025-07-04T07:38:59","modified_gmt":"2025-07-04T07:38:59","slug":"khong-phai-huyen-thoai-chien-dich-dien-bien-phu","status":"publish","type":"product","link":"http:\/\/thuvien360.com\/?product=khong-phai-huyen-thoai-chien-dich-dien-bien-phu","title":{"rendered":"KH\u00d4NG PH\u1ea2I HUY\u1ec0N THO\u1ea0I: CHI\u1ebeN D\u1ecaCH \u0110I\u1ec6N BI\u00caN PH\u1ee6"},"content":{"rendered":"<h3 data-start=\"254\" data-end=\"315\">\ud83d\udcd8 <strong data-start=\"261\" data-end=\"313\">KH\u00d4NG PH\u1ea2I HUY\u1ec0N THO\u1ea0I: CHI\u1ebeN D\u1ecaCH \u0110I\u1ec6N BI\u00caN PH\u1ee6<\/strong><\/h3>\n<p data-start=\"316\" data-end=\"523\"><strong data-start=\"316\" data-end=\"336\">T\u00e1c gi\u1ea3: H\u1eefu Mai<\/strong><br data-start=\"336\" data-end=\"339\" \/><em data-start=\"339\" data-end=\"523\">M\u1ed9t b\u1ee9c ch\u00e2n dung s\u1ed1ng \u0111\u1ed9ng v\u1ec1 chi\u1ebfn d\u1ecbch l\u1eebng l\u1eaby n\u0103m ch\u00e2u \u2013 ch\u1ea5n \u0111\u1ed9ng \u0111\u1ecba c\u1ea7u, \u0111\u01b0\u1ee3c k\u1ec3 l\u1ea1i b\u1edfi ng\u01b0\u1eddi t\u1eebng \u0111\u1ed3ng h\u00e0nh c\u00f9ng v\u1ecb T\u1ed5ng t\u01b0 l\u1ec7nh huy\u1ec1n tho\u1ea1i c\u1ee7a Qu\u00e2n \u0111\u1ed9i Nh\u00e2n d\u00e2n Vi\u1ec7t Nam.<\/em><\/p>\n<blockquote data-start=\"525\" data-end=\"642\">\n<p data-start=\"527\" data-end=\"642\">\u201c\u0110i\u1ec7n Bi\u00ean Ph\u1ee7 \u2013 kh\u00f4ng ph\u1ea3i l\u00e0 huy\u1ec1n tho\u1ea1i, m\u00e0 l\u00e0 s\u1ef1 th\u1eadt \u0111\u01b0\u1ee3c l\u00e0m n\u00ean b\u1edfi con ng\u01b0\u1eddi Vi\u1ec7t Nam b\u1eb1ng x\u01b0\u01a1ng b\u1eb1ng m\u00e1u.\u201d<\/p>\n<\/blockquote>\n<hr data-start=\"644\" data-end=\"647\" \/>\n<p data-start=\"649\" data-end=\"868\">Cu\u1ed1n s\u00e1ch l\u00e0 m\u1ed9t <strong data-start=\"666\" data-end=\"728\">b\u1ea3n t\u01b0\u1eddng thu\u1eadt l\u1ecbch s\u1eed trung th\u1ef1c, s\u00e2u s\u1eafc v\u00e0 \u0111\u1ea7y c\u1ea3m x\u00fac<\/strong>, ghi l\u1ea1i to\u00e0n b\u1ed9 qu\u00e1 tr\u00ecnh chu\u1ea9n b\u1ecb, ch\u1ec9 huy v\u00e0 tri\u1ec3n khai <strong data-start=\"788\" data-end=\"825\">Chi\u1ebfn d\u1ecbch \u0110i\u1ec7n Bi\u00ean Ph\u1ee7 n\u0103m 1954<\/strong>, \u0111\u1ec9nh cao c\u1ee7a cu\u1ed9c kh\u00e1ng chi\u1ebfn ch\u1ed1ng Ph\u00e1p.<\/p>\n<p data-start=\"870\" data-end=\"1252\">Th\u00f4ng qua ng\u00f2i b\u00fat c\u1ee7a H\u1eefu Mai \u2013 ng\u01b0\u1eddi \u0111\u00e3 c\u00f3 th\u1eddi gian d\u00e0i l\u00e0m vi\u1ec7c b\u00ean c\u1ea1nh \u0110\u1ea1i t\u01b0\u1edbng V\u00f5 Nguy\u00ean Gi\u00e1p \u2013 \u0111\u1ed9c gi\u1ea3 \u0111\u01b0\u1ee3c ch\u1ee9ng ki\u1ebfn <strong data-start=\"998\" data-end=\"1028\">to\u00e0n c\u1ea3nh tr\u1eadn \u0111\u00e1nh v\u0129 \u0111\u1ea1i<\/strong>, t\u1eeb nh\u1eefng bu\u1ed5i h\u1ecdp m\u1eadt, nh\u1eefng quy\u1ebft \u0111\u1ecbnh \u0111\u1ea7y d\u1eb1n v\u1eb7t v\u1ec1 vi\u1ec7c &#8220;\u0111\u00e1nh nhanh, th\u1eafng nhanh&#8221; hay &#8220;\u0111\u00e1nh ch\u1eafc, ti\u1ebfn ch\u1eafc&#8221;, cho t\u1edbi nh\u1eefng gi\u00e2y ph\u00fat l\u1ecbch s\u1eed khi l\u00e1 c\u1edd &#8220;Quy\u1ebft chi\u1ebfn quy\u1ebft th\u1eafng&#8221; tung bay tr\u00ean n\u00f3c h\u1ea7m t\u01b0\u1edbng De Castries.<\/p>\n<hr data-start=\"1254\" data-end=\"1257\" \/>\n<h3 data-start=\"1259\" data-end=\"1287\">\ud83c\udf96 Nh\u1eefng \u0111i\u1ec3m n\u1ed5i b\u1eadt:<\/h3>\n<ul data-start=\"1288\" data-end=\"1668\">\n<li data-start=\"1288\" data-end=\"1373\">\n<p data-start=\"1290\" data-end=\"1373\">\ud83d\udcdc T\u01b0 li\u1ec7u ch\u00ednh x\u00e1c, x\u00e1c th\u1ef1c, k\u1ebft h\u1ee3p v\u1edbi l\u1eddi k\u1ec3 sinh \u0111\u1ed9ng c\u1ee7a ng\u01b0\u1eddi trong cu\u1ed9c<\/p>\n<\/li>\n<li data-start=\"1374\" data-end=\"1468\">\n<p data-start=\"1376\" data-end=\"1468\">\ud83e\udde0 Ph\u00e2n t\u00edch r\u00f5 t\u01b0 duy chi\u1ebfn l\u01b0\u1ee3c, ngh\u1ec7 thu\u1eadt qu\u00e2n s\u1ef1, t\u1ea7m v\u00f3c l\u00e3nh \u0111\u1ea1o c\u1ee7a V\u00f5 Nguy\u00ean Gi\u00e1p<\/p>\n<\/li>\n<li data-start=\"1469\" data-end=\"1571\">\n<p data-start=\"1471\" data-end=\"1571\">\ud83c\uddfb\ud83c\uddf3 T\u00e1i hi\u1ec7n tinh th\u1ea7n, kh\u00ed ch\u1ea5t, gian kh\u1ed5 v\u00e0 b\u1ea3n l\u0129nh c\u1ee7a qu\u00e2n v\u00e0 d\u00e2n Vi\u1ec7t Nam trong kh\u00e1ng chi\u1ebfn<\/p>\n<\/li>\n<li data-start=\"1572\" data-end=\"1668\">\n<p data-start=\"1574\" data-end=\"1668\">\ud83c\udf99 Ph\u00f9 h\u1ee3p chuy\u1ec3n th\u1ec3 th\u00e0nh <strong data-start=\"1602\" data-end=\"1668\">s\u00e1ch n\u00f3i \u2013 t\u00e0i li\u1ec7u l\u1ecbch s\u1eed \u2013 podcast gi\u00e1o d\u1ee5c truy\u1ec1n c\u1ea3m h\u1ee9ng<\/strong><\/p>\n<\/li>\n<\/ul>\n","protected":false},"excerpt":{"rendered":"<p>T\u00e1c gi\u1ea3 : H\u1eefu Mai<br \/>\n\u0110\u1ecbnh d\u1ea1ng : S\u00e1ch n\u00f3i<\/p>\n<p><strong><a href=\"https:\/\/drive.usercontent.google.com\/download?id=1oxmy9tuYaS1-dMY6x9pNxv8okY74EOCJ&amp;export=download&amp;authuser=0\">DOWNLOAD<\/a><br \/>\nH\u00e3y t\u00f9y t\u00e2m \u0111\u00f3ng g\u00f3p \u0111\u1ec3 ch\u00fang t\u00f4i c\u00f3 th\u1ec3 ti\u1ebfp t\u1ee5c duy tr\u00ec v\u00e0 ph\u00e1t tri\u1ec3n ho\u1ea1t \u0111\u1ed9ng \u00fd ngh\u0129a n\u00e0y.<\/strong><\/p>\n<p><img decoding=\"async\" src=\"http:\/\/thuvien360.com\/wp-content\/uploads\/2025\/06\/QR-HUNG.jpg\" \/><\/p>\n","protected":false},"featured_media":697,"comment_status":"open","ping_status":"closed","template":"","meta":{"_uag_custom_page_level_css":""},"product_brand":[],"product_cat":[58],"product_tag":[],"class_list":{"0":"post-696","1":"product","2":"type-product","3":"status-publish","4":"has-post-thumbnail","6":"product_cat-lichsu-vietnam","8":"first","9":"instock","10":"downloadable","11":"virtual","12":"sold-individually","13":"product-type-simple"},"uagb_featured_image_src":{"full":["http:\/\/thuvien360.com\/wp-content\/uploads\/2025\/06\/10-7164-khong-phai-huyen-thoai-chien-dich-dien-bien-phu-1.jpg",1200,900,false],"thumbnail":["http:\/\/thuvien360.com\/wp-content\/uploads\/2025\/06\/10-7164-khong-phai-huyen-thoai-chien-dich-dien-bien-phu-1-150x150.jpg",150,150,true],"medium":["http:\/\/thuvien360.com\/wp-content\/uploads\/2025\/06\/10-7164-khong-phai-huyen-thoai-chien-dich-dien-bien-phu-1-300x225.jpg",300,225,true],"medium_large":["http:\/\/thuvien360.com\/wp-content\/uploads\/2025\/06\/10-7164-khong-phai-huyen-thoai-chien-dich-dien-bien-phu-1-768x576.jpg",768,576,true],"large":["http:\/\/thuvien360.com\/wp-content\/uploads\/2025\/06\/10-7164-khong-phai-huyen-thoai-chien-dich-dien-bien-phu-1-1024x768.jpg",1020,765,true],"1536x1536":["http:\/\/thuvien360.com\/wp-content\/uploads\/2025\/06\/10-7164-khong-phai-huyen-thoai-chien-dich-dien-bien-phu-1.jpg",1200,900,false],"2048x2048":["http:\/\/thuvien360.com\/wp-content\/uploads\/2025\/06\/10-7164-khong-phai-huyen-thoai-chien-dich-dien-bien-phu-1.jpg",1200,900,false],"woocommerce_thumbnail":["http:\/\/thuvien360.com\/wp-content\/uploads\/2025\/06\/10-7164-khong-phai-huyen-thoai-chien-dich-dien-bien-phu-1-300x300.jpg",300,300,true],"woocommerce_single":["http:\/\/thuvien360.com\/wp-content\/uploads\/2025\/06\/10-7164-khong-phai-huyen-thoai-chien-dich-dien-bien-phu-1-600x450.jpg",600,450,true],"woocommerce_gallery_thumbnail":["http:\/\/thuvien360.com\/wp-content\/uploads\/2025\/06\/10-7164-khong-phai-huyen-thoai-chien-dich-dien-bien-phu-1-100x100.jpg",100,100,true]},"uagb_author_info":{"display_name":"admin","author_link":"http:\/\/thuvien360.com\/?author=0"},"uagb_comment_info":0,"uagb_excerpt":"T\u00e1c gi\u1ea3 : H\u1eefu Mai \u0110\u1ecbnh d\u1ea1ng : S\u00e1ch n\u00f3i DOWNLOAD H\u00e3y t\u00f9y t\u00e2m \u0111\u00f3ng g\u00f3p \u0111\u1ec3 ch\u00fang t\u00f4i c\u00f3 th\u1ec3 ti\u1ebfp t\u1ee5c duy tr\u00ec v\u00e0 ph\u00e1t tri\u1ec3n ho\u1ea1t \u0111\u1ed9ng \u00fd ngh\u0129a n\u00e0y.","_links":{"self":[{"href":"http:\/\/thuvien360.com\/index.php?rest_route=\/wp\/v2\/product\/696","targetHints":{"allow":["GET"]}}],"collection":[{"href":"http:\/\/thuvien360.com\/index.php?rest_route=\/wp\/v2\/product"}],"about":[{"href":"http:\/\/thuvien360.com\/index.php?rest_route=\/wp\/v2\/types\/product"}],"replies":[{"embeddable":true,"href":"http:\/\/thuvien360.com\/index.php?rest_route=%2Fwp%2Fv2%2Fcomments&post=696"}],"wp:featuredmedia":[{"embeddable":true,"href":"http:\/\/thuvien360.com\/index.php?rest_route=\/wp\/v2\/media\/697"}],"wp:attachment":[{"href":"http:\/\/thuvien360.com\/index.php?rest_route=%2Fwp%2Fv2%2Fmedia&parent=696"}],"wp:term":[{"taxonomy":"product_brand","embeddable":true,"href":"http:\/\/thuvien360.com\/index.php?rest_route=%2Fwp%2Fv2%2Fproduct_brand&post=696"},{"taxonomy":"product_cat","embeddable":true,"href":"http:\/\/thuvien360.com\/index.php?rest_route=%2Fwp%2Fv2%2Fproduct_cat&post=696"},{"taxonomy":"product_tag","embeddable":true,"href":"http:\/\/thuvien360.com\/index.php?rest_route=%2Fwp%2Fv2%2Fproduct_tag&post=696"}],"curies":[{"name":"wp","href":"https:\/\/api.w.org\/{rel}","templated":true}]}}