{"id":694,"date":"2025-06-30T02:28:36","date_gmt":"2025-06-30T02:28:36","guid":{"rendered":"http:\/\/thuvien360.com\/?post_type=product&#038;p=694"},"modified":"2025-07-04T07:49:06","modified_gmt":"2025-07-04T07:49:06","slug":"cong-tu-bac-lieu","status":"publish","type":"product","link":"http:\/\/thuvien360.com\/?product=cong-tu-bac-lieu","title":{"rendered":"C\u00d4NG T\u1eec B\u1ea0C LI\u00caU"},"content":{"rendered":"<h3 data-start=\"265\" data-end=\"294\">\ud83d\udcb8 <strong data-start=\"272\" data-end=\"292\">C\u00d4NG T\u1eec B\u1ea0C LI\u00caU<\/strong><\/h3>\n<p data-start=\"295\" data-end=\"437\"><strong data-start=\"295\" data-end=\"319\">T\u00e1c gi\u1ea3: Nguy\u00ean H\u00f9ng<\/strong><br data-start=\"319\" data-end=\"322\" \/><em data-start=\"322\" data-end=\"437\">Ch\u00e2n dung th\u1eadt \u2013 truy\u1ec1n thuy\u1ebft d\u00e2n gian \u2013 v\u00e0 g\u00f3c khu\u1ea5t ph\u00eda sau \u00e1nh h\u00e0o quang c\u1ee7a m\u1ed9t c\u00f4ng t\u1eed l\u1eebng danh tr\u1eddi Nam.<\/em><\/p>\n<blockquote data-start=\"439\" data-end=\"557\">\n<p data-start=\"441\" data-end=\"557\"><strong data-start=\"441\" data-end=\"557\">\u201c\u0110\u1ed1t ti\u1ec1n n\u1ea5u tr\u1ee9ng, thu\u00ea m\u00e1y bay \u0111i d\u1ea1o, x\u00e0i sang nh\u01b0 vua \u2013 nh\u01b0ng r\u1ed3i v\u1eabn l\u00e0 ph\u1eadn ng\u01b0\u1eddi gi\u1eefa d\u00e2u b\u1ec3 th\u1eddi cu\u1ed9c.\u201d<\/strong><\/p>\n<\/blockquote>\n<hr data-start=\"559\" data-end=\"562\" \/>\n<p data-start=\"564\" data-end=\"771\">Cu\u1ed1n s\u00e1ch l\u00e0 <strong data-start=\"577\" data-end=\"619\">h\u1ed3i k\u00fd \u2013 t\u01b0 li\u1ec7u \u2013 v\u00e0 ti\u1ec3u s\u1eed t\u00e1i d\u1ef1ng<\/strong>, k\u1ec3 l\u1ea1i <strong data-start=\"628\" data-end=\"679\">cu\u1ed9c \u0111\u1eddi th\u0103ng tr\u1ea7m c\u1ee7a Tr\u1ea7n Trinh Huy (Ba Huy)<\/strong> \u2013 ng\u01b0\u1eddi con trai c\u1ea3 c\u1ee7a \u0111\u1ea1i \u0111i\u1ec1n ch\u1ee7 Tr\u1ea7n Trinh Tr\u1ea1ch, gi\u00e0u c\u00f3 nh\u1ea5t Nam K\u1ef3 th\u1eddi Ph\u00e1p thu\u1ed9c.<\/p>\n<p data-start=\"773\" data-end=\"1082\">V\u1edbi v\u0103n phong s\u1eafc s\u1ea3o, nhi\u1ec1u d\u1eabn ch\u1ee9ng l\u1ecbch s\u1eed \u2013 nh\u00e2n ch\u1ee9ng s\u1ed1ng, nh\u00e0 v\u0103n Nguy\u00ean H\u00f9ng <strong data-start=\"859\" data-end=\"919\">v\u1ebd l\u1ea1i b\u1ee9c ch\u00e2n dung ch\u00e2n th\u1eadt h\u01a1n v\u1ec1 \u201cc\u00f4ng t\u1eed B\u1ea1c Li\u00eau\u201d<\/strong>: kh\u00f4ng ch\u1ec9 l\u00e0 ng\u01b0\u1eddi \u0103n ch\u01a1i kh\u00e9t ti\u1ebfng, m\u00e0 c\u00f2n l\u00e0 ng\u01b0\u1eddi c\u00f3 h\u1ecdc, c\u00f3 t\u00e0i kinh doanh, v\u00e0 t\u1eebng b\u1ecb cu\u1ed1n v\u00e0o d\u00f2ng xo\u00e1y ch\u00ednh tr\u1ecb, x\u00e3 h\u1ed9i c\u1ee7a m\u1ed9t th\u1eddi \u0111\u1ea1i \u0111\u1ea7y bi\u1ebfn \u0111\u1ed9ng.<\/p>\n<hr data-start=\"1084\" data-end=\"1087\" \/>\n<h3 data-start=\"1089\" data-end=\"1111\">\ud83d\udd70 \u0110i\u1ec3m n\u1ed5i b\u1eadt:<\/h3>\n<ul data-start=\"1112\" data-end=\"1476\">\n<li data-start=\"1112\" data-end=\"1194\">\n<p data-start=\"1114\" data-end=\"1194\">\ud83d\udcda D\u1ef1a tr\u00ean t\u01b0 li\u1ec7u th\u1eadt \u2013 l\u1eddi k\u1ec3 ng\u01b0\u1eddi trong cu\u1ed9c \u2013 k\u1ebft h\u1ee3p kh\u1ea3o c\u1ee9u k\u1ef9 l\u01b0\u1ee1ng<\/p>\n<\/li>\n<li data-start=\"1195\" data-end=\"1292\">\n<p data-start=\"1197\" data-end=\"1292\">\ud83c\udfad Kh\u00f4ng ch\u1ec9 \u201cgi\u1ea3i m\u00e3 huy\u1ec1n tho\u1ea1i\u201d m\u00e0 c\u00f2n ph\u1ea3n \u00e1nh r\u00f5 n\u00e9t <strong data-start=\"1255\" data-end=\"1290\">x\u00e3 h\u1ed9i Nam K\u1ef3 n\u1eeda \u0111\u1ea7u th\u1ebf k\u1ef7 20<\/strong><\/p>\n<\/li>\n<li data-start=\"1293\" data-end=\"1380\">\n<p data-start=\"1295\" data-end=\"1380\">\ud83d\udc94 Kh\u1eafc h\u1ecda m\u1ed9t <strong data-start=\"1311\" data-end=\"1348\">cu\u1ed9c \u0111\u1eddi v\u1eeba h\u00e0o hoa v\u1eeba cay \u0111\u1eafng<\/strong>, v\u1eeba t\u1ef1 do v\u1eeba ch\u1ecbu r\u00e0ng bu\u1ed9c<\/p>\n<\/li>\n<li data-start=\"1381\" data-end=\"1476\">\n<p data-start=\"1383\" data-end=\"1476\">\ud83c\uddfb\ud83c\uddf3 L\u00e0 b\u1ee9c tranh ch\u00e2n th\u1ef1c v\u1ec1 <strong data-start=\"1414\" data-end=\"1476\">gi\u1edbi \u0111i\u1ec1n ch\u1ee7, t\u1ea7ng l\u1edbp th\u01b0\u1ee3ng l\u01b0u mi\u1ec1n Nam th\u1eddi thu\u1ed9c \u0111\u1ecba<\/strong><\/p>\n<\/li>\n<\/ul>\n","protected":false},"excerpt":{"rendered":"<p>T\u00e1c gi\u1ea3 : Nguy\u00ean H\u00f9ng<br \/>\n\u0110\u1ecbnh d\u1ea1ng : Radio<\/p>\n<p><strong><a href=\"https:\/\/drive.usercontent.google.com\/download?id=1nOeaEF6s8F162O9giHbJ-1ehF5B007Ye&amp;export=download&amp;authuser=0\">DOWNLOAD<\/a><br \/>\nH\u00e3y t\u00f9y t\u00e2m \u0111\u00f3ng g\u00f3p \u0111\u1ec3 ch\u00fang t\u00f4i c\u00f3 th\u1ec3 ti\u1ebfp t\u1ee5c duy tr\u00ec v\u00e0 ph\u00e1t tri\u1ec3n ho\u1ea1t \u0111\u1ed9ng \u00fd ngh\u0129a n\u00e0y.<\/strong><\/p>\n<p><img decoding=\"async\" src=\"http:\/\/thuvien360.com\/wp-content\/uploads\/2025\/06\/QR-HUNG.jpg\" \/><\/p>\n","protected":false},"featured_media":695,"comment_status":"open","ping_status":"closed","template":"","meta":{"_uag_custom_page_level_css":""},"product_brand":[],"product_cat":[15],"product_tag":[],"class_list":{"0":"post-694","1":"product","2":"type-product","3":"status-publish","4":"has-post-thumbnail","6":"product_cat-chua-phan-loai","8":"first","9":"instock","10":"downloadable","11":"virtual","12":"product-type-simple"},"uagb_featured_image_src":{"full":["http:\/\/thuvien360.com\/wp-content\/uploads\/2025\/06\/09-14438-cong-tu-bac-lieu-1.jpg",1200,900,false],"thumbnail":["http:\/\/thuvien360.com\/wp-content\/uploads\/2025\/06\/09-14438-cong-tu-bac-lieu-1-150x150.jpg",150,150,true],"medium":["http:\/\/thuvien360.com\/wp-content\/uploads\/2025\/06\/09-14438-cong-tu-bac-lieu-1-300x225.jpg",300,225,true],"medium_large":["http:\/\/thuvien360.com\/wp-content\/uploads\/2025\/06\/09-14438-cong-tu-bac-lieu-1-768x576.jpg",768,576,true],"large":["http:\/\/thuvien360.com\/wp-content\/uploads\/2025\/06\/09-14438-cong-tu-bac-lieu-1-1024x768.jpg",1020,765,true],"1536x1536":["http:\/\/thuvien360.com\/wp-content\/uploads\/2025\/06\/09-14438-cong-tu-bac-lieu-1.jpg",1200,900,false],"2048x2048":["http:\/\/thuvien360.com\/wp-content\/uploads\/2025\/06\/09-14438-cong-tu-bac-lieu-1.jpg",1200,900,false],"woocommerce_thumbnail":["http:\/\/thuvien360.com\/wp-content\/uploads\/2025\/06\/09-14438-cong-tu-bac-lieu-1-300x300.jpg",300,300,true],"woocommerce_single":["http:\/\/thuvien360.com\/wp-content\/uploads\/2025\/06\/09-14438-cong-tu-bac-lieu-1-600x450.jpg",600,450,true],"woocommerce_gallery_thumbnail":["http:\/\/thuvien360.com\/wp-content\/uploads\/2025\/06\/09-14438-cong-tu-bac-lieu-1-100x100.jpg",100,100,true]},"uagb_author_info":{"display_name":"admin","author_link":"http:\/\/thuvien360.com\/?author=0"},"uagb_comment_info":0,"uagb_excerpt":"T\u00e1c gi\u1ea3 : Nguy\u00ean H\u00f9ng \u0110\u1ecbnh d\u1ea1ng : Radio DOWNLOAD H\u00e3y t\u00f9y t\u00e2m \u0111\u00f3ng g\u00f3p \u0111\u1ec3 ch\u00fang t\u00f4i c\u00f3 th\u1ec3 ti\u1ebfp t\u1ee5c duy tr\u00ec v\u00e0 ph\u00e1t tri\u1ec3n ho\u1ea1t \u0111\u1ed9ng \u00fd ngh\u0129a n\u00e0y.","_links":{"self":[{"href":"http:\/\/thuvien360.com\/index.php?rest_route=\/wp\/v2\/product\/694","targetHints":{"allow":["GET"]}}],"collection":[{"href":"http:\/\/thuvien360.com\/index.php?rest_route=\/wp\/v2\/product"}],"about":[{"href":"http:\/\/thuvien360.com\/index.php?rest_route=\/wp\/v2\/types\/product"}],"replies":[{"embeddable":true,"href":"http:\/\/thuvien360.com\/index.php?rest_route=%2Fwp%2Fv2%2Fcomments&post=694"}],"wp:featuredmedia":[{"embeddable":true,"href":"http:\/\/thuvien360.com\/index.php?rest_route=\/wp\/v2\/media\/695"}],"wp:attachment":[{"href":"http:\/\/thuvien360.com\/index.php?rest_route=%2Fwp%2Fv2%2Fmedia&parent=694"}],"wp:term":[{"taxonomy":"product_brand","embeddable":true,"href":"http:\/\/thuvien360.com\/index.php?rest_route=%2Fwp%2Fv2%2Fproduct_brand&post=694"},{"taxonomy":"product_cat","embeddable":true,"href":"http:\/\/thuvien360.com\/index.php?rest_route=%2Fwp%2Fv2%2Fproduct_cat&post=694"},{"taxonomy":"product_tag","embeddable":true,"href":"http:\/\/thuvien360.com\/index.php?rest_route=%2Fwp%2Fv2%2Fproduct_tag&post=694"}],"curies":[{"name":"wp","href":"https:\/\/api.w.org\/{rel}","templated":true}]}}