{"id":686,"date":"2025-06-30T02:22:54","date_gmt":"2025-06-30T02:22:54","guid":{"rendered":"http:\/\/thuvien360.com\/?post_type=product&#038;p=686"},"modified":"2025-07-04T07:40:38","modified_gmt":"2025-07-04T07:40:38","slug":"nhung-ky-uc-khong-chiu-ngu-yen","status":"publish","type":"product","link":"http:\/\/thuvien360.com\/?product=nhung-ky-uc-khong-chiu-ngu-yen","title":{"rendered":"NH\u1eeeNG K\u00dd \u1ee8C KH\u00d4NG CH\u1ecaU NG\u1ee6 Y\u00caN"},"content":{"rendered":"<h3 data-start=\"207\" data-end=\"250\">\ud83d\udcd6 <strong data-start=\"214\" data-end=\"248\">NH\u1eeeNG K\u00dd \u1ee8C KH\u00d4NG CH\u1ecaU NG\u1ee6 Y\u00caN<\/strong><\/h3>\n<p data-start=\"251\" data-end=\"370\"><strong data-start=\"251\" data-end=\"271\">T\u00e1c gi\u1ea3: T\u00f4 Ho\u00e0i<\/strong> \u2013 Nh\u00e0 v\u0103n c\u1ee7a \u201cD\u1ebf M\u00e8n phi\u00eau l\u01b0u k\u00fd\u201d, ng\u01b0\u1eddi ch\u1ee9ng ki\u1ebfn v\u00e0 tham d\u1ef1 nhi\u1ec1u bi\u1ebfn \u0111\u1ed9ng l\u1edbn c\u1ee7a th\u1ebf k\u1ef7 XX<\/p>\n<blockquote data-start=\"372\" data-end=\"507\">\n<p data-start=\"374\" data-end=\"507\"><strong data-start=\"374\" data-end=\"507\">\u201cNh\u1eefng h\u1ed3i \u1ee9c kh\u00f4ng ch\u1ec9 l\u00e0 chuy\u1ec7n x\u01b0a k\u1ec3 l\u1ea1i. \u0110\u00f3 l\u00e0 l\u1ecbch s\u1eed nh\u1ecf, l\u00e0 nh\u00e2n t\u00ecnh th\u1ebf th\u00e1i, l\u00e0 s\u1ef1 th\u1eadt kh\u00f4ng l\u00f9i b\u01b0\u1edbc v\u00e0o qu\u00ean l\u00e3ng.\u201d<\/strong><\/p>\n<\/blockquote>\n<hr data-start=\"509\" data-end=\"512\" \/>\n<p data-start=\"514\" data-end=\"911\">Cu\u1ed1n h\u1ed3i k\u00fd <strong data-start=\"526\" data-end=\"562\">\u201cNh\u1eefng k\u00fd \u1ee9c kh\u00f4ng ch\u1ecbu ng\u1ee7 y\u00ean\u201d<\/strong> l\u00e0 l\u1eddi t\u1ef1 s\u1ef1 c\u1ee7a m\u1ed9t nh\u00e0 v\u0103n t\u1eebng \u0111i qua hai cu\u1ed9c kh\u00e1ng chi\u1ebfn, t\u1eebng s\u1ed1ng v\u00e0 vi\u1ebft trong l\u00f2ng nh\u1eefng chuy\u1ec3n m\u00ecnh d\u1eef d\u1ed9i c\u1ee7a \u0111\u1ea5t n\u01b0\u1edbc. Kh\u00f4ng ch\u1ec9 l\u00e0 nh\u1eefng c\u00e2u chuy\u1ec7n c\u00e1 nh\u00e2n, t\u00e1c ph\u1ea9m c\u00f2n m\u1edf ra <strong data-start=\"752\" data-end=\"788\">m\u1ed9t kh\u00f4ng gian l\u1ecbch s\u1eed s\u1ed1ng \u0111\u1ed9ng<\/strong>, n\u01a1i hi\u1ec7n l\u00ean nh\u1eefng <strong data-start=\"809\" data-end=\"872\">ch\u00e2n dung v\u0103n ngh\u1ec7 s\u0129, c\u00e1n b\u1ed9, ng\u01b0\u1eddi l\u00ednh, ng\u01b0\u1eddi d\u00e2n th\u01b0\u1eddng<\/strong> \u2013 \u0111\u1ea7y ch\u00e2n th\u1eadt, ph\u1ee9c t\u1ea1p v\u00e0 c\u1ea3m \u0111\u1ed9ng.<\/p>\n<p data-start=\"913\" data-end=\"1135\">T\u00f4 Ho\u00e0i kh\u00f4ng n\u00e9 tr\u00e1nh nh\u1eefng kh\u00eda c\u1ea1nh nh\u1ea1y c\u1ea3m c\u1ee7a \u0111\u1eddi s\u1ed1ng x\u00e3 h\u1ed9i \u2013 \u00f4ng k\u1ec3 v\u1edbi <strong data-start=\"994\" data-end=\"1036\">c\u00e1i nh\u00ecn t\u1ec9nh t\u00e1o, s\u1eafc s\u1ea3o v\u00e0 nh\u00e2n h\u1eadu<\/strong>. \u0110\u00f3 l\u00e0 <strong data-start=\"1044\" data-end=\"1135\">k\u00fd \u1ee9c c\u1ee7a m\u1ed9t ng\u01b0\u1eddi kh\u00f4ng ch\u1ecbu ng\u1ee7 y\u00ean \u2013 c\u0169ng nh\u01b0 nh\u1eefng s\u1ef1 ki\u1ec7n kh\u00f4ng th\u1ec3 b\u1ecb l\u00e3ng qu\u00ean.<\/strong><\/p>\n<hr data-start=\"1137\" data-end=\"1140\" \/>\n<h3 data-start=\"1142\" data-end=\"1164\">\u270d\ufe0f \u0110i\u1ec3m n\u1ed5i b\u1eadt:<\/h3>\n<ul data-start=\"1165\" data-end=\"1493\">\n<li data-start=\"1165\" data-end=\"1225\">\n<p data-start=\"1167\" data-end=\"1225\">\ud83d\udd6f H\u1ed3i k\u00fd mang t\u00ednh <strong data-start=\"1187\" data-end=\"1223\">t\u1ef1 truy\u1ec7n \u2013 t\u1ef1 s\u1ef1 \u2013 t\u01b0 li\u1ec7u s\u1ed1ng<\/strong><\/p>\n<\/li>\n<li data-start=\"1226\" data-end=\"1310\">\n<p data-start=\"1228\" data-end=\"1310\">\ud83e\udeb6 V\u0103n phong <strong data-start=\"1241\" data-end=\"1308\">gi\u00e0u ch\u1ea5t \u0111\u1eddi, pha ch\u00fat ho\u00e0i ni\u1ec7m, \u0111\u00f4i khi m\u1ec9a mai m\u00e0 th\u1ea5m th\u00eda<\/strong><\/p>\n<\/li>\n<li data-start=\"1311\" data-end=\"1416\">\n<p data-start=\"1313\" data-end=\"1416\">\ud83c\udfad Kh\u1eafc h\u1ecda ch\u00e2n th\u1eadt nh\u1eefng <strong data-start=\"1341\" data-end=\"1414\">g\u00f3c khu\u1ea5t c\u1ee7a v\u0103n gi\u1edbi v\u00e0 x\u00e3 h\u1ed9i trong th\u1eddi k\u1ef3 kh\u00e1ng chi\u1ebfn v\u00e0 bao c\u1ea5p<\/strong><\/p>\n<\/li>\n<li data-start=\"1417\" data-end=\"1493\">\n<p data-start=\"1419\" data-end=\"1493\">\ud83e\udded L\u00e0 ngu\u1ed3n t\u01b0 li\u1ec7u qu\u00fd cho <strong data-start=\"1447\" data-end=\"1493\">nghi\u00ean c\u1ee9u v\u0103n h\u1ecdc, l\u1ecbch s\u1eed, t\u00e2m l\u00fd x\u00e3 h\u1ed9i<\/strong><\/p>\n<\/li>\n<\/ul>\n","protected":false},"excerpt":{"rendered":"<p>T\u00e1c gi\u1ea3 : T\u00f4 Ho\u00e0i<br \/>\n\u0110\u1ecbnh d\u1ea1ng : S\u00e1ch n\u00f3i<\/p>\n<p><strong><a href=\"https:\/\/drive.usercontent.google.com\/download?id=1ij3FVtbmJBPNRQTwTqW3dpzS6N_oJMgz&amp;export=download&amp;authuser=0\">DOWNLOAD<\/a><br \/>\nH\u00e3y t\u00f9y t\u00e2m \u0111\u00f3ng g\u00f3p \u0111\u1ec3 ch\u00fang t\u00f4i c\u00f3 th\u1ec3 ti\u1ebfp t\u1ee5c duy tr\u00ec v\u00e0 ph\u00e1t tri\u1ec3n ho\u1ea1t \u0111\u1ed9ng \u00fd ngh\u0129a n\u00e0y.<\/strong><\/p>\n<p><img decoding=\"async\" src=\"http:\/\/thuvien360.com\/wp-content\/uploads\/2025\/06\/QR-HUNG.jpg\" \/><\/p>\n","protected":false},"featured_media":687,"comment_status":"open","ping_status":"closed","template":"","meta":{"_uag_custom_page_level_css":""},"product_brand":[],"product_cat":[58],"product_tag":[],"class_list":{"0":"post-686","1":"product","2":"type-product","3":"status-publish","4":"has-post-thumbnail","6":"product_cat-lichsu-vietnam","8":"first","9":"instock","10":"downloadable","11":"virtual","12":"sold-individually","13":"product-type-simple"},"uagb_featured_image_src":{"full":["http:\/\/thuvien360.com\/wp-content\/uploads\/2025\/06\/05-6342-nhung-ky-uc-khong-chiu-ngu-yen-1.jpg",1200,900,false],"thumbnail":["http:\/\/thuvien360.com\/wp-content\/uploads\/2025\/06\/05-6342-nhung-ky-uc-khong-chiu-ngu-yen-1-150x150.jpg",150,150,true],"medium":["http:\/\/thuvien360.com\/wp-content\/uploads\/2025\/06\/05-6342-nhung-ky-uc-khong-chiu-ngu-yen-1-300x225.jpg",300,225,true],"medium_large":["http:\/\/thuvien360.com\/wp-content\/uploads\/2025\/06\/05-6342-nhung-ky-uc-khong-chiu-ngu-yen-1-768x576.jpg",768,576,true],"large":["http:\/\/thuvien360.com\/wp-content\/uploads\/2025\/06\/05-6342-nhung-ky-uc-khong-chiu-ngu-yen-1-1024x768.jpg",1020,765,true],"1536x1536":["http:\/\/thuvien360.com\/wp-content\/uploads\/2025\/06\/05-6342-nhung-ky-uc-khong-chiu-ngu-yen-1.jpg",1200,900,false],"2048x2048":["http:\/\/thuvien360.com\/wp-content\/uploads\/2025\/06\/05-6342-nhung-ky-uc-khong-chiu-ngu-yen-1.jpg",1200,900,false],"woocommerce_thumbnail":["http:\/\/thuvien360.com\/wp-content\/uploads\/2025\/06\/05-6342-nhung-ky-uc-khong-chiu-ngu-yen-1-300x300.jpg",300,300,true],"woocommerce_single":["http:\/\/thuvien360.com\/wp-content\/uploads\/2025\/06\/05-6342-nhung-ky-uc-khong-chiu-ngu-yen-1-600x450.jpg",600,450,true],"woocommerce_gallery_thumbnail":["http:\/\/thuvien360.com\/wp-content\/uploads\/2025\/06\/05-6342-nhung-ky-uc-khong-chiu-ngu-yen-1-100x100.jpg",100,100,true]},"uagb_author_info":{"display_name":"admin","author_link":"http:\/\/thuvien360.com\/?author=0"},"uagb_comment_info":0,"uagb_excerpt":"T\u00e1c gi\u1ea3 : T\u00f4 Ho\u00e0i \u0110\u1ecbnh d\u1ea1ng : S\u00e1ch n\u00f3i DOWNLOAD H\u00e3y t\u00f9y t\u00e2m \u0111\u00f3ng g\u00f3p \u0111\u1ec3 ch\u00fang t\u00f4i c\u00f3 th\u1ec3 ti\u1ebfp t\u1ee5c duy tr\u00ec v\u00e0 ph\u00e1t tri\u1ec3n ho\u1ea1t \u0111\u1ed9ng \u00fd ngh\u0129a n\u00e0y.","_links":{"self":[{"href":"http:\/\/thuvien360.com\/index.php?rest_route=\/wp\/v2\/product\/686","targetHints":{"allow":["GET"]}}],"collection":[{"href":"http:\/\/thuvien360.com\/index.php?rest_route=\/wp\/v2\/product"}],"about":[{"href":"http:\/\/thuvien360.com\/index.php?rest_route=\/wp\/v2\/types\/product"}],"replies":[{"embeddable":true,"href":"http:\/\/thuvien360.com\/index.php?rest_route=%2Fwp%2Fv2%2Fcomments&post=686"}],"wp:featuredmedia":[{"embeddable":true,"href":"http:\/\/thuvien360.com\/index.php?rest_route=\/wp\/v2\/media\/687"}],"wp:attachment":[{"href":"http:\/\/thuvien360.com\/index.php?rest_route=%2Fwp%2Fv2%2Fmedia&parent=686"}],"wp:term":[{"taxonomy":"product_brand","embeddable":true,"href":"http:\/\/thuvien360.com\/index.php?rest_route=%2Fwp%2Fv2%2Fproduct_brand&post=686"},{"taxonomy":"product_cat","embeddable":true,"href":"http:\/\/thuvien360.com\/index.php?rest_route=%2Fwp%2Fv2%2Fproduct_cat&post=686"},{"taxonomy":"product_tag","embeddable":true,"href":"http:\/\/thuvien360.com\/index.php?rest_route=%2Fwp%2Fv2%2Fproduct_tag&post=686"}],"curies":[{"name":"wp","href":"https:\/\/api.w.org\/{rel}","templated":true}]}}