{"id":684,"date":"2025-06-30T02:21:31","date_gmt":"2025-06-30T02:21:31","guid":{"rendered":"http:\/\/thuvien360.com\/?post_type=product&#038;p=684"},"modified":"2025-07-04T07:42:40","modified_gmt":"2025-07-04T07:42:40","slug":"dai-tuong-tong-tu-lenh-vo-nguyen-giap","status":"publish","type":"product","link":"http:\/\/thuvien360.com\/?product=dai-tuong-tong-tu-lenh-vo-nguyen-giap","title":{"rendered":"\u0110\u1ea0I T\u01af\u1edaNG T\u1ed4NG T\u01af L\u1ec6NH V\u00d5 NGUY\u00caN GI\u00c1P"},"content":{"rendered":"<h3 data-start=\"270\" data-end=\"319\">\u2b50 <strong data-start=\"276\" data-end=\"317\">\u0110\u1ea0I T\u01af\u1edaNG T\u1ed4NG T\u01af L\u1ec6NH V\u00d5 NGUY\u00caN GI\u00c1P<\/strong><\/h3>\n<p data-start=\"320\" data-end=\"468\"><strong data-start=\"320\" data-end=\"362\">\u2013 \u0110\u1ea1i t\u01b0\u1edbng c\u1ee7a nh\u00e2n d\u00e2n, c\u1ee7a h\u00f2a b\u00ecnh<\/strong><br data-start=\"362\" data-end=\"365\" \/><em data-start=\"365\" data-end=\"468\">T\u00e1c gi\u1ea3: Nguy\u1ec5n V\u0103n Trung \u2013 Nh\u00e0 b\u00e1o, nh\u00e0 nghi\u00ean c\u1ee9u t\u00e2m huy\u1ebft v\u1edbi \u0111\u1ec1 t\u00e0i l\u1ecbch s\u1eed \u2013 c\u00e1ch m\u1ea1ng Vi\u1ec7t Nam<\/em><\/p>\n<blockquote data-start=\"470\" data-end=\"626\">\n<p data-start=\"472\" data-end=\"626\"><strong data-start=\"472\" data-end=\"626\">\u201cQu\u00e2n \u0111\u1ed9i nh\u00e2n d\u00e2n Vi\u1ec7t Nam anh h\u00f9ng \u2013 g\u1eafn li\u1ec1n v\u1edbi t\u00ean tu\u1ed5i c\u1ee7a m\u1ed9t ng\u01b0\u1eddi th\u1ea7y, m\u1ed9t ng\u01b0\u1eddi anh, m\u1ed9t ng\u01b0\u1eddi ch\u1ec9 huy m\u1eabu m\u1ef1c \u2013 \u0110\u1ea1i t\u01b0\u1edbng V\u00f5 Nguy\u00ean Gi\u00e1p.\u201d<\/strong><\/p>\n<\/blockquote>\n<hr data-start=\"628\" data-end=\"631\" \/>\n<p data-start=\"633\" data-end=\"924\">Cu\u1ed1n s\u00e1ch l\u00e0 m\u1ed9t <strong data-start=\"650\" data-end=\"700\">b\u1ee9c ch\u00e2n dung l\u1ecbch s\u1eed s\u1ed1ng \u0111\u1ed9ng v\u00e0 \u0111\u1ea7y c\u1ea3m x\u00fac<\/strong> v\u1ec1 \u0110\u1ea1i t\u01b0\u1edbng <strong data-start=\"714\" data-end=\"732\">V\u00f5 Nguy\u00ean Gi\u00e1p<\/strong> \u2013 v\u1ecb T\u1ed5ng t\u01b0 l\u1ec7nh \u0111\u1ea7u ti\u00ean v\u00e0 duy nh\u1ea5t c\u1ee7a Qu\u00e2n \u0111\u1ed9i Nh\u00e2n d\u00e2n Vi\u1ec7t Nam, ng\u01b0\u1eddi <strong data-start=\"810\" data-end=\"923\">ch\u01b0a t\u1eebng qua tr\u01b0\u1eddng l\u1edbp qu\u00e2n s\u1ef1 ch\u00ednh quy n\u00e0o nh\u01b0ng \u0111\u00e3 \u0111\u00e1nh th\u1eafng hai \u0111\u1ebf qu\u1ed1c l\u1edbn nh\u1ea5t th\u1ebf k\u1ef7 XX: Ph\u00e1p v\u00e0 M\u1ef9<\/strong>.<\/p>\n<p data-start=\"926\" data-end=\"1190\">T\u00e1c gi\u1ea3 Nguy\u1ec5n V\u0103n Trung kh\u00f4ng ch\u1ec9 k\u1ec3 v\u1ec1 nh\u1eefng chi\u1ebfn c\u00f4ng vang d\u1ed9i nh\u01b0 <strong data-start=\"997\" data-end=\"1038\">\u0110i\u1ec7n Bi\u00ean Ph\u1ee7, Chi\u1ebfn d\u1ecbch H\u1ed3 Ch\u00ed Minh<\/strong>, m\u00e0 c\u00f2n kh\u1eafc h\u1ecda r\u00f5 n\u00e9t <strong data-start=\"1063\" data-end=\"1126\">t\u01b0 t\u01b0\u1edfng nh\u00e2n v\u0103n, t\u1ea7m nh\u00ecn chi\u1ebfn l\u01b0\u1ee3c v\u00e0 \u0111\u1ea1o \u0111\u1ee9c c\u00e1ch m\u1ea1ng<\/strong> c\u1ee7a m\u1ed9t v\u1ecb t\u01b0\u1edbng mang t\u00e2m h\u1ed3n c\u1ee7a m\u1ed9t tr\u00ed th\u1ee9c, m\u1ed9t ng\u01b0\u1eddi th\u1ea7y.<\/p>\n<hr data-start=\"1192\" data-end=\"1195\" \/>\n<h3 data-start=\"1197\" data-end=\"1223\">\ud83d\udcd8 N\u1ed9i dung n\u1ed5i b\u1eadt:<\/h3>\n<ul data-start=\"1224\" data-end=\"1590\">\n<li data-start=\"1224\" data-end=\"1313\">\n<p data-start=\"1226\" data-end=\"1313\">\u2694\ufe0f K\u1ec3 l\u1ea1i c\u00e1c <strong data-start=\"1240\" data-end=\"1311\">chi\u1ebfn d\u1ecbch qu\u00e2n s\u1ef1 l\u1edbn v\u1edbi chi\u1ec1u s\u00e2u chi\u1ebfn l\u01b0\u1ee3c v\u00e0 c\u1ea3m x\u00fac nh\u00e2n v\u0103n<\/strong><\/p>\n<\/li>\n<li data-start=\"1314\" data-end=\"1413\">\n<p data-start=\"1316\" data-end=\"1413\">\ud83d\udcdc T\u00e1i hi\u1ec7n con ng\u01b0\u1eddi V\u00f5 Nguy\u00ean Gi\u00e1p v\u1edbi <strong data-start=\"1357\" data-end=\"1411\">tr\u00ed tu\u1ec7 \u2013 \u0111\u1ee9c \u0111\u1ed9 \u2013 l\u00f2ng nh\u00e2n \u00e1i \u2013 t\u00ednh k\u1ef7 lu\u1eadt cao<\/strong><\/p>\n<\/li>\n<li data-start=\"1414\" data-end=\"1496\">\n<p data-start=\"1416\" data-end=\"1496\">\ud83c\udf0d Kh\u1eafc h\u1ecda r\u00f5 h\u00ecnh \u1ea3nh <strong data-start=\"1440\" data-end=\"1494\">\u201cv\u1ecb t\u01b0\u1edbng c\u1ee7a h\u00f2a b\u00ecnh\u201d \u2013 \u0111\u01b0\u1ee3c th\u1ebf gi\u1edbi k\u00ednh tr\u1ecdng<\/strong><\/p>\n<\/li>\n<li data-start=\"1497\" data-end=\"1590\">\n<p data-start=\"1499\" data-end=\"1590\">\ud83d\udcd6 T\u00e0i li\u1ec7u gi\u00e1 tr\u1ecb d\u00e0nh cho <strong data-start=\"1528\" data-end=\"1590\">gi\u00e1o d\u1ee5c l\u1ecbch s\u1eed, c\u1ea3m h\u1ee9ng l\u00e3nh \u0111\u1ea1o v\u00e0 qu\u1ea3n tr\u1ecb chi\u1ebfn l\u01b0\u1ee3c<\/strong><\/p>\n<\/li>\n<\/ul>\n","protected":false},"excerpt":{"rendered":"<p>T\u00e1c gi\u1ea3 : Nguy\u1ec5n V\u0103n Trung<br \/>\n\u0110\u1ecbnh d\u1ea1ng : S\u00e1ch n\u00f3i<\/p>\n<p><strong><a href=\"https:\/\/drive.usercontent.google.com\/download?id=1v_g8XXHgk6iDhIb6HE-_m7fi62z6O2yO&amp;export=download&amp;authuser=0\">DOWNLOAD<\/a><br \/>\nH\u00e3y t\u00f9y t\u00e2m \u0111\u00f3ng g\u00f3p \u0111\u1ec3 ch\u00fang t\u00f4i c\u00f3 th\u1ec3 ti\u1ebfp t\u1ee5c duy tr\u00ec v\u00e0 ph\u00e1t tri\u1ec3n ho\u1ea1t \u0111\u1ed9ng \u00fd ngh\u0129a n\u00e0y.<\/strong><\/p>\n<p><img decoding=\"async\" src=\"http:\/\/thuvien360.com\/wp-content\/uploads\/2025\/06\/QR-HUNG.jpg\" \/><\/p>\n","protected":false},"featured_media":685,"comment_status":"open","ping_status":"closed","template":"","meta":{"_uag_custom_page_level_css":""},"product_brand":[],"product_cat":[56,58],"product_tag":[],"class_list":{"0":"post-684","1":"product","2":"type-product","3":"status-publish","4":"has-post-thumbnail","6":"product_cat-danhnhan-viet-nam","7":"product_cat-lichsu-vietnam","9":"first","10":"instock","11":"downloadable","12":"virtual","13":"sold-individually","14":"product-type-simple"},"uagb_featured_image_src":{"full":["http:\/\/thuvien360.com\/wp-content\/uploads\/2025\/06\/04-2610-dai-tuong-tong-tu-lenh-vo-nguyen-giap-dai-tuong-cua-nhan-dan-cua-hoa-binh-1.jpg",1200,900,false],"thumbnail":["http:\/\/thuvien360.com\/wp-content\/uploads\/2025\/06\/04-2610-dai-tuong-tong-tu-lenh-vo-nguyen-giap-dai-tuong-cua-nhan-dan-cua-hoa-binh-1-150x150.jpg",150,150,true],"medium":["http:\/\/thuvien360.com\/wp-content\/uploads\/2025\/06\/04-2610-dai-tuong-tong-tu-lenh-vo-nguyen-giap-dai-tuong-cua-nhan-dan-cua-hoa-binh-1-300x225.jpg",300,225,true],"medium_large":["http:\/\/thuvien360.com\/wp-content\/uploads\/2025\/06\/04-2610-dai-tuong-tong-tu-lenh-vo-nguyen-giap-dai-tuong-cua-nhan-dan-cua-hoa-binh-1-768x576.jpg",768,576,true],"large":["http:\/\/thuvien360.com\/wp-content\/uploads\/2025\/06\/04-2610-dai-tuong-tong-tu-lenh-vo-nguyen-giap-dai-tuong-cua-nhan-dan-cua-hoa-binh-1-1024x768.jpg",1020,765,true],"1536x1536":["http:\/\/thuvien360.com\/wp-content\/uploads\/2025\/06\/04-2610-dai-tuong-tong-tu-lenh-vo-nguyen-giap-dai-tuong-cua-nhan-dan-cua-hoa-binh-1.jpg",1200,900,false],"2048x2048":["http:\/\/thuvien360.com\/wp-content\/uploads\/2025\/06\/04-2610-dai-tuong-tong-tu-lenh-vo-nguyen-giap-dai-tuong-cua-nhan-dan-cua-hoa-binh-1.jpg",1200,900,false],"woocommerce_thumbnail":["http:\/\/thuvien360.com\/wp-content\/uploads\/2025\/06\/04-2610-dai-tuong-tong-tu-lenh-vo-nguyen-giap-dai-tuong-cua-nhan-dan-cua-hoa-binh-1-300x300.jpg",300,300,true],"woocommerce_single":["http:\/\/thuvien360.com\/wp-content\/uploads\/2025\/06\/04-2610-dai-tuong-tong-tu-lenh-vo-nguyen-giap-dai-tuong-cua-nhan-dan-cua-hoa-binh-1-600x450.jpg",600,450,true],"woocommerce_gallery_thumbnail":["http:\/\/thuvien360.com\/wp-content\/uploads\/2025\/06\/04-2610-dai-tuong-tong-tu-lenh-vo-nguyen-giap-dai-tuong-cua-nhan-dan-cua-hoa-binh-1-100x100.jpg",100,100,true]},"uagb_author_info":{"display_name":"admin","author_link":"http:\/\/thuvien360.com\/?author=0"},"uagb_comment_info":0,"uagb_excerpt":"T\u00e1c gi\u1ea3 : Nguy\u1ec5n V\u0103n Trung \u0110\u1ecbnh d\u1ea1ng : S\u00e1ch n\u00f3i DOWNLOAD H\u00e3y t\u00f9y t\u00e2m \u0111\u00f3ng g\u00f3p \u0111\u1ec3 ch\u00fang t\u00f4i c\u00f3 th\u1ec3 ti\u1ebfp t\u1ee5c duy tr\u00ec v\u00e0 ph\u00e1t tri\u1ec3n ho\u1ea1t \u0111\u1ed9ng \u00fd ngh\u0129a n\u00e0y.","_links":{"self":[{"href":"http:\/\/thuvien360.com\/index.php?rest_route=\/wp\/v2\/product\/684","targetHints":{"allow":["GET"]}}],"collection":[{"href":"http:\/\/thuvien360.com\/index.php?rest_route=\/wp\/v2\/product"}],"about":[{"href":"http:\/\/thuvien360.com\/index.php?rest_route=\/wp\/v2\/types\/product"}],"replies":[{"embeddable":true,"href":"http:\/\/thuvien360.com\/index.php?rest_route=%2Fwp%2Fv2%2Fcomments&post=684"}],"wp:featuredmedia":[{"embeddable":true,"href":"http:\/\/thuvien360.com\/index.php?rest_route=\/wp\/v2\/media\/685"}],"wp:attachment":[{"href":"http:\/\/thuvien360.com\/index.php?rest_route=%2Fwp%2Fv2%2Fmedia&parent=684"}],"wp:term":[{"taxonomy":"product_brand","embeddable":true,"href":"http:\/\/thuvien360.com\/index.php?rest_route=%2Fwp%2Fv2%2Fproduct_brand&post=684"},{"taxonomy":"product_cat","embeddable":true,"href":"http:\/\/thuvien360.com\/index.php?rest_route=%2Fwp%2Fv2%2Fproduct_cat&post=684"},{"taxonomy":"product_tag","embeddable":true,"href":"http:\/\/thuvien360.com\/index.php?rest_route=%2Fwp%2Fv2%2Fproduct_tag&post=684"}],"curies":[{"name":"wp","href":"https:\/\/api.w.org\/{rel}","templated":true}]}}