{"id":682,"date":"2025-06-30T02:19:52","date_gmt":"2025-06-30T02:19:52","guid":{"rendered":"http:\/\/thuvien360.com\/?post_type=product&#038;p=682"},"modified":"2025-07-04T07:42:29","modified_gmt":"2025-07-04T07:42:29","slug":"hung-dao-vuong","status":"publish","type":"product","link":"http:\/\/thuvien360.com\/?product=hung-dao-vuong","title":{"rendered":"H\u01afNG \u0110\u1ea0O V\u01af\u01a0NG"},"content":{"rendered":"<h3 data-start=\"200\" data-end=\"227\">\ud83c\udff9 <strong data-start=\"207\" data-end=\"225\">H\u01afNG \u0110\u1ea0O V\u01af\u01a0NG<\/strong><\/h3>\n<p data-start=\"228\" data-end=\"331\"><em data-start=\"228\" data-end=\"331\">T\u00e1c gi\u1ea3: L\u00ea V\u0103n Ph\u00fac \u2013 Nh\u00e0 nghi\u00ean c\u1ee9u l\u1ecbch s\u1eed Vi\u1ec7t Nam, v\u1edbi v\u0103n phong s\u00fac t\u00edch, r\u00f5 r\u00e0ng v\u00e0 truy\u1ec1n c\u1ea3m<\/em><\/p>\n<blockquote data-start=\"333\" data-end=\"438\">\n<p data-start=\"335\" data-end=\"438\"><strong data-start=\"335\" data-end=\"398\">\u201cTa th\u00e0 l\u00e0m ma n\u01b0\u1edbc Nam, ch\u1ee9 kh\u00f4ng th\u00e8m l\u00e0m v\u01b0\u01a1ng \u0111\u1ea5t B\u1eafc.\u201d<\/strong><br data-start=\"398\" data-end=\"401\" \/>\u2014 H\u01b0ng \u0110\u1ea1o \u0110\u1ea1i V\u01b0\u01a1ng Tr\u1ea7n Qu\u1ed1c Tu\u1ea5n<\/p>\n<\/blockquote>\n<hr data-start=\"440\" data-end=\"443\" \/>\n<p data-start=\"445\" data-end=\"670\">Cu\u1ed1n s\u00e1ch l\u00e0 <strong data-start=\"458\" data-end=\"544\">b\u1ea3n kh\u1eafc h\u1ecda \u0111\u1ea7y x\u00fac \u0111\u1ed9ng v\u00e0 s\u1ed1ng \u0111\u1ed9ng v\u1ec1 cu\u1ed9c \u0111\u1eddi, s\u1ef1 nghi\u1ec7p v\u00e0 tinh th\u1ea7n d\u00e2n t\u1ed9c<\/strong> c\u1ee7a <strong data-start=\"549\" data-end=\"566\">Tr\u1ea7n H\u01b0ng \u0110\u1ea1o<\/strong> \u2013 ng\u01b0\u1eddi ch\u1ec9 huy t\u1ed1i cao c\u1ee7a qu\u00e2n d\u00e2n \u0110\u1ea1i Vi\u1ec7t trong ba l\u1ea7n \u0111\u00e1nh th\u1eafng qu\u00e2n Nguy\u00ean M\u00f4ng v\u00e0o th\u1ebf k\u1ef7 XIII.<\/p>\n<p data-start=\"672\" data-end=\"975\">V\u1edbi l\u1ed1i k\u1ec3 chuy\u1ec7n l\u1ecbch s\u1eed v\u1eeba gi\u00e0u c\u1ea3m x\u00fac, v\u1eeba chu\u1ea9n x\u00e1c v\u1ec1 t\u01b0 li\u1ec7u, t\u00e1c gi\u1ea3 L\u00ea V\u0103n Ph\u00fac gi\u00fap ng\u01b0\u1eddi \u0111\u1ecdc kh\u00f4ng ch\u1ec9 h\u00ecnh dung \u0111\u01b0\u1ee3c <strong data-start=\"802\" data-end=\"823\">thi\u00ean t\u00e0i qu\u00e2n s\u1ef1<\/strong>, m\u00e0 c\u00f2n c\u1ea3m nh\u1eadn \u0111\u01b0\u1ee3c <strong data-start=\"846\" data-end=\"974\">t\u00e2m h\u1ed3n m\u1ed9t v\u1ecb t\u01b0\u1edbng \u0111\u1ea7y nh\u00e2n ngh\u0129a, trung qu\u00e2n \u00e1i qu\u1ed1c, bi\u1ebft \u0111\u1eb7t l\u1ee3i \u00edch d\u00e2n t\u1ed9c l\u00ean tr\u00ean c\u1ea3 th\u00f9 ri\u00eang v\u00e0 danh v\u1ecdng c\u00e1 nh\u00e2n<\/strong>.<\/p>\n<hr data-start=\"977\" data-end=\"980\" \/>\n<h3 data-start=\"982\" data-end=\"1008\">\ud83d\udcd8 N\u1ed9i dung n\u1ed5i b\u1eadt:<\/h3>\n<ul data-start=\"1009\" data-end=\"1375\">\n<li data-start=\"1009\" data-end=\"1105\">\n<p data-start=\"1011\" data-end=\"1105\">\ud83d\udcdc T\u00e1i hi\u1ec7n ch\u00e2n th\u1eadt <strong data-start=\"1033\" data-end=\"1103\">nh\u1eefng tr\u1eadn chi\u1ebfn h\u00e0o h\u00f9ng nh\u01b0 B\u1ea1ch \u0110\u1eb1ng, Ch\u01b0\u01a1ng D\u01b0\u01a1ng, V\u1ea1n Ki\u1ebfp&#8230;<\/strong><\/p>\n<\/li>\n<li data-start=\"1106\" data-end=\"1198\">\n<p data-start=\"1108\" data-end=\"1198\">\ud83e\udded Ph\u00e2n t\u00edch s\u1eafc s\u1ea3o v\u1ec1 <strong data-start=\"1132\" data-end=\"1177\">t\u01b0 t\u01b0\u1edfng chi\u1ebfn l\u01b0\u1ee3c, ngh\u1ec7 thu\u1eadt d\u1ee5ng binh<\/strong> c\u1ee7a Tr\u1ea7n Qu\u1ed1c Tu\u1ea5n<\/p>\n<\/li>\n<li data-start=\"1199\" data-end=\"1287\">\n<p data-start=\"1201\" data-end=\"1287\">\ud83e\udde1 Nh\u1ea5n m\u1ea1nh \u0111\u1ebfn <strong data-start=\"1218\" data-end=\"1285\">\u0111\u1ee9c \u0111\u1ed9, t\u1ea7m nh\u00ecn, l\u00f2ng y\u00eau n\u01b0\u1edbc, v\u00e0 tinh th\u1ea7n \u0111o\u00e0n k\u1ebft to\u00e0n d\u00e2n<\/strong><\/p>\n<\/li>\n<li data-start=\"1288\" data-end=\"1375\">\n<p data-start=\"1290\" data-end=\"1375\">\ud83d\udcd6 D\u1ec5 ti\u1ebfp c\u1eadn, ph\u00f9 h\u1ee3p cho c\u1ea3 <strong data-start=\"1321\" data-end=\"1375\">ng\u01b0\u1eddi y\u00eau s\u1eed, h\u1ecdc sinh \u2013 sinh vi\u00ean, nh\u00e0 nghi\u00ean c\u1ee9u<\/strong><\/p>\n<\/li>\n<\/ul>\n","protected":false},"excerpt":{"rendered":"<p>T\u00e1c gi\u1ea3 : L\u00ea V\u0103n Ph\u00fac<br \/>\n\u0110\u1ecbnh d\u1ea1ng : S\u00e1ch n\u00f3i<\/p>\n<p><strong><a href=\"https:\/\/drive.usercontent.google.com\/download?id=1SpHK5zG-Es1g99mexWILkRnBHIiVmOsr&amp;export=download&amp;authuser=0\">DOWNLOAD<\/a><br \/>\nH\u00e3y t\u00f9y t\u00e2m \u0111\u00f3ng g\u00f3p \u0111\u1ec3 ch\u00fang t\u00f4i c\u00f3 th\u1ec3 ti\u1ebfp t\u1ee5c duy tr\u00ec v\u00e0 ph\u00e1t tri\u1ec3n ho\u1ea1t \u0111\u1ed9ng \u00fd ngh\u0129a n\u00e0y.<\/strong><\/p>\n<p><img decoding=\"async\" src=\"http:\/\/thuvien360.com\/wp-content\/uploads\/2025\/06\/QR-HUNG.jpg\" \/><\/p>\n","protected":false},"featured_media":683,"comment_status":"open","ping_status":"closed","template":"","meta":{"_uag_custom_page_level_css":""},"product_brand":[],"product_cat":[56,58],"product_tag":[],"class_list":{"0":"post-682","1":"product","2":"type-product","3":"status-publish","4":"has-post-thumbnail","6":"product_cat-danhnhan-viet-nam","7":"product_cat-lichsu-vietnam","9":"first","10":"instock","11":"downloadable","12":"virtual","13":"sold-individually","14":"product-type-simple"},"uagb_featured_image_src":{"full":["http:\/\/thuvien360.com\/wp-content\/uploads\/2025\/06\/03-10116-hung-dao-vuong-1.jpg",1200,900,false],"thumbnail":["http:\/\/thuvien360.com\/wp-content\/uploads\/2025\/06\/03-10116-hung-dao-vuong-1-150x150.jpg",150,150,true],"medium":["http:\/\/thuvien360.com\/wp-content\/uploads\/2025\/06\/03-10116-hung-dao-vuong-1-300x225.jpg",300,225,true],"medium_large":["http:\/\/thuvien360.com\/wp-content\/uploads\/2025\/06\/03-10116-hung-dao-vuong-1-768x576.jpg",768,576,true],"large":["http:\/\/thuvien360.com\/wp-content\/uploads\/2025\/06\/03-10116-hung-dao-vuong-1-1024x768.jpg",1020,765,true],"1536x1536":["http:\/\/thuvien360.com\/wp-content\/uploads\/2025\/06\/03-10116-hung-dao-vuong-1.jpg",1200,900,false],"2048x2048":["http:\/\/thuvien360.com\/wp-content\/uploads\/2025\/06\/03-10116-hung-dao-vuong-1.jpg",1200,900,false],"woocommerce_thumbnail":["http:\/\/thuvien360.com\/wp-content\/uploads\/2025\/06\/03-10116-hung-dao-vuong-1-300x300.jpg",300,300,true],"woocommerce_single":["http:\/\/thuvien360.com\/wp-content\/uploads\/2025\/06\/03-10116-hung-dao-vuong-1-600x450.jpg",600,450,true],"woocommerce_gallery_thumbnail":["http:\/\/thuvien360.com\/wp-content\/uploads\/2025\/06\/03-10116-hung-dao-vuong-1-100x100.jpg",100,100,true]},"uagb_author_info":{"display_name":"admin","author_link":"http:\/\/thuvien360.com\/?author=0"},"uagb_comment_info":0,"uagb_excerpt":"T\u00e1c gi\u1ea3 : L\u00ea V\u0103n Ph\u00fac \u0110\u1ecbnh d\u1ea1ng : S\u00e1ch n\u00f3i DOWNLOAD H\u00e3y t\u00f9y t\u00e2m \u0111\u00f3ng g\u00f3p \u0111\u1ec3 ch\u00fang t\u00f4i c\u00f3 th\u1ec3 ti\u1ebfp t\u1ee5c duy tr\u00ec v\u00e0 ph\u00e1t tri\u1ec3n ho\u1ea1t \u0111\u1ed9ng \u00fd ngh\u0129a n\u00e0y.","_links":{"self":[{"href":"http:\/\/thuvien360.com\/index.php?rest_route=\/wp\/v2\/product\/682","targetHints":{"allow":["GET"]}}],"collection":[{"href":"http:\/\/thuvien360.com\/index.php?rest_route=\/wp\/v2\/product"}],"about":[{"href":"http:\/\/thuvien360.com\/index.php?rest_route=\/wp\/v2\/types\/product"}],"replies":[{"embeddable":true,"href":"http:\/\/thuvien360.com\/index.php?rest_route=%2Fwp%2Fv2%2Fcomments&post=682"}],"wp:featuredmedia":[{"embeddable":true,"href":"http:\/\/thuvien360.com\/index.php?rest_route=\/wp\/v2\/media\/683"}],"wp:attachment":[{"href":"http:\/\/thuvien360.com\/index.php?rest_route=%2Fwp%2Fv2%2Fmedia&parent=682"}],"wp:term":[{"taxonomy":"product_brand","embeddable":true,"href":"http:\/\/thuvien360.com\/index.php?rest_route=%2Fwp%2Fv2%2Fproduct_brand&post=682"},{"taxonomy":"product_cat","embeddable":true,"href":"http:\/\/thuvien360.com\/index.php?rest_route=%2Fwp%2Fv2%2Fproduct_cat&post=682"},{"taxonomy":"product_tag","embeddable":true,"href":"http:\/\/thuvien360.com\/index.php?rest_route=%2Fwp%2Fv2%2Fproduct_tag&post=682"}],"curies":[{"name":"wp","href":"https:\/\/api.w.org\/{rel}","templated":true}]}}