{"id":680,"date":"2025-06-30T02:18:16","date_gmt":"2025-06-30T02:18:16","guid":{"rendered":"http:\/\/thuvien360.com\/?post_type=product&#038;p=680"},"modified":"2025-07-04T07:42:17","modified_gmt":"2025-07-04T07:42:17","slug":"trang-tu-tam-dac","status":"publish","type":"product","link":"http:\/\/thuvien360.com\/?product=trang-tu-tam-dac","title":{"rendered":"TRANG T\u1eec T\u00c2M \u0110\u1eaeC"},"content":{"rendered":"<h3 data-start=\"255\" data-end=\"284\">\ud83c\udf3f <strong data-start=\"262\" data-end=\"282\">TRANG T\u1eec T\u00c2M \u0110\u1eaeC<\/strong><\/h3>\n<p data-start=\"285\" data-end=\"403\"><em data-start=\"285\" data-end=\"403\">T\u00e1c gi\u1ea3: Yu Dan \u2013 gi\u00e1o s\u01b0, h\u1ecdc gi\u1ea3 n\u1ed5i ti\u1ebfng Trung Qu\u1ed1c, ng\u01b0\u1eddi l\u00e0m s\u1ed1ng l\u1ea1i tinh th\u1ea7n L\u00e3o \u2013 Trang trong th\u1eddi \u0111\u1ea1i m\u1edbi<\/em><\/p>\n<blockquote data-start=\"405\" data-end=\"490\">\n<p data-start=\"407\" data-end=\"490\"><strong data-start=\"407\" data-end=\"490\">\u201cN\u1ebfu \u0111\u1eddi ch\u1ec9 l\u00e0 m\u1ed9t gi\u1ea5c m\u1ed9ng, th\u00ec h\u00e3y s\u1ed1ng nh\u1eb9 nh\u00e0ng nh\u01b0 c\u00e1nh b\u01b0\u1edbm Trang Chu.\u201d<\/strong><\/p>\n<\/blockquote>\n<hr data-start=\"492\" data-end=\"495\" \/>\n<p data-start=\"497\" data-end=\"902\"><strong data-start=\"497\" data-end=\"519\">&#8220;Trang T\u1eed T\u00e2m \u0110\u1eafc&#8221;<\/strong> kh\u00f4ng ph\u1ea3i l\u00e0 b\u1ea3n d\u1ecbch hay nghi\u00ean c\u1ee9u h\u1ecdc thu\u1eadt kh\u00f4 khan. \u0110\u00e2y l\u00e0 <strong data-start=\"585\" data-end=\"641\">nh\u1eefng suy ng\u1eabm s\u00e2u s\u1eafc v\u00e0 g\u1ea7n g\u0169i c\u1ee7a t\u00e1c gi\u1ea3 Yu Dan<\/strong>, sau khi chi\u00eam nghi\u1ec7m t\u01b0 t\u01b0\u1edfng <strong data-start=\"673\" data-end=\"685\">Trang T\u1eed<\/strong> \u2013 nh\u00e0 t\u01b0 t\u01b0\u1edfng l\u1edbn trong \u0110\u1ea1o gia. Cu\u1ed1n s\u00e1ch <strong data-start=\"730\" data-end=\"780\">gi\u1ea3i m\u00e3 nh\u1eefng \u0111i\u1ec3n t\u00edch kinh \u0111i\u1ec3n c\u1ee7a Trang T\u1eed<\/strong> nh\u01b0 \u201cTrang Chu m\u1ed9ng h\u1ed3 \u0111i\u1ec7p\u201d, \u201cNg\u01b0 vui d\u01b0\u1edbi n\u01b0\u1edbc\u201d, \u201cChim b\u1eb1ng v\u00e0 chim s\u1ebb\u201d&#8230; theo c\u00e1ch nh\u1eb9 nh\u00e0ng, \u0111\u1ea7y c\u1ea3m x\u00fac v\u00e0 d\u1ec5 hi\u1ec3u.<\/p>\n<p data-start=\"904\" data-end=\"1053\">Cu\u1ed1n s\u00e1ch gi\u00fap ng\u01b0\u1eddi \u0111\u1ecdc <strong data-start=\"929\" data-end=\"967\">gi\u1ea3i t\u1ecfa \u00e1p l\u1ef1c cu\u1ed9c s\u1ed1ng hi\u1ec7n \u0111\u1ea1i<\/strong>, bu\u00f4ng b\u1ecf s\u1ef1 tranh \u0111\u1ea5u v\u00f4 ngh\u0129a, \u0111\u1ec3 s\u1ed1ng thu\u1eadn t\u1ef1 nhi\u00ean, th\u1ea3nh th\u01a1i v\u00e0 t\u1ec9nh th\u1ee9c h\u01a1n.<\/p>\n<hr data-start=\"1055\" data-end=\"1058\" \/>\n<h3 data-start=\"1060\" data-end=\"1082\">\ud83d\udcd8 \u0110i\u1ec3m n\u1ed5i b\u1eadt:<\/h3>\n<ul data-start=\"1083\" data-end=\"1362\">\n<li data-start=\"1083\" data-end=\"1152\">\n<p data-start=\"1085\" data-end=\"1152\">\ud83e\udeb6 Gi\u1ecdng v\u0103n <strong data-start=\"1098\" data-end=\"1150\">d\u1ecbu d\u00e0ng, gi\u00e0u ch\u1ea5t th\u01a1 v\u00e0 tri\u1ebft l\u00fd s\u1ed1ng s\u00e2u s\u1eafc<\/strong><\/p>\n<\/li>\n<li data-start=\"1153\" data-end=\"1229\">\n<p data-start=\"1155\" data-end=\"1229\">\ud83c\udf19 Di\u1ec5n gi\u1ea3i <strong data-start=\"1168\" data-end=\"1227\">t\u01b0 t\u01b0\u1edfng \u0110\u1ea1o gia d\u01b0\u1edbi g\u00f3c nh\u00ecn \u0111\u1eddi th\u01b0\u1eddng, d\u1ec5 th\u1ea9m th\u1ea5u<\/strong><\/p>\n<\/li>\n<li data-start=\"1230\" data-end=\"1291\">\n<p data-start=\"1232\" data-end=\"1291\">\ud83c\udf00 G\u1ee3i m\u1edf <strong data-start=\"1242\" data-end=\"1289\">s\u1ef1 t\u0129nh t\u1ea1i n\u1ed9i t\u00e2m gi\u1eefa d\u00f2ng \u0111\u1eddi bi\u1ebfn \u0111\u1ed9ng<\/strong><\/p>\n<\/li>\n<li data-start=\"1292\" data-end=\"1362\">\n<p data-start=\"1294\" data-end=\"1362\">\u2728 R\u1ea5t ph\u00f9 h\u1ee3p v\u1edbi ng\u01b0\u1eddi <strong data-start=\"1318\" data-end=\"1362\">\u0111ang t\u00ecm ki\u1ebfm s\u1ef1 an y\u00ean, t\u1ef1 do tinh th\u1ea7n<\/strong><\/p>\n<\/li>\n<\/ul>\n","protected":false},"excerpt":{"rendered":"<p>T\u00e1c gi\u1ea3 : Yu Dan<br \/>\n\u0110\u1ecbnh d\u1ea1ng : S\u00e1ch n\u00f3i<\/p>\n<p><strong><a href=\"https:\/\/drive.usercontent.google.com\/download?id=1YECULQ9OYmyEflxIdJa7Gyl5EbMonlhP&amp;export=download&amp;authuser=0\">DOWNLOAD<\/a><br \/>\nH\u00e3y t\u00f9y t\u00e2m \u0111\u00f3ng g\u00f3p \u0111\u1ec3 ch\u00fang t\u00f4i c\u00f3 th\u1ec3 ti\u1ebfp t\u1ee5c duy tr\u00ec v\u00e0 ph\u00e1t tri\u1ec3n ho\u1ea1t \u0111\u1ed9ng \u00fd ngh\u0129a n\u00e0y.<\/strong><\/p>\n<p><img decoding=\"async\" src=\"http:\/\/thuvien360.com\/wp-content\/uploads\/2025\/06\/QR-HUNG.jpg\" \/><\/p>\n","protected":false},"featured_media":681,"comment_status":"open","ping_status":"closed","template":"","meta":{"_uag_custom_page_level_css":""},"product_brand":[],"product_cat":[55,57,42,54],"product_tag":[],"class_list":{"0":"post-680","1":"product","2":"type-product","3":"status-publish","4":"has-post-thumbnail","6":"product_cat-danhnhan-the-gioi","7":"product_cat-lichsu-thegioi","8":"product_cat-dao-giao","9":"product_cat-phattrien-banthan","11":"first","12":"instock","13":"downloadable","14":"virtual","15":"sold-individually","16":"product-type-simple"},"uagb_featured_image_src":{"full":["http:\/\/thuvien360.com\/wp-content\/uploads\/2025\/06\/02-901-trang-tu-tam-dac-1.jpg",1200,900,false],"thumbnail":["http:\/\/thuvien360.com\/wp-content\/uploads\/2025\/06\/02-901-trang-tu-tam-dac-1-150x150.jpg",150,150,true],"medium":["http:\/\/thuvien360.com\/wp-content\/uploads\/2025\/06\/02-901-trang-tu-tam-dac-1-300x225.jpg",300,225,true],"medium_large":["http:\/\/thuvien360.com\/wp-content\/uploads\/2025\/06\/02-901-trang-tu-tam-dac-1-768x576.jpg",768,576,true],"large":["http:\/\/thuvien360.com\/wp-content\/uploads\/2025\/06\/02-901-trang-tu-tam-dac-1-1024x768.jpg",1020,765,true],"1536x1536":["http:\/\/thuvien360.com\/wp-content\/uploads\/2025\/06\/02-901-trang-tu-tam-dac-1.jpg",1200,900,false],"2048x2048":["http:\/\/thuvien360.com\/wp-content\/uploads\/2025\/06\/02-901-trang-tu-tam-dac-1.jpg",1200,900,false],"woocommerce_thumbnail":["http:\/\/thuvien360.com\/wp-content\/uploads\/2025\/06\/02-901-trang-tu-tam-dac-1-300x300.jpg",300,300,true],"woocommerce_single":["http:\/\/thuvien360.com\/wp-content\/uploads\/2025\/06\/02-901-trang-tu-tam-dac-1-600x450.jpg",600,450,true],"woocommerce_gallery_thumbnail":["http:\/\/thuvien360.com\/wp-content\/uploads\/2025\/06\/02-901-trang-tu-tam-dac-1-100x100.jpg",100,100,true]},"uagb_author_info":{"display_name":"admin","author_link":"http:\/\/thuvien360.com\/?author=0"},"uagb_comment_info":0,"uagb_excerpt":"T\u00e1c gi\u1ea3 : Yu Dan \u0110\u1ecbnh d\u1ea1ng : S\u00e1ch n\u00f3i DOWNLOAD H\u00e3y t\u00f9y t\u00e2m \u0111\u00f3ng g\u00f3p \u0111\u1ec3 ch\u00fang t\u00f4i c\u00f3 th\u1ec3 ti\u1ebfp t\u1ee5c duy tr\u00ec v\u00e0 ph\u00e1t tri\u1ec3n ho\u1ea1t \u0111\u1ed9ng \u00fd ngh\u0129a n\u00e0y.","_links":{"self":[{"href":"http:\/\/thuvien360.com\/index.php?rest_route=\/wp\/v2\/product\/680","targetHints":{"allow":["GET"]}}],"collection":[{"href":"http:\/\/thuvien360.com\/index.php?rest_route=\/wp\/v2\/product"}],"about":[{"href":"http:\/\/thuvien360.com\/index.php?rest_route=\/wp\/v2\/types\/product"}],"replies":[{"embeddable":true,"href":"http:\/\/thuvien360.com\/index.php?rest_route=%2Fwp%2Fv2%2Fcomments&post=680"}],"wp:featuredmedia":[{"embeddable":true,"href":"http:\/\/thuvien360.com\/index.php?rest_route=\/wp\/v2\/media\/681"}],"wp:attachment":[{"href":"http:\/\/thuvien360.com\/index.php?rest_route=%2Fwp%2Fv2%2Fmedia&parent=680"}],"wp:term":[{"taxonomy":"product_brand","embeddable":true,"href":"http:\/\/thuvien360.com\/index.php?rest_route=%2Fwp%2Fv2%2Fproduct_brand&post=680"},{"taxonomy":"product_cat","embeddable":true,"href":"http:\/\/thuvien360.com\/index.php?rest_route=%2Fwp%2Fv2%2Fproduct_cat&post=680"},{"taxonomy":"product_tag","embeddable":true,"href":"http:\/\/thuvien360.com\/index.php?rest_route=%2Fwp%2Fv2%2Fproduct_tag&post=680"}],"curies":[{"name":"wp","href":"https:\/\/api.w.org\/{rel}","templated":true}]}}