{"id":678,"date":"2025-06-30T02:07:51","date_gmt":"2025-06-30T02:07:51","guid":{"rendered":"http:\/\/thuvien360.com\/?post_type=product&#038;p=678"},"modified":"2025-07-04T07:44:09","modified_gmt":"2025-07-04T07:44:09","slug":"danh-tuong-viet-nam","status":"publish","type":"product","link":"http:\/\/thuvien360.com\/?product=danh-tuong-viet-nam","title":{"rendered":"DANH T\u01af\u1edaNG VI\u1ec6T NAM"},"content":{"rendered":"<h3 data-start=\"226\" data-end=\"260\"><strong data-start=\"235\" data-end=\"258\">DANH T\u01af\u1edaNG VI\u1ec6T NAM<\/strong><\/h3>\n<p data-start=\"261\" data-end=\"381\"><em data-start=\"261\" data-end=\"381\">T\u00e1c gi\u1ea3: GS. Nguy\u1ec5n Kh\u1eafc Thu\u1ea7n \u2013 Nh\u00e0 gi\u00e1o \u01b0u t\u00fa, s\u1eed gia uy t\u00edn v\u1edbi nhi\u1ec1u c\u00f4ng tr\u00ecnh nghi\u00ean c\u1ee9u l\u1ecbch s\u1eed d\u00e2n t\u1ed9c s\u00e2u s\u1eafc<\/em><\/p>\n<blockquote data-start=\"383\" data-end=\"538\">\n<p data-start=\"385\" data-end=\"538\"><strong data-start=\"385\" data-end=\"538\">\u201cL\u1ecbch s\u1eed d\u00e2n t\u1ed9c Vi\u1ec7t Nam kh\u00f4ng thi\u1ebfu nh\u1eefng con ng\u01b0\u1eddi phi th\u01b0\u1eddng. H\u1ecd \u0111\u00e3 l\u1ea5y tr\u00ed d\u0169ng, nh\u00e2n ngh\u0129a \u0111\u1ec3 chi\u1ebfn th\u1eafng \u2013 kh\u00f4ng ch\u1ec9 k\u1ebb th\u00f9, m\u00e0 c\u1ea3 th\u1eddi cu\u1ed9c.\u201d<\/strong><\/p>\n<\/blockquote>\n<hr data-start=\"540\" data-end=\"543\" \/>\n<p data-start=\"545\" data-end=\"830\"><strong data-start=\"545\" data-end=\"570\">\u201cDanh T\u01b0\u1edbng Vi\u1ec7t Nam\u201d<\/strong> l\u00e0 m\u1ed9t c\u00f4ng tr\u00ecnh bi\u00ean so\u1ea1n c\u00f4ng phu, gi\u1edbi thi\u1ec7u ch\u00e2n dung <strong data-start=\"630\" data-end=\"714\">h\u00e0ng ch\u1ee5c v\u1ecb t\u01b0\u1edbng ki\u1ec7t xu\u1ea5t t\u1eeb th\u1eddi d\u1ef1ng n\u01b0\u1edbc \u0111\u1ebfn th\u1eddi ch\u1ed1ng ngo\u1ea1i x\u00e2m hi\u1ec7n \u0111\u1ea1i<\/strong>. Qua l\u1ed1i k\u1ec3 chuy\u1ec7n g\u1ea7n g\u0169i, \u0111\u1ea7y c\u1ea3m h\u1ee9ng nh\u01b0ng v\u1eabn chu\u1ea9n x\u00e1c v\u1ec1 m\u1eb7t t\u01b0 li\u1ec7u, t\u00e1c ph\u1ea9m gi\u00fap ng\u01b0\u1eddi \u0111\u1ecdc c\u1ea3m nh\u1eadn \u0111\u01b0\u1ee3c:<\/p>\n<ul data-start=\"832\" data-end=\"1162\">\n<li data-start=\"832\" data-end=\"982\">\n<p data-start=\"834\" data-end=\"982\">T\u1ea7m v\u00f3c tr\u00ed tu\u1ec7 v\u00e0 nh\u00e2n c\u00e1ch c\u1ee7a nh\u1eefng v\u1ecb t\u01b0\u1edbng l\u1eebng danh nh\u01b0 <strong data-start=\"896\" data-end=\"980\">Tr\u1ea7n H\u01b0ng \u0110\u1ea1o, L\u00fd Th\u01b0\u1eddng Ki\u1ec7t, Quang Trung, Nguy\u1ec5n Tri Ph\u01b0\u01a1ng, V\u00f5 Nguy\u00ean Gi\u00e1p&#8230;<\/strong><\/p>\n<\/li>\n<li data-start=\"983\" data-end=\"1085\">\n<p data-start=\"985\" data-end=\"1085\">Nh\u1eefng <strong data-start=\"991\" data-end=\"1020\">b\u1ed1i c\u1ea3nh l\u1ecbch s\u1eed h\u00e0o h\u00f9ng<\/strong>, nh\u1eefng quy\u1ebft \u0111\u1ecbnh chi\u1ebfn l\u01b0\u1ee3c l\u00e0m xoay chuy\u1ec3n v\u1eadn m\u1ec7nh \u0111\u1ea5t n\u01b0\u1edbc<\/p>\n<\/li>\n<li data-start=\"1086\" data-end=\"1162\">\n<p data-start=\"1088\" data-end=\"1162\">C\u00e1c <strong data-start=\"1092\" data-end=\"1131\">b\u00e0i h\u1ecdc l\u00e3nh \u0111\u1ea1o, d\u1ee5ng binh, x\u1eed th\u1ebf<\/strong> c\u00f2n nguy\u00ean gi\u00e1 tr\u1ecb cho h\u1eadu th\u1ebf<\/p>\n<\/li>\n<\/ul>\n<hr data-start=\"1164\" data-end=\"1167\" \/>\n<h3 data-start=\"1169\" data-end=\"1195\">\ud83d\udcd8 N\u1ed9i dung n\u1ed5i b\u1eadt:<\/h3>\n<ul data-start=\"1196\" data-end=\"1478\">\n<li data-start=\"1196\" data-end=\"1255\">\n<p data-start=\"1198\" data-end=\"1255\">\ud83d\udcdc L\u01b0\u1ee3c s\u1eed v\u00e0 ti\u1ec3u s\u1eed <strong data-start=\"1220\" data-end=\"1253\">ng\u1eafn g\u1ecdn \u2013 s\u00fac t\u00edch \u2013 d\u1ec5 hi\u1ec3u<\/strong><\/p>\n<\/li>\n<li data-start=\"1256\" data-end=\"1319\">\n<p data-start=\"1258\" data-end=\"1319\">\ud83e\udde0 Nh\u1ea5n m\u1ea1nh <strong data-start=\"1271\" data-end=\"1297\">\u0111\u1ee9c \u2013 t\u00e0i \u2013 m\u01b0u \u2013 d\u0169ng<\/strong> c\u1ee7a t\u1eebng danh t\u01b0\u1edbng<\/p>\n<\/li>\n<li data-start=\"1320\" data-end=\"1399\">\n<p data-start=\"1322\" data-end=\"1399\">\ud83e\udded G\u1ee3i m\u1edf <strong data-start=\"1332\" data-end=\"1397\">b\u00e0i h\u1ecdc th\u1ef1c ti\u1ec5n cho qu\u1ea3n tr\u1ecb, l\u00e3nh \u0111\u1ea1o, chi\u1ebfn l\u01b0\u1ee3c th\u1eddi nay<\/strong><\/p>\n<\/li>\n<li data-start=\"1400\" data-end=\"1478\">\n<p data-start=\"1402\" data-end=\"1478\">\ud83d\udcd6 Th\u00edch h\u1ee3p cho c\u1ea3 h\u1ecdc sinh, sinh vi\u00ean, nh\u00e0 nghi\u00ean c\u1ee9u v\u00e0 ng\u01b0\u1eddi y\u00eau l\u1ecbch s\u1eed<\/p>\n<\/li>\n<\/ul>\n","protected":false},"excerpt":{"rendered":"<p>T\u00e1c gi\u1ea3 : Nguy\u1ec5n Kh\u1eafc Thu\u1ea7n<br \/>\n\u0110\u1ecbnh d\u1ea1ng : S\u00e1ch n\u00f3i<\/p>\n<p><strong><a href=\"https:\/\/drive.usercontent.google.com\/download?id=1aNLcS2X8da17enJj_gtpT95gURBmMWlD&amp;export=download&amp;authuser=0\">DOWNLOAD<\/a><br \/>\nH\u00e3y t\u00f9y t\u00e2m \u0111\u00f3ng g\u00f3p \u0111\u1ec3 ch\u00fang t\u00f4i c\u00f3 th\u1ec3 ti\u1ebfp t\u1ee5c duy tr\u00ec v\u00e0 ph\u00e1t tri\u1ec3n ho\u1ea1t \u0111\u1ed9ng \u00fd ngh\u0129a n\u00e0y.<\/strong><\/p>\n<p><img decoding=\"async\" src=\"http:\/\/thuvien360.com\/wp-content\/uploads\/2025\/06\/QR-HUNG.jpg\" \/><\/p>\n","protected":false},"featured_media":679,"comment_status":"open","ping_status":"closed","template":"","meta":{"_uag_custom_page_level_css":""},"product_brand":[],"product_cat":[58],"product_tag":[],"class_list":{"0":"post-678","1":"product","2":"type-product","3":"status-publish","4":"has-post-thumbnail","6":"product_cat-lichsu-vietnam","8":"first","9":"instock","10":"downloadable","11":"virtual","12":"sold-individually","13":"product-type-simple"},"uagb_featured_image_src":{"full":["http:\/\/thuvien360.com\/wp-content\/uploads\/2025\/06\/01-7203-danh-tuong-viet-nam-1.jpg",1200,900,false],"thumbnail":["http:\/\/thuvien360.com\/wp-content\/uploads\/2025\/06\/01-7203-danh-tuong-viet-nam-1-150x150.jpg",150,150,true],"medium":["http:\/\/thuvien360.com\/wp-content\/uploads\/2025\/06\/01-7203-danh-tuong-viet-nam-1-300x225.jpg",300,225,true],"medium_large":["http:\/\/thuvien360.com\/wp-content\/uploads\/2025\/06\/01-7203-danh-tuong-viet-nam-1-768x576.jpg",768,576,true],"large":["http:\/\/thuvien360.com\/wp-content\/uploads\/2025\/06\/01-7203-danh-tuong-viet-nam-1-1024x768.jpg",1020,765,true],"1536x1536":["http:\/\/thuvien360.com\/wp-content\/uploads\/2025\/06\/01-7203-danh-tuong-viet-nam-1.jpg",1200,900,false],"2048x2048":["http:\/\/thuvien360.com\/wp-content\/uploads\/2025\/06\/01-7203-danh-tuong-viet-nam-1.jpg",1200,900,false],"woocommerce_thumbnail":["http:\/\/thuvien360.com\/wp-content\/uploads\/2025\/06\/01-7203-danh-tuong-viet-nam-1-300x300.jpg",300,300,true],"woocommerce_single":["http:\/\/thuvien360.com\/wp-content\/uploads\/2025\/06\/01-7203-danh-tuong-viet-nam-1-600x450.jpg",600,450,true],"woocommerce_gallery_thumbnail":["http:\/\/thuvien360.com\/wp-content\/uploads\/2025\/06\/01-7203-danh-tuong-viet-nam-1-100x100.jpg",100,100,true]},"uagb_author_info":{"display_name":"admin","author_link":"http:\/\/thuvien360.com\/?author=0"},"uagb_comment_info":0,"uagb_excerpt":"T\u00e1c gi\u1ea3 : Nguy\u1ec5n Kh\u1eafc Thu\u1ea7n \u0110\u1ecbnh d\u1ea1ng : S\u00e1ch n\u00f3i DOWNLOAD H\u00e3y t\u00f9y t\u00e2m \u0111\u00f3ng g\u00f3p \u0111\u1ec3 ch\u00fang t\u00f4i c\u00f3 th\u1ec3 ti\u1ebfp t\u1ee5c duy tr\u00ec v\u00e0 ph\u00e1t tri\u1ec3n ho\u1ea1t \u0111\u1ed9ng \u00fd ngh\u0129a n\u00e0y.","_links":{"self":[{"href":"http:\/\/thuvien360.com\/index.php?rest_route=\/wp\/v2\/product\/678","targetHints":{"allow":["GET"]}}],"collection":[{"href":"http:\/\/thuvien360.com\/index.php?rest_route=\/wp\/v2\/product"}],"about":[{"href":"http:\/\/thuvien360.com\/index.php?rest_route=\/wp\/v2\/types\/product"}],"replies":[{"embeddable":true,"href":"http:\/\/thuvien360.com\/index.php?rest_route=%2Fwp%2Fv2%2Fcomments&post=678"}],"wp:featuredmedia":[{"embeddable":true,"href":"http:\/\/thuvien360.com\/index.php?rest_route=\/wp\/v2\/media\/679"}],"wp:attachment":[{"href":"http:\/\/thuvien360.com\/index.php?rest_route=%2Fwp%2Fv2%2Fmedia&parent=678"}],"wp:term":[{"taxonomy":"product_brand","embeddable":true,"href":"http:\/\/thuvien360.com\/index.php?rest_route=%2Fwp%2Fv2%2Fproduct_brand&post=678"},{"taxonomy":"product_cat","embeddable":true,"href":"http:\/\/thuvien360.com\/index.php?rest_route=%2Fwp%2Fv2%2Fproduct_cat&post=678"},{"taxonomy":"product_tag","embeddable":true,"href":"http:\/\/thuvien360.com\/index.php?rest_route=%2Fwp%2Fv2%2Fproduct_tag&post=678"}],"curies":[{"name":"wp","href":"https:\/\/api.w.org\/{rel}","templated":true}]}}