{"id":676,"date":"2025-06-30T02:06:11","date_gmt":"2025-06-30T02:06:11","guid":{"rendered":"http:\/\/thuvien360.com\/?post_type=product&#038;p=676"},"modified":"2025-07-04T07:43:58","modified_gmt":"2025-07-04T07:43:58","slug":"suc-manh-cua-hien-tai","status":"publish","type":"product","link":"http:\/\/thuvien360.com\/?product=suc-manh-cua-hien-tai","title":{"rendered":"S\u1ee8C M\u1ea0NH C\u1ee6A HI\u1ec6N T\u1ea0I"},"content":{"rendered":"<h3 data-start=\"212\" data-end=\"246\">\ud83c\udf1f <strong data-start=\"219\" data-end=\"244\">S\u1ee8C M\u1ea0NH C\u1ee6A HI\u1ec6N T\u1ea0I<\/strong><\/h3>\n<p data-start=\"247\" data-end=\"360\"><em data-start=\"247\" data-end=\"360\">T\u00e1c gi\u1ea3: Eckhart Tolle \u2013 b\u1eadc th\u1ea7y t\u00e2m linh \u0111\u01b0\u01a1ng \u0111\u1ea1i, ng\u01b0\u1eddi truy\u1ec1n c\u1ea3m h\u1ee9ng s\u1ed1ng t\u1ec9nh th\u1ee9c cho h\u00e0ng tri\u1ec7u ng\u01b0\u1eddi<\/em><\/p>\n<blockquote data-start=\"362\" data-end=\"463\">\n<p data-start=\"364\" data-end=\"463\"><strong data-start=\"364\" data-end=\"463\">\u201cHi\u1ec7n t\u1ea1i l\u00e0 t\u1ea5t c\u1ea3 nh\u1eefng g\u00ec b\u1ea1n c\u00f3. H\u00e3y l\u00e0m cho hi\u1ec7n t\u1ea1i tr\u1edf th\u00e0nh n\u01a1i tr\u00fa ng\u1ee5 ch\u00ednh c\u1ee7a b\u1ea1n.\u201d<\/strong><\/p>\n<\/blockquote>\n<hr data-start=\"465\" data-end=\"468\" \/>\n<p data-start=\"470\" data-end=\"777\"><strong data-start=\"470\" data-end=\"497\">&#8220;S\u1ee9c M\u1ea1nh C\u1ee7a Hi\u1ec7n T\u1ea1i&#8221;<\/strong> kh\u00f4ng ph\u1ea3i l\u00e0 m\u1ed9t cu\u1ed1n s\u00e1ch l\u00fd thuy\u1ebft. \u0110\u00e2y l\u00e0 <strong data-start=\"544\" data-end=\"577\">m\u1ed9t ch\u1ec9 d\u1eabn th\u1ef1c h\u00e0nh s\u00e2u s\u1eafc<\/strong> gi\u00fap b\u1ea1n <strong data-start=\"587\" data-end=\"648\">tho\u00e1t kh\u1ecfi s\u1ef1 chi ph\u1ed1i c\u1ee7a d\u00f2ng suy ngh\u0129 kh\u00f4ng ng\u1eebng ngh\u1ec9<\/strong>, nh\u1eefng n\u1ed7i lo trong qu\u00e1 kh\u1ee9 v\u00e0 t\u01b0\u01a1ng lai \u2013 \u0111\u1ec3 <strong data-start=\"695\" data-end=\"728\">tr\u1edf v\u1ec1 v\u1edbi ph\u00fat gi\u00e2y hi\u1ec7n t\u1ea1i<\/strong>, n\u01a1i duy nh\u1ea5t m\u00e0 cu\u1ed9c s\u1ed1ng th\u1ef1c s\u1ef1 \u0111ang di\u1ec5n ra.<\/p>\n<p data-start=\"779\" data-end=\"993\">Eckhart Tolle s\u1eed d\u1ee5ng gi\u1ecdng v\u0103n <strong data-start=\"811\" data-end=\"851\">r\u00f5 r\u00e0ng, g\u1ea7n g\u0169i nh\u01b0ng \u0111\u1ea7y chi\u1ec1u s\u00e2u<\/strong>, \u0111\u01b0a ng\u01b0\u1eddi \u0111\u1ecdc \u0111i qua c\u00e1c l\u1edbp v\u00f4 th\u1ee9c c\u1ee7a b\u1ea3n ng\u00e3, \u0111au kh\u1ed5, v\u00e0 d\u1eabn d\u1eaft h\u1ecd \u0111\u1ebfn <strong data-start=\"930\" data-end=\"992\">tr\u1ea1ng th\u00e1i t\u1ec9nh th\u1ee9c \u2013 an nhi\u00ean m\u00e0 kh\u00f4ng t\u00e1ch r\u1eddi th\u1ebf gi\u1edbi<\/strong>.<\/p>\n<hr data-start=\"995\" data-end=\"998\" \/>\n<h3 data-start=\"1000\" data-end=\"1022\">\ud83d\udcd8 \u0110i\u1ec3m \u0111\u1eb7c s\u1eafc:<\/h3>\n<ul data-start=\"1023\" data-end=\"1378\">\n<li data-start=\"1023\" data-end=\"1108\">\n<p data-start=\"1025\" data-end=\"1108\">\ud83e\uddd8\u200d\u2642\ufe0f L\u00e0 <strong data-start=\"1034\" data-end=\"1071\">cu\u1ed1n c\u1ea9m nang t\u1ec9nh th\u1ee9c to\u00e0n di\u1ec7n<\/strong>, d\u1ec5 \u00e1p d\u1ee5ng v\u00e0o \u0111\u1eddi s\u1ed1ng h\u1eb1ng ng\u00e0y<\/p>\n<\/li>\n<li data-start=\"1109\" data-end=\"1201\">\n<p data-start=\"1111\" data-end=\"1201\">\u26c5 D\u1ea1y b\u1ea1n <strong data-start=\"1121\" data-end=\"1199\">quan s\u00e1t b\u1ea3n th\u00e2n, v\u01b0\u1ee3t qua suy ngh\u0129 ti\u00eau c\u1ef1c, l\u00e0m b\u1ea1n v\u1edbi im l\u1eb7ng n\u1ed9i t\u00e2m<\/strong><\/p>\n<\/li>\n<li data-start=\"1202\" data-end=\"1288\">\n<p data-start=\"1204\" data-end=\"1288\">\ud83d\udd04 Gi\u00fap thay \u0111\u1ed5i g\u00f3c nh\u00ecn: t\u1eeb ph\u1ea3n \u1ee9ng sang ch\u1ea5p nh\u1eadn, t\u1eeb g\u1ed3ng g\u00e1nh sang bu\u00f4ng nh\u1eb9<\/p>\n<\/li>\n<li data-start=\"1289\" data-end=\"1378\">\n<p data-start=\"1291\" data-end=\"1378\">\ud83d\udcd6 M\u1ed7i ch\u01b0\u01a1ng gi\u1ed1ng nh\u01b0 m\u1ed9t bu\u1ed5i thi\u1ec1n \u2013 kh\u00f4ng ch\u1ec9 \u0111\u1ecdc, m\u00e0 <strong data-start=\"1350\" data-end=\"1378\">tr\u1ea3i nghi\u1ec7m s\u1ef1 hi\u1ec7n di\u1ec7n<\/strong><\/p>\n<\/li>\n<\/ul>\n","protected":false},"excerpt":{"rendered":"<p>T\u00e1c gi\u1ea3 : Eckhart Tolle<br \/>\n\u0110\u1ecbnh d\u1ea1ng : S\u00e1ch n\u00f3i<\/p>\n<p><strong><a href=\"https:\/\/drive.usercontent.google.com\/download?id=12xPzX0bl8ukskCNrrpcBKC1iiDEtzoMr&amp;export=download&amp;authuser=0\">DOWNLOAD<\/a><br \/>\nH\u00e3y t\u00f9y t\u00e2m \u0111\u00f3ng g\u00f3p \u0111\u1ec3 ch\u00fang t\u00f4i c\u00f3 th\u1ec3 ti\u1ebfp t\u1ee5c duy tr\u00ec v\u00e0 ph\u00e1t tri\u1ec3n ho\u1ea1t \u0111\u1ed9ng \u00fd ngh\u0129a n\u00e0y.<\/strong><\/p>\n<p><img decoding=\"async\" src=\"http:\/\/thuvien360.com\/wp-content\/uploads\/2025\/06\/QR-HUNG.jpg\" \/><\/p>\n","protected":false},"featured_media":677,"comment_status":"open","ping_status":"closed","template":"","meta":{"_uag_custom_page_level_css":""},"product_brand":[],"product_cat":[42,43,52,54],"product_tag":[],"class_list":{"0":"post-676","1":"product","2":"type-product","3":"status-publish","4":"has-post-thumbnail","6":"product_cat-dao-giao","7":"product_cat-thien-dinh","8":"product_cat-kynang-song","9":"product_cat-phattrien-banthan","11":"first","12":"instock","13":"downloadable","14":"virtual","15":"product-type-simple"},"uagb_featured_image_src":{"full":["http:\/\/thuvien360.com\/wp-content\/uploads\/2025\/06\/36-31-suc-manh-cua-hien-tai-1.jpg",1200,900,false],"thumbnail":["http:\/\/thuvien360.com\/wp-content\/uploads\/2025\/06\/36-31-suc-manh-cua-hien-tai-1-150x150.jpg",150,150,true],"medium":["http:\/\/thuvien360.com\/wp-content\/uploads\/2025\/06\/36-31-suc-manh-cua-hien-tai-1-300x225.jpg",300,225,true],"medium_large":["http:\/\/thuvien360.com\/wp-content\/uploads\/2025\/06\/36-31-suc-manh-cua-hien-tai-1-768x576.jpg",768,576,true],"large":["http:\/\/thuvien360.com\/wp-content\/uploads\/2025\/06\/36-31-suc-manh-cua-hien-tai-1-1024x768.jpg",1020,765,true],"1536x1536":["http:\/\/thuvien360.com\/wp-content\/uploads\/2025\/06\/36-31-suc-manh-cua-hien-tai-1.jpg",1200,900,false],"2048x2048":["http:\/\/thuvien360.com\/wp-content\/uploads\/2025\/06\/36-31-suc-manh-cua-hien-tai-1.jpg",1200,900,false],"woocommerce_thumbnail":["http:\/\/thuvien360.com\/wp-content\/uploads\/2025\/06\/36-31-suc-manh-cua-hien-tai-1-300x300.jpg",300,300,true],"woocommerce_single":["http:\/\/thuvien360.com\/wp-content\/uploads\/2025\/06\/36-31-suc-manh-cua-hien-tai-1-600x450.jpg",600,450,true],"woocommerce_gallery_thumbnail":["http:\/\/thuvien360.com\/wp-content\/uploads\/2025\/06\/36-31-suc-manh-cua-hien-tai-1-100x100.jpg",100,100,true]},"uagb_author_info":{"display_name":"admin","author_link":"http:\/\/thuvien360.com\/?author=0"},"uagb_comment_info":0,"uagb_excerpt":"T\u00e1c gi\u1ea3 : Eckhart Tolle \u0110\u1ecbnh d\u1ea1ng : S\u00e1ch n\u00f3i DOWNLOAD H\u00e3y t\u00f9y t\u00e2m \u0111\u00f3ng g\u00f3p \u0111\u1ec3 ch\u00fang t\u00f4i c\u00f3 th\u1ec3 ti\u1ebfp t\u1ee5c duy tr\u00ec v\u00e0 ph\u00e1t tri\u1ec3n ho\u1ea1t \u0111\u1ed9ng \u00fd ngh\u0129a n\u00e0y.","_links":{"self":[{"href":"http:\/\/thuvien360.com\/index.php?rest_route=\/wp\/v2\/product\/676","targetHints":{"allow":["GET"]}}],"collection":[{"href":"http:\/\/thuvien360.com\/index.php?rest_route=\/wp\/v2\/product"}],"about":[{"href":"http:\/\/thuvien360.com\/index.php?rest_route=\/wp\/v2\/types\/product"}],"replies":[{"embeddable":true,"href":"http:\/\/thuvien360.com\/index.php?rest_route=%2Fwp%2Fv2%2Fcomments&post=676"}],"wp:featuredmedia":[{"embeddable":true,"href":"http:\/\/thuvien360.com\/index.php?rest_route=\/wp\/v2\/media\/677"}],"wp:attachment":[{"href":"http:\/\/thuvien360.com\/index.php?rest_route=%2Fwp%2Fv2%2Fmedia&parent=676"}],"wp:term":[{"taxonomy":"product_brand","embeddable":true,"href":"http:\/\/thuvien360.com\/index.php?rest_route=%2Fwp%2Fv2%2Fproduct_brand&post=676"},{"taxonomy":"product_cat","embeddable":true,"href":"http:\/\/thuvien360.com\/index.php?rest_route=%2Fwp%2Fv2%2Fproduct_cat&post=676"},{"taxonomy":"product_tag","embeddable":true,"href":"http:\/\/thuvien360.com\/index.php?rest_route=%2Fwp%2Fv2%2Fproduct_tag&post=676"}],"curies":[{"name":"wp","href":"https:\/\/api.w.org\/{rel}","templated":true}]}}