{"id":672,"date":"2025-06-30T02:02:58","date_gmt":"2025-06-30T02:02:58","guid":{"rendered":"http:\/\/thuvien360.com\/?post_type=product&#038;p=672"},"modified":"2025-07-04T07:46:20","modified_gmt":"2025-07-04T07:46:20","slug":"yeu-nhung-dieu-khong-hoan-hao","status":"publish","type":"product","link":"http:\/\/thuvien360.com\/?product=yeu-nhung-dieu-khong-hoan-hao","title":{"rendered":"Y\u00eau Nh\u1eefng \u0110i\u1ec1u Kh\u00f4ng Ho\u00e0n H\u1ea3o"},"content":{"rendered":"<h3 data-start=\"225\" data-end=\"267\">\ud83d\udc9b <strong data-start=\"232\" data-end=\"265\">Y\u00eau Nh\u1eefng \u0110i\u1ec1u Kh\u00f4ng Ho\u00e0n H\u1ea3o<\/strong><\/h3>\n<p data-start=\"268\" data-end=\"371\"><em data-start=\"268\" data-end=\"371\">T\u00e1c gi\u1ea3: Thi\u1ec1n s\u01b0 Hae Min \u2013 gi\u00e1o s\u01b0 Ph\u1eadt h\u1ecdc, ng\u01b0\u1eddi truy\u1ec1n c\u1ea3m h\u1ee9ng ch\u1eefa l\u00e0nh t\u00e2m h\u1ed3n \u0111\u1ebfn t\u1eeb H\u00e0n Qu\u1ed1c<\/em><\/p>\n<blockquote data-start=\"373\" data-end=\"485\">\n<p data-start=\"375\" data-end=\"485\"><strong data-start=\"375\" data-end=\"485\">\u201c\u0110\u1eebng c\u1ed1 g\u1eafng tr\u1edf n\u00ean ho\u00e0n h\u1ea3o. Ch\u1ec9 c\u1ea7n \u0111\u1ee7 d\u1ecbu d\u00e0ng \u0111\u1ec3 y\u00eau ch\u00ednh m\u00ecnh \u2013 trong c\u1ea3 nh\u1eefng l\u00fac y\u1ebfu \u0111u\u1ed1i nh\u1ea5t.\u201d<\/strong><\/p>\n<\/blockquote>\n<hr data-start=\"487\" data-end=\"490\" \/>\n<p data-start=\"492\" data-end=\"840\">Cu\u1ed1n s\u00e1ch nh\u01b0 m\u1ed9t <strong data-start=\"510\" data-end=\"530\">b\u1ee9c th\u01b0 t\u00e2m t\u00ecnh<\/strong>, \u0111\u01b0\u1ee3c vi\u1ebft b\u1eb1ng tr\u00e1i tim c\u1ee7a m\u1ed9t ng\u01b0\u1eddi t\u1eebng v\u1ea5p ng\u00e3, t\u1eebng kh\u00f4ng ch\u1ea5p nh\u1eadn b\u1ea3n th\u00e2n, t\u1eebng c\u0103ng m\u00ecnh \u0111\u1ec3 l\u00e0m v\u1eeba l\u00f2ng ng\u01b0\u1eddi kh\u00e1c. Qua t\u1eebng trang s\u00e1ch, <strong data-start=\"679\" data-end=\"750\">thi\u1ec1n s\u01b0 Hae Min nh\u1eb9 nh\u00e0ng d\u1eabn d\u1eaft ng\u01b0\u1eddi \u0111\u1ecdc tr\u1edf l\u1ea1i v\u1edbi ch\u00ednh m\u00ecnh<\/strong>, \u00f4m l\u1ea5y nh\u1eefng b\u1ea5t to\u00e0n, t\u1ed5n th\u01b0\u01a1ng, gi\u1eadn d\u1eef, lo \u00e2u \u2013 nh\u01b0 m\u1ed9t ph\u1ea7n t\u1ef1 nhi\u00ean c\u1ee7a con ng\u01b0\u1eddi.<\/p>\n<p data-start=\"842\" data-end=\"1099\">\u0110\u00e2y kh\u00f4ng ph\u1ea3i l\u00e0 m\u1ed9t cu\u1ed1n s\u00e1ch d\u1ea1y c\u00e1ch \u201cth\u00e0nh c\u00f4ng\u201d hay \u201ct\u00edch c\u1ef1c\u201d, m\u00e0 l\u00e0 <strong data-start=\"918\" data-end=\"963\">cu\u1ed1n s\u00e1ch d\u1ea1y ta s\u1ed1ng th\u1eadt v\u1edbi ch\u00ednh m\u00ecnh<\/strong>, bu\u00f4ng b\u1ecf g\u00e1nh n\u1eb7ng ph\u1ea3i \u201ct\u1ed1t h\u01a1n\u201d, \u201c\u0111\u1eb9p h\u01a1n\u201d, \u201cgi\u1ecfi h\u01a1n\u201d\u2026 \u0111\u1ec3 r\u1ed3i <strong data-start=\"1030\" data-end=\"1098\">t\u00ecm th\u1ea5y s\u1ef1 nh\u1eb9 nh\u00f5m khi ta bi\u1ebft y\u00eau c\u1ea3 nh\u1eefng \u0111i\u1ec1u ch\u01b0a tr\u1ecdn v\u1eb9n<\/strong>.<\/p>\n<hr data-start=\"1101\" data-end=\"1104\" \/>\n<h3 data-start=\"1106\" data-end=\"1132\">\ud83c\udf3f N\u1ed9i dung n\u1ed5i b\u1eadt:<\/h3>\n<ul data-start=\"1133\" data-end=\"1493\">\n<li data-start=\"1133\" data-end=\"1224\">\n<p data-start=\"1135\" data-end=\"1224\">\ud83d\udcac Chia s\u1ebb <strong data-start=\"1146\" data-end=\"1195\">t\u1eeb kinh nghi\u1ec7m s\u1ed1ng th\u1ef1c t\u1ebf c\u1ee7a ch\u00ednh t\u00e1c gi\u1ea3<\/strong>, r\u1ea5t g\u1ea7n g\u0169i v\u00e0 ch\u00e2n th\u00e0nh<\/p>\n<\/li>\n<li data-start=\"1225\" data-end=\"1314\">\n<p data-start=\"1227\" data-end=\"1314\">\ud83e\uddd8 Nh\u1eefng suy ng\u1eabm nh\u1eb9 nh\u00e0ng v\u1ec1 <strong data-start=\"1258\" data-end=\"1312\">t\u00ecnh y\u00eau, t\u1ed5n th\u01b0\u01a1ng, ch\u1ea5p nh\u1eadn, tha th\u1ee9, bu\u00f4ng b\u1ecf<\/strong><\/p>\n<\/li>\n<li data-start=\"1315\" data-end=\"1402\">\n<p data-start=\"1317\" data-end=\"1402\">\ud83c\udf15 Kh\u00f4ng gi\u00e1o \u0111i\u1ec1u \u2013 s\u00e1ch gi\u00fap b\u1ea1n <strong data-start=\"1352\" data-end=\"1400\">t\u1ef1 tr\u00f2 chuy\u1ec7n v\u1edbi ch\u00ednh m\u00ecnh, nh\u01b0 \u0111ang thi\u1ec1n<\/strong><\/p>\n<\/li>\n<li data-start=\"1403\" data-end=\"1493\">\n<p data-start=\"1405\" data-end=\"1493\">\ud83d\udcd6 D\u1ec5 \u0111\u1ecdc, d\u1ec5 th\u1ea5m \u2013 <strong data-start=\"1426\" data-end=\"1493\">c\u00f3 th\u1ec3 m\u1edf b\u1ea5t k\u1ef3 trang n\u00e0o v\u00e0 b\u1eaft g\u1eb7p \u0111i\u1ec1u m\u00ecnh c\u1ea7n nghe h\u00f4m \u0111\u00f3<\/strong><\/p>\n<\/li>\n<\/ul>\n","protected":false},"excerpt":{"rendered":"<p>T\u00e1c gi\u1ea3 : Hae Min<br \/>\n\u0110\u1ecbnh d\u1ea1ng : S\u00e1ch n\u00f3i<\/p>\n<p><strong><a href=\"https:\/\/drive.usercontent.google.com\/download?id=1ZjwhoLX15L8ZLwI8JWXr5QMBiPSUuGr2&amp;export=download&amp;authuser=0\">DOWNLOAD<\/a><br \/>\nH\u00e3y t\u00f9y t\u00e2m \u0111\u00f3ng g\u00f3p \u0111\u1ec3 ch\u00fang t\u00f4i c\u00f3 th\u1ec3 ti\u1ebfp t\u1ee5c duy tr\u00ec v\u00e0 ph\u00e1t tri\u1ec3n ho\u1ea1t \u0111\u1ed9ng \u00fd ngh\u0129a n\u00e0y.<\/strong><\/p>\n<p><img decoding=\"async\" src=\"http:\/\/thuvien360.com\/wp-content\/uploads\/2025\/06\/QR-HUNG.jpg\" \/><\/p>\n","protected":false},"featured_media":673,"comment_status":"open","ping_status":"closed","template":"","meta":{"_uag_custom_page_level_css":""},"product_brand":[],"product_cat":[42,43],"product_tag":[],"class_list":{"0":"post-672","1":"product","2":"type-product","3":"status-publish","4":"has-post-thumbnail","6":"product_cat-dao-giao","7":"product_cat-thien-dinh","9":"first","10":"instock","11":"downloadable","12":"virtual","13":"product-type-simple"},"uagb_featured_image_src":{"full":["http:\/\/thuvien360.com\/wp-content\/uploads\/2025\/06\/34-13654-yeu-nhung-dieu-khong-hoan-hao-1.jpg",1200,900,false],"thumbnail":["http:\/\/thuvien360.com\/wp-content\/uploads\/2025\/06\/34-13654-yeu-nhung-dieu-khong-hoan-hao-1-150x150.jpg",150,150,true],"medium":["http:\/\/thuvien360.com\/wp-content\/uploads\/2025\/06\/34-13654-yeu-nhung-dieu-khong-hoan-hao-1-300x225.jpg",300,225,true],"medium_large":["http:\/\/thuvien360.com\/wp-content\/uploads\/2025\/06\/34-13654-yeu-nhung-dieu-khong-hoan-hao-1-768x576.jpg",768,576,true],"large":["http:\/\/thuvien360.com\/wp-content\/uploads\/2025\/06\/34-13654-yeu-nhung-dieu-khong-hoan-hao-1-1024x768.jpg",1020,765,true],"1536x1536":["http:\/\/thuvien360.com\/wp-content\/uploads\/2025\/06\/34-13654-yeu-nhung-dieu-khong-hoan-hao-1.jpg",1200,900,false],"2048x2048":["http:\/\/thuvien360.com\/wp-content\/uploads\/2025\/06\/34-13654-yeu-nhung-dieu-khong-hoan-hao-1.jpg",1200,900,false],"woocommerce_thumbnail":["http:\/\/thuvien360.com\/wp-content\/uploads\/2025\/06\/34-13654-yeu-nhung-dieu-khong-hoan-hao-1-300x300.jpg",300,300,true],"woocommerce_single":["http:\/\/thuvien360.com\/wp-content\/uploads\/2025\/06\/34-13654-yeu-nhung-dieu-khong-hoan-hao-1-600x450.jpg",600,450,true],"woocommerce_gallery_thumbnail":["http:\/\/thuvien360.com\/wp-content\/uploads\/2025\/06\/34-13654-yeu-nhung-dieu-khong-hoan-hao-1-100x100.jpg",100,100,true]},"uagb_author_info":{"display_name":"admin","author_link":"http:\/\/thuvien360.com\/?author=0"},"uagb_comment_info":0,"uagb_excerpt":"T\u00e1c gi\u1ea3 : Hae Min \u0110\u1ecbnh d\u1ea1ng : S\u00e1ch n\u00f3i DOWNLOAD H\u00e3y t\u00f9y t\u00e2m \u0111\u00f3ng g\u00f3p \u0111\u1ec3 ch\u00fang t\u00f4i c\u00f3 th\u1ec3 ti\u1ebfp t\u1ee5c duy tr\u00ec v\u00e0 ph\u00e1t tri\u1ec3n ho\u1ea1t \u0111\u1ed9ng \u00fd ngh\u0129a n\u00e0y.","_links":{"self":[{"href":"http:\/\/thuvien360.com\/index.php?rest_route=\/wp\/v2\/product\/672","targetHints":{"allow":["GET"]}}],"collection":[{"href":"http:\/\/thuvien360.com\/index.php?rest_route=\/wp\/v2\/product"}],"about":[{"href":"http:\/\/thuvien360.com\/index.php?rest_route=\/wp\/v2\/types\/product"}],"replies":[{"embeddable":true,"href":"http:\/\/thuvien360.com\/index.php?rest_route=%2Fwp%2Fv2%2Fcomments&post=672"}],"wp:featuredmedia":[{"embeddable":true,"href":"http:\/\/thuvien360.com\/index.php?rest_route=\/wp\/v2\/media\/673"}],"wp:attachment":[{"href":"http:\/\/thuvien360.com\/index.php?rest_route=%2Fwp%2Fv2%2Fmedia&parent=672"}],"wp:term":[{"taxonomy":"product_brand","embeddable":true,"href":"http:\/\/thuvien360.com\/index.php?rest_route=%2Fwp%2Fv2%2Fproduct_brand&post=672"},{"taxonomy":"product_cat","embeddable":true,"href":"http:\/\/thuvien360.com\/index.php?rest_route=%2Fwp%2Fv2%2Fproduct_cat&post=672"},{"taxonomy":"product_tag","embeddable":true,"href":"http:\/\/thuvien360.com\/index.php?rest_route=%2Fwp%2Fv2%2Fproduct_tag&post=672"}],"curies":[{"name":"wp","href":"https:\/\/api.w.org\/{rel}","templated":true}]}}