{"id":670,"date":"2025-06-30T02:01:17","date_gmt":"2025-06-30T02:01:17","guid":{"rendered":"http:\/\/thuvien360.com\/?post_type=product&#038;p=670"},"modified":"2025-07-04T07:46:10","modified_gmt":"2025-07-04T07:46:10","slug":"lao-tu-dao-duc-kinh-sach-noi","status":"publish","type":"product","link":"http:\/\/thuvien360.com\/?product=lao-tu-dao-duc-kinh-sach-noi","title":{"rendered":"L\u00c3O T\u1eec \u0110\u1ea0O \u0110\u1ee8C KINH \u2013 S\u00c1CH N\u00d3I"},"content":{"rendered":"<h3 data-start=\"284\" data-end=\"327\">\ud83c\udfa7 <strong data-start=\"291\" data-end=\"325\">L\u00c3O T\u1eec \u0110\u1ea0O \u0110\u1ee8C KINH \u2013 S\u00c1CH N\u00d3I<\/strong><\/h3>\n<p data-start=\"328\" data-end=\"421\"><em data-start=\"328\" data-end=\"421\">T\u00e1c ph\u1ea9m kinh \u0111i\u1ec3n c\u1ee7a L\u00e3o T\u1eed \u2013 C\u1ed9i ngu\u1ed3n c\u1ee7a \u0110\u1ea1o h\u1ecdc, T\u0129nh l\u1eb7ng, v\u00e0 Tr\u00ed tu\u1ec7 v\u01b0\u1ee3t th\u1eddi gian<\/em><\/p>\n<blockquote data-start=\"423\" data-end=\"534\">\n<p data-start=\"425\" data-end=\"534\"><strong data-start=\"425\" data-end=\"491\">\u201c\u0110\u1ea1o kh\u1ea3 \u0111\u1ea1o, phi th\u01b0\u1eddng \u0111\u1ea1o; Danh kh\u1ea3 danh, phi th\u01b0\u1eddng danh.\u201d<\/strong><br data-start=\"491\" data-end=\"494\" \/>\u2013 C\u00e2u m\u1edf \u0111\u1ea7u b\u1ea5t h\u1ee7 trong \u0110\u1ea1o \u0110\u1ee9c Kinh<\/p>\n<\/blockquote>\n<hr data-start=\"536\" data-end=\"539\" \/>\n<p data-start=\"541\" data-end=\"816\"><strong data-start=\"541\" data-end=\"559\">&#8220;\u0110\u1ea1o \u0110\u1ee9c Kinh&#8221;<\/strong> l\u00e0 b\u1ed9 s\u00e1ch g\u1ed3m 81 ch\u01b0\u01a1ng, do <strong data-start=\"589\" data-end=\"599\">L\u00e3o T\u1eed<\/strong> \u2013 b\u1eadc hi\u1ec1n tri\u1ebft s\u1ed1ng v\u00e0o kho\u1ea3ng th\u1ebf k\u1ef7 VI TCN \u2013 tr\u01b0\u1edbc t\u00e1c. V\u1edbi v\u0103n phong ng\u1eafn g\u1ecdn, gi\u00e0u h\u00ecnh \u1ea3nh v\u00e0 h\u00e0m s\u00fac, t\u00e1c ph\u1ea9m n\u00e0y tr\u00ecnh b\u00e0y <strong data-start=\"733\" data-end=\"815\">tri\u1ebft l\u00fd s\u1ed1ng thu\u1eadn theo \u0110\u1ea1o \u2013 nguy\u00ean l\u00fd v\u00f4 h\u00ecnh, t\u1ef1 nhi\u00ean v\u00e0 bao tr\u00f9m v\u1ea1n v\u1eadt<\/strong>.<\/p>\n<p data-start=\"818\" data-end=\"1030\">Phi\u00ean b\u1ea3n <strong data-start=\"828\" data-end=\"840\">s\u00e1ch n\u00f3i<\/strong> mang l\u1ea1i <strong data-start=\"850\" data-end=\"876\">tr\u1ea3i nghi\u1ec7m thi\u1ec1n t\u0129nh<\/strong> \u2013 n\u01a1i ng\u01b0\u1eddi nghe kh\u00f4ng ch\u1ec9 ti\u1ebfp nh\u1eadn n\u1ed9i dung b\u1eb1ng tr\u00ed \u00f3c, m\u00e0 c\u00f2n <strong data-start=\"943\" data-end=\"967\">c\u1ea3m th\u1ee5 b\u1eb1ng t\u00e2m h\u1ed3n<\/strong>, trong tr\u1ea1ng th\u00e1i l\u1eb7ng l\u1ebd, ch\u1eadm r\u00e3i v\u00e0 th\u1ea9m th\u1ea5u t\u1eebng c\u00e2u ch\u1eef.<\/p>\n<hr data-start=\"1032\" data-end=\"1035\" \/>\n<h3 data-start=\"1037\" data-end=\"1079\">\ud83c\udfa7 \u01afu \u0111i\u1ec3m n\u1ed5i b\u1eadt c\u1ee7a b\u1ea3n s\u00e1ch n\u00f3i:<\/h3>\n<p data-start=\"1080\" data-end=\"1441\">\ud83d\udd09 <strong data-start=\"1083\" data-end=\"1129\">Gi\u1ecdng \u0111\u1ecdc chu\u1ea9n m\u1ef1c, nh\u1eb9 nh\u00e0ng, truy\u1ec1n c\u1ea3m<\/strong> \u2013 gi\u00fap ng\u01b0\u1eddi nghe d\u1ec5 nh\u1eadp t\u00e2m<br data-start=\"1159\" data-end=\"1162\" \/>\ud83d\udcff <strong data-start=\"1165\" data-end=\"1245\">Ph\u00f9 h\u1ee3p \u0111\u1ec3 nghe khi thi\u1ec1n, t\u0129nh t\u00e2m, ngh\u1ec9 ng\u01a1i ho\u1eb7c khi c\u1ea7n soi s\u00e1ng n\u1ed9i t\u1ea1i<\/strong><br data-start=\"1245\" data-end=\"1248\" \/>\ud83d\udcd8 C\u00f3 th\u1ec3 ch\u1ecdn b\u1ea3n <strong data-start=\"1267\" data-end=\"1292\">nguy\u00ean v\u0103n H\u00e1n \u2013 Vi\u1ec7t<\/strong>, ho\u1eb7c b\u1ea3n <strong data-start=\"1303\" data-end=\"1330\">di\u1ec5n ngh\u0129a k\u00e8m ch\u00fa gi\u1ea3i<\/strong><br data-start=\"1330\" data-end=\"1333\" \/>\ud83c\udf3f M\u1ed7i ch\u01b0\u01a1ng l\u00e0 <strong data-start=\"1350\" data-end=\"1376\">m\u1ed9t \u201cm\u0169i kim t\u00e2m linh\u201d<\/strong> d\u1eabn \u0111\u01b0\u1eddng ng\u01b0\u1eddi nghe tr\u1edf v\u1ec1 v\u1edbi s\u1ef1 gi\u1ea3n \u0111\u01a1n v\u00e0 tr\u00ed tu\u1ec7 ch\u00e2n th\u1eadt<\/p>\n","protected":false},"excerpt":{"rendered":"<p>\u0110\u1ecbnh d\u1ea1ng : S\u00e1ch n\u00f3i<\/p>\n<p><strong><a href=\"https:\/\/drive.usercontent.google.com\/download?id=1UkI1XaJ2IkIuvQbjfXjlzzTYb0yo0zsW&amp;export=download&amp;authuser=0\">DOWNLOAD<\/a><br \/>\nH\u00e3y t\u00f9y t\u00e2m \u0111\u00f3ng g\u00f3p \u0111\u1ec3 ch\u00fang t\u00f4i c\u00f3 th\u1ec3 ti\u1ebfp t\u1ee5c duy tr\u00ec v\u00e0 ph\u00e1t tri\u1ec3n ho\u1ea1t \u0111\u1ed9ng \u00fd ngh\u0129a n\u00e0y.<\/strong><\/p>\n<p><img decoding=\"async\" src=\"http:\/\/thuvien360.com\/wp-content\/uploads\/2025\/06\/QR-HUNG.jpg\" \/><\/p>\n","protected":false},"featured_media":671,"comment_status":"open","ping_status":"closed","template":"","meta":{"_uag_custom_page_level_css":""},"product_brand":[],"product_cat":[42],"product_tag":[],"class_list":{"0":"post-670","1":"product","2":"type-product","3":"status-publish","4":"has-post-thumbnail","6":"product_cat-dao-giao","8":"first","9":"instock","10":"downloadable","11":"virtual","12":"sold-individually","13":"product-type-simple"},"uagb_featured_image_src":{"full":["http:\/\/thuvien360.com\/wp-content\/uploads\/2025\/06\/33-291-lao-tu-dao-duc-kinh-1.jpg",1200,900,false],"thumbnail":["http:\/\/thuvien360.com\/wp-content\/uploads\/2025\/06\/33-291-lao-tu-dao-duc-kinh-1-150x150.jpg",150,150,true],"medium":["http:\/\/thuvien360.com\/wp-content\/uploads\/2025\/06\/33-291-lao-tu-dao-duc-kinh-1-300x225.jpg",300,225,true],"medium_large":["http:\/\/thuvien360.com\/wp-content\/uploads\/2025\/06\/33-291-lao-tu-dao-duc-kinh-1-768x576.jpg",768,576,true],"large":["http:\/\/thuvien360.com\/wp-content\/uploads\/2025\/06\/33-291-lao-tu-dao-duc-kinh-1-1024x768.jpg",1020,765,true],"1536x1536":["http:\/\/thuvien360.com\/wp-content\/uploads\/2025\/06\/33-291-lao-tu-dao-duc-kinh-1.jpg",1200,900,false],"2048x2048":["http:\/\/thuvien360.com\/wp-content\/uploads\/2025\/06\/33-291-lao-tu-dao-duc-kinh-1.jpg",1200,900,false],"woocommerce_thumbnail":["http:\/\/thuvien360.com\/wp-content\/uploads\/2025\/06\/33-291-lao-tu-dao-duc-kinh-1-300x300.jpg",300,300,true],"woocommerce_single":["http:\/\/thuvien360.com\/wp-content\/uploads\/2025\/06\/33-291-lao-tu-dao-duc-kinh-1-600x450.jpg",600,450,true],"woocommerce_gallery_thumbnail":["http:\/\/thuvien360.com\/wp-content\/uploads\/2025\/06\/33-291-lao-tu-dao-duc-kinh-1-100x100.jpg",100,100,true]},"uagb_author_info":{"display_name":"admin","author_link":"http:\/\/thuvien360.com\/?author=0"},"uagb_comment_info":0,"uagb_excerpt":"\u0110\u1ecbnh d\u1ea1ng : S\u00e1ch n\u00f3i DOWNLOAD H\u00e3y t\u00f9y t\u00e2m \u0111\u00f3ng g\u00f3p \u0111\u1ec3 ch\u00fang t\u00f4i c\u00f3 th\u1ec3 ti\u1ebfp t\u1ee5c duy tr\u00ec v\u00e0 ph\u00e1t tri\u1ec3n ho\u1ea1t \u0111\u1ed9ng \u00fd ngh\u0129a n\u00e0y.","_links":{"self":[{"href":"http:\/\/thuvien360.com\/index.php?rest_route=\/wp\/v2\/product\/670","targetHints":{"allow":["GET"]}}],"collection":[{"href":"http:\/\/thuvien360.com\/index.php?rest_route=\/wp\/v2\/product"}],"about":[{"href":"http:\/\/thuvien360.com\/index.php?rest_route=\/wp\/v2\/types\/product"}],"replies":[{"embeddable":true,"href":"http:\/\/thuvien360.com\/index.php?rest_route=%2Fwp%2Fv2%2Fcomments&post=670"}],"wp:featuredmedia":[{"embeddable":true,"href":"http:\/\/thuvien360.com\/index.php?rest_route=\/wp\/v2\/media\/671"}],"wp:attachment":[{"href":"http:\/\/thuvien360.com\/index.php?rest_route=%2Fwp%2Fv2%2Fmedia&parent=670"}],"wp:term":[{"taxonomy":"product_brand","embeddable":true,"href":"http:\/\/thuvien360.com\/index.php?rest_route=%2Fwp%2Fv2%2Fproduct_brand&post=670"},{"taxonomy":"product_cat","embeddable":true,"href":"http:\/\/thuvien360.com\/index.php?rest_route=%2Fwp%2Fv2%2Fproduct_cat&post=670"},{"taxonomy":"product_tag","embeddable":true,"href":"http:\/\/thuvien360.com\/index.php?rest_route=%2Fwp%2Fv2%2Fproduct_tag&post=670"}],"curies":[{"name":"wp","href":"https:\/\/api.w.org\/{rel}","templated":true}]}}