{"id":664,"date":"2025-06-30T01:56:25","date_gmt":"2025-06-30T01:56:25","guid":{"rendered":"http:\/\/thuvien360.com\/?post_type=product&#038;p=664"},"modified":"2025-07-04T07:48:30","modified_gmt":"2025-07-04T07:48:30","slug":"vang-sanh-tinh-do-luan-giang-yeu","status":"publish","type":"product","link":"http:\/\/thuvien360.com\/?product=vang-sanh-tinh-do-luan-giang-yeu","title":{"rendered":"V\u00e3ng Sanh T\u1ecbnh \u0110\u1ed9 Lu\u1eadn Gi\u1ea3ng Y\u1ebfu"},"content":{"rendered":"<h3 data-start=\"248\" data-end=\"293\">\ud83c\udf38 <strong data-start=\"255\" data-end=\"291\">V\u00e3ng Sanh T\u1ecbnh \u0110\u1ed9 Lu\u1eadn Gi\u1ea3ng Y\u1ebfu<\/strong><\/h3>\n<p data-start=\"294\" data-end=\"470\"><em data-start=\"294\" data-end=\"470\">T\u00e1c gi\u1ea3: \u0110\u1ea1i s\u01b0 Th\u00e1i H\u01b0 (1890\u20131947) \u2013 ng\u01b0\u1eddi kh\u1edfi x\u01b0\u1edbng phong tr\u00e0o \u201cPh\u1eadt gi\u00e1o nh\u00e2n gian\u201d, nh\u00e0 c\u1ea3i c\u00e1ch v\u0129 \u0111\u1ea1i c\u1ee7a Ph\u1eadt gi\u00e1o hi\u1ec7n \u0111\u1ea1i, v\u1edbi tr\u00ed tu\u1ec7 si\u00eau vi\u1ec7t v\u00e0 t\u1ea5m l\u00f2ng \u0111\u1ea1i bi.<\/em><\/p>\n<blockquote data-start=\"472\" data-end=\"617\">\n<p data-start=\"474\" data-end=\"617\"><strong data-start=\"474\" data-end=\"617\">\u201cT\u1ecbnh \u0111\u1ed9 kh\u00f4ng ch\u1ec9 l\u00e0 n\u01a1i \u0111\u1ec3 \u0111\u1ebfn sau khi ch\u1ebft, m\u00e0 l\u00e0 c\u1ea3nh gi\u1edbi thanh t\u1ecbnh ngay gi\u1eefa cu\u1ed9c \u0111\u1eddi, n\u1ebfu ta bi\u1ebft quay v\u1ec1 v\u1edbi t\u00e2m ni\u1ec7m ch\u00e2n th\u00e0nh.\u201d<\/strong><\/p>\n<\/blockquote>\n<hr data-start=\"619\" data-end=\"622\" \/>\n<p data-start=\"624\" data-end=\"1025\">Cu\u1ed1n s\u00e1ch l\u00e0 b\u1ea3n <strong data-start=\"641\" data-end=\"675\">gi\u1ea3ng y\u1ebfu (gi\u1ea3ng gi\u1ea3i c\u1ed1t l\u00f5i)<\/strong> c\u1ee7a b\u1ed9 <strong data-start=\"683\" data-end=\"703\">\u201cV\u00e3ng Sanh Lu\u1eadn\u201d<\/strong> do ng\u00e0i <strong data-start=\"712\" data-end=\"731\">Th\u1ebf Th\u00e2n B\u1ed3 T\u00e1t<\/strong> tr\u01b0\u1edbc t\u00e1c, v\u1ed1n l\u00e0 m\u1ed9t n\u1ec1n t\u1ea3ng quan tr\u1ecdng c\u1ee7a T\u1ecbnh \u0110\u1ed9 t\u00f4ng. Qua l\u1eddi gi\u1ea3ng c\u1ee7a \u0110\u1ea1i s\u01b0 Th\u00e1i H\u01b0, ng\u01b0\u1eddi \u0111\u1ecdc kh\u00f4ng ch\u1ec9 hi\u1ec3u s\u00e2u h\u01a1n v\u1ec1 ph\u00e1p m\u00f4n ni\u1ec7m Ph\u1eadt c\u1ea7u v\u00e3ng sanh, m\u00e0 c\u00f2n \u0111\u01b0\u1ee3c <strong data-start=\"908\" data-end=\"1024\">kh\u01a1i m\u1edf nh\u1eadn th\u1ee9c \u0111\u00fang \u0111\u1eafn v\u1ec1 b\u1ea3n ch\u1ea5t c\u1ee7a T\u1ecbnh \u0110\u1ed9 \u2013 kh\u00f4ng xa x\u00f4i, kh\u00f4ng m\u00ea t\u00edn, m\u00e0 r\u1ea5t th\u1ef1c ti\u1ec5n v\u00e0 d\u1ec5 h\u00e0nh tr\u00ec<\/strong>.<\/p>\n<hr data-start=\"1027\" data-end=\"1030\" \/>\n<h3 data-start=\"1032\" data-end=\"1055\">N\u1ed9i dung n\u1ed5i b\u1eadt:<\/h3>\n<p data-start=\"1056\" data-end=\"1482\">\ud83d\udcd8 Ph\u00e2n t\u00edch r\u00f5 r\u00e0ng c\u00e1c \u0111i\u1ec3m c\u1ed1t l\u00f5i trong <strong data-start=\"1100\" data-end=\"1118\">V\u00e3ng Sanh Lu\u1eadn<\/strong>: 3 lo\u1ea1i t\u00edn t\u00e2m, 3 lo\u1ea1i h\u1ea1nh, 9 ph\u1ea9m v\u00e3ng sanh\u2026<br data-start=\"1166\" data-end=\"1169\" \/>\ud83e\udeb7 Gi\u1ea3ng gi\u1ea3i t\u1eeb ng\u1eef tinh t\u1ebf, k\u1ebft h\u1ee3p v\u1edbi t\u01b0 duy c\u1ea3i c\u00e1ch <strong data-start=\"1227\" data-end=\"1260\">\u0111\u1eadm t\u00ednh tri\u1ebft l\u00fd v\u00e0 nh\u00e2n v\u0103n<\/strong> c\u1ee7a \u0110\u1ea1i s\u01b0 Th\u00e1i H\u01b0<br data-start=\"1279\" data-end=\"1282\" \/>\ud83c\udf3c Gi\u00fap h\u00e0nh gi\u1ea3 <strong data-start=\"1299\" data-end=\"1376\">c\u00f3 ni\u1ec1m tin v\u1eefng ch\u1eafc v\u00e0 c\u00e1ch th\u1ef1c h\u00e0nh \u0111\u00fang \u0111\u1eafn \u0111\u1ed1i v\u1edbi ph\u00e1p m\u00f4n T\u1ecbnh \u0110\u1ed9<\/strong><br data-start=\"1376\" data-end=\"1379\" \/>\ud83d\udd4a\ufe0f M\u1edf r\u1ed9ng kh\u00e1i ni\u1ec7m &#8220;T\u1ecbnh \u0111\u1ed9&#8221; th\u00e0nh <strong data-start=\"1417\" data-end=\"1482\">m\u1ed9t l\u1ed1i s\u1ed1ng thanh t\u1ecbnh trong t\u1eebng h\u00e0nh \u0111\u1ed9ng, l\u1eddi n\u00f3i, \u00fd ngh\u0129<\/strong><\/p>\n","protected":false},"excerpt":{"rendered":"<p>T\u00e1c gi\u1ea3 : \u0110\u1ea1i S\u01b0 Th\u00e1i H\u01b0<br \/>\n\u0110\u1ecbnh d\u1ea1ng : S\u00e1ch n\u00f3i<\/p>\n<p><strong><a href=\"https:\/\/drive.usercontent.google.com\/download?id=1EATqHP-cyUEqkTFM2ttT5rHlO1jzojfI&amp;export=download&amp;authuser=0\">DOWNLOAD<\/a><br \/>\nH\u00e3y t\u00f9y t\u00e2m \u0111\u00f3ng g\u00f3p \u0111\u1ec3 ch\u00fang t\u00f4i c\u00f3 th\u1ec3 ti\u1ebfp t\u1ee5c duy tr\u00ec v\u00e0 ph\u00e1t tri\u1ec3n ho\u1ea1t \u0111\u1ed9ng \u00fd ngh\u0129a n\u00e0y.<\/strong><\/p>\n<p><img decoding=\"async\" src=\"http:\/\/thuvien360.com\/wp-content\/uploads\/2025\/06\/QR-HUNG.jpg\" \/><\/p>\n","protected":false},"featured_media":665,"comment_status":"open","ping_status":"closed","template":"","meta":{"_uag_custom_page_level_css":""},"product_brand":[],"product_cat":[41,43],"product_tag":[],"class_list":{"0":"post-664","1":"product","2":"type-product","3":"status-publish","4":"has-post-thumbnail","6":"product_cat-phat-giao","7":"product_cat-thien-dinh","9":"first","10":"instock","11":"downloadable","12":"virtual","13":"sold-individually","14":"product-type-simple"},"uagb_featured_image_src":{"full":["http:\/\/thuvien360.com\/wp-content\/uploads\/2025\/06\/30-6446-vang-sanh-tinh-do-luan-giang-yeu-1.jpg",1200,900,false],"thumbnail":["http:\/\/thuvien360.com\/wp-content\/uploads\/2025\/06\/30-6446-vang-sanh-tinh-do-luan-giang-yeu-1-150x150.jpg",150,150,true],"medium":["http:\/\/thuvien360.com\/wp-content\/uploads\/2025\/06\/30-6446-vang-sanh-tinh-do-luan-giang-yeu-1-300x225.jpg",300,225,true],"medium_large":["http:\/\/thuvien360.com\/wp-content\/uploads\/2025\/06\/30-6446-vang-sanh-tinh-do-luan-giang-yeu-1-768x576.jpg",768,576,true],"large":["http:\/\/thuvien360.com\/wp-content\/uploads\/2025\/06\/30-6446-vang-sanh-tinh-do-luan-giang-yeu-1-1024x768.jpg",1020,765,true],"1536x1536":["http:\/\/thuvien360.com\/wp-content\/uploads\/2025\/06\/30-6446-vang-sanh-tinh-do-luan-giang-yeu-1.jpg",1200,900,false],"2048x2048":["http:\/\/thuvien360.com\/wp-content\/uploads\/2025\/06\/30-6446-vang-sanh-tinh-do-luan-giang-yeu-1.jpg",1200,900,false],"woocommerce_thumbnail":["http:\/\/thuvien360.com\/wp-content\/uploads\/2025\/06\/30-6446-vang-sanh-tinh-do-luan-giang-yeu-1-300x300.jpg",300,300,true],"woocommerce_single":["http:\/\/thuvien360.com\/wp-content\/uploads\/2025\/06\/30-6446-vang-sanh-tinh-do-luan-giang-yeu-1-600x450.jpg",600,450,true],"woocommerce_gallery_thumbnail":["http:\/\/thuvien360.com\/wp-content\/uploads\/2025\/06\/30-6446-vang-sanh-tinh-do-luan-giang-yeu-1-100x100.jpg",100,100,true]},"uagb_author_info":{"display_name":"admin","author_link":"http:\/\/thuvien360.com\/?author=0"},"uagb_comment_info":0,"uagb_excerpt":"T\u00e1c gi\u1ea3 : \u0110\u1ea1i S\u01b0 Th\u00e1i H\u01b0 \u0110\u1ecbnh d\u1ea1ng : S\u00e1ch n\u00f3i DOWNLOAD H\u00e3y t\u00f9y t\u00e2m \u0111\u00f3ng g\u00f3p \u0111\u1ec3 ch\u00fang t\u00f4i c\u00f3 th\u1ec3 ti\u1ebfp t\u1ee5c duy tr\u00ec v\u00e0 ph\u00e1t tri\u1ec3n ho\u1ea1t \u0111\u1ed9ng \u00fd ngh\u0129a n\u00e0y.","_links":{"self":[{"href":"http:\/\/thuvien360.com\/index.php?rest_route=\/wp\/v2\/product\/664","targetHints":{"allow":["GET"]}}],"collection":[{"href":"http:\/\/thuvien360.com\/index.php?rest_route=\/wp\/v2\/product"}],"about":[{"href":"http:\/\/thuvien360.com\/index.php?rest_route=\/wp\/v2\/types\/product"}],"replies":[{"embeddable":true,"href":"http:\/\/thuvien360.com\/index.php?rest_route=%2Fwp%2Fv2%2Fcomments&post=664"}],"wp:featuredmedia":[{"embeddable":true,"href":"http:\/\/thuvien360.com\/index.php?rest_route=\/wp\/v2\/media\/665"}],"wp:attachment":[{"href":"http:\/\/thuvien360.com\/index.php?rest_route=%2Fwp%2Fv2%2Fmedia&parent=664"}],"wp:term":[{"taxonomy":"product_brand","embeddable":true,"href":"http:\/\/thuvien360.com\/index.php?rest_route=%2Fwp%2Fv2%2Fproduct_brand&post=664"},{"taxonomy":"product_cat","embeddable":true,"href":"http:\/\/thuvien360.com\/index.php?rest_route=%2Fwp%2Fv2%2Fproduct_cat&post=664"},{"taxonomy":"product_tag","embeddable":true,"href":"http:\/\/thuvien360.com\/index.php?rest_route=%2Fwp%2Fv2%2Fproduct_tag&post=664"}],"curies":[{"name":"wp","href":"https:\/\/api.w.org\/{rel}","templated":true}]}}