{"id":660,"date":"2025-06-30T01:53:37","date_gmt":"2025-06-30T01:53:37","guid":{"rendered":"http:\/\/thuvien360.com\/?post_type=product&#038;p=660"},"modified":"2025-07-04T07:19:25","modified_gmt":"2025-07-04T07:19:25","slug":"con-duong-den-tinh-lang-tue-giac-hang-ngay","status":"publish","type":"product","link":"http:\/\/thuvien360.com\/?product=con-duong-den-tinh-lang-tue-giac-hang-ngay","title":{"rendered":"Con \u0110\u01b0\u1eddng \u0110\u1ebfn T\u0129nh L\u1eb7ng \u2013 Tu\u1ec7 Gi\u00e1c H\u1eb1ng Ng\u00e0y"},"content":{"rendered":"<h3 data-start=\"264\" data-end=\"322\">\ud83d\udd4a\ufe0f <strong data-start=\"272\" data-end=\"320\">Con \u0110\u01b0\u1eddng \u0110\u1ebfn T\u0129nh L\u1eb7ng \u2013 Tu\u1ec7 Gi\u00e1c H\u1eb1ng Ng\u00e0y<\/strong><\/h3>\n<p data-start=\"323\" data-end=\"510\"><em data-start=\"323\" data-end=\"510\">T\u00e1c gi\u1ea3: \u0110\u1ee9c \u0110\u1ea1t Lai L\u1ea1t Ma \u2013 v\u1ecb l\u00e3nh \u0111\u1ea1o tinh th\u1ea7n t\u1ed1i cao c\u1ee7a Ph\u1eadt gi\u00e1o T\u00e2y T\u1ea1ng, ng\u01b0\u1eddi \u0111\u01b0\u1ee3c ng\u01b0\u1ee1ng m\u1ed9 tr\u00ean to\u00e0n th\u1ebf gi\u1edbi v\u00ec l\u00f2ng t\u1eeb bi, tr\u00ed tu\u1ec7 v\u00e0 tinh th\u1ea7n h\u00f2a b\u00ecnh kh\u00f4ng \u0111i\u1ec1u ki\u1ec7n.<\/em><\/p>\n<blockquote data-start=\"512\" data-end=\"616\">\n<p data-start=\"514\" data-end=\"616\"><strong data-start=\"514\" data-end=\"591\">\u201cH\u1ea1nh ph\u00fac kh\u00f4ng ph\u1ea3i l\u00e0 \u0111i\u1ec1u c\u00f3 s\u1eb5n. N\u00f3 \u0111\u1ebfn t\u1eeb ch\u00ednh h\u00e0nh \u0111\u1ed9ng c\u1ee7a b\u1ea1n.\u201d<\/strong><br data-start=\"591\" data-end=\"594\" \/>\u2013 \u0110\u1ee9c \u0110\u1ea1t Lai L\u1ea1t Ma<\/p>\n<\/blockquote>\n<hr data-start=\"618\" data-end=\"621\" \/>\n<p data-start=\"623\" data-end=\"930\">Trong cu\u1ed1n s\u00e1ch n\u00e0y, \u0110\u1ee9c \u0110\u1ea1t Lai L\u1ea1t Ma chia s\u1ebb <strong data-start=\"671\" data-end=\"713\">nh\u1eefng l\u1eddi khuy\u00ean gi\u1ea3n d\u1ecb nh\u01b0ng s\u00e2u s\u1eafc<\/strong>, d\u1ef1a tr\u00ean n\u1ec1n t\u1ea3ng <strong data-start=\"733\" data-end=\"793\">gi\u00e1o l\u00fd Ph\u1eadt gi\u00e1o v\u00e0 tr\u1ea3i nghi\u1ec7m t\u00e2m linh c\u1ee7a ch\u00ednh Ng\u00e0i<\/strong> \u2013 gi\u00fap ng\u01b0\u1eddi \u0111\u1ecdc <strong data-start=\"811\" data-end=\"847\">quay v\u1ec1 v\u1edbi s\u1ef1 t\u0129nh l\u1eb7ng n\u1ed9i t\u00e2m<\/strong>, v\u01b0\u1ee3t qua phi\u1ec1n n\u00e3o, lo \u00e2u v\u00e0 s\u00e2n gi\u1eadn \u0111\u1ec3 s\u1ed1ng m\u1ed7i ng\u00e0y v\u1edbi ch\u00e1nh ni\u1ec7m v\u00e0 l\u00f2ng t\u1eeb.<\/p>\n<hr data-start=\"932\" data-end=\"935\" \/>\n<h3 data-start=\"937\" data-end=\"960\">N\u1ed9i dung n\u1ed5i b\u1eadt:<\/h3>\n<p data-start=\"961\" data-end=\"1429\">\ud83c\udf3c <strong data-start=\"964\" data-end=\"1006\">H\u01b0\u1edbng d\u1eabn th\u1ef1c h\u00e0nh t\u1eeb bi v\u00e0 t\u1ec9nh th\u1ee9c<\/strong> \u2013 b\u1eaft \u0111\u1ea7u t\u1eeb nh\u1eefng \u0111i\u1ec1u r\u1ea5t nh\u1ecf nh\u01b0 c\u00e1ch nh\u00ecn ng\u01b0\u1eddi kh\u00e1c, c\u00e1ch th\u1edf, c\u00e1ch bu\u00f4ng b\u1ecf<br data-start=\"1088\" data-end=\"1091\" \/>\ud83e\uddd8\u200d\u2642\ufe0f Tr\u00ecnh b\u00e0y <strong data-start=\"1107\" data-end=\"1128\">\u0111\u01a1n gi\u1ea3n, d\u1ec5 hi\u1ec3u<\/strong>, ph\u00f9 h\u1ee3p c\u1ea3 v\u1edbi ng\u01b0\u1eddi kh\u00f4ng theo \u0111\u1ea1o Ph\u1eadt nh\u01b0ng \u0111ang t\u00ecm ki\u1ebfm s\u1ef1 c\u00e2n b\u1eb1ng v\u00e0 an nhi\u00ean<br data-start=\"1214\" data-end=\"1217\" \/>\ud83c\udf0d \u0110\u01b0a ra nh\u1eefng <strong data-start=\"1233\" data-end=\"1301\">\u1ee9ng d\u1ee5ng th\u1ef1c ti\u1ec5n trong \u0111\u1eddi s\u1ed1ng, c\u00f4ng vi\u1ec7c, v\u00e0 c\u00e1c m\u1ed1i quan h\u1ec7<\/strong><br data-start=\"1301\" data-end=\"1304\" \/>\ud83d\udd6f\ufe0f Gi\u00fap x\u00e2y d\u1ef1ng n\u1ed9i t\u00e2m v\u1eefng ch\u00e3i gi\u1eefa nh\u1eefng bi\u1ebfn \u0111\u1ed9ng, t\u1eeb \u0111\u00f3 <strong data-start=\"1368\" data-end=\"1429\">truy\u1ec1n c\u1ea3m h\u1ee9ng s\u1ed1ng h\u1ea1nh ph\u00fac, \u00fd ngh\u0129a v\u00e0 c\u00f3 tr\u00e1ch nhi\u1ec7m<\/strong><\/p>\n","protected":false},"excerpt":{"rendered":"<p>T\u00e1c gi\u1ea3 : \u0110\u1ea1t Lai L\u1ea1t Ma<br \/>\n\u0110\u1ecbnh d\u1ea1ng : S\u00e1ch n\u00f3i<\/p>\n<p><strong><a href=\"https:\/\/drive.usercontent.google.com\/download?id=1eIypbrPsOuZErxJ9ci-26GB_ncLKllbJ&amp;export=download&amp;authuser=0\">DOWNLOAD<\/a><br \/>\nH\u00e3y t\u00f9y t\u00e2m \u0111\u00f3ng g\u00f3p \u0111\u1ec3 ch\u00fang t\u00f4i c\u00f3 th\u1ec3 ti\u1ebfp t\u1ee5c duy tr\u00ec v\u00e0 ph\u00e1t tri\u1ec3n ho\u1ea1t \u0111\u1ed9ng \u00fd ngh\u0129a n\u00e0y.<\/strong><\/p>\n<p><img decoding=\"async\" src=\"http:\/\/thuvien360.com\/wp-content\/uploads\/2025\/06\/QR-HUNG.jpg\" \/><\/p>\n","protected":false},"featured_media":661,"comment_status":"open","ping_status":"closed","template":"","meta":{"_uag_custom_page_level_css":""},"product_brand":[],"product_cat":[41,43],"product_tag":[],"class_list":{"0":"post-660","1":"product","2":"type-product","3":"status-publish","4":"has-post-thumbnail","6":"product_cat-phat-giao","7":"product_cat-thien-dinh","9":"first","10":"instock","11":"downloadable","12":"virtual","13":"sold-individually","14":"product-type-simple"},"uagb_featured_image_src":{"full":["http:\/\/thuvien360.com\/wp-content\/uploads\/2025\/06\/28-6437-con-duong-den-tinh-lang-tue-giac-hang-ngay-1.jpg",1200,900,false],"thumbnail":["http:\/\/thuvien360.com\/wp-content\/uploads\/2025\/06\/28-6437-con-duong-den-tinh-lang-tue-giac-hang-ngay-1-150x150.jpg",150,150,true],"medium":["http:\/\/thuvien360.com\/wp-content\/uploads\/2025\/06\/28-6437-con-duong-den-tinh-lang-tue-giac-hang-ngay-1-300x225.jpg",300,225,true],"medium_large":["http:\/\/thuvien360.com\/wp-content\/uploads\/2025\/06\/28-6437-con-duong-den-tinh-lang-tue-giac-hang-ngay-1-768x576.jpg",768,576,true],"large":["http:\/\/thuvien360.com\/wp-content\/uploads\/2025\/06\/28-6437-con-duong-den-tinh-lang-tue-giac-hang-ngay-1-1024x768.jpg",1020,765,true],"1536x1536":["http:\/\/thuvien360.com\/wp-content\/uploads\/2025\/06\/28-6437-con-duong-den-tinh-lang-tue-giac-hang-ngay-1.jpg",1200,900,false],"2048x2048":["http:\/\/thuvien360.com\/wp-content\/uploads\/2025\/06\/28-6437-con-duong-den-tinh-lang-tue-giac-hang-ngay-1.jpg",1200,900,false],"woocommerce_thumbnail":["http:\/\/thuvien360.com\/wp-content\/uploads\/2025\/06\/28-6437-con-duong-den-tinh-lang-tue-giac-hang-ngay-1-300x300.jpg",300,300,true],"woocommerce_single":["http:\/\/thuvien360.com\/wp-content\/uploads\/2025\/06\/28-6437-con-duong-den-tinh-lang-tue-giac-hang-ngay-1-600x450.jpg",600,450,true],"woocommerce_gallery_thumbnail":["http:\/\/thuvien360.com\/wp-content\/uploads\/2025\/06\/28-6437-con-duong-den-tinh-lang-tue-giac-hang-ngay-1-100x100.jpg",100,100,true]},"uagb_author_info":{"display_name":"admin","author_link":"http:\/\/thuvien360.com\/?author=0"},"uagb_comment_info":0,"uagb_excerpt":"T\u00e1c gi\u1ea3 : \u0110\u1ea1t Lai L\u1ea1t Ma \u0110\u1ecbnh d\u1ea1ng : S\u00e1ch n\u00f3i DOWNLOAD H\u00e3y t\u00f9y t\u00e2m \u0111\u00f3ng g\u00f3p \u0111\u1ec3 ch\u00fang t\u00f4i c\u00f3 th\u1ec3 ti\u1ebfp t\u1ee5c duy tr\u00ec v\u00e0 ph\u00e1t tri\u1ec3n ho\u1ea1t \u0111\u1ed9ng \u00fd ngh\u0129a n\u00e0y.","_links":{"self":[{"href":"http:\/\/thuvien360.com\/index.php?rest_route=\/wp\/v2\/product\/660","targetHints":{"allow":["GET"]}}],"collection":[{"href":"http:\/\/thuvien360.com\/index.php?rest_route=\/wp\/v2\/product"}],"about":[{"href":"http:\/\/thuvien360.com\/index.php?rest_route=\/wp\/v2\/types\/product"}],"replies":[{"embeddable":true,"href":"http:\/\/thuvien360.com\/index.php?rest_route=%2Fwp%2Fv2%2Fcomments&post=660"}],"wp:featuredmedia":[{"embeddable":true,"href":"http:\/\/thuvien360.com\/index.php?rest_route=\/wp\/v2\/media\/661"}],"wp:attachment":[{"href":"http:\/\/thuvien360.com\/index.php?rest_route=%2Fwp%2Fv2%2Fmedia&parent=660"}],"wp:term":[{"taxonomy":"product_brand","embeddable":true,"href":"http:\/\/thuvien360.com\/index.php?rest_route=%2Fwp%2Fv2%2Fproduct_brand&post=660"},{"taxonomy":"product_cat","embeddable":true,"href":"http:\/\/thuvien360.com\/index.php?rest_route=%2Fwp%2Fv2%2Fproduct_cat&post=660"},{"taxonomy":"product_tag","embeddable":true,"href":"http:\/\/thuvien360.com\/index.php?rest_route=%2Fwp%2Fv2%2Fproduct_tag&post=660"}],"curies":[{"name":"wp","href":"https:\/\/api.w.org\/{rel}","templated":true}]}}