{"id":615,"date":"2025-06-27T09:19:51","date_gmt":"2025-06-27T09:19:51","guid":{"rendered":"http:\/\/thuvien360.com\/?post_type=product&#038;p=615"},"modified":"2025-07-04T04:33:07","modified_gmt":"2025-07-04T04:33:07","slug":"quen-di-qua-khu-song-doi-tu-tai","status":"publish","type":"product","link":"http:\/\/thuvien360.com\/?product=quen-di-qua-khu-song-doi-tu-tai","title":{"rendered":"Qu\u00ean \u0110i Qu\u00e1 Kh\u1ee9, S\u1ed1ng \u0110\u1eddi T\u1ef1 T\u1ea1i"},"content":{"rendered":"<h3 data-start=\"267\" data-end=\"385\">\ud83d\udd4a\ufe0f <strong data-start=\"275\" data-end=\"311\">Qu\u00ean \u0110i Qu\u00e1 Kh\u1ee9, S\u1ed1ng \u0110\u1eddi T\u1ef1 T\u1ea1i<\/strong> \u2013 T\u1ec9nh th\u1ee9c, bu\u00f4ng x\u1ea3, v\u00e0 tr\u1edf th\u00e0nh phi\u00ean b\u1ea3n t\u1ef1 do nh\u1ea5t c\u1ee7a ch\u00ednh m\u00ecnh<\/h3>\n<p data-start=\"386\" data-end=\"565\"><em data-start=\"386\" data-end=\"565\">T\u00e1c gi\u1ea3: Lama Surya Das \u2013 thi\u1ec1n s\u01b0 Ph\u1eadt gi\u00e1o ng\u01b0\u1eddi M\u1ef9, l\u00e0 m\u1ed9t trong nh\u1eefng ng\u01b0\u1eddi \u0111\u1ea7u ti\u00ean \u0111\u01b0a Thi\u1ec1n Ph\u1eadt gi\u00e1o T\u00e2y T\u1ea1ng \u0111\u1ebfn ph\u01b0\u01a1ng T\u00e2y v\u1edbi l\u1ed1i chia s\u1ebb g\u1ea7n g\u0169i, th\u1ef1c t\u1ebf v\u00e0 s\u00e2u s\u1eafc.<\/em><\/p>\n<blockquote data-start=\"567\" data-end=\"651\">\n<p data-start=\"569\" data-end=\"651\">\u201c\u0110\u00f4i khi, \u0111\u1ec3 t\u00ecm th\u1ea5y ch\u00ednh m\u00ecnh, b\u1ea1n ph\u1ea3i d\u00e1m bu\u00f4ng tay kh\u1ecfi ch\u00ednh con ng\u01b0\u1eddi c\u0169.\u201d<\/p>\n<\/blockquote>\n<p data-start=\"653\" data-end=\"1132\">Cu\u1ed1n s\u00e1ch l\u00e0 <strong data-start=\"666\" data-end=\"701\">l\u1eddi m\u1eddi nh\u1eb9 nh\u00e0ng nh\u01b0ng m\u1ea1nh m\u1ebd<\/strong> \u0111\u1ec3 b\u1ea1n:<br data-start=\"709\" data-end=\"712\" \/>\ud83e\udeb6 <strong data-start=\"715\" data-end=\"735\">Bu\u00f4ng b\u1ecf qu\u00e1 kh\u1ee9<\/strong> \u2013 nh\u1eefng m\u1ea5t m\u00e1t, k\u1ef3 v\u1ecdng, gi\u1eadn d\u1eef hay c\u1ea3m gi\u00e1c t\u1ed9i l\u1ed7i t\u1eebng k\u00e9o b\u1ea1n xu\u1ed1ng<br data-start=\"809\" data-end=\"812\" \/>\ud83e\uddd8 <strong data-start=\"815\" data-end=\"840\">Ti\u1ebfp x\u00fac v\u1edbi th\u1ef1c t\u1ea1i<\/strong>, th\u00f4ng qua ch\u00e1nh ni\u1ec7m, th\u1edf, v\u00e0 s\u1ef1 ch\u1ea5p nh\u1eadn kh\u00f4ng \u0111i\u1ec1u ki\u1ec7n<br data-start=\"900\" data-end=\"903\" \/>\ud83c\udf31 <strong data-start=\"906\" data-end=\"943\">Chuy\u1ec3n h\u00f3a n\u1ed7i \u0111au th\u00e0nh s\u1ee9c m\u1ea1nh<\/strong>, v\u00e0 h\u1ecdc c\u00e1ch tha th\u1ee9 \u2013 kh\u00f4ng ph\u1ea3i \u0111\u1ec3 ng\u01b0\u1eddi kh\u00e1c y\u00ean l\u00f2ng, m\u00e0 \u0111\u1ec3 <strong data-start=\"1008\" data-end=\"1033\">gi\u1ea3i tho\u00e1t ch\u00ednh m\u00ecnh<\/strong><br data-start=\"1033\" data-end=\"1036\" \/>\ud83d\udc9b S\u1ed1ng trong s\u1ef1 <strong data-start=\"1053\" data-end=\"1086\">tr\u1ecdn v\u1eb9n, ch\u00e2n th\u1eadt v\u00e0 t\u1ef1 t\u1ea1i<\/strong>, kh\u00f4ng c\u00f2n b\u1ecb \u0111i\u1ec1u khi\u1ec3n b\u1edfi k\u00fd \u1ee9c hay n\u1ed7i s\u1ee3<\/p>\n<p data-start=\"1134\" data-end=\"1274\">Cu\u1ed1n s\u00e1ch ch\u1ee9a \u0111\u1ef1ng <strong data-start=\"1154\" data-end=\"1184\">tr\u00ed tu\u1ec7 Ph\u1eadt gi\u00e1o \u1ee9ng d\u1ee5ng<\/strong>, nh\u01b0ng \u0111\u01b0\u1ee3c truy\u1ec1n t\u1ea3i b\u1eb1ng ng\u00f4n ng\u1eef \u0111\u1eddi th\u01b0\u1eddng, gi\u00e0u t\u00ednh tr\u1ecb li\u1ec7u \u2013 kh\u00f4ng h\u1ec1 gi\u00e1o \u0111i\u1ec1u.<\/p>\n","protected":false},"excerpt":{"rendered":"<p>T\u00e1c gi\u1ea3 : Lama Surya Das<br \/>\n\u0110\u1ecbnh d\u1ea1ng: S\u00e1ch n\u00f3i<br \/>\nT\u1ea3i s\u00e1ch v\u1ec1 \u0111\u1ec3 nghe m\u1ecdi l\u00fac, m\u1ecdi n\u01a1i<\/p>\n<p><strong><a href=\"https:\/\/drive.usercontent.google.com\/download?id=1SZ31gxk8GqxKnSGl2fh15QA9QfrDWFSf&amp;export=download&amp;authuser=0\">DOWNLOAD<\/a><br \/>\nH\u00e3y t\u00f9y t\u00e2m \u0111\u00f3ng g\u00f3p \u0111\u1ec3 ch\u00fang t\u00f4i c\u00f3 th\u1ec3 ti\u1ebfp t\u1ee5c duy tr\u00ec v\u00e0 ph\u00e1t tri\u1ec3n ho\u1ea1t \u0111\u1ed9ng \u00fd ngh\u0129a n\u00e0y.<\/strong><\/p>\n<p><img decoding=\"async\" src=\"http:\/\/thuvien360.com\/wp-content\/uploads\/2025\/06\/QR-HUNG.jpg\" \/><\/p>\n","protected":false},"featured_media":616,"comment_status":"open","ping_status":"closed","template":"","meta":{"_uag_custom_page_level_css":""},"product_brand":[],"product_cat":[41,43],"product_tag":[],"class_list":{"0":"post-615","1":"product","2":"type-product","3":"status-publish","4":"has-post-thumbnail","6":"product_cat-phat-giao","7":"product_cat-thien-dinh","9":"first","10":"instock","11":"downloadable","12":"virtual","13":"sold-individually","14":"product-type-simple"},"uagb_featured_image_src":{"full":["http:\/\/thuvien360.com\/wp-content\/uploads\/2025\/06\/05-quen-di-qua-khu-1.jpg",1200,900,false],"thumbnail":["http:\/\/thuvien360.com\/wp-content\/uploads\/2025\/06\/05-quen-di-qua-khu-1-150x150.jpg",150,150,true],"medium":["http:\/\/thuvien360.com\/wp-content\/uploads\/2025\/06\/05-quen-di-qua-khu-1-300x225.jpg",300,225,true],"medium_large":["http:\/\/thuvien360.com\/wp-content\/uploads\/2025\/06\/05-quen-di-qua-khu-1-768x576.jpg",768,576,true],"large":["http:\/\/thuvien360.com\/wp-content\/uploads\/2025\/06\/05-quen-di-qua-khu-1-1024x768.jpg",1020,765,true],"1536x1536":["http:\/\/thuvien360.com\/wp-content\/uploads\/2025\/06\/05-quen-di-qua-khu-1.jpg",1200,900,false],"2048x2048":["http:\/\/thuvien360.com\/wp-content\/uploads\/2025\/06\/05-quen-di-qua-khu-1.jpg",1200,900,false],"woocommerce_thumbnail":["http:\/\/thuvien360.com\/wp-content\/uploads\/2025\/06\/05-quen-di-qua-khu-1-300x300.jpg",300,300,true],"woocommerce_single":["http:\/\/thuvien360.com\/wp-content\/uploads\/2025\/06\/05-quen-di-qua-khu-1-600x450.jpg",600,450,true],"woocommerce_gallery_thumbnail":["http:\/\/thuvien360.com\/wp-content\/uploads\/2025\/06\/05-quen-di-qua-khu-1-100x100.jpg",100,100,true]},"uagb_author_info":{"display_name":"admin","author_link":"http:\/\/thuvien360.com\/?author=0"},"uagb_comment_info":0,"uagb_excerpt":"T\u00e1c gi\u1ea3 : Lama Surya Das \u0110\u1ecbnh d\u1ea1ng: S\u00e1ch n\u00f3i T\u1ea3i s\u00e1ch v\u1ec1 \u0111\u1ec3 nghe m\u1ecdi l\u00fac, m\u1ecdi n\u01a1i DOWNLOAD H\u00e3y t\u00f9y t\u00e2m \u0111\u00f3ng g\u00f3p \u0111\u1ec3 ch\u00fang t\u00f4i c\u00f3 th\u1ec3 ti\u1ebfp t\u1ee5c duy tr\u00ec v\u00e0 ph\u00e1t tri\u1ec3n ho\u1ea1t \u0111\u1ed9ng \u00fd ngh\u0129a n\u00e0y.","_links":{"self":[{"href":"http:\/\/thuvien360.com\/index.php?rest_route=\/wp\/v2\/product\/615","targetHints":{"allow":["GET"]}}],"collection":[{"href":"http:\/\/thuvien360.com\/index.php?rest_route=\/wp\/v2\/product"}],"about":[{"href":"http:\/\/thuvien360.com\/index.php?rest_route=\/wp\/v2\/types\/product"}],"replies":[{"embeddable":true,"href":"http:\/\/thuvien360.com\/index.php?rest_route=%2Fwp%2Fv2%2Fcomments&post=615"}],"wp:featuredmedia":[{"embeddable":true,"href":"http:\/\/thuvien360.com\/index.php?rest_route=\/wp\/v2\/media\/616"}],"wp:attachment":[{"href":"http:\/\/thuvien360.com\/index.php?rest_route=%2Fwp%2Fv2%2Fmedia&parent=615"}],"wp:term":[{"taxonomy":"product_brand","embeddable":true,"href":"http:\/\/thuvien360.com\/index.php?rest_route=%2Fwp%2Fv2%2Fproduct_brand&post=615"},{"taxonomy":"product_cat","embeddable":true,"href":"http:\/\/thuvien360.com\/index.php?rest_route=%2Fwp%2Fv2%2Fproduct_cat&post=615"},{"taxonomy":"product_tag","embeddable":true,"href":"http:\/\/thuvien360.com\/index.php?rest_route=%2Fwp%2Fv2%2Fproduct_tag&post=615"}],"curies":[{"name":"wp","href":"https:\/\/api.w.org\/{rel}","templated":true}]}}