{"id":593,"date":"2025-06-27T07:58:35","date_gmt":"2025-06-27T07:58:35","guid":{"rendered":"http:\/\/thuvien360.com\/?post_type=product&#038;p=593"},"modified":"2025-07-04T07:17:43","modified_gmt":"2025-07-04T07:17:43","slug":"khong-gioi-han-kham-pha-hooponopono","status":"publish","type":"product","link":"http:\/\/thuvien360.com\/?product=khong-gioi-han-kham-pha-hooponopono","title":{"rendered":"&#8220;Kh\u00f4ng Gi\u1edbi H\u1ea1n \u2013 Kh\u00e1m Ph\u00e1 Ho\u2019oponopono&#8221;"},"content":{"rendered":"<h3 data-start=\"275\" data-end=\"325\"><strong data-start=\"279\" data-end=\"323\">&#8220;Kh\u00f4ng Gi\u1edbi H\u1ea1n \u2013 Kh\u00e1m Ph\u00e1 Ho\u2019oponopono&#8221;<\/strong><\/h3>\n<p data-start=\"326\" data-end=\"586\"><em data-start=\"326\" data-end=\"586\">T\u00e1c gi\u1ea3: Joe Vitale \u2013 t\u00e1c gi\u1ea3 bestseller, b\u1eadc th\u1ea7y marketing v\u00e0 ph\u00e1t tri\u1ec3n b\u1ea3n th\u00e2n, \u0111\u1ed3ng t\u00e1c gi\u1ea3 c\u00f9ng ti\u1ebfn s\u0129 Ihaleakala Hew Len \u2013 ng\u01b0\u1eddi \u0111\u00e3 th\u1ef1c h\u00e0nh th\u00e0nh c\u00f4ng Ho\u2019oponopono \u0111\u1ec3 \u201cch\u1eefa l\u00e0nh\u201d c\u1ea3 m\u1ed9t b\u1ec7nh vi\u1ec7n t\u00e2m th\u1ea7n m\u00e0 kh\u00f4ng ti\u1ebfp x\u00fac tr\u1ef1c ti\u1ebfp v\u1edbi b\u1ec7nh nh\u00e2n.<\/em><\/p>\n<blockquote data-start=\"588\" data-end=\"718\">\n<p data-start=\"590\" data-end=\"718\"><strong data-start=\"590\" data-end=\"658\">\u201cT\u00f4i xin l\u1ed7i. H\u00e3y tha th\u1ee9 cho t\u00f4i. T\u00f4i c\u1ea3m \u01a1n b\u1ea1n. T\u00f4i y\u00eau b\u1ea1n.\u201d<\/strong><br data-start=\"658\" data-end=\"661\" \/>Ch\u1ec9 4 c\u1ee5m t\u1eeb, nh\u01b0ng mang n\u0103ng l\u01b0\u1ee3ng chuy\u1ec3n h\u00f3a k\u1ef3 di\u1ec7u.<\/p>\n<\/blockquote>\n<p data-start=\"720\" data-end=\"991\">Cu\u1ed1n s\u00e1ch k\u1ec3 l\u1ea1i h\u00e0nh tr\u00ecnh \u0111\u00e1ng kinh ng\u1ea1c khi Joe Vitale g\u1eb7p ti\u1ebfn s\u0129 Hew Len \u2013 ng\u01b0\u1eddi \u0111\u00e3 ch\u1eefa l\u00e0nh cho nh\u1eefng t\u1ed9i ph\u1ea1m t\u00e2m th\u1ea7n nguy hi\u1ec3m ch\u1ec9 b\u1eb1ng\u2026 <strong data-start=\"867\" data-end=\"902\">l\u00e0m s\u1ea1ch n\u1ed9i t\u00e2m c\u1ee7a ch\u00ednh m\u00ecnh<\/strong>. \u0110i\u1ec1u \u0111\u00f3 khi\u1ebfn c\u1ea3 th\u1ebf gi\u1edbi ho\u00e0i nghi, v\u00e0 ch\u00ednh Joe c\u0169ng b\u1eaft \u0111\u1ea7u cu\u1ed9c truy v\u1ea5n s\u00e2u s\u1eafc:<\/p>\n<ul data-start=\"992\" data-end=\"1167\">\n<li data-start=\"992\" data-end=\"1073\">\n<p data-start=\"994\" data-end=\"1073\">Li\u1ec7u th\u1ef1c t\u1ea1i c\u00f3 th\u1ec3 thay \u0111\u1ed5i khi <strong data-start=\"1028\" data-end=\"1071\">ch\u00fang ta thay \u0111\u1ed5i b\u00ean trong ch\u00ednh m\u00ecnh?<\/strong><\/p>\n<\/li>\n<li data-start=\"1074\" data-end=\"1167\">\n<p data-start=\"1076\" data-end=\"1167\">Ph\u1ea3i ch\u0103ng <strong data-start=\"1087\" data-end=\"1135\">m\u1ecdi v\u1ea5n \u0111\u1ec1 \u0111\u1ec1u b\u1eaft ngu\u1ed3n t\u1eeb ch\u00ednh t\u00e2m tr\u00ed ta<\/strong> \u2013 ch\u1ee9 kh\u00f4ng ph\u1ea3i t\u1eeb ng\u01b0\u1eddi kh\u00e1c?<\/p>\n<\/li>\n<\/ul>\n<p data-start=\"1169\" data-end=\"1547\">Trong cu\u1ed1n s\u00e1ch, b\u1ea1n s\u1ebd kh\u00e1m ph\u00e1:<br data-start=\"1202\" data-end=\"1205\" \/>\ud83c\udf0a C\u1ed9i ngu\u1ed3n v\u00e0 tri\u1ebft l\u00fd c\u1ee7a <strong data-start=\"1234\" data-end=\"1301\">Ho\u2019oponopono \u2013 ngh\u1ec7 thu\u1eadt bu\u00f4ng b\u1ecf, tha th\u1ee9 v\u00e0 l\u00e0m s\u1ea1ch t\u00e2m tr\u00ed<\/strong><br data-start=\"1301\" data-end=\"1304\" \/>\ud83e\uddd8 C\u00e1ch \u00e1p d\u1ee5ng 4 c\u1ee5m t\u1eeb \u0111\u01a1n gi\u1ea3n \u0111\u1ec3 <strong data-start=\"1341\" data-end=\"1424\">gi\u1ea3i ph\u00f3ng c\u1ea3m x\u00fac ti\u00eau c\u1ef1c, ch\u1eefa l\u00e0nh m\u1ed1i quan h\u1ec7 v\u00e0 m\u1edf r\u1ed9ng gi\u1edbi h\u1ea1n b\u1ea3n th\u00e2n<\/strong><br data-start=\"1424\" data-end=\"1427\" \/>\ud83c\udf08 Nh\u1eefng minh ch\u1ee9ng th\u1ef1c t\u1ebf \u0111\u1ea7y c\u1ea3m h\u1ee9ng v\u1ec1 s\u1ef1 chuy\u1ec3n h\u00f3a t\u00e2m l\u00fd, s\u1ee9c kh\u1ecfe v\u00e0 cu\u1ed9c \u0111\u1eddi th\u00f4ng qua vi\u1ec7c \u201cl\u00e0m s\u1ea1ch\u201d n\u1ed9i t\u00e2m<\/p>\n","protected":false},"excerpt":{"rendered":"<p>T\u00e1c gi\u1ea3 : Joe Vitale<br \/>\n\u0110\u1ecbnh d\u1ea1ng : S\u00e1ch n\u00f3i<\/p>\n<p><strong><a href=\"https:\/\/drive.usercontent.google.com\/download?id=1f10wXvi1B-QCBd0jh90fiWxAHjEnEodU&amp;export=download&amp;authuser=0\">DOWNLOAD<\/a><br \/>\nH\u00e3y t\u00f9y t\u00e2m \u0111\u00f3ng g\u00f3p \u0111\u1ec3 ch\u00fang t\u00f4i c\u00f3 th\u1ec3 ti\u1ebfp t\u1ee5c duy tr\u00ec v\u00e0 ph\u00e1t tri\u1ec3n ho\u1ea1t \u0111\u1ed9ng \u00fd ngh\u0129a n\u00e0y.<\/strong><\/p>\n<p><img decoding=\"async\" src=\"http:\/\/thuvien360.com\/wp-content\/uploads\/2025\/06\/QR-HUNG.jpg\" \/><\/p>\n","protected":false},"featured_media":594,"comment_status":"open","ping_status":"closed","template":"","meta":{"_uag_custom_page_level_css":""},"product_brand":[],"product_cat":[34,37,52,54],"product_tag":[],"class_list":{"0":"post-593","1":"product","2":"type-product","3":"status-publish","4":"has-post-thumbnail","6":"product_cat-baihoc-kinhdoanh","7":"product_cat-doanh-nhan","8":"product_cat-kynang-song","9":"product_cat-phattrien-banthan","11":"first","12":"instock","13":"downloadable","14":"virtual","15":"sold-individually","16":"product-type-simple"},"uagb_featured_image_src":{"full":["http:\/\/thuvien360.com\/wp-content\/uploads\/2025\/06\/56-1758-khong-gioi-han-kham-pha-hooponopono-1.jpg",1200,900,false],"thumbnail":["http:\/\/thuvien360.com\/wp-content\/uploads\/2025\/06\/56-1758-khong-gioi-han-kham-pha-hooponopono-1-150x150.jpg",150,150,true],"medium":["http:\/\/thuvien360.com\/wp-content\/uploads\/2025\/06\/56-1758-khong-gioi-han-kham-pha-hooponopono-1-300x225.jpg",300,225,true],"medium_large":["http:\/\/thuvien360.com\/wp-content\/uploads\/2025\/06\/56-1758-khong-gioi-han-kham-pha-hooponopono-1-768x576.jpg",768,576,true],"large":["http:\/\/thuvien360.com\/wp-content\/uploads\/2025\/06\/56-1758-khong-gioi-han-kham-pha-hooponopono-1-1024x768.jpg",1020,765,true],"1536x1536":["http:\/\/thuvien360.com\/wp-content\/uploads\/2025\/06\/56-1758-khong-gioi-han-kham-pha-hooponopono-1.jpg",1200,900,false],"2048x2048":["http:\/\/thuvien360.com\/wp-content\/uploads\/2025\/06\/56-1758-khong-gioi-han-kham-pha-hooponopono-1.jpg",1200,900,false],"woocommerce_thumbnail":["http:\/\/thuvien360.com\/wp-content\/uploads\/2025\/06\/56-1758-khong-gioi-han-kham-pha-hooponopono-1-300x300.jpg",300,300,true],"woocommerce_single":["http:\/\/thuvien360.com\/wp-content\/uploads\/2025\/06\/56-1758-khong-gioi-han-kham-pha-hooponopono-1-600x450.jpg",600,450,true],"woocommerce_gallery_thumbnail":["http:\/\/thuvien360.com\/wp-content\/uploads\/2025\/06\/56-1758-khong-gioi-han-kham-pha-hooponopono-1-100x100.jpg",100,100,true]},"uagb_author_info":{"display_name":"admin","author_link":"http:\/\/thuvien360.com\/?author=0"},"uagb_comment_info":0,"uagb_excerpt":"T\u00e1c gi\u1ea3 : Joe Vitale \u0110\u1ecbnh d\u1ea1ng : S\u00e1ch n\u00f3i DOWNLOAD H\u00e3y t\u00f9y t\u00e2m \u0111\u00f3ng g\u00f3p \u0111\u1ec3 ch\u00fang t\u00f4i c\u00f3 th\u1ec3 ti\u1ebfp t\u1ee5c duy tr\u00ec v\u00e0 ph\u00e1t tri\u1ec3n ho\u1ea1t \u0111\u1ed9ng \u00fd ngh\u0129a n\u00e0y.","_links":{"self":[{"href":"http:\/\/thuvien360.com\/index.php?rest_route=\/wp\/v2\/product\/593","targetHints":{"allow":["GET"]}}],"collection":[{"href":"http:\/\/thuvien360.com\/index.php?rest_route=\/wp\/v2\/product"}],"about":[{"href":"http:\/\/thuvien360.com\/index.php?rest_route=\/wp\/v2\/types\/product"}],"replies":[{"embeddable":true,"href":"http:\/\/thuvien360.com\/index.php?rest_route=%2Fwp%2Fv2%2Fcomments&post=593"}],"wp:featuredmedia":[{"embeddable":true,"href":"http:\/\/thuvien360.com\/index.php?rest_route=\/wp\/v2\/media\/594"}],"wp:attachment":[{"href":"http:\/\/thuvien360.com\/index.php?rest_route=%2Fwp%2Fv2%2Fmedia&parent=593"}],"wp:term":[{"taxonomy":"product_brand","embeddable":true,"href":"http:\/\/thuvien360.com\/index.php?rest_route=%2Fwp%2Fv2%2Fproduct_brand&post=593"},{"taxonomy":"product_cat","embeddable":true,"href":"http:\/\/thuvien360.com\/index.php?rest_route=%2Fwp%2Fv2%2Fproduct_cat&post=593"},{"taxonomy":"product_tag","embeddable":true,"href":"http:\/\/thuvien360.com\/index.php?rest_route=%2Fwp%2Fv2%2Fproduct_tag&post=593"}],"curies":[{"name":"wp","href":"https:\/\/api.w.org\/{rel}","templated":true}]}}