{"id":572,"date":"2025-06-27T07:40:10","date_gmt":"2025-06-27T07:40:10","guid":{"rendered":"http:\/\/thuvien360.com\/?post_type=product&#038;p=572"},"modified":"2025-07-04T04:16:00","modified_gmt":"2025-07-04T04:16:00","slug":"tam-ly-hoc-toi-pham-tap-1","status":"publish","type":"product","link":"http:\/\/thuvien360.com\/?product=tam-ly-hoc-toi-pham-tap-1","title":{"rendered":"&#8220;T\u00e2m L\u00fd H\u1ecdc T\u1ed9i Ph\u1ea1m \u2013 T\u1eadp 1&#8221;"},"content":{"rendered":"<h3 data-start=\"286\" data-end=\"325\"><strong data-start=\"290\" data-end=\"323\">&#8220;T\u00e2m L\u00fd H\u1ecdc T\u1ed9i Ph\u1ea1m \u2013 T\u1eadp 1&#8221;<\/strong><\/h3>\n<p data-start=\"326\" data-end=\"473\"><em data-start=\"326\" data-end=\"473\">T\u00e1c gi\u1ea3: Stanton E. Samenow \u2013 chuy\u00ean gia t\u00e2m l\u00fd h\u1ecdc t\u1ed9i ph\u1ea1m ng\u01b0\u1eddi M\u1ef9, v\u1edbi h\u01a1n 30 n\u0103m nghi\u00ean c\u1ee9u tr\u1ef1c ti\u1ebfp trong c\u00e1c tr\u1ea1i giam v\u00e0 c\u01a1 s\u1edf c\u1ea3i hu\u1ea5n.<\/em><\/p>\n<blockquote data-start=\"475\" data-end=\"566\">\n<p data-start=\"477\" data-end=\"566\">\u201cT\u1ed9i ph\u1ea1m kh\u00f4ng ph\u1ea3i l\u00e0 s\u1ea3n ph\u1ea9m c\u1ee7a m\u00f4i tr\u01b0\u1eddng \u2013 m\u00e0 l\u00e0 s\u1ea3n ph\u1ea9m c\u1ee7a c\u00e1ch ngh\u0129 l\u1ec7ch l\u1ea1c.\u201d<\/p>\n<\/blockquote>\n<p data-start=\"568\" data-end=\"742\">\u0110\u00f3 l\u00e0 quan \u0111i\u1ec3m g\u00e2y tranh c\u00e3i nh\u01b0ng c\u1ef1c k\u1ef3 s\u1eafc b\u00e9n c\u1ee7a Stanton Samenow \u2013 ng\u01b0\u1eddi \u0111\u00e3 th\u1eb3ng th\u1eafn <strong data-start=\"661\" data-end=\"708\">b\u00e1c b\u1ecf c\u00e1c l\u00fd thuy\u1ebft &#8220;\u0111\u1ed5 l\u1ed7i cho ho\u00e0n c\u1ea3nh&#8221;<\/strong> v\u1ed1n ph\u1ed5 bi\u1ebfn trong nhi\u1ec1u th\u1eadp k\u1ef7.<\/p>\n<p data-start=\"744\" data-end=\"1110\">Trong cu\u1ed1n s\u00e1ch n\u00e0y, b\u1ea1n s\u1ebd:<br data-start=\"772\" data-end=\"775\" \/>\ud83e\udde0 Ti\u1ebfp c\u1eadn <strong data-start=\"787\" data-end=\"864\">ph\u00e2n t\u00edch s\u00e2u s\u1eafc v\u1ec1 c\u00e1ch t\u01b0 duy, h\u1ec7 gi\u00e1 tr\u1ecb v\u00e0 ki\u1ec3u l\u00fd lu\u1eadn c\u1ee7a t\u1ed9i ph\u1ea1m<\/strong><br data-start=\"864\" data-end=\"867\" \/>\ud83d\udd0d Nh\u1eadn di\u1ec7n <strong data-start=\"880\" data-end=\"923\">nh\u1eefng d\u1ea5u hi\u1ec7u s\u1edbm c\u1ee7a h\u00e0nh vi l\u1ec7ch l\u1ea1c<\/strong> ngay t\u1eeb khi c\u00f2n tr\u1ebb<br data-start=\"943\" data-end=\"946\" \/>\ud83d\udcda T\u00ecm hi\u1ec3u qua <strong data-start=\"962\" data-end=\"1027\">nh\u1eefng nghi\u00ean c\u1ee9u th\u1ef1c t\u1ebf, ph\u1ecfng v\u1ea5n t\u00f9 nh\u00e2n v\u00e0 h\u1ed3 s\u01a1 ph\u1ea1m t\u1ed9i<\/strong><br data-start=\"1027\" data-end=\"1030\" \/>\u2696\ufe0f Hi\u1ec3u v\u00ec sao <strong data-start=\"1045\" data-end=\"1110\">m\u1ed9t s\u1ed1 ng\u01b0\u1eddi t\u00e1i ph\u1ea1m kh\u00f4ng ng\u1eebng d\u00f9 \u0111\u01b0\u1ee3c trao c\u01a1 h\u1ed9i c\u1ea3i t\u1ea1o<\/strong><\/p>\n<p data-start=\"1112\" data-end=\"1265\">Kh\u00e1c v\u1edbi h\u00ecnh \u1ea3nh t\u1ed9i ph\u1ea1m th\u01b0\u1eddng th\u1ea5y tr\u00ean phim \u1ea3nh, Samenow cho th\u1ea5y s\u1ef1 th\u1eadt \u201ctr\u1ea7n tr\u1ee5i\u201d \u2013 <strong data-start=\"1205\" data-end=\"1265\">t\u1ed9i \u00e1c b\u1eaft \u0111\u1ea7u t\u1eeb trong t\u01b0 duy, kh\u00f4ng ph\u1ea3i t\u1eeb ho\u00e0n c\u1ea3nh.<\/strong><\/p>\n","protected":false},"excerpt":{"rendered":"<p>T\u00e1c gi\u1ea3 : Stanton E. Samenow<br \/>\n\u0110\u1ecbnh d\u1ea1ng : S\u00e1ch n\u00f3i<\/p>\n<p><strong><a href=\"https:\/\/drive.usercontent.google.com\/download?id=1yuC1EmfsjnzxKKx-KcuIL2pZBeAU03aY&amp;export=download&amp;authuser=0\">DOWNLOAD<\/a><br \/>\nH\u00e3y t\u00f9y t\u00e2m \u0111\u00f3ng g\u00f3p \u0111\u1ec3 ch\u00fang t\u00f4i c\u00f3 th\u1ec3 ti\u1ebfp t\u1ee5c duy tr\u00ec v\u00e0 ph\u00e1t tri\u1ec3n ho\u1ea1t \u0111\u1ed9ng \u00fd ngh\u0129a n\u00e0y.<\/strong><\/p>\n<p><img decoding=\"async\" src=\"http:\/\/thuvien360.com\/wp-content\/uploads\/2025\/06\/QR-HUNG.jpg\" \/><\/p>\n","protected":false},"featured_media":573,"comment_status":"open","ping_status":"closed","template":"","meta":{"_uag_custom_page_level_css":""},"product_brand":[],"product_cat":[34,37,52,54],"product_tag":[],"class_list":{"0":"post-572","1":"product","2":"type-product","3":"status-publish","4":"has-post-thumbnail","6":"product_cat-baihoc-kinhdoanh","7":"product_cat-doanh-nhan","8":"product_cat-kynang-song","9":"product_cat-phattrien-banthan","11":"first","12":"instock","13":"downloadable","14":"virtual","15":"sold-individually","16":"product-type-simple"},"uagb_featured_image_src":{"full":["http:\/\/thuvien360.com\/wp-content\/uploads\/2025\/06\/46-12122-tam-ly-hoc-toi-pham-tap-1-1.jpg",1200,900,false],"thumbnail":["http:\/\/thuvien360.com\/wp-content\/uploads\/2025\/06\/46-12122-tam-ly-hoc-toi-pham-tap-1-1-150x150.jpg",150,150,true],"medium":["http:\/\/thuvien360.com\/wp-content\/uploads\/2025\/06\/46-12122-tam-ly-hoc-toi-pham-tap-1-1-300x225.jpg",300,225,true],"medium_large":["http:\/\/thuvien360.com\/wp-content\/uploads\/2025\/06\/46-12122-tam-ly-hoc-toi-pham-tap-1-1-768x576.jpg",768,576,true],"large":["http:\/\/thuvien360.com\/wp-content\/uploads\/2025\/06\/46-12122-tam-ly-hoc-toi-pham-tap-1-1-1024x768.jpg",1020,765,true],"1536x1536":["http:\/\/thuvien360.com\/wp-content\/uploads\/2025\/06\/46-12122-tam-ly-hoc-toi-pham-tap-1-1.jpg",1200,900,false],"2048x2048":["http:\/\/thuvien360.com\/wp-content\/uploads\/2025\/06\/46-12122-tam-ly-hoc-toi-pham-tap-1-1.jpg",1200,900,false],"woocommerce_thumbnail":["http:\/\/thuvien360.com\/wp-content\/uploads\/2025\/06\/46-12122-tam-ly-hoc-toi-pham-tap-1-1-300x300.jpg",300,300,true],"woocommerce_single":["http:\/\/thuvien360.com\/wp-content\/uploads\/2025\/06\/46-12122-tam-ly-hoc-toi-pham-tap-1-1-600x450.jpg",600,450,true],"woocommerce_gallery_thumbnail":["http:\/\/thuvien360.com\/wp-content\/uploads\/2025\/06\/46-12122-tam-ly-hoc-toi-pham-tap-1-1-100x100.jpg",100,100,true]},"uagb_author_info":{"display_name":"admin","author_link":"http:\/\/thuvien360.com\/?author=0"},"uagb_comment_info":0,"uagb_excerpt":"T\u00e1c gi\u1ea3 : Stanton E. Samenow \u0110\u1ecbnh d\u1ea1ng : S\u00e1ch n\u00f3i DOWNLOAD H\u00e3y t\u00f9y t\u00e2m \u0111\u00f3ng g\u00f3p \u0111\u1ec3 ch\u00fang t\u00f4i c\u00f3 th\u1ec3 ti\u1ebfp t\u1ee5c duy tr\u00ec v\u00e0 ph\u00e1t tri\u1ec3n ho\u1ea1t \u0111\u1ed9ng \u00fd ngh\u0129a n\u00e0y.","_links":{"self":[{"href":"http:\/\/thuvien360.com\/index.php?rest_route=\/wp\/v2\/product\/572","targetHints":{"allow":["GET"]}}],"collection":[{"href":"http:\/\/thuvien360.com\/index.php?rest_route=\/wp\/v2\/product"}],"about":[{"href":"http:\/\/thuvien360.com\/index.php?rest_route=\/wp\/v2\/types\/product"}],"replies":[{"embeddable":true,"href":"http:\/\/thuvien360.com\/index.php?rest_route=%2Fwp%2Fv2%2Fcomments&post=572"}],"wp:featuredmedia":[{"embeddable":true,"href":"http:\/\/thuvien360.com\/index.php?rest_route=\/wp\/v2\/media\/573"}],"wp:attachment":[{"href":"http:\/\/thuvien360.com\/index.php?rest_route=%2Fwp%2Fv2%2Fmedia&parent=572"}],"wp:term":[{"taxonomy":"product_brand","embeddable":true,"href":"http:\/\/thuvien360.com\/index.php?rest_route=%2Fwp%2Fv2%2Fproduct_brand&post=572"},{"taxonomy":"product_cat","embeddable":true,"href":"http:\/\/thuvien360.com\/index.php?rest_route=%2Fwp%2Fv2%2Fproduct_cat&post=572"},{"taxonomy":"product_tag","embeddable":true,"href":"http:\/\/thuvien360.com\/index.php?rest_route=%2Fwp%2Fv2%2Fproduct_tag&post=572"}],"curies":[{"name":"wp","href":"https:\/\/api.w.org\/{rel}","templated":true}]}}