{"id":517,"date":"2025-06-27T03:08:25","date_gmt":"2025-06-27T03:08:25","guid":{"rendered":"http:\/\/thuvien360.com\/?post_type=product&#038;p=517"},"modified":"2025-07-04T04:00:06","modified_gmt":"2025-07-04T04:00:06","slug":"517","status":"publish","type":"product","link":"http:\/\/thuvien360.com\/?product=517","title":{"rendered":"&#8220;10 \u0110i\u1ec1u T\u1ea1o N\u00ean S\u1ed1 Ph\u1eadn&#8221; \u2013 B\u00e0i h\u1ecdc cu\u1ed9c \u0111\u1eddi t\u1eeb m\u1ed9t ng\u01b0\u1eddi \u0111\u00e3 s\u1ed1ng, v\u1ea5p ng\u00e3 v\u00e0 \u0111\u1ee9ng d\u1eady v\u1edbi l\u00f2ng tin v\u1eefng v\u00e0ng"},"content":{"rendered":"<h3 data-start=\"275\" data-end=\"394\"><strong data-start=\"279\" data-end=\"392\">&#8220;10 \u0110i\u1ec1u T\u1ea1o N\u00ean S\u1ed1 Ph\u1eadn&#8221; \u2013 B\u00e0i h\u1ecdc cu\u1ed9c \u0111\u1eddi t\u1eeb m\u1ed9t ng\u01b0\u1eddi \u0111\u00e3 s\u1ed1ng, v\u1ea5p ng\u00e3 v\u00e0 \u0111\u1ee9ng d\u1eady v\u1edbi l\u00f2ng tin v\u1eefng v\u00e0ng<\/strong><\/h3>\n<p data-start=\"395\" data-end=\"570\"><em data-start=\"395\" data-end=\"570\">T\u00e1c gi\u1ea3: Maria Shriver \u2013 nh\u00e0 b\u00e1o, nh\u00e0 ho\u1ea1t \u0111\u1ed9ng x\u00e3 h\u1ed9i, c\u1ef1u \u0111\u1ec7 nh\u1ea5t phu nh\u00e2n bang California, ng\u01b0\u1eddi ph\u1ee5 n\u1eef t\u1eebng b\u01b0\u1edbc ra kh\u1ecfi c\u00e1i b\u00f3ng gia \u0111\u00ecnh danh gi\u00e1 \u0111\u1ec3 s\u1ed1ng l\u00e0 ch\u00ednh m\u00ecnh<\/em><\/p>\n<p data-start=\"572\" data-end=\"722\">Cu\u1ed1n s\u00e1ch n\u00e0y kh\u00f4ng n\u00f3i v\u1ec1 c\u00e1ch tr\u1edf th\u00e0nh ng\u01b0\u1eddi th\u00e0nh c\u00f4ng nh\u1ea5t \u2013 m\u00e0 l\u00e0 <strong data-start=\"644\" data-end=\"721\">l\u00e0m sao \u0111\u1ec3 tr\u1edf th\u00e0nh ng\u01b0\u1eddi s\u1ed1ng th\u1eadt nh\u1ea5t, b\u1ec1n b\u1ec9 nh\u1ea5t v\u00e0 c\u00f3 \u00fd ngh\u0129a nh\u1ea5t<\/strong>.<\/p>\n<p data-start=\"724\" data-end=\"961\">V\u1edbi v\u0103n phong gi\u1ea3n d\u1ecb, gi\u00e0u t\u00ednh chi\u00eam nghi\u1ec7m v\u00e0 kh\u00f4ng ng\u1ea1i nh\u1eafc \u0111\u1ebfn <strong data-start=\"793\" data-end=\"851\">nh\u1eefng l\u1ea7n t\u1ed5n th\u01b0\u01a1ng, th\u1ea5t b\u1ea1i v\u00e0 t\u1ef1 nghi ng\u1edd b\u1ea3n th\u00e2n<\/strong>, Maria Shriver chia s\u1ebb 10 b\u00e0i h\u1ecdc quan tr\u1ecdng nh\u1ea5t m\u00e0 b\u00e0 \u01b0\u1edbc g\u00ec m\u00ecnh bi\u1ebft s\u1edbm h\u01a1n \u2013 khi v\u1eeba b\u01b0\u1edbc ch\u00e2n v\u00e0o \u0111\u1eddi.<\/p>\n<p data-start=\"963\" data-end=\"1345\">B\u1ea1n s\u1ebd b\u1eaft g\u1eb7p trong s\u00e1ch:<br data-start=\"989\" data-end=\"992\" \/>\ud83d\udd39 Nh\u1eefng <strong data-start=\"1001\" data-end=\"1083\">l\u1eddi khuy\u00ean th\u1ef1c t\u1ebf v\u1ec1 c\u00f4ng vi\u1ec7c, l\u1ef1a ch\u1ecdn, danh ti\u1ebfng v\u00e0 s\u1ef1 c\u00e2n b\u1eb1ng cu\u1ed9c s\u1ed1ng<\/strong><br data-start=\"1083\" data-end=\"1086\" \/>\ud83d\udd39 C\u00e2u chuy\u1ec7n c\u00e1 nh\u00e2n s\u00e2u s\u1eafc, \u0111\u00f4i khi h\u00e0i h\u01b0\u1edbc, \u0111\u00f4i khi \u0111\u1ea7y tr\u0103n tr\u1edf<br data-start=\"1155\" data-end=\"1158\" \/>\ud83d\udd39 C\u00e1ch \u0111\u1ed1i di\u1ec7n v\u1edbi <strong data-start=\"1179\" data-end=\"1251\">s\u1ef1 thay \u0111\u1ed5i, b\u1ea5t c\u00f4ng, \u00e1p l\u1ef1c x\u00e3 h\u1ed9i v\u00e0 gi\u1ecdng n\u00f3i ph\u00e1n x\u00e9t b\u00ean trong<\/strong><br data-start=\"1251\" data-end=\"1254\" \/>\ud83d\udd39 Th\u00f4ng \u0111i\u1ec7p c\u1ed1t l\u00f5i: <em data-start=\"1277\" data-end=\"1345\">Ch\u00ednh b\u1ea1n \u2013 ch\u1ee9 kh\u00f4ng ai kh\u00e1c \u2013 l\u00e0 ng\u01b0\u1eddi vi\u1ebft n\u00ean s\u1ed1 ph\u1eadn c\u1ee7a m\u00ecnh<\/em><\/p>\n<p data-start=\"1347\" data-end=\"1558\"><strong data-start=\"1347\" data-end=\"1376\">&#8220;10 \u0110i\u1ec1u T\u1ea1o N\u00ean S\u1ed1 Ph\u1eadn&#8221;<\/strong> l\u00e0 cu\u1ed1n s\u00e1ch d\u00e0nh cho nh\u1eefng b\u1ea1n tr\u1ebb chu\u1ea9n b\u1ecb b\u01b0\u1edbc v\u00e0o \u0111\u1eddi, nh\u1eefng ng\u01b0\u1eddi \u0111ang l\u1ea1c h\u01b0\u1edbng, hay b\u1ea5t c\u1ee9 ai c\u1ea7n m\u1ed9t ng\u01b0\u1eddi b\u1ea1n \u0111\u1ed3ng h\u00e0nh \u0111\u1ea7y tr\u00ed tu\u1ec7 v\u00e0 ch\u00e2n th\u00e0nh tr\u00ean h\u00e0nh tr\u00ecnh s\u1ed1ng th\u1eadt.<\/p>\n","protected":false},"excerpt":{"rendered":"<p>T\u00e1c gi\u1ea3 : Maria Shriver<br \/>\n\u0110\u1ecbnh d\u1ea1ng : S\u00e1ch n\u00f3i<\/p>\n<p><strong><a href=\"https:\/\/drive.usercontent.google.com\/download?id=13rSqgekaOagLcnqYEIS1F8augZcdRWtb&amp;export=download&amp;authuser=0\">DOWNLOAD<\/a><br \/>\nH\u00e3y t\u00f9y t\u00e2m \u0111\u00f3ng g\u00f3p \u0111\u1ec3 ch\u00fang t\u00f4i c\u00f3 th\u1ec3 ti\u1ebfp t\u1ee5c duy tr\u00ec v\u00e0 ph\u00e1t tri\u1ec3n ho\u1ea1t \u0111\u1ed9ng \u00fd ngh\u0129a n\u00e0y.<\/strong><\/p>\n<p><img decoding=\"async\" src=\"http:\/\/thuvien360.com\/wp-content\/uploads\/2025\/06\/QR-HUNG.jpg\" \/><\/p>\n","protected":false},"featured_media":518,"comment_status":"open","ping_status":"closed","template":"","meta":{"_uag_custom_page_level_css":""},"product_brand":[],"product_cat":[34,37,52,54],"product_tag":[],"class_list":{"0":"post-517","1":"product","2":"type-product","3":"status-publish","4":"has-post-thumbnail","6":"product_cat-baihoc-kinhdoanh","7":"product_cat-doanh-nhan","8":"product_cat-kynang-song","9":"product_cat-phattrien-banthan","11":"first","12":"instock","13":"downloadable","14":"virtual","15":"sold-individually","16":"product-type-simple"},"uagb_featured_image_src":{"full":["http:\/\/thuvien360.com\/wp-content\/uploads\/2025\/06\/18-654-10-dieu-tao-nen-so-phan-1.jpg",1200,900,false],"thumbnail":["http:\/\/thuvien360.com\/wp-content\/uploads\/2025\/06\/18-654-10-dieu-tao-nen-so-phan-1-150x150.jpg",150,150,true],"medium":["http:\/\/thuvien360.com\/wp-content\/uploads\/2025\/06\/18-654-10-dieu-tao-nen-so-phan-1-300x225.jpg",300,225,true],"medium_large":["http:\/\/thuvien360.com\/wp-content\/uploads\/2025\/06\/18-654-10-dieu-tao-nen-so-phan-1-768x576.jpg",768,576,true],"large":["http:\/\/thuvien360.com\/wp-content\/uploads\/2025\/06\/18-654-10-dieu-tao-nen-so-phan-1-1024x768.jpg",1020,765,true],"1536x1536":["http:\/\/thuvien360.com\/wp-content\/uploads\/2025\/06\/18-654-10-dieu-tao-nen-so-phan-1.jpg",1200,900,false],"2048x2048":["http:\/\/thuvien360.com\/wp-content\/uploads\/2025\/06\/18-654-10-dieu-tao-nen-so-phan-1.jpg",1200,900,false],"woocommerce_thumbnail":["http:\/\/thuvien360.com\/wp-content\/uploads\/2025\/06\/18-654-10-dieu-tao-nen-so-phan-1-300x300.jpg",300,300,true],"woocommerce_single":["http:\/\/thuvien360.com\/wp-content\/uploads\/2025\/06\/18-654-10-dieu-tao-nen-so-phan-1-600x450.jpg",600,450,true],"woocommerce_gallery_thumbnail":["http:\/\/thuvien360.com\/wp-content\/uploads\/2025\/06\/18-654-10-dieu-tao-nen-so-phan-1-100x100.jpg",100,100,true]},"uagb_author_info":{"display_name":"admin","author_link":"http:\/\/thuvien360.com\/?author=0"},"uagb_comment_info":0,"uagb_excerpt":"T\u00e1c gi\u1ea3 : Maria Shriver \u0110\u1ecbnh d\u1ea1ng : S\u00e1ch n\u00f3i DOWNLOAD H\u00e3y t\u00f9y t\u00e2m \u0111\u00f3ng g\u00f3p \u0111\u1ec3 ch\u00fang t\u00f4i c\u00f3 th\u1ec3 ti\u1ebfp t\u1ee5c duy tr\u00ec v\u00e0 ph\u00e1t tri\u1ec3n ho\u1ea1t \u0111\u1ed9ng \u00fd ngh\u0129a n\u00e0y.","_links":{"self":[{"href":"http:\/\/thuvien360.com\/index.php?rest_route=\/wp\/v2\/product\/517","targetHints":{"allow":["GET"]}}],"collection":[{"href":"http:\/\/thuvien360.com\/index.php?rest_route=\/wp\/v2\/product"}],"about":[{"href":"http:\/\/thuvien360.com\/index.php?rest_route=\/wp\/v2\/types\/product"}],"replies":[{"embeddable":true,"href":"http:\/\/thuvien360.com\/index.php?rest_route=%2Fwp%2Fv2%2Fcomments&post=517"}],"wp:featuredmedia":[{"embeddable":true,"href":"http:\/\/thuvien360.com\/index.php?rest_route=\/wp\/v2\/media\/518"}],"wp:attachment":[{"href":"http:\/\/thuvien360.com\/index.php?rest_route=%2Fwp%2Fv2%2Fmedia&parent=517"}],"wp:term":[{"taxonomy":"product_brand","embeddable":true,"href":"http:\/\/thuvien360.com\/index.php?rest_route=%2Fwp%2Fv2%2Fproduct_brand&post=517"},{"taxonomy":"product_cat","embeddable":true,"href":"http:\/\/thuvien360.com\/index.php?rest_route=%2Fwp%2Fv2%2Fproduct_cat&post=517"},{"taxonomy":"product_tag","embeddable":true,"href":"http:\/\/thuvien360.com\/index.php?rest_route=%2Fwp%2Fv2%2Fproduct_tag&post=517"}],"curies":[{"name":"wp","href":"https:\/\/api.w.org\/{rel}","templated":true}]}}