{"id":440,"date":"2025-06-23T09:20:53","date_gmt":"2025-06-23T09:20:53","guid":{"rendered":"http:\/\/thuvien360.com\/?post_type=product&#038;p=440"},"modified":"2025-06-23T09:56:23","modified_gmt":"2025-06-23T09:56:23","slug":"file-tong-hop-prompt-ai","status":"publish","type":"product","link":"http:\/\/thuvien360.com\/?product=file-tong-hop-prompt-ai","title":{"rendered":"File t\u1ed5ng h\u1ee3p PROMPT AI"},"content":{"rendered":"<p data-start=\"316\" data-end=\"400\">\ud83c\udfaf <strong data-start=\"319\" data-end=\"400\">B\u1ea1n mu\u1ed1n t\u1ea1o n\u1ed9i dung nhanh h\u01a1n \u2013 ch\u1ea5t h\u01a1n \u2013 kh\u00f4ng c\u1ea7n \u0111au \u0111\u1ea7u ngh\u0129 t\u1eebng ch\u1eef?<\/strong><\/p>\n<p data-start=\"402\" data-end=\"468\">\ud83d\udce6 M\u00ecnh c\u00f3 \u1edf \u0111\u00e2y m\u1ed9t <strong data-start=\"423\" data-end=\"450\">file t\u1ed5ng h\u1ee3p PROMPT AI<\/strong> \u2013 d\u00e0nh ri\u00eang cho:<\/p>\n<ul data-start=\"469\" data-end=\"710\">\n<li data-start=\"469\" data-end=\"515\">\n<p data-start=\"471\" data-end=\"515\">Ng\u01b0\u1eddi vi\u1ebft content, l\u00e0m video TikTok\/YouTube<\/p>\n<\/li>\n<li data-start=\"516\" data-end=\"565\">\n<p data-start=\"518\" data-end=\"565\">Designer c\u1ea7n prompt \u0111\u1ec3 t\u1ea1o \u1ea3nh Midjourney\/DALLE<\/p>\n<\/li>\n<li data-start=\"566\" data-end=\"607\">\n<p data-start=\"568\" data-end=\"607\">Ch\u1ee7 shop mu\u1ed1n t\u1ea1o b\u00e0i qu\u1ea3ng c\u00e1o h\u1ea5p d\u1eabn<\/p>\n<\/li>\n<li data-start=\"608\" data-end=\"655\">\n<p data-start=\"610\" data-end=\"655\">D\u00e2n ch\u1ea1y qu\u1ea3ng c\u00e1o mu\u1ed1n ra m\u1eabu A\/B test nhanh<\/p>\n<\/li>\n<li data-start=\"656\" data-end=\"710\">\n<p data-start=\"658\" data-end=\"710\">Ng\u01b0\u1eddi m\u1edbi b\u1eaft \u0111\u1ea7u d\u00f9ng ChatGPT ho\u1eb7c AI vi\u1ebft n\u1ed9i dung<\/p>\n<\/li>\n<\/ul>\n<p data-start=\"712\" data-end=\"973\">\ud83d\udcc1 <strong data-start=\"715\" data-end=\"728\">File g\u1ed3m:<\/strong><br \/>\n\u2705 60+ prompt ph\u00e2n lo\u1ea1i theo m\u1ee5c \u0111\u00edch (b\u00e1n h\u00e0ng \u2013 viral \u2013 gi\u1edbi thi\u1ec7u s\u1ea3n ph\u1ea9m \u2013 vi\u1ebft k\u1ecbch b\u1ea3n \u2013 l\u00ean \u00fd t\u01b0\u1edfng nhanh\u2026)<br data-start=\"844\" data-end=\"847\" \/>\u2705 C\u00f4ng th\u1ee9c t\u1ea1o Prompt<\/p>\n<p data-start=\"712\" data-end=\"973\">\u2705 C\u00e1ch D\u00f9ng Veo3<br data-start=\"878\" data-end=\"881\" \/>\u2705 C\u00e1ch th\u1ee9c \u0111\u1ed3ng b\u1ed9 h\u00f3a m\u1eb7t nh\u00e2n v\u1eadt.<\/p>\n<p data-start=\"975\" data-end=\"1117\">\u23f1\ufe0f Ch\u1ec9 c\u1ea7n copy \u2013 d\u00e1n \u2013 ch\u1ec9nh nh\u1eb9 l\u00e0 x\u00e0i \u0111\u01b0\u1ee3c ngay!<br data-start=\"1026\" data-end=\"1029\" \/>\ud83d\udc49 <strong data-start=\"1032\" data-end=\"1074\">Ti\u1ebft ki\u1ec7m 80% th\u1eddi gian ngh\u0129 n\u1ed9i dung.<\/strong><br data-start=\"1074\" data-end=\"1077\" \/>\ud83d\udc49 <strong data-start=\"1080\" data-end=\"1117\">D\u1ec5 d\u00f9ng c\u1ea3 v\u1edbi ng\u01b0\u1eddi m\u1edbi b\u1eaft \u0111\u1ea7u.<\/strong><\/p>\n","protected":false},"excerpt":{"rendered":"<p>\u23f1\ufe0f Ch\u1ec9 c\u1ea7n copy \u2013 d\u00e1n \u2013 ch\u1ec9nh nh\u1eb9 l\u00e0 x\u00e0i \u0111\u01b0\u1ee3c ngay!<br data-start=\"1026\" data-end=\"1029\" \/>\ud83d\udc49 <strong data-start=\"1032\" data-end=\"1074\">Ti\u1ebft ki\u1ec7m 80% th\u1eddi gian ngh\u0129 n\u1ed9i dung.<\/strong><br data-start=\"1074\" data-end=\"1077\" \/>\ud83d\udc49 <strong data-start=\"1080\" data-end=\"1117\">D\u1ec5 d\u00f9ng c\u1ea3 v\u1edbi ng\u01b0\u1eddi m\u1edbi b\u1eaft \u0111\u1ea7u.<\/strong><\/p>\n","protected":false},"featured_media":441,"comment_status":"open","ping_status":"closed","template":"","meta":{"_uag_custom_page_level_css":""},"product_brand":[],"product_cat":[69,54,15],"product_tag":[],"class_list":{"0":"post-440","1":"product","2":"type-product","3":"status-publish","4":"has-post-thumbnail","6":"product_cat-video-khoa-hoc","7":"product_cat-phattrien-banthan","8":"product_cat-chua-phan-loai","10":"first","11":"instock","12":"downloadable","13":"virtual","14":"sold-individually","15":"purchasable","16":"product-type-simple"},"uagb_featured_image_src":{"full":["http:\/\/thuvien360.com\/wp-content\/uploads\/2025\/06\/VEO3.jpg",686,429,false],"thumbnail":["http:\/\/thuvien360.com\/wp-content\/uploads\/2025\/06\/VEO3-150x150.jpg",150,150,true],"medium":["http:\/\/thuvien360.com\/wp-content\/uploads\/2025\/06\/VEO3-300x188.jpg",300,188,true],"medium_large":["http:\/\/thuvien360.com\/wp-content\/uploads\/2025\/06\/VEO3.jpg",686,429,false],"large":["http:\/\/thuvien360.com\/wp-content\/uploads\/2025\/06\/VEO3.jpg",686,429,false],"1536x1536":["http:\/\/thuvien360.com\/wp-content\/uploads\/2025\/06\/VEO3.jpg",686,429,false],"2048x2048":["http:\/\/thuvien360.com\/wp-content\/uploads\/2025\/06\/VEO3.jpg",686,429,false],"woocommerce_thumbnail":["http:\/\/thuvien360.com\/wp-content\/uploads\/2025\/06\/VEO3-300x300.jpg",300,300,true],"woocommerce_single":["http:\/\/thuvien360.com\/wp-content\/uploads\/2025\/06\/VEO3-600x375.jpg",600,375,true],"woocommerce_gallery_thumbnail":["http:\/\/thuvien360.com\/wp-content\/uploads\/2025\/06\/VEO3-100x100.jpg",100,100,true]},"uagb_author_info":{"display_name":"admin","author_link":"http:\/\/thuvien360.com\/?author=0"},"uagb_comment_info":0,"uagb_excerpt":"\u23f1\ufe0f Ch\u1ec9 c\u1ea7n copy \u2013 d\u00e1n \u2013 ch\u1ec9nh nh\u1eb9 l\u00e0 x\u00e0i \u0111\u01b0\u1ee3c ngay!\ud83d\udc49 Ti\u1ebft ki\u1ec7m 80% th\u1eddi gian ngh\u0129 n\u1ed9i dung.\ud83d\udc49 D\u1ec5 d\u00f9ng c\u1ea3 v\u1edbi ng\u01b0\u1eddi m\u1edbi b\u1eaft \u0111\u1ea7u.","_links":{"self":[{"href":"http:\/\/thuvien360.com\/index.php?rest_route=\/wp\/v2\/product\/440","targetHints":{"allow":["GET"]}}],"collection":[{"href":"http:\/\/thuvien360.com\/index.php?rest_route=\/wp\/v2\/product"}],"about":[{"href":"http:\/\/thuvien360.com\/index.php?rest_route=\/wp\/v2\/types\/product"}],"replies":[{"embeddable":true,"href":"http:\/\/thuvien360.com\/index.php?rest_route=%2Fwp%2Fv2%2Fcomments&post=440"}],"wp:featuredmedia":[{"embeddable":true,"href":"http:\/\/thuvien360.com\/index.php?rest_route=\/wp\/v2\/media\/441"}],"wp:attachment":[{"href":"http:\/\/thuvien360.com\/index.php?rest_route=%2Fwp%2Fv2%2Fmedia&parent=440"}],"wp:term":[{"taxonomy":"product_brand","embeddable":true,"href":"http:\/\/thuvien360.com\/index.php?rest_route=%2Fwp%2Fv2%2Fproduct_brand&post=440"},{"taxonomy":"product_cat","embeddable":true,"href":"http:\/\/thuvien360.com\/index.php?rest_route=%2Fwp%2Fv2%2Fproduct_cat&post=440"},{"taxonomy":"product_tag","embeddable":true,"href":"http:\/\/thuvien360.com\/index.php?rest_route=%2Fwp%2Fv2%2Fproduct_tag&post=440"}],"curies":[{"name":"wp","href":"https:\/\/api.w.org\/{rel}","templated":true}]}}