{"id":427,"date":"2025-06-19T02:16:19","date_gmt":"2025-06-19T02:16:19","guid":{"rendered":"http:\/\/thuvien360.com\/?post_type=product&#038;p=427"},"modified":"2025-07-04T03:05:02","modified_gmt":"2025-07-04T03:05:02","slug":"bi-mat-cua-nhung-bi-mat-tap-1","status":"publish","type":"product","link":"http:\/\/thuvien360.com\/?product=bi-mat-cua-nhung-bi-mat-tap-1","title":{"rendered":"B\u00ed M\u1eadt C\u1ee7a Nh\u1eefng B\u00ed M\u1eadt \u2013 T\u1eadp 1"},"content":{"rendered":"<h3 data-start=\"194\" data-end=\"269\"><strong data-start=\"198\" data-end=\"267\">&#8220;B\u00ed M\u1eadt C\u1ee7a Nh\u1eefng B\u00ed M\u1eadt \u2013 T\u1eadp 1: B\u00e0i N\u00f3i V\u1ec1 B\u00ed M\u1eadt C\u1ee7a Hoa V\u00e0ng&#8221;<\/strong><\/h3>\n<p data-start=\"270\" data-end=\"371\"><em data-start=\"270\" data-end=\"371\">T\u00e1c gi\u1ea3: Osho \u2013 b\u1eadc th\u1ea7y t\u00e2m linh hi\u1ec7n \u0111\u1ea1i, ng\u01b0\u1eddi \u0111\u00e1nh th\u1ee9c nh\u1eadn th\u1ee9c qua s\u1ef1 t\u0129nh l\u1eb7ng v\u00e0 th\u1ea5u hi\u1ec3u<\/em><\/p>\n<p data-start=\"373\" data-end=\"669\">D\u1ef1a tr\u00ean b\u1ea3n kinh <strong data-start=\"391\" data-end=\"439\">\u201cHoa V\u00e0ng\u201d (The Secret of the Golden Flower)<\/strong> \u2013 m\u1ed9t tr\u01b0\u1edbc t\u00e1c thi\u1ec1n h\u1ecdc c\u1ed5 Trung Hoa, Osho \u0111\u00e3 di\u1ec5n gi\u1ea3i l\u1ea1i b\u1eb1ng <strong data-start=\"507\" data-end=\"578\">ng\u00f4n ng\u1eef hi\u1ec7n \u0111\u1ea1i, th\u1ea5m \u0111\u1eabm tr\u1ef1c gi\u00e1c v\u00e0 tr\u1ea3i nghi\u1ec7m thi\u1ec1n s\u00e2u s\u1eafc.<\/strong> \u0110\u00e2y kh\u00f4ng ch\u1ec9 l\u00e0 s\u00e1ch \u0111\u1ec3 \u0111\u1ecdc \u2013 m\u00e0 l\u00e0 s\u00e1ch \u0111\u1ec3 <strong data-start=\"624\" data-end=\"669\">l\u1eafng nghe ch\u00ednh m\u00ecnh qua t\u1eebng trang gi\u1ea5y.<\/strong><\/p>\n<p data-start=\"671\" data-end=\"1029\">N\u1ed9i dung n\u1ed5i b\u1eadt:<br data-start=\"688\" data-end=\"691\" \/>\ud83d\udd39 L\u00e0m r\u00f5 <strong data-start=\"701\" data-end=\"772\">\u201cb\u00ed m\u1eadt\u201d kh\u00f4ng n\u1eb1m b\u00ean ngo\u00e0i, m\u00e0 l\u00e0 con \u0111\u01b0\u1eddng quay tr\u1edf v\u1ec1 b\u00ean trong<\/strong><br data-start=\"772\" data-end=\"775\" \/>\ud83d\udd39 Gi\u00fap ng\u01b0\u1eddi \u0111\u1ecdc ti\u1ebfp c\u1eadn c\u00e1c t\u1ea7ng thi\u1ec1n \u0111\u1ecbnh s\u00e2u h\u01a1n \u2013 n\u01a1i kh\u00f4ng c\u00f2n ph\u00e2n t\u00e1ch gi\u1eefa th\u00e2n v\u00e0 t\u00e2m<br data-start=\"872\" data-end=\"875\" \/>\ud83d\udd39 C\u1edfi b\u1ecf nh\u1eefng \u0111\u1ecbnh ki\u1ebfn c\u0169 v\u1ec1 t\u00f4n gi\u00e1o, tu h\u00e0nh v\u00e0 gi\u00e1c ng\u1ed9<br data-start=\"936\" data-end=\"939\" \/>\ud83d\udd39 G\u1ee3i m\u1edf c\u00e1ch <strong data-start=\"954\" data-end=\"988\">s\u1ed1ng t\u1ec9nh th\u1ee9c gi\u1eefa \u0111\u1eddi th\u01b0\u1eddng<\/strong>, kh\u00f4ng c\u1ea7n tr\u1ed1n ch\u1ea1y hay t\u1eeb b\u1ecf cu\u1ed9c s\u1ed1ng<\/p>\n<p data-start=\"1031\" data-end=\"1223\"><strong data-start=\"1031\" data-end=\"1068\">&#8220;B\u00ed M\u1eadt C\u1ee7a Nh\u1eefng B\u00ed M\u1eadt \u2013 T\u1eadp 1&#8221;<\/strong> kh\u00f4ng \u0111\u01b0a b\u1ea1n \u0111\u1ebfn v\u1edbi gi\u00e1o l\u00fd c\u1ee9ng nh\u1eafc, m\u00e0 l\u00e0 <strong data-start=\"1116\" data-end=\"1164\">m\u1ed9t d\u00f2ng ch\u1ea3y t\u1ef1 do, \u0111\u1ea7y thi v\u1ecb v\u00e0 th\u1ee9c t\u1ec9nh<\/strong>, gi\u00fap b\u1ea1n <strong data-start=\"1175\" data-end=\"1223\">ch\u1ea1m \u0111\u1ebfn chi\u1ec1u s\u00e2u t\u0129nh l\u1eb7ng c\u1ee7a ch\u00ednh m\u00ecnh.<\/strong><\/p>\n","protected":false},"excerpt":{"rendered":"<p><strong>T\u00e1c gi\u1ea3<\/strong> : Osho<\/p>\n<p><strong>\u0110\u1ecbnh d\u1ea1ng :<\/strong> S\u00e1ch n\u00f3i<\/p>\n<p><span data-sheets-root=\"1\"><a href=\"https:\/\/drive.usercontent.google.com\/download?id=1mEnpA5snL8ychIs-t0xpKyRm6I_V34Xy&amp;export=download&amp;authuser=0\">DOWNLOAD<\/a><br \/>\nH\u00e3y t\u00f9y t\u00e2m \u0111\u00f3ng g\u00f3p \u0111\u1ec3 ch\u00fang t\u00f4i c\u00f3 th\u1ec3 ti\u1ebfp t\u1ee5c duy tr\u00ec v\u00e0 ph\u00e1t tri\u1ec3n ho\u1ea1t \u0111\u1ed9ng \u00fd ngh\u0129a n\u00e0y.<\/span><\/p>\n<p><img decoding=\"async\" src=\"http:\/\/thuvien360.com\/wp-content\/uploads\/2025\/06\/QR-HUNG.jpg\" \/><\/p>\n","protected":false},"featured_media":428,"comment_status":"open","ping_status":"closed","template":"","meta":{"_uag_custom_page_level_css":""},"product_brand":[],"product_cat":[21,41],"product_tag":[],"class_list":{"0":"post-427","1":"product","2":"type-product","3":"status-publish","4":"has-post-thumbnail","6":"product_cat-tamlinh-tongiao","7":"product_cat-phat-giao","9":"first","10":"instock","11":"downloadable","12":"virtual","13":"sold-individually","14":"product-type-simple"},"uagb_featured_image_src":{"full":["http:\/\/thuvien360.com\/wp-content\/uploads\/2025\/06\/02-Bi-mat-cua-nhung-bi-mat-tap-1.jpg",1200,900,false],"thumbnail":["http:\/\/thuvien360.com\/wp-content\/uploads\/2025\/06\/02-Bi-mat-cua-nhung-bi-mat-tap-1-150x150.jpg",150,150,true],"medium":["http:\/\/thuvien360.com\/wp-content\/uploads\/2025\/06\/02-Bi-mat-cua-nhung-bi-mat-tap-1-300x225.jpg",300,225,true],"medium_large":["http:\/\/thuvien360.com\/wp-content\/uploads\/2025\/06\/02-Bi-mat-cua-nhung-bi-mat-tap-1-768x576.jpg",768,576,true],"large":["http:\/\/thuvien360.com\/wp-content\/uploads\/2025\/06\/02-Bi-mat-cua-nhung-bi-mat-tap-1-1024x768.jpg",1020,765,true],"1536x1536":["http:\/\/thuvien360.com\/wp-content\/uploads\/2025\/06\/02-Bi-mat-cua-nhung-bi-mat-tap-1.jpg",1200,900,false],"2048x2048":["http:\/\/thuvien360.com\/wp-content\/uploads\/2025\/06\/02-Bi-mat-cua-nhung-bi-mat-tap-1.jpg",1200,900,false],"woocommerce_thumbnail":["http:\/\/thuvien360.com\/wp-content\/uploads\/2025\/06\/02-Bi-mat-cua-nhung-bi-mat-tap-1-300x300.jpg",300,300,true],"woocommerce_single":["http:\/\/thuvien360.com\/wp-content\/uploads\/2025\/06\/02-Bi-mat-cua-nhung-bi-mat-tap-1-600x450.jpg",600,450,true],"woocommerce_gallery_thumbnail":["http:\/\/thuvien360.com\/wp-content\/uploads\/2025\/06\/02-Bi-mat-cua-nhung-bi-mat-tap-1-100x100.jpg",100,100,true]},"uagb_author_info":{"display_name":"admin","author_link":"http:\/\/thuvien360.com\/?author=0"},"uagb_comment_info":0,"uagb_excerpt":"T\u00e1c gi\u1ea3 : Osho \u0110\u1ecbnh d\u1ea1ng : S\u00e1ch n\u00f3i DOWNLOAD H\u00e3y t\u00f9y t\u00e2m \u0111\u00f3ng g\u00f3p \u0111\u1ec3 ch\u00fang t\u00f4i c\u00f3 th\u1ec3 ti\u1ebfp t\u1ee5c duy tr\u00ec v\u00e0 ph\u00e1t tri\u1ec3n ho\u1ea1t \u0111\u1ed9ng \u00fd ngh\u0129a n\u00e0y.","_links":{"self":[{"href":"http:\/\/thuvien360.com\/index.php?rest_route=\/wp\/v2\/product\/427","targetHints":{"allow":["GET"]}}],"collection":[{"href":"http:\/\/thuvien360.com\/index.php?rest_route=\/wp\/v2\/product"}],"about":[{"href":"http:\/\/thuvien360.com\/index.php?rest_route=\/wp\/v2\/types\/product"}],"replies":[{"embeddable":true,"href":"http:\/\/thuvien360.com\/index.php?rest_route=%2Fwp%2Fv2%2Fcomments&post=427"}],"wp:featuredmedia":[{"embeddable":true,"href":"http:\/\/thuvien360.com\/index.php?rest_route=\/wp\/v2\/media\/428"}],"wp:attachment":[{"href":"http:\/\/thuvien360.com\/index.php?rest_route=%2Fwp%2Fv2%2Fmedia&parent=427"}],"wp:term":[{"taxonomy":"product_brand","embeddable":true,"href":"http:\/\/thuvien360.com\/index.php?rest_route=%2Fwp%2Fv2%2Fproduct_brand&post=427"},{"taxonomy":"product_cat","embeddable":true,"href":"http:\/\/thuvien360.com\/index.php?rest_route=%2Fwp%2Fv2%2Fproduct_cat&post=427"},{"taxonomy":"product_tag","embeddable":true,"href":"http:\/\/thuvien360.com\/index.php?rest_route=%2Fwp%2Fv2%2Fproduct_tag&post=427"}],"curies":[{"name":"wp","href":"https:\/\/api.w.org\/{rel}","templated":true}]}}